{"id":6884,"date":"2023-09-13T09:19:24","date_gmt":"2023-09-13T07:19:24","guid":{"rendered":"https:\/\/fvcomponentes.com\/?post_type=product&#038;p=6884"},"modified":"2026-01-15T10:09:57","modified_gmt":"2026-01-15T09:09:57","slug":"regler-victron-smartsolar-mppt-150-85-mc4-ve-can-scc115085511","status":"publish","type":"product","link":"https:\/\/fvcomponentes.com\/de\/producto\/regulador-victron-smartsolar-mppt-150-85-mc4-ve-can-scc115085511\/","title":{"rendered":"Steuerger\u00e4t Victron SmartSolar MPPT 150\/85 MC4 VE.can - SCC115085511"},"content":{"rendered":"<p>Die ultraschnelle Technologie des Victron SmartSolar MPPT 150\/85 MC4 VE.can Reglers maximiert die Solarenergiegewinnung bei bew\u00f6lktem Himmel und wechselnden Bedingungen und \u00fcbertrifft damit die Leistung herk\u00f6mmlicher Regler in einem 30%. Er eignet sich ideal f\u00fcr private, gewerbliche und industrielle Systeme. Seine Effizienz und die optimale Erkennung des maximalen Leistungspunkts sorgen f\u00fcr au\u00dfergew\u00f6hnliche Leistung und erhebliche Einsparungen. Bluetooth-Konnektivit\u00e4t, Fernsteuerung und vielseitige Anwendungen.<\/p>\n<h2>Eigenschaften des Victron SmartSolar MPPT 150\/85 MC4 VE.can Controllers - SCC115085511<\/h2>\n<ul>\n<li><strong>Energieoptimierung mit ultraschnellem MPPT: <\/strong>\u00a0Er holt das Beste aus der Solarenergie bei bew\u00f6lktem Himmel und Lichtschwankungen heraus. Dar\u00fcber hinaus steigert der ultraschnelle MPPT die Energieaufnahme um bis zu 30% und \u00fcbertrifft damit PWM-Steuerungen um 10%.<\/li>\n<li><strong>Erweiterte Erkennung des Punktes maximaler Leistung bei teilweiser Bew\u00f6lkung: <\/strong>Bei teilweiser Bew\u00f6lkung k\u00f6nnen mehrere maximale Leistungspunkte (MPP) auf der Lastspannungskurve auftreten. Herk\u00f6mmliche MPPTs w\u00e4hlen jedoch nicht immer den optimalen MPP aus. Daher wird hier ein SmartSolar-Algorithmus verwendet, der immer den optimalen MPP f\u00fcr eine maximale Energieernte ausw\u00e4hlt.<\/li>\n<li><strong>Au\u00dfergew\u00f6hnlicher Wirkungsgrad und flexibler Ladealgorithmus mit dem Victron SmartSolar MPPT 150\/85 MC4 VE.can Controller: <\/strong>Dieser Laderegler erreicht einen h\u00f6heren maximalen Wirkungsgrad als der l\u00fcfterlose 98%, dank seines flexiblen und anpassbaren Ladealgorithmus. Dar\u00fcber hinaus verf\u00fcgt er \u00fcber 8 vorprogrammierte Optionen.<\/li>\n<li><strong>Integrierter elektronischer Schutz dank des Victron SmartSolar MPPT 150\/85 MC4 VE.can Controllers: <\/strong>Unterst\u00fctzt durch \u00dcbertemperatur-, Kurzschluss- und Verpolungsschutz.<\/li>\n<li><strong>Integrierte Bluetooth Smart Konnektivit\u00e4t im Victron SmartSolar MPPT 150\/85 MC4 VE.can Controller: <\/strong>SmartSolar-Laderegler lassen sich drahtlos konfigurieren, steuern und synchronisieren. \u00dcber Bluetooth lassen sich sogar pr\u00e4zise Daten durch interne und optionale Sensoren \u00fcberwachen.<\/li>\n<li><strong>Wiederherstellung entladener Batterien und vereinfachte Mehrfachsteuerung: <\/strong>\n<ul>\n<li>Der Victron 150\/85-MC4VE.can Laderegler stellt entladene Batterien auch bei Null Volt wieder her.<\/li>\n<li>Synchronisieren Sie bis zu 25 Einheiten mit VE.Can und 10 Einheiten mit Bluetooth f\u00fcr die gemeinsame Verwaltung.<\/li>\n<\/ul>\n<\/li>\n<li><strong>Vielseitige Anschlussm\u00f6glichkeiten und Fernsteuerung mit dem Victron SmartSolar MPPT 150\/85 MC4 VE.can Controller<\/strong>\n<ul>\n<li>W\u00e4hlen Sie zwischen VE.Direct oder VE.Can Verbindungen f\u00fcr verschiedene Ger\u00e4te.<\/li>\n<li>Fernsteuerung \u00fcber VE.BUS BMS und Ereignisplanung mit programmierbarem Relais.<\/li>\n<\/ul>\n<\/li>\n<li><strong>LCD-Display-Option f\u00fcr den Victron SmartSolar MPPT 150\/85 MC4 VE.can Controller<\/strong>\n<ul>\n<li>Mit dem optionalen SmartSolar LCD-Display k\u00f6nnen Sie Ihr System noch individueller gestalten.<\/li>\n<li>Einfache Verbindung f\u00fcr erweiterte Kontrolle.<\/li>\n<\/ul>\n<\/li>\n<\/ul>\n<h2>Datenblatt Victron SmartSolar MPPT 150\/85 MC4 VE.can Regler - SCC115085511<\/h2>\n<p><a href=\"https:\/\/fvcomponentes.com\/wp-content\/uploads\/2023\/04\/controlador-de-CARGA-smartsolaer.pdf\" target=\"_blank\" rel=\"noopener\">Datenblatt Victron SmartSolar MPPT 150\/85 MC4 VE.can Regler - SCC115085511<\/a><\/p>\n<h2>Handbuch Victron SmartSolar MPPT 150\/85 MC4 VE.can Regler - SCC115085511<\/h2>\n<p><a href=\"https:\/\/fvcomponentes.com\/wp-content\/uploads\/2025\/10\/29694-MPPT_solar_charger_manual-pdf-es-9.pdf\" target=\"_blank\" rel=\"noopener\">Victron SmartSolar MPPT 150\/85 MC4 VE.can Steuerger\u00e4t Handbuch - SCC115085511<\/a><\/p>","protected":false},"excerpt":{"rendered":"<ul>\n<li><span style=\"color: #99cc00\"><strong>Bluetooth-Ger\u00e4te<\/strong><\/span><\/li>\n<li><strong>Verwaltung durch <a href=\"https:\/\/play.google.com\/store\/apps\/details?id=com.victronenergy.victronconnect&amp;pcampaignid=web_share\" target=\"_blank\" rel=\"noopener\">VictronConnect App<\/a><\/strong><\/li>\n<li><strong>Nennlaststrom: <\/strong>85 A<\/li>\n<li><strong>Maximale Effizienz:\u00a0<\/strong>98%<\/li>\n<li><strong>Selbstverzehr:\u00a0<\/strong>Weniger als 35 mA bei 12 V \/ 20 mA bei 48 V<\/li>\n<\/ul>","protected":false},"featured_media":6886,"comment_status":"open","ping_status":"closed","template":"","meta":{"site-sidebar-layout":"default","site-content-layout":"default","ast-site-content-layout":"default","site-content-style":"default","site-sidebar-style":"default","ast-global-header-display":"","ast-banner-title-visibility":"","ast-main-header-display":"","ast-hfb-above-header-display":"","ast-hfb-below-header-display":"","ast-hfb-mobile-header-display":"","site-post-title":"","ast-breadcrumbs-content":"","ast-featured-img":"","footer-sml-layout":"","ast-disable-related-posts":"","theme-transparent-header-meta":"default","adv-header-id-meta":"","stick-header-meta":"","header-above-stick-meta":"","header-main-stick-meta":"","header-below-stick-meta":"","astra-migrate-meta-layouts":"set","ast-page-background-enabled":"default","ast-page-background-meta":{"desktop":{"background-color":"var(--ast-global-color-4)","background-image":"","background-repeat":"repeat","background-position":"center center","background-size":"auto","background-attachment":"scroll","background-type":"","background-media":"","overlay-type":"","overlay-color":"","overlay-opacity":"","overlay-gradient":""},"tablet":{"background-color":"","background-image":"","background-repeat":"repeat","background-position":"center center","background-size":"auto","background-attachment":"scroll","background-type":"","background-media":"","overlay-type":"","overlay-color":"","overlay-opacity":"","overlay-gradient":""},"mobile":{"background-color":"","background-image":"","background-repeat":"repeat","background-position":"center center","background-size":"auto","background-attachment":"scroll","background-type":"","background-media":"","overlay-type":"","overlay-color":"","overlay-opacity":"","overlay-gradient":""}},"ast-content-background-meta":{"desktop":{"background-color":"var(--ast-global-color-5)","background-image":"","background-repeat":"repeat","background-position":"center center","background-size":"auto","background-attachment":"scroll","background-type":"","background-media":"","overlay-type":"","overlay-color":"","overlay-opacity":"","overlay-gradient":""},"tablet":{"background-color":"var(--ast-global-color-5)","background-image":"","background-repeat":"repeat","background-position":"center center","background-size":"auto","background-attachment":"scroll","background-type":"","background-media":"","overlay-type":"","overlay-color":"","overlay-opacity":"","overlay-gradient":""},"mobile":{"background-color":"var(--ast-global-color-5)","background-image":"","background-repeat":"repeat","background-position":"center center","background-size":"auto","background-attachment":"scroll","background-type":"","background-media":"","overlay-type":"","overlay-color":"","overlay-opacity":"","overlay-gradient":""}}},"pwb-brand":[332],"product_brand":[],"product_cat":[353,371],"product_tag":[],"class_list":{"0":"post-6884","1":"product","2":"type-product","3":"status-publish","4":"has-post-thumbnail","6":"pwb-brand-victron","7":"product_cat-reguladores-de-carga-solares","8":"product_cat-reguladores-mppt","9":"desktop-align-left","10":"tablet-align-left","11":"mobile-align-left","12":"ast-product-gallery-layout-horizontal-slider","13":"ast-product-tabs-layout-horizontal","15":"first","16":"instock","17":"taxable","18":"shipping-taxable","19":"purchasable","20":"product-type-simple"},"wcpa_form_fields":null,"brands":[{"id":332,"name":"Victron Energie","slug":"victron"}],"_links":{"self":[{"href":"https:\/\/fvcomponentes.com\/de\/wp-json\/wp\/v2\/product\/6884","targetHints":{"allow":["GET"]}}],"collection":[{"href":"https:\/\/fvcomponentes.com\/de\/wp-json\/wp\/v2\/product"}],"about":[{"href":"https:\/\/fvcomponentes.com\/de\/wp-json\/wp\/v2\/types\/product"}],"replies":[{"embeddable":true,"href":"https:\/\/fvcomponentes.com\/de\/wp-json\/wp\/v2\/comments?post=6884"}],"wp:featuredmedia":[{"embeddable":true,"href":"https:\/\/fvcomponentes.com\/de\/wp-json\/wp\/v2\/media\/6886"}],"wp:attachment":[{"href":"https:\/\/fvcomponentes.com\/de\/wp-json\/wp\/v2\/media?parent=6884"}],"wp:term":[{"taxonomy":"pwb-brand","embeddable":true,"href":"https:\/\/fvcomponentes.com\/de\/wp-json\/wp\/v2\/pwb-brand?post=6884"},{"taxonomy":"product_brand","embeddable":true,"href":"https:\/\/fvcomponentes.com\/de\/wp-json\/wp\/v2\/product_brand?post=6884"},{"taxonomy":"product_cat","embeddable":true,"href":"https:\/\/fvcomponentes.com\/de\/wp-json\/wp\/v2\/product_cat?post=6884"},{"taxonomy":"product_tag","embeddable":true,"href":"https:\/\/fvcomponentes.com\/de\/wp-json\/wp\/v2\/product_tag?post=6884"}],"curies":[{"name":"wp","href":"https:\/\/api.w.org\/{rel}","templated":true}]}}