{"id":6870,"date":"2023-08-16T16:04:12","date_gmt":"2023-08-16T14:04:12","guid":{"rendered":"https:\/\/fvcomponentes.com\/?post_type=product&#038;p=6870"},"modified":"2026-01-15T10:09:42","modified_gmt":"2026-01-15T09:09:42","slug":"regler-victron-smartsolar-mppt-150-70-tr-ve-can-scc115070411","status":"publish","type":"product","link":"https:\/\/fvcomponentes.com\/de\/producto\/regulador-victron-smartsolar-mppt-150-70-tr-ve-can-scc115070411\/","title":{"rendered":"Victron SmartSolar MPPT 150\/70-Tr VE.can - SCC115070411411"},"content":{"rendered":"<p>Victron SmartSolar MPPT 150\/70-Tr VE.can - SCC115070411 mit optionalem Display. Steuern und konfigurieren Sie Ihr Ger\u00e4t \u00fcber Bluetooth, w\u00e4hrend Sie Informationen wie Batteriespannung und -strom, PV-Spannung und -Strom sowie historische Daten erhalten.<\/p>\n<h2>Ultraschnelles Maximum Power Point Tracking (MPPT)<\/h2>\n<p>Vor allem bei bew\u00f6lktem Himmel, wenn sich die Lichtintensit\u00e4t st\u00e4ndig \u00e4ndert, kann ein ultraschneller MPPT-Regler die Energieernte um bis zu 30% im Vergleich zu PWM-Ladereglern und um bis zu 10% im Vergleich zu langsameren MPPT-Reglern verbessern.<\/p>\n<h2>Erweiterte Maximum Power Point-Erkennung bei teilweiser Bew\u00f6lkung<\/h2>\n<p>Bei teilweiser Bew\u00f6lkung kann es zwei oder mehr maximale Leistungspunkte (MPP) auf der Lastspannungskurve geben.<br \/>\nKonventionelle MPPTs w\u00e4hlen in der Regel einen lokalen MPP, der nicht unbedingt der optimale MPP ist.<br \/>\nDer innovative Algorithmus von SmartSolar maximiert die Energieernte durch die Auswahl des optimalen MPP.<\/p>\n<h2>Au\u00dfergew\u00f6hnliche Umwandlungseffizienz<\/h2>\n<p>L\u00fcfterlos. Der maximale Wirkungsgrad \u00fcbertrifft 98%.<\/p>\n<h2>Flexibler Ladealgorithmus<\/h2>\n<p>Ein vollst\u00e4ndig programmierbarer Ladealgorithmus und acht vorprogrammierte Ladealgorithmen, die mit einem Drehschalter ausgew\u00e4hlt werden k\u00f6nnen (weitere Informationen im Handbuch).<\/p>\n<h2>Umfassender elektronischer Schutz<\/h2>\n<p>\u00dcberhitzungsschutz und Leistungsreduzierung bei hohen Temperaturen.<\/p>\n<p>Kurzschluss- und Verpolungsschutz f\u00fcr PV-Paneele.<\/p>\n<p>PV-R\u00fcckstromschutz.<\/p>\n<h2>Integriertes Bluetooth Smart<\/h2>\n<p>Die drahtlose L\u00f6sung f\u00fcr die Konfiguration, \u00dcberwachung, Aktualisierung und Synchronisierung von SmartSolar-Ladereglern.<\/p>\n<h2>Interner Temperatursensor und optionaler externer Batteriespannungs- und Temperatursensor \u00fcber Bluetooth<\/h2>\n<p>Ein Smart Battery Sense Sensor oder BMV-712 Smart Battery Monitor kann verwendet werden, um Batteriespannung und -temperatur an einen oder mehrere SmartSolar Laderegler zu \u00fcbermitteln.<\/p>\n<h2>VE.Can: die Multi-Controller-L\u00f6sung<\/h2>\n<p>Bis zu 25 Ger\u00e4te k\u00f6nnen mit VE.Can. synchronisiert werden.<\/p>\n<h2>VE.Direct oder VE.Can<\/h2>\n<p>F\u00fcr eine kabelgebundene Datenverbindung zu einem Color Control GX-Panel, anderen GX-Produkten, einem PC oder anderen Ger\u00e4ten.<\/p>\n<h2>Fernbedienung ein\/aus<\/h2>\n<p>Zum Beispiel zum Anschluss an ein VE.BUS BMS.<\/p>\n<h2>Programmierbares Relais<\/h2>\n<p>Es kann so programmiert werden, dass ein Alarm oder andere Ereignisse geplant werden.<\/p>\n<h2>Optional: SmartSolar anschlie\u00dfbarer LCD-Bildschirm<\/h2>\n<p>Durch Entfernen des Gummischutzes von der Buchse an der Vorderseite des Steuerger\u00e4ts kann das Zusatzdisplay angeschlossen werden.<\/p>\n<p>Das SmartSolar VE.Can-Ladeger\u00e4t verf\u00fcgt wie alle anderen MPPT-Solarladeger\u00e4te auch \u00fcber einen VE.Direct-Anschluss. Dieser Anschluss kann zur \u00dcberwachung einzelner Ger\u00e4te oder zur Steuerung der Au\u00dfenbeleuchtung verwendet werden. Der Anschluss f\u00fcr die Ferneinschaltung kann extern mit einem dritten Ger\u00e4t, z. B. einer Lithiumbatterie, gesteuert werden. Ein optional anschlie\u00dfbares LCD-Steuerger\u00e4t oder Display erm\u00f6glicht den Zugriff auf Echtzeitdaten und die Konfiguration und Verwaltung des Systems \u00fcber die Vorderseite des Ger\u00e4ts.<\/p>\n<h2>Datenblatt Victron SmartSolar MPPT 150\/70-Tr VE.can Regler - SCC115070411<\/h2>\n<p><a href=\"https:\/\/fvcomponentes.com\/wp-content\/uploads\/2023\/04\/controlador-de-CARGA-smartsolaer.pdf\" target=\"_blank\" rel=\"noopener\">Datenblatt Victron SmartSolar MPPT 150\/70-Tr VE.can Regler - SCC115070411<\/a><\/p>\n<h2>Handbuch Victron SmartSolar MPPT 150\/70-Tr VE.can Regler - SCC11505070411<\/h2>\n<p><a href=\"https:\/\/fvcomponentes.com\/wp-content\/uploads\/2025\/10\/29694-MPPT_solar_charger_manual-pdf-es-9.pdf\" target=\"_blank\" rel=\"noopener\">Victron SmartSolar MPPT 150\/70-Tr VE.can Steuerger\u00e4t Handbuch - SCC115070411<\/a><\/p>","protected":false},"excerpt":{"rendered":"<ul>\n<li><span style=\"color: #99cc00\"><strong>Bluetooth-Ausstattung.<\/strong><\/span><\/li>\n<li><strong>Verwaltung durch <a href=\"https:\/\/play.google.com\/store\/apps\/details?id=com.victronenergy.victronconnect&amp;pcampaignid=web_share\" target=\"_blank\" rel=\"noopener\">VictronConnect App<\/a><\/strong><\/li>\n<li><strong>Nennlaststrom:\u00a0<\/strong>70 A<\/li>\n<li><strong>Maximale Effizienz:\u00a0<\/strong>98%<\/li>\n<li><strong>Selbstverzehr:\u00a0<\/strong>Weniger als 35 mA bei 12 V \/ 20 mA bei 48 V<\/li>\n<li><strong>Gewicht:\u00a0<\/strong>3 kg<\/li>\n<li><strong>Abmessungen:\u00a0<\/strong> 185 x 250 x 95 mm<\/li>\n<\/ul>","protected":false},"featured_media":6873,"comment_status":"open","ping_status":"closed","template":"","meta":{"site-sidebar-layout":"default","site-content-layout":"default","ast-site-content-layout":"default","site-content-style":"default","site-sidebar-style":"default","ast-global-header-display":"","ast-banner-title-visibility":"","ast-main-header-display":"","ast-hfb-above-header-display":"","ast-hfb-below-header-display":"","ast-hfb-mobile-header-display":"","site-post-title":"","ast-breadcrumbs-content":"","ast-featured-img":"","footer-sml-layout":"","ast-disable-related-posts":"","theme-transparent-header-meta":"default","adv-header-id-meta":"","stick-header-meta":"","header-above-stick-meta":"","header-main-stick-meta":"","header-below-stick-meta":"","astra-migrate-meta-layouts":"set","ast-page-background-enabled":"default","ast-page-background-meta":{"desktop":{"background-color":"var(--ast-global-color-4)","background-image":"","background-repeat":"repeat","background-position":"center center","background-size":"auto","background-attachment":"scroll","background-type":"","background-media":"","overlay-type":"","overlay-color":"","overlay-opacity":"","overlay-gradient":""},"tablet":{"background-color":"","background-image":"","background-repeat":"repeat","background-position":"center center","background-size":"auto","background-attachment":"scroll","background-type":"","background-media":"","overlay-type":"","overlay-color":"","overlay-opacity":"","overlay-gradient":""},"mobile":{"background-color":"","background-image":"","background-repeat":"repeat","background-position":"center center","background-size":"auto","background-attachment":"scroll","background-type":"","background-media":"","overlay-type":"","overlay-color":"","overlay-opacity":"","overlay-gradient":""}},"ast-content-background-meta":{"desktop":{"background-color":"var(--ast-global-color-5)","background-image":"","background-repeat":"repeat","background-position":"center center","background-size":"auto","background-attachment":"scroll","background-type":"","background-media":"","overlay-type":"","overlay-color":"","overlay-opacity":"","overlay-gradient":""},"tablet":{"background-color":"var(--ast-global-color-5)","background-image":"","background-repeat":"repeat","background-position":"center center","background-size":"auto","background-attachment":"scroll","background-type":"","background-media":"","overlay-type":"","overlay-color":"","overlay-opacity":"","overlay-gradient":""},"mobile":{"background-color":"var(--ast-global-color-5)","background-image":"","background-repeat":"repeat","background-position":"center center","background-size":"auto","background-attachment":"scroll","background-type":"","background-media":"","overlay-type":"","overlay-color":"","overlay-opacity":"","overlay-gradient":""}}},"pwb-brand":[332],"product_brand":[],"product_cat":[353,371],"product_tag":[],"class_list":{"0":"post-6870","1":"product","2":"type-product","3":"status-publish","4":"has-post-thumbnail","6":"pwb-brand-victron","7":"product_cat-reguladores-de-carga-solares","8":"product_cat-reguladores-mppt","9":"desktop-align-left","10":"tablet-align-left","11":"mobile-align-left","12":"ast-product-gallery-layout-horizontal-slider","13":"ast-product-tabs-layout-horizontal","15":"first","16":"instock","17":"taxable","18":"shipping-taxable","19":"purchasable","20":"product-type-simple"},"wcpa_form_fields":null,"brands":[{"id":332,"name":"Victron Energie","slug":"victron"}],"_links":{"self":[{"href":"https:\/\/fvcomponentes.com\/de\/wp-json\/wp\/v2\/product\/6870","targetHints":{"allow":["GET"]}}],"collection":[{"href":"https:\/\/fvcomponentes.com\/de\/wp-json\/wp\/v2\/product"}],"about":[{"href":"https:\/\/fvcomponentes.com\/de\/wp-json\/wp\/v2\/types\/product"}],"replies":[{"embeddable":true,"href":"https:\/\/fvcomponentes.com\/de\/wp-json\/wp\/v2\/comments?post=6870"}],"wp:featuredmedia":[{"embeddable":true,"href":"https:\/\/fvcomponentes.com\/de\/wp-json\/wp\/v2\/media\/6873"}],"wp:attachment":[{"href":"https:\/\/fvcomponentes.com\/de\/wp-json\/wp\/v2\/media?parent=6870"}],"wp:term":[{"taxonomy":"pwb-brand","embeddable":true,"href":"https:\/\/fvcomponentes.com\/de\/wp-json\/wp\/v2\/pwb-brand?post=6870"},{"taxonomy":"product_brand","embeddable":true,"href":"https:\/\/fvcomponentes.com\/de\/wp-json\/wp\/v2\/product_brand?post=6870"},{"taxonomy":"product_cat","embeddable":true,"href":"https:\/\/fvcomponentes.com\/de\/wp-json\/wp\/v2\/product_cat?post=6870"},{"taxonomy":"product_tag","embeddable":true,"href":"https:\/\/fvcomponentes.com\/de\/wp-json\/wp\/v2\/product_tag?post=6870"}],"curies":[{"name":"wp","href":"https:\/\/api.w.org\/{rel}","templated":true}]}}