{"id":6858,"date":"2023-10-24T08:13:17","date_gmt":"2023-10-24T06:13:17","guid":{"rendered":"https:\/\/fvcomponentes.com\/?post_type=product&#038;p=6858"},"modified":"2026-04-08T21:34:45","modified_gmt":"2026-04-08T19:34:45","slug":"regler-victron-bluesolar-mppt-150-70-mc4-scc010070300","status":"publish","type":"product","link":"https:\/\/fvcomponentes.com\/de\/producto\/regulador-victron-bluesolar-mppt-150-70-mc4-scc010070300\/","title":{"rendered":"Victron BlueSolar MPPT 150\/70-MC4 Steuerger\u00e4t - SCC010070300"},"content":{"rendered":"<h2>Victron BlueSolar MPPT 150\/70-MC4 Steuerger\u00e4t - SCC010070300<\/h2>\n<div>Mit dem Victron BlueSolar MPPT 150\/70-MC4 Laderegler k\u00f6nnen Sie einen Ladestrom von bis zu 70 Ampere und eine PV-Spannung von bis zu 150 Volt genie\u00dfen. Der Victron BlueSolar 150\/70 MPPT-Laderegler kann eine Batterie mit einer niedrigeren Nennspannung von PV-Paneelen mit einer h\u00f6heren Nennspannung von mindestens +5 V laden. Der BlueSolar Laderegler stellt die Nennspannung der Batterie automatisch auf 12 oder 24 V ein, sobald er an den Regler angeschlossen ist.<\/div>\n<div><\/div>\n<h2>Ultra-schnelles Maximum Power Point Tracking (MPPT)<\/h2>\n<p>Insbesondere bei bew\u00f6lktem Himmel, wenn sich die Lichtintensit\u00e4t st\u00e4ndig \u00e4ndert, verbessert ein ultraschneller MPPT-Regler die Energieernte um bis zu 30 % im Vergleich zu PWM-Ladereglern und um bis zu 10 % im Vergleich zu langsameren MPPT-Reglern.<\/p>\n<h2>Erweiterte Maximum Power Point-Erkennung bei teilweiser Bew\u00f6lkung<\/h2>\n<p>Bei teilweiser Bew\u00f6lkung kann es zwei oder mehr maximale Leistungspunkte (MPP) auf der Lastspannungskurve geben.<br \/>\nHerk\u00f6mmliche MPPTs neigen dazu, einen lokalen MPP zu w\u00e4hlen, der m\u00f6glicherweise nicht der optimale MPP ist.<br \/>\nDer innovative Algorithmus von BlueSolar maximiert die Energieernte durch die Auswahl des optimalen MPP.<\/p>\n<h2>Au\u00dfergew\u00f6hnliche Umwandlungseffizienz<\/h2>\n<p>L\u00fcfterlos. Maximaler Wirkungsgrad \u00fcbersteigt 98 %.<\/p>\n<h2>Flexibler Ladealgorithmus<\/h2>\n<p>Vollst\u00e4ndig programmierbarer Ladealgorithmus und acht vorprogrammierte Algorithmen, die \u00fcber einen Drehschalter ausgew\u00e4hlt werden k\u00f6nnen (weitere Informationen im Handbuch).<\/p>\n<h2>Umfassender elektronischer Schutz<\/h2>\n<p>\u00dcberhitzungsschutz und Leistungsreduzierung bei hohen Temperaturen.<br \/>\nKurzschluss- und Verpolungsschutz f\u00fcr PV-Paneele.<br \/>\nPV-R\u00fcckstromschutz.<\/p>\n<h2>Interner Temperatursensor<\/h2>\n<p>Ein Smart Battery Sense-Sensor oder ein BMV-712 Smart Batteriemonitor kann verwendet werden, um Batteriespannung und -temperatur (und Strom, im Falle eines BMV-712 oder SmartShunt) an einen oder mehrere BlueSolar Laderegler zu \u00fcbermitteln (ein VE.Direct Bluetooth Smart Dongle ist erforderlich).<br \/>\nEchtzeit-Datenoptionen auf dem Bildschirm<br \/>\n\u2013 <a href=\"https:\/\/fvcomponentes.com\/de\/produkt\/victron-farbkontrolle-gx-display\/\" target=\"_blank\" rel=\"noopener\">ColorControl GX<\/a> oder andere GX-Ger\u00e4te<br \/>\n- Ein Smartphone oder ein anderes Bluetooth-f\u00e4higes Ger\u00e4t: Der Dongle ist erforderlich. <a href=\"https:\/\/fvcomponentes.com\/de\/produkt\/schnittstelle-victron-ve-direkt-bluetooth-smart-dongle\/\" target=\"_blank\" rel=\"noopener\">VE.Direct Bluetooth Smart<\/a>.<\/p>\n<h2>Datenblatt Victron BlueSolar MPPT 150\/70-MC4 Regler - SCC010070300<\/h2>\n<p><a href=\"https:\/\/fvcomponentes.com\/wp-content\/uploads\/2023\/04\/controlador-de-carga-BlueSolar-charge-controller-MPPT-150-45-up-to-150-70-ES.pdf\" target=\"_blank\" rel=\"noopener\">Datenblatt Victron BlueSolar MPPT 150\/70-MC4 Regler - SCC010070300<\/a><\/p>\n<h2>Handbuch Victron BlueSolar MPPT 150\/70-MC4 Steuerger\u00e4t - SCC010070300<\/h2>\n<p><a href=\"https:\/\/fvcomponentes.com\/wp-content\/uploads\/2025\/10\/29694-MPPT_solar_charger_manual-pdf-es-7.pdf\" target=\"_blank\" rel=\"noopener\">Victron BlueSolar MPPT 150\/70-MC4 Steuerger\u00e4t Handbuch - SCC010070300<\/a><\/p>","protected":false},"excerpt":{"rendered":"<ul>\n<li><span style=\"color: #ff0000\"><strong>Ger\u00e4te ohne Bluetooth<\/strong><\/span><\/li>\n<li><strong>Siehe Modell mit Bluetooth: <a href=\"https:\/\/fvcomponentes.com\/de\/produkt\/regler-victron-smartsolar-mppt-150-70-mc4-ve-can-scc115070511\/\" target=\"_blank\" rel=\"noopener\">Steuerger\u00e4t Victron SmartSolar MPPT 150\/70 MC4 VE.can - SCC115070511<\/a><\/strong><\/li>\n<li><b style=\"font-style: inherit\">Spannung der Batterie: <\/b><span style=\"font-size: 16px\">Automatische Auswahl 12 \/ 24 \/48 V<\/span><\/li>\n<li><b style=\"font-style: inherit\">Nennlaststrom: 7<\/b><span style=\"font-size: 16px\">0A<\/span><\/li>\n<li><strong style=\"font-size: 16px\">Maximale Effizienz:\u00a0<\/strong><span style=\"font-size: 16px\">98%<\/span><\/li>\n<li><strong style=\"font-size: 16px\">Maximale Leistung PV,<\/strong> <strong style=\"font-size: 16px\">12V:<\/strong><span style=\"font-size: 16px\"> 1000 W<\/span><\/li>\n<li><strong style=\"font-size: 16px\">Maximale Leistung PV, 24V:<\/strong><span style=\"font-size: 16px\"> 2000 W<\/span><\/li>\n<li><strong style=\"font-size: 16px\">Maximale Leistung PV, 48V: <\/strong><span style=\"font-size: 16px\">4000W<\/span><\/li>\n<\/ul>","protected":false},"featured_media":6859,"comment_status":"open","ping_status":"closed","template":"","meta":{"site-sidebar-layout":"default","site-content-layout":"default","ast-site-content-layout":"default","site-content-style":"default","site-sidebar-style":"default","ast-global-header-display":"","ast-banner-title-visibility":"","ast-main-header-display":"","ast-hfb-above-header-display":"","ast-hfb-below-header-display":"","ast-hfb-mobile-header-display":"","site-post-title":"","ast-breadcrumbs-content":"","ast-featured-img":"","footer-sml-layout":"","ast-disable-related-posts":"","theme-transparent-header-meta":"default","adv-header-id-meta":"","stick-header-meta":"","header-above-stick-meta":"","header-main-stick-meta":"","header-below-stick-meta":"","astra-migrate-meta-layouts":"set","ast-page-background-enabled":"default","ast-page-background-meta":{"desktop":{"background-color":"var(--ast-global-color-4)","background-image":"","background-repeat":"repeat","background-position":"center center","background-size":"auto","background-attachment":"scroll","background-type":"","background-media":"","overlay-type":"","overlay-color":"","overlay-opacity":"","overlay-gradient":""},"tablet":{"background-color":"","background-image":"","background-repeat":"repeat","background-position":"center center","background-size":"auto","background-attachment":"scroll","background-type":"","background-media":"","overlay-type":"","overlay-color":"","overlay-opacity":"","overlay-gradient":""},"mobile":{"background-color":"","background-image":"","background-repeat":"repeat","background-position":"center center","background-size":"auto","background-attachment":"scroll","background-type":"","background-media":"","overlay-type":"","overlay-color":"","overlay-opacity":"","overlay-gradient":""}},"ast-content-background-meta":{"desktop":{"background-color":"var(--ast-global-color-5)","background-image":"","background-repeat":"repeat","background-position":"center center","background-size":"auto","background-attachment":"scroll","background-type":"","background-media":"","overlay-type":"","overlay-color":"","overlay-opacity":"","overlay-gradient":""},"tablet":{"background-color":"var(--ast-global-color-5)","background-image":"","background-repeat":"repeat","background-position":"center center","background-size":"auto","background-attachment":"scroll","background-type":"","background-media":"","overlay-type":"","overlay-color":"","overlay-opacity":"","overlay-gradient":""},"mobile":{"background-color":"var(--ast-global-color-5)","background-image":"","background-repeat":"repeat","background-position":"center center","background-size":"auto","background-attachment":"scroll","background-type":"","background-media":"","overlay-type":"","overlay-color":"","overlay-opacity":"","overlay-gradient":""}}},"pwb-brand":[332],"product_brand":[],"product_cat":[353,371],"product_tag":[],"class_list":{"0":"post-6858","1":"product","2":"type-product","3":"status-publish","4":"has-post-thumbnail","6":"pwb-brand-victron","7":"product_cat-reguladores-de-carga-solares","8":"product_cat-reguladores-mppt","9":"desktop-align-left","10":"tablet-align-left","11":"mobile-align-left","12":"ast-product-gallery-layout-horizontal-slider","13":"ast-product-tabs-layout-horizontal","15":"first","16":"instock","17":"taxable","18":"shipping-taxable","19":"purchasable","20":"product-type-simple"},"wcpa_form_fields":null,"brands":[{"id":332,"name":"Victron Energie","slug":"victron"}],"_links":{"self":[{"href":"https:\/\/fvcomponentes.com\/de\/wp-json\/wp\/v2\/product\/6858","targetHints":{"allow":["GET"]}}],"collection":[{"href":"https:\/\/fvcomponentes.com\/de\/wp-json\/wp\/v2\/product"}],"about":[{"href":"https:\/\/fvcomponentes.com\/de\/wp-json\/wp\/v2\/types\/product"}],"replies":[{"embeddable":true,"href":"https:\/\/fvcomponentes.com\/de\/wp-json\/wp\/v2\/comments?post=6858"}],"wp:featuredmedia":[{"embeddable":true,"href":"https:\/\/fvcomponentes.com\/de\/wp-json\/wp\/v2\/media\/6859"}],"wp:attachment":[{"href":"https:\/\/fvcomponentes.com\/de\/wp-json\/wp\/v2\/media?parent=6858"}],"wp:term":[{"taxonomy":"pwb-brand","embeddable":true,"href":"https:\/\/fvcomponentes.com\/de\/wp-json\/wp\/v2\/pwb-brand?post=6858"},{"taxonomy":"product_brand","embeddable":true,"href":"https:\/\/fvcomponentes.com\/de\/wp-json\/wp\/v2\/product_brand?post=6858"},{"taxonomy":"product_cat","embeddable":true,"href":"https:\/\/fvcomponentes.com\/de\/wp-json\/wp\/v2\/product_cat?post=6858"},{"taxonomy":"product_tag","embeddable":true,"href":"https:\/\/fvcomponentes.com\/de\/wp-json\/wp\/v2\/product_tag?post=6858"}],"curies":[{"name":"wp","href":"https:\/\/api.w.org\/{rel}","templated":true}]}}