{"id":6855,"date":"2023-10-24T08:26:50","date_gmt":"2023-10-24T06:26:50","guid":{"rendered":"https:\/\/fvcomponentes.com\/?post_type=product&#038;p=6855"},"modified":"2026-04-04T12:49:28","modified_gmt":"2026-04-04T10:49:28","slug":"victron-bluesolar-mppt-150-60-mc4-scc010060300-steuergerat-victron-bluesolar-mppt-150-60-mc4-scc010060300","status":"publish","type":"product","link":"https:\/\/fvcomponentes.com\/de\/producto\/regulador-victron-bluesolar-mppt-150-60-mc4-scc010060300\/","title":{"rendered":"Victron BlueSolar MPPT 150\/60-MC4 Steuerger\u00e4t - SCC010060300"},"content":{"rendered":"<h2>Victron BlueSolar MPPT 150\/60-MC4 Steuerger\u00e4t - SCC010060300<\/h2>\n<div>Mit dem Victron BlueSolar MPPT 150\/60-MC4 Laderegler k\u00f6nnen Sie einen Ladestrom von bis zu 60 Ampere und eine PV-Spannung von bis zu 150 Volt genie\u00dfen. Der Victron BlueSolar 100\/30 MPPT-Laderegler kann eine Batterie mit einer niedrigeren Nennspannung von PV-Paneelen mit einer h\u00f6heren Nennspannung von mindestens +5 V laden. Der BlueSolar Laderegler stellt die Nennspannung der Batterie automatisch auf 12 oder 24 V ein, sobald er an den Regler angeschlossen ist.<\/div>\n<p><strong><br \/>\nUltraschnelles Maximum Power Point Tracking (MPPT)<\/strong><br \/>\nVor allem bei bew\u00f6lktem Himmel, wenn sich die Lichtintensit\u00e4t st\u00e4ndig \u00e4ndert, kann ein ultraschneller MPPT-Regler die Energieernte um bis zu 30% im Vergleich zu PWM-Ladereglern und um bis zu 10% im Vergleich zu langsameren MPPT-Reglern verbessern.<\/p>\n<p><strong>Erweiterte Maximum Power Point-Erkennung bei teilweiser Bew\u00f6lkung<\/strong><br \/>\nBei teilweiser Bew\u00f6lkung k\u00f6nnen auf der Lastspannungskurve zwei oder mehr maximale Leistungspunkte (MPP) auftreten. Herk\u00f6mmliche MPPTs w\u00e4hlen normalerweise einen lokalen MPP, der nicht unbedingt der optimale MPP ist. Der innovative Algorithmus von SmartSolar maximiert immer die Energieernte durch die Auswahl des optimalen MPP.<\/p>\n<p><strong>Au\u00dfergew\u00f6hnliche Umwandlungseffizienz<\/strong><br \/>\nL\u00fcfterlos. Der maximale Wirkungsgrad \u00fcbertrifft 98%.<\/p>\n<p><strong>Flexibler Ladealgorithmus<\/strong><br \/>\nEin vollst\u00e4ndig programmierbarer Ladealgorithmus (siehe die Softwareseite auf unserer Website) und acht vorprogrammierte Ladealgorithmen, die mit einem Drehschalter ausgew\u00e4hlt werden k\u00f6nnen (weitere Informationen im Handbuch).<\/p>\n<p><strong>Umfassender elektronischer Schutz<\/strong><br \/>\n\u00dcberhitzungsschutz und Leistungsreduzierung bei hohen Temperaturen. Kurzschluss- und Verpolungsschutz f\u00fcr PV-Paneele. PV-R\u00fcckstromschutz.<\/p>\n<p><strong>Interner Temperatursensor<\/strong><br \/>\nKompensiert die Absorptions- und Auftriebsspannung in Abh\u00e4ngigkeit von der Temperatur.<\/p>\n<p><strong>Funktion zur Wiederherstellung einer vollst\u00e4ndig entladenen Batterie<\/strong><br \/>\nBeginnt mit dem Laden, auch wenn die Batterie auf Null Volt entladen ist. Stellt die Verbindung zu einer vollst\u00e4ndig entladenen Lithium-Ionen-Batterie mit interner Trennungsfunktion wieder her.<\/p>\n<p><strong>VE.Direkt<\/strong><br \/>\nF\u00fcr eine kabelgebundene Datenverbindung zu einem Color Control GX, anderen GX-Produkten, PC oder anderen Ger\u00e4ten.<\/p>\n<h2>Datenblatt Victron BlueSolar MPPT 150\/60-MC4 Regler - SCC010060300<\/h2>\n<p><a href=\"https:\/\/fvcomponentes.com\/wp-content\/uploads\/2023\/04\/controlador-de-carga-BlueSolar-charge-controller-MPPT-150-45-up-to-150-70-ES.pdf\" target=\"_blank\" rel=\"noopener\">Datenblatt Victron BlueSolar MPPT 150\/60-MC4 Regler - SCC010060300<\/a><\/p>\n<h2>Handbuch Victron BlueSolar MPPT 150\/60-MC4-Regler - SCC010060300<\/h2>\n<p><a href=\"https:\/\/fvcomponentes.com\/wp-content\/uploads\/2025\/10\/29694-MPPT_solar_charger_manual-pdf-es-7.pdf\" target=\"_blank\" rel=\"noopener\">Victron BlueSolar MPPT 150\/60-MC4 Steuerger\u00e4t Handbuch - SCC010060300<\/a><\/p>","protected":false},"excerpt":{"rendered":"<ul>\n<li><strong><span style=\"color: #ff0000\">Ger\u00e4te ohne Bluetooth<\/span><\/strong><\/li>\n<li><strong>Modell mit Bluetooth: <a href=\"https:\/\/fvcomponentes.com\/de\/produkt\/victron-smartsolar-mppt-150-60-mc4-regler-scc11506060311\/\" target=\"_blank\" rel=\"noopener\">Victron SmartSolar MPPT 150\/60-MC4 Steuerger\u00e4t - SCC11506060311<\/a><\/strong><\/li>\n<li><strong style=\"font-size: 16px\">Nennlaststrom:\u00a0<\/strong><span style=\"font-size: 16px\">60A<\/span><\/li>\n<li><strong style=\"font-size: 16px\">Spannung der Batterie:<\/strong><span style=\"font-size: 16px\"> Automatische Auswahl 12 \/ 24 \/48 V<\/span><\/li>\n<li><strong style=\"font-size: 16px\">Maximale Effizienz:\u00a0<\/strong><span style=\"font-size: 16px\">98%<\/span><\/li>\n<li><strong style=\"font-size: 16px\">PV-Nennleistung, 12V: <\/strong><span style=\"font-size: 16px\">860W<\/span><\/li>\n<li><strong style=\"font-size: 16px\">PV-Nennleistung, 24 V: <\/strong><span style=\"font-size: 16px\">1720W<\/span><\/li>\n<li><strong style=\"font-size: 16px\">PV-Nennleistung, 48 V: <\/strong><span style=\"font-size: 16px\">3440W<\/span><\/li>\n<\/ul>","protected":false},"featured_media":6856,"comment_status":"open","ping_status":"closed","template":"","meta":{"site-sidebar-layout":"default","site-content-layout":"default","ast-site-content-layout":"default","site-content-style":"default","site-sidebar-style":"default","ast-global-header-display":"","ast-banner-title-visibility":"","ast-main-header-display":"","ast-hfb-above-header-display":"","ast-hfb-below-header-display":"","ast-hfb-mobile-header-display":"","site-post-title":"","ast-breadcrumbs-content":"","ast-featured-img":"","footer-sml-layout":"","ast-disable-related-posts":"","theme-transparent-header-meta":"default","adv-header-id-meta":"","stick-header-meta":"","header-above-stick-meta":"","header-main-stick-meta":"","header-below-stick-meta":"","astra-migrate-meta-layouts":"set","ast-page-background-enabled":"default","ast-page-background-meta":{"desktop":{"background-color":"var(--ast-global-color-4)","background-image":"","background-repeat":"repeat","background-position":"center center","background-size":"auto","background-attachment":"scroll","background-type":"","background-media":"","overlay-type":"","overlay-color":"","overlay-opacity":"","overlay-gradient":""},"tablet":{"background-color":"","background-image":"","background-repeat":"repeat","background-position":"center center","background-size":"auto","background-attachment":"scroll","background-type":"","background-media":"","overlay-type":"","overlay-color":"","overlay-opacity":"","overlay-gradient":""},"mobile":{"background-color":"","background-image":"","background-repeat":"repeat","background-position":"center center","background-size":"auto","background-attachment":"scroll","background-type":"","background-media":"","overlay-type":"","overlay-color":"","overlay-opacity":"","overlay-gradient":""}},"ast-content-background-meta":{"desktop":{"background-color":"var(--ast-global-color-5)","background-image":"","background-repeat":"repeat","background-position":"center center","background-size":"auto","background-attachment":"scroll","background-type":"","background-media":"","overlay-type":"","overlay-color":"","overlay-opacity":"","overlay-gradient":""},"tablet":{"background-color":"var(--ast-global-color-5)","background-image":"","background-repeat":"repeat","background-position":"center center","background-size":"auto","background-attachment":"scroll","background-type":"","background-media":"","overlay-type":"","overlay-color":"","overlay-opacity":"","overlay-gradient":""},"mobile":{"background-color":"var(--ast-global-color-5)","background-image":"","background-repeat":"repeat","background-position":"center center","background-size":"auto","background-attachment":"scroll","background-type":"","background-media":"","overlay-type":"","overlay-color":"","overlay-opacity":"","overlay-gradient":""}}},"pwb-brand":[332],"product_brand":[],"product_cat":[353,371],"product_tag":[],"class_list":{"0":"post-6855","1":"product","2":"type-product","3":"status-publish","4":"has-post-thumbnail","6":"pwb-brand-victron","7":"product_cat-reguladores-de-carga-solares","8":"product_cat-reguladores-mppt","9":"desktop-align-left","10":"tablet-align-left","11":"mobile-align-left","12":"ast-product-gallery-layout-horizontal-slider","13":"ast-product-tabs-layout-horizontal","15":"first","16":"instock","17":"taxable","18":"shipping-taxable","19":"purchasable","20":"product-type-simple"},"wcpa_form_fields":null,"brands":[{"id":332,"name":"Victron Energie","slug":"victron"}],"_links":{"self":[{"href":"https:\/\/fvcomponentes.com\/de\/wp-json\/wp\/v2\/product\/6855","targetHints":{"allow":["GET"]}}],"collection":[{"href":"https:\/\/fvcomponentes.com\/de\/wp-json\/wp\/v2\/product"}],"about":[{"href":"https:\/\/fvcomponentes.com\/de\/wp-json\/wp\/v2\/types\/product"}],"replies":[{"embeddable":true,"href":"https:\/\/fvcomponentes.com\/de\/wp-json\/wp\/v2\/comments?post=6855"}],"wp:featuredmedia":[{"embeddable":true,"href":"https:\/\/fvcomponentes.com\/de\/wp-json\/wp\/v2\/media\/6856"}],"wp:attachment":[{"href":"https:\/\/fvcomponentes.com\/de\/wp-json\/wp\/v2\/media?parent=6855"}],"wp:term":[{"taxonomy":"pwb-brand","embeddable":true,"href":"https:\/\/fvcomponentes.com\/de\/wp-json\/wp\/v2\/pwb-brand?post=6855"},{"taxonomy":"product_brand","embeddable":true,"href":"https:\/\/fvcomponentes.com\/de\/wp-json\/wp\/v2\/product_brand?post=6855"},{"taxonomy":"product_cat","embeddable":true,"href":"https:\/\/fvcomponentes.com\/de\/wp-json\/wp\/v2\/product_cat?post=6855"},{"taxonomy":"product_tag","embeddable":true,"href":"https:\/\/fvcomponentes.com\/de\/wp-json\/wp\/v2\/product_tag?post=6855"}],"curies":[{"name":"wp","href":"https:\/\/api.w.org\/{rel}","templated":true}]}}