{"id":6850,"date":"2023-05-05T11:48:04","date_gmt":"2023-05-05T09:48:04","guid":{"rendered":"https:\/\/fvcomponentes.com\/?post_type=product&#038;p=6850"},"modified":"2026-04-08T21:34:33","modified_gmt":"2026-04-08T19:34:33","slug":"victron-bluesolar-mppt-150-60-tr-laderegler-scc010060200","status":"publish","type":"product","link":"https:\/\/fvcomponentes.com\/de\/producto\/regulador-de-carga-victron-bluesolar-mppt-150-60-tr-scc010060200\/","title":{"rendered":"Laderegler Victron BlueSolar MPPT 150\/60-Tr - SCC010060200"},"content":{"rendered":"<h2>Ultra-schnelles Maximum Power Point Tracking (MPPT)<\/h2>\n<p>Besonders bei bew\u00f6lktem Himmel, wenn sich die Lichtintensit\u00e4t st\u00e4ndig \u00e4ndert, verbessert ein ultraschneller MPPT-Regler wie der Victron BlueSolar MPPT 150\/60-Tr - SCC010060200 Laderegler die Energieernte um bis zu 30 % im Vergleich zu PWM-Ladereglern und um bis zu 10 % im Vergleich zu langsameren MPPT-Reglern.<\/p>\n<h2>Erweiterte Maximum Power Point-Erkennung bei teilweiser Bew\u00f6lkung<\/h2>\n<p>Bei teilweiser Bew\u00f6lkung kann es zwei oder mehr maximale Leistungspunkte (MPP) auf der Lastspannungskurve geben.<br \/>\nHerk\u00f6mmliche MPPTs neigen dazu, einen lokalen MPP zu w\u00e4hlen, der m\u00f6glicherweise nicht der optimale MPP ist.<br \/>\nDer innovative Algorithmus von BlueSolar maximiert die Energieernte durch die Auswahl des optimalen MPP.<\/p>\n<h2>Au\u00dfergew\u00f6hnliche Umwandlungseffizienz<\/h2>\n<p>L\u00fcfterlos. Maximaler Wirkungsgrad \u00fcbersteigt 98 %.<\/p>\n<h2>Flexibler Ladealgorithmus<\/h2>\n<p>Vollst\u00e4ndig programmierbarer Ladealgorithmus (siehe Abschnitt Support &amp; Downloads &gt; Software auf unserer Website) und acht vorprogrammierte Algorithmen, die \u00fcber einen Drehschalter ausgew\u00e4hlt werden k\u00f6nnen (weitere Informationen siehe Handbuch).<\/p>\n<h2>Umfassender elektronischer Schutz<\/h2>\n<p>\u00dcberhitzungsschutz und Leistungsreduzierung bei hohen Temperaturen.<br \/>\nKurzschluss- und Verpolungsschutz f\u00fcr PV-Paneele.<br \/>\nPV-R\u00fcckstromschutz.<\/p>\n<h2>Interner Temperatursensor und optionaler externer Sensor f\u00fcr Batteriespannung, Temperatur und Strom \u00fcber Bluetooth<\/h2>\n<p>Ein Smart Battery Sense-Sensor oder ein BMV-712 Smart Batteriemonitor kann verwendet werden, um Batteriespannung und -temperatur (und Strom, im Falle eines BMV-712 oder SmartShunt) an einen oder mehrere BlueSolar Laderegler zu \u00fcbermitteln (ein VE.Direct Bluetooth Smart Dongle ist erforderlich).<\/p>\n<h2>Echtzeit-Datenoptionen auf dem Bildschirm<\/h2>\n<p>- ColorControl GX oder andere GX-Ger\u00e4te: siehe die Venus-Dokumente auf unserer Website.<br \/>\n- Ein Smartphone oder ein anderes Bluetooth-f\u00e4higes Ger\u00e4t: Der VE.Direct Bluetooth Smart Dongle ist erforderlich.<\/p>\n<h2>Datenblatt Victron BlueSolar MPPT 150\/60-Tr Laderegler - SCC010060200<\/h2>\n<p><a href=\"https:\/\/fvcomponentes.com\/wp-content\/uploads\/2023\/04\/controlador-de-carga-BlueSolar-charge-controller-MPPT-150-45-up-to-150-70-ES.pdf\" target=\"_blank\" rel=\"noopener\">Datenblatt Victron BlueSolar MPPT 150\/60-Tr Laderegler - SCC010060200<\/a><\/p>\n<h2>Manueller Laderegler Victron BlueSolar MPPT 150\/60-Tr - SCC010060200<\/h2>\n<p><a href=\"https:\/\/fvcomponentes.com\/wp-content\/uploads\/2025\/10\/29694-MPPT_solar_charger_manual-pdf-es-7.pdf\" target=\"_blank\" rel=\"noopener\">Victron BlueSolar MPPT 150\/60-Tr Laderegler Handbuch anzeigen - SCC010060200<\/a><\/p>","protected":false},"excerpt":{"rendered":"<ul>\n<li><span style=\"color: #ff0000\"><strong>Ger\u00e4te ohne Bluetooth<\/strong><\/span><\/li>\n<li><strong>Modell mit Bluetooth: <a href=\"https:\/\/fvcomponentes.com\/de\/produkt\/regler-victron-smartsolar-mppt-150-60-tr-scc11506060210\/\" target=\"_blank\" rel=\"noopener\">Victron SmartSolar MPPT 150\/60-Tr Regler - SCC11506060210<\/a><\/strong><\/li>\n<li><strong>Spannung der Batterie;<\/strong> 12\/24\/48 V Automatische Auswahl<\/li>\n<li><strong style=\"font-size: 16px\">Last Nennstrom;<\/strong><span style=\"font-size: 16px\"> 60 A<\/span><\/li>\n<li><strong style=\"font-size: 16px\">Maximale Leistung PV, 12V;<\/strong><span style=\"font-size: 16px\">\u00a0 860 W<\/span><\/li>\n<li><strong>Maximale Leistung PV, 24V<\/strong>; 1720 W<\/li>\n<li><strong>Maximale Leistung PV, 48V<\/strong>; 3440 W<\/li>\n<li><strong>Gewicht:\u00a0<\/strong>3kg<\/li>\n<li><strong>Abmessungen:\u00a0<\/strong>185 x 250 x 95 mm<\/li>\n<\/ul>","protected":false},"featured_media":6853,"comment_status":"open","ping_status":"closed","template":"","meta":{"site-sidebar-layout":"default","site-content-layout":"default","ast-site-content-layout":"default","site-content-style":"default","site-sidebar-style":"default","ast-global-header-display":"","ast-banner-title-visibility":"","ast-main-header-display":"","ast-hfb-above-header-display":"","ast-hfb-below-header-display":"","ast-hfb-mobile-header-display":"","site-post-title":"","ast-breadcrumbs-content":"","ast-featured-img":"","footer-sml-layout":"","ast-disable-related-posts":"","theme-transparent-header-meta":"default","adv-header-id-meta":"","stick-header-meta":"","header-above-stick-meta":"","header-main-stick-meta":"","header-below-stick-meta":"","astra-migrate-meta-layouts":"set","ast-page-background-enabled":"default","ast-page-background-meta":{"desktop":{"background-color":"var(--ast-global-color-4)","background-image":"","background-repeat":"repeat","background-position":"center center","background-size":"auto","background-attachment":"scroll","background-type":"","background-media":"","overlay-type":"","overlay-color":"","overlay-opacity":"","overlay-gradient":""},"tablet":{"background-color":"","background-image":"","background-repeat":"repeat","background-position":"center center","background-size":"auto","background-attachment":"scroll","background-type":"","background-media":"","overlay-type":"","overlay-color":"","overlay-opacity":"","overlay-gradient":""},"mobile":{"background-color":"","background-image":"","background-repeat":"repeat","background-position":"center center","background-size":"auto","background-attachment":"scroll","background-type":"","background-media":"","overlay-type":"","overlay-color":"","overlay-opacity":"","overlay-gradient":""}},"ast-content-background-meta":{"desktop":{"background-color":"var(--ast-global-color-5)","background-image":"","background-repeat":"repeat","background-position":"center center","background-size":"auto","background-attachment":"scroll","background-type":"","background-media":"","overlay-type":"","overlay-color":"","overlay-opacity":"","overlay-gradient":""},"tablet":{"background-color":"var(--ast-global-color-5)","background-image":"","background-repeat":"repeat","background-position":"center center","background-size":"auto","background-attachment":"scroll","background-type":"","background-media":"","overlay-type":"","overlay-color":"","overlay-opacity":"","overlay-gradient":""},"mobile":{"background-color":"var(--ast-global-color-5)","background-image":"","background-repeat":"repeat","background-position":"center center","background-size":"auto","background-attachment":"scroll","background-type":"","background-media":"","overlay-type":"","overlay-color":"","overlay-opacity":"","overlay-gradient":""}}},"pwb-brand":[332],"product_brand":[],"product_cat":[353,371],"product_tag":[],"class_list":{"0":"post-6850","1":"product","2":"type-product","3":"status-publish","4":"has-post-thumbnail","6":"pwb-brand-victron","7":"product_cat-reguladores-de-carga-solares","8":"product_cat-reguladores-mppt","9":"desktop-align-left","10":"tablet-align-left","11":"mobile-align-left","12":"ast-product-gallery-layout-horizontal-slider","13":"ast-product-tabs-layout-horizontal","15":"first","16":"instock","17":"taxable","18":"shipping-taxable","19":"purchasable","20":"product-type-simple"},"wcpa_form_fields":null,"brands":[{"id":332,"name":"Victron Energie","slug":"victron"}],"_links":{"self":[{"href":"https:\/\/fvcomponentes.com\/de\/wp-json\/wp\/v2\/product\/6850","targetHints":{"allow":["GET"]}}],"collection":[{"href":"https:\/\/fvcomponentes.com\/de\/wp-json\/wp\/v2\/product"}],"about":[{"href":"https:\/\/fvcomponentes.com\/de\/wp-json\/wp\/v2\/types\/product"}],"replies":[{"embeddable":true,"href":"https:\/\/fvcomponentes.com\/de\/wp-json\/wp\/v2\/comments?post=6850"}],"wp:featuredmedia":[{"embeddable":true,"href":"https:\/\/fvcomponentes.com\/de\/wp-json\/wp\/v2\/media\/6853"}],"wp:attachment":[{"href":"https:\/\/fvcomponentes.com\/de\/wp-json\/wp\/v2\/media?parent=6850"}],"wp:term":[{"taxonomy":"pwb-brand","embeddable":true,"href":"https:\/\/fvcomponentes.com\/de\/wp-json\/wp\/v2\/pwb-brand?post=6850"},{"taxonomy":"product_brand","embeddable":true,"href":"https:\/\/fvcomponentes.com\/de\/wp-json\/wp\/v2\/product_brand?post=6850"},{"taxonomy":"product_cat","embeddable":true,"href":"https:\/\/fvcomponentes.com\/de\/wp-json\/wp\/v2\/product_cat?post=6850"},{"taxonomy":"product_tag","embeddable":true,"href":"https:\/\/fvcomponentes.com\/de\/wp-json\/wp\/v2\/product_tag?post=6850"}],"curies":[{"name":"wp","href":"https:\/\/api.w.org\/{rel}","templated":true}]}}