{"id":6781,"date":"2023-10-19T09:39:54","date_gmt":"2023-10-19T07:39:54","guid":{"rendered":"https:\/\/fvcomponentes.com\/?post_type=product&#038;p=6781"},"modified":"2026-04-08T21:29:16","modified_gmt":"2026-04-08T19:29:16","slug":"victron-fernbedienungspanel-fur-bluesolar-pwm-pro-scc900300000","status":"publish","type":"product","link":"https:\/\/fvcomponentes.com\/de\/producto\/panel-victron-remoto-para-bluesolar-pwm-pro-scc900300000\/","title":{"rendered":"Victron Fernbedienungspanel f\u00fcr BlueSolar PWM-Pro - SCC900300000"},"content":{"rendered":"<p>Diese\u00a0<strong>Paneel kompatibel mit Victron BlueSolar PWM-Pro Steuerungen<\/strong> Die 10A-, 20A- und 30A-Regler erleichtern die Programmierung der Regler zur Optimierung der photovoltaischen Belastung der Solaranlage.<\/p>\n<div>Die Informationen, die das Fernbedienungspanel liefert, helfen dabei, sich \u00fcber die Entwicklung der Solarenergieanwendungen zu informieren, dank der F\u00fclle an Informationen, die es durch die kontinuierliche \u00dcberwachung des Solarladeprozesses liefert.<\/div>\n<div><\/div>\n<div>Das Victron BlueSolar PWM PRO Fernbedienungspanel bietet eine bessere Kontrolle \u00fcber den Ladevorgang und den Batteriestatus. Es erm\u00f6glicht die Programmierung des Blue Solar Pro Reglers zur Optimierung der PV-Ladung.<\/div>\n<div><\/div>\n<div>Das Fernbedienungspanel zeigt mit verschiedenen Symbolen jeden einzelnen Parameter an, der zur Steuerung der Last erforderlich ist. Es liefert die Gesamtladebilanzwerte und erm\u00f6glicht die Programmierung aller mit Solarbatterien kompatiblen Spannungen. RJ45-Kabel und Befestigungsmaterial im Lieferumfang enthalten.<\/div>\n<h2><\/h2>\n<h2>Eigenschaften des Fernbedienungspanels f\u00fcr Blue Solar PWM-Pro - SCC900300000<\/h2>\n<p>- Vollst\u00e4ndig programmierbare Lichtsteuerungsfunktion.<br \/>\n- Vollst\u00e4ndig programmierbare dreistufige Batterieladung (Initial-, Absorptions- und Erhaltungsladung).<br \/>\n- Integrierte Batterie\u00fcberwachungsfunktion (Fernbedienungspanel zur Anzeige des Ladezustands erforderlich).<br \/>\n- Abschaltung des Lastausgangs aufgrund von Unterspannung und manueller Steuerung (Standardeinstellung).<br \/>\n- Optionaler externer Temperatursensor.<br \/>\n- Der Lastausgang ist gegen \u00dcberlast und Kurzschluss gesch\u00fctzt.<br \/>\n- Gesch\u00fctzt gegen Verpolung der Solarmodule und\/oder der Batterie<\/p>\n<h2 class=\"ppbd-product-name\">Datenblatt f\u00fcr Blue Solar PWM-Pro Fernbedienungspanel - SCC900300000<\/h2>\n<p><a href=\"https:\/\/fvcomponentes.com\/wp-content\/uploads\/2025\/10\/Datasheet-BlueSolar-PWM-Pro-Charge-Controllers-ES.pdf\" target=\"_blank\" rel=\"noopener\">Siehe Datenblatt f\u00fcr Blue Solar PWM-Pro Remote Panel - SCC900300000<\/a><\/p>\n<h2 class=\"ppbd-product-name\">Blue Solar PWM-Pro Fernbedienungspanel Handbuch - SCC900300000<\/h2>\n<p><a href=\"https:\/\/fvcomponentes.com\/wp-content\/uploads\/2023\/10\/Manual-Remote-Panel-for-BlueSolar-PWM-Pro-Charge-Controller-EN-A5.pdf\" target=\"_blank\" rel=\"noopener\">Blue Solar PWM-Pro Fernbedienungspanel Handbuch anzeigen - SCC900300000<\/a><\/p>","protected":false},"excerpt":{"rendered":"<p><strong>Gewicht:<\/strong> 0,21 kg<\/p>\n<p><strong>Abmessungen:\u00a0<\/strong>49 x 113 x 113 mm<\/p>","protected":false},"featured_media":6782,"comment_status":"open","ping_status":"closed","template":"","meta":{"site-sidebar-layout":"default","site-content-layout":"default","ast-site-content-layout":"default","site-content-style":"default","site-sidebar-style":"default","ast-global-header-display":"","ast-banner-title-visibility":"","ast-main-header-display":"","ast-hfb-above-header-display":"","ast-hfb-below-header-display":"","ast-hfb-mobile-header-display":"","site-post-title":"","ast-breadcrumbs-content":"","ast-featured-img":"","footer-sml-layout":"","ast-disable-related-posts":"","theme-transparent-header-meta":"default","adv-header-id-meta":"","stick-header-meta":"","header-above-stick-meta":"","header-main-stick-meta":"","header-below-stick-meta":"","astra-migrate-meta-layouts":"set","ast-page-background-enabled":"default","ast-page-background-meta":{"desktop":{"background-color":"var(--ast-global-color-4)","background-image":"","background-repeat":"repeat","background-position":"center center","background-size":"auto","background-attachment":"scroll","background-type":"","background-media":"","overlay-type":"","overlay-color":"","overlay-opacity":"","overlay-gradient":""},"tablet":{"background-color":"","background-image":"","background-repeat":"repeat","background-position":"center center","background-size":"auto","background-attachment":"scroll","background-type":"","background-media":"","overlay-type":"","overlay-color":"","overlay-opacity":"","overlay-gradient":""},"mobile":{"background-color":"","background-image":"","background-repeat":"repeat","background-position":"center center","background-size":"auto","background-attachment":"scroll","background-type":"","background-media":"","overlay-type":"","overlay-color":"","overlay-opacity":"","overlay-gradient":""}},"ast-content-background-meta":{"desktop":{"background-color":"var(--ast-global-color-5)","background-image":"","background-repeat":"repeat","background-position":"center center","background-size":"auto","background-attachment":"scroll","background-type":"","background-media":"","overlay-type":"","overlay-color":"","overlay-opacity":"","overlay-gradient":""},"tablet":{"background-color":"var(--ast-global-color-5)","background-image":"","background-repeat":"repeat","background-position":"center center","background-size":"auto","background-attachment":"scroll","background-type":"","background-media":"","overlay-type":"","overlay-color":"","overlay-opacity":"","overlay-gradient":""},"mobile":{"background-color":"var(--ast-global-color-5)","background-image":"","background-repeat":"repeat","background-position":"center center","background-size":"auto","background-attachment":"scroll","background-type":"","background-media":"","overlay-type":"","overlay-color":"","overlay-opacity":"","overlay-gradient":""}}},"pwb-brand":[332],"product_brand":[],"product_cat":[353,986,354],"product_tag":[],"class_list":{"0":"post-6781","1":"product","2":"type-product","3":"status-publish","4":"has-post-thumbnail","6":"pwb-brand-victron","7":"product_cat-reguladores-de-carga-solares","8":"product_cat-accesorios-reguladores-cargadores","9":"product_cat-reguladores-pwm","10":"desktop-align-left","11":"tablet-align-left","12":"mobile-align-left","13":"ast-product-gallery-layout-horizontal-slider","14":"ast-product-gallery-with-no-image","15":"ast-product-tabs-layout-horizontal","17":"first","18":"instock","19":"taxable","20":"shipping-taxable","21":"purchasable","22":"product-type-simple"},"wcpa_form_fields":null,"brands":[{"id":332,"name":"Victron Energie","slug":"victron"}],"_links":{"self":[{"href":"https:\/\/fvcomponentes.com\/de\/wp-json\/wp\/v2\/product\/6781","targetHints":{"allow":["GET"]}}],"collection":[{"href":"https:\/\/fvcomponentes.com\/de\/wp-json\/wp\/v2\/product"}],"about":[{"href":"https:\/\/fvcomponentes.com\/de\/wp-json\/wp\/v2\/types\/product"}],"replies":[{"embeddable":true,"href":"https:\/\/fvcomponentes.com\/de\/wp-json\/wp\/v2\/comments?post=6781"}],"wp:featuredmedia":[{"embeddable":true,"href":"https:\/\/fvcomponentes.com\/de\/wp-json\/wp\/v2\/media\/6782"}],"wp:attachment":[{"href":"https:\/\/fvcomponentes.com\/de\/wp-json\/wp\/v2\/media?parent=6781"}],"wp:term":[{"taxonomy":"pwb-brand","embeddable":true,"href":"https:\/\/fvcomponentes.com\/de\/wp-json\/wp\/v2\/pwb-brand?post=6781"},{"taxonomy":"product_brand","embeddable":true,"href":"https:\/\/fvcomponentes.com\/de\/wp-json\/wp\/v2\/product_brand?post=6781"},{"taxonomy":"product_cat","embeddable":true,"href":"https:\/\/fvcomponentes.com\/de\/wp-json\/wp\/v2\/product_cat?post=6781"},{"taxonomy":"product_tag","embeddable":true,"href":"https:\/\/fvcomponentes.com\/de\/wp-json\/wp\/v2\/product_tag?post=6781"}],"curies":[{"name":"wp","href":"https:\/\/api.w.org\/{rel}","templated":true}]}}