{"id":6753,"date":"2023-10-10T18:07:31","date_gmt":"2023-10-10T16:07:31","guid":{"rendered":"https:\/\/fvcomponentes.com\/?post_type=product&#038;p=6753"},"modified":"2026-01-15T10:05:10","modified_gmt":"2026-01-15T09:05:10","slug":"regler-bluesolar-victron-pwm-duo-lcd-und-usb-12-24v-20a-scc010020060","status":"publish","type":"product","link":"https:\/\/fvcomponentes.com\/de\/producto\/regulador-bluesolar-victron-pwm-duo-lcd-y-usb-12-24v-20a-scc010020060\/","title":{"rendered":"BlueSolar Victron PWM PWM DUO-LCD und USB 12\/24V-20A Steuerger\u00e4t - SCC010020060"},"content":{"rendered":"<p><span style=\"font-size: 16px\">BlueSolar Victron PWM DUO-LCD und USB 12\/24V-20A - SCC010020060 Regler mit der F\u00e4higkeit, zwei verschiedene Batterien gleichzeitig zu laden, mit LCD-Bildschirm und USB-Anschluss und automatischem Spannungsw\u00e4hler von 12V und 24V, f\u00fcr maximale Ladestr\u00f6me von 20A. Mit diesem Regler k\u00f6nnen wir zum Beispiel die Hauptbatterie und gleichzeitig eine Hilfsbatterie laden, wie in einem Wohnwagen, Boot, Wohnmobil, etc.<\/span><\/p>\n<h2>Merkmale des BlueSolar-Reglers\u00a0<a href=\"https:\/\/www.victronenergy.com.es\/\" target=\"_blank\" rel=\"noopener\">Victron <\/a>PWM DUO-LCD und USB 12\/24V-20A<\/h2>\n<ul>\n<li><strong>Fl\u00fcssigkristallanzeige.<\/strong> Zur \u00dcberwachung und Konfiguration - Externer Temperatursensor enthalten<\/li>\n<li><strong>2 separate Batterieausg\u00e4nge.<\/strong> Laden Sie zwei verschiedene Batterien gleichzeitig auf. Zum Beispiel die Starterbatterie und die Zusatzbatterie eines Bootes oder Wohnwagens.<\/li>\n<li><strong>Schutzma\u00dfnahmen.<\/strong> Gesch\u00fctzt gegen Verpolung der Solarmodule und\/oder der Batterie<\/li>\n<li><strong>Programmierbarer Batterieladealgorithmus.<\/strong> Algorithmen f\u00fcr AGM-, GEL- oder geflutete Bleis\u00e4ure- und LiFePO4-Batterien (mit BMSinternal).<\/li>\n<li><strong>Zwei 5-Volt-USB-Ausg\u00e4nge<\/strong>. Maximalstrom beide Ausg\u00e4nge zusammen: 2A<\/li>\n<\/ul>\n<h2>Datenblatt BlueSolar Victron Victron PWM DUO-LCD und USB 12\/24V-20A - SCC010020060<\/h2>\n<p><a href=\"https:\/\/fvcomponentes.com\/wp-content\/uploads\/2023\/03\/22222.pdf\" target=\"_blank\" rel=\"noopener\">Datenblatt BlueSolar Victron PWM DUO-LCD und USB 12\/24V-20A <\/a><\/p>","protected":false},"excerpt":{"rendered":"<p><strong>Nennlaststrom:<\/strong> 20A<br \/>\n<strong>Ausgang f\u00fcr zweite Batterie:<\/strong> Ja<br \/>\n<strong>Leistung der verbrauchenden Last:<\/strong> 2 USB-Anschl\u00fcsse 5V \/ 2A<br \/>\n<strong>Gewicht (kg):<\/strong> 0,30<br \/>\n<strong>Abmessungen (mm):<\/strong> 101,5 x 184,0 x 47,1<\/p>","protected":false},"featured_media":6745,"comment_status":"open","ping_status":"closed","template":"","meta":{"site-sidebar-layout":"default","site-content-layout":"default","ast-site-content-layout":"default","site-content-style":"default","site-sidebar-style":"default","ast-global-header-display":"","ast-banner-title-visibility":"","ast-main-header-display":"","ast-hfb-above-header-display":"","ast-hfb-below-header-display":"","ast-hfb-mobile-header-display":"","site-post-title":"","ast-breadcrumbs-content":"","ast-featured-img":"","footer-sml-layout":"","ast-disable-related-posts":"","theme-transparent-header-meta":"default","adv-header-id-meta":"","stick-header-meta":"","header-above-stick-meta":"","header-main-stick-meta":"","header-below-stick-meta":"","astra-migrate-meta-layouts":"set","ast-page-background-enabled":"default","ast-page-background-meta":{"desktop":{"background-color":"var(--ast-global-color-4)","background-image":"","background-repeat":"repeat","background-position":"center center","background-size":"auto","background-attachment":"scroll","background-type":"","background-media":"","overlay-type":"","overlay-color":"","overlay-opacity":"","overlay-gradient":""},"tablet":{"background-color":"","background-image":"","background-repeat":"repeat","background-position":"center center","background-size":"auto","background-attachment":"scroll","background-type":"","background-media":"","overlay-type":"","overlay-color":"","overlay-opacity":"","overlay-gradient":""},"mobile":{"background-color":"","background-image":"","background-repeat":"repeat","background-position":"center center","background-size":"auto","background-attachment":"scroll","background-type":"","background-media":"","overlay-type":"","overlay-color":"","overlay-opacity":"","overlay-gradient":""}},"ast-content-background-meta":{"desktop":{"background-color":"var(--ast-global-color-5)","background-image":"","background-repeat":"repeat","background-position":"center center","background-size":"auto","background-attachment":"scroll","background-type":"","background-media":"","overlay-type":"","overlay-color":"","overlay-opacity":"","overlay-gradient":""},"tablet":{"background-color":"var(--ast-global-color-5)","background-image":"","background-repeat":"repeat","background-position":"center center","background-size":"auto","background-attachment":"scroll","background-type":"","background-media":"","overlay-type":"","overlay-color":"","overlay-opacity":"","overlay-gradient":""},"mobile":{"background-color":"var(--ast-global-color-5)","background-image":"","background-repeat":"repeat","background-position":"center center","background-size":"auto","background-attachment":"scroll","background-type":"","background-media":"","overlay-type":"","overlay-color":"","overlay-opacity":"","overlay-gradient":""}}},"pwb-brand":[332],"product_brand":[],"product_cat":[353,354],"product_tag":[],"class_list":{"0":"post-6753","1":"product","2":"type-product","3":"status-publish","4":"has-post-thumbnail","6":"pwb-brand-victron","7":"product_cat-reguladores-de-carga-solares","8":"product_cat-reguladores-pwm","9":"desktop-align-left","10":"tablet-align-left","11":"mobile-align-left","12":"ast-product-gallery-layout-horizontal-slider","13":"ast-product-tabs-layout-horizontal","15":"first","16":"instock","17":"taxable","18":"shipping-taxable","19":"purchasable","20":"product-type-simple"},"wcpa_form_fields":null,"brands":[{"id":332,"name":"Victron Energie","slug":"victron"}],"_links":{"self":[{"href":"https:\/\/fvcomponentes.com\/de\/wp-json\/wp\/v2\/product\/6753","targetHints":{"allow":["GET"]}}],"collection":[{"href":"https:\/\/fvcomponentes.com\/de\/wp-json\/wp\/v2\/product"}],"about":[{"href":"https:\/\/fvcomponentes.com\/de\/wp-json\/wp\/v2\/types\/product"}],"replies":[{"embeddable":true,"href":"https:\/\/fvcomponentes.com\/de\/wp-json\/wp\/v2\/comments?post=6753"}],"wp:featuredmedia":[{"embeddable":true,"href":"https:\/\/fvcomponentes.com\/de\/wp-json\/wp\/v2\/media\/6745"}],"wp:attachment":[{"href":"https:\/\/fvcomponentes.com\/de\/wp-json\/wp\/v2\/media?parent=6753"}],"wp:term":[{"taxonomy":"pwb-brand","embeddable":true,"href":"https:\/\/fvcomponentes.com\/de\/wp-json\/wp\/v2\/pwb-brand?post=6753"},{"taxonomy":"product_brand","embeddable":true,"href":"https:\/\/fvcomponentes.com\/de\/wp-json\/wp\/v2\/product_brand?post=6753"},{"taxonomy":"product_cat","embeddable":true,"href":"https:\/\/fvcomponentes.com\/de\/wp-json\/wp\/v2\/product_cat?post=6753"},{"taxonomy":"product_tag","embeddable":true,"href":"https:\/\/fvcomponentes.com\/de\/wp-json\/wp\/v2\/product_tag?post=6753"}],"curies":[{"name":"wp","href":"https:\/\/api.w.org\/{rel}","templated":true}]}}