{"id":6705,"date":"2023-09-19T18:22:51","date_gmt":"2023-09-19T16:22:51","guid":{"rendered":"https:\/\/fvcomponentes.com\/?post_type=product&#038;p=6705"},"modified":"2026-01-15T10:07:09","modified_gmt":"2026-01-15T09:07:09","slug":"victron-smart-batterieschutz-victron-smart-batterieschutz-48v-100a-bpr110048000","status":"publish","type":"product","link":"https:\/\/fvcomponentes.com\/de\/producto\/proteccion-de-bateria-inteligente-victron-smart-battery-protect-48v-100a-bpr110048000\/","title":{"rendered":"Victron Smart Batterie-Schutz 48V-100A - BPR110048000"},"content":{"rendered":"<h2>Eigenschaften des Smart Battery Protect 48V-100A - BPR110048000<\/h2>\n<h2>Sch\u00fctzt die Batterie vor \u00fcberm\u00e4\u00dfiger Entladung und kann als Ein- und Ausschalter des Systems verwendet werden<\/h2>\n<p>Der Smart Battery Protect 48V-100A - BPR110048000 trennt nicht ben\u00f6tigte Verbraucher von der Batterie, bevor diese vollst\u00e4ndig entladen ist (was die Batterie besch\u00e4digen w\u00fcrde) oder bevor sie nicht mehr gen\u00fcgend Ladung zum Starten des Motors hat. Der Ein\/Aus-Eingang kann als System-Ein\/Aus-Schalter verwendet werden.<\/p>\n<h2>Bluetooth: einfache Programmierung<\/h2>\n<p>Bei der Programmierung des Smart BatteryProtect \u00fcber Bluetooth k\u00f6nnen die gew\u00fcnschten Aktivierungs-\/Deaktivierungsstufen festgelegt werden. Alternativ kann der Programmier-Pin verwendet werden, um eine von neun Aktivierungs-\/Deaktivierungsstufen zu definieren (<a href=\"https:\/\/fvcomponentes.com\/wp-content\/uploads\/2025\/09\/114439-Smart_BatteryProtect-pdf-en.pdf\" target=\"_blank\" rel=\"noopener\">siehe Handbuch<\/a>).<\/p>\n<p><em>Falls erforderlich, kann Bluetooth deaktiviert werden.<\/em><\/p>\n<h2>Eine spezielle Konfiguration f\u00fcr Li-Ion-Batterien<\/h2>\n<p>In diesem Modus kann BatteryProtect \u00fcber das VE.Bus BMS gesteuert werden.<\/p>\n<p><em>Hinweis: BatteryProtect kann auch als Ladeschalter zwischen einem Ladeger\u00e4t und einem Li-Ionen-Akku verwendet werden. Siehe den Anschlussplan im Handbuch.<\/em><\/p>\n<h2>Ultra-niedriger Stromverbrauch<\/h2>\n<p>Dies ist bei Li-Ion-Batterien wichtig, insbesondere nach einer Unterbrechung der Spannung.<br \/>\nBitte beachten Sie unser Datenblatt zum Li-Ion-Akku und das Handbuch f\u00fcr den Li-Ion-Akku. <a href=\"https:\/\/fvcomponentes.com\/wp-content\/uploads\/2025\/09\/Manual-VE-BUS-BMS-EN-NL-FR-DE-SE-.pdf\" target=\"_blank\" rel=\"noopener\">VE.Bus BMS<\/a> f\u00fcr weitere Informationen.<\/p>\n<h2>\u00dcberspannungsschutz<\/h2>\n<p>Um Sch\u00e4den an empfindlichen Lasten durch \u00dcberspannung zu vermeiden, wird die Last abgeschaltet, wenn die Gleichspannung 16,3 V bzw. 32,6 V \u00fcberschreitet.<\/p>\n<h2>Feuerschutz<\/h2>\n<p>Ohne Relais, aber mit MOSFET-Schaltern, daher keine Funkenbildung.<\/p>\n<h2>Verz\u00f6gerter Alarmausgang<\/h2>\n<p>Der Alarmausgang wird aktiviert, wenn die Batteriespannung f\u00fcr mehr als 12 Sekunden unter den voreingestellten Abschaltwert f\u00e4llt. Daher wird der Alarm nicht durch das Starten des Motors aktiviert. Der Alarmausgang ist ein kurzschlussfester Open-Collector-Ausgang an der negativen (Minus-)Schiene mit einem maximalen Strom von 50 mA. Normalerweise wird der Alarmausgang verwendet, um ein akustisches Signal, eine LED oder ein Relais zu aktivieren.<\/p>\n<h2>Unterbrechung und verz\u00f6gerte Wiedereinschaltung der Last<\/h2>\n<p>Die Last muss 90 Sekunden, nachdem die Batteriespannung unter den eingestellten Wert gefallen ist, abgeschaltet werden. Steigt die Batteriespannung innerhalb dieses Zeitraums wieder in Richtung der Einschaltschwelle an (nachdem z. B. der Motor angelassen wurde), darf die Last nicht abgeschaltet werden.<br \/>\nDie Ladung wird 30 Sekunden nach dem Ansteigen der Batteriespannung \u00fcber den<br \/>\nStandard-Wiederanbindung.<\/p>\n<p><img fetchpriority=\"high\" decoding=\"async\" class=\"alignnone size-full wp-image-6686\" src=\"https:\/\/fvcomponentes.com\/wp-content\/uploads\/2023\/03\/SAFSADF.png\" alt=\"Victron Smart Batterie-Schutz 12\/24V 65A - BPR065022000\" width=\"383\" height=\"193\" title=\"\"><\/p>\n<h2>Datenblatt Victron Smart Battery Protect 48V-100A - BPR110048000<\/h2>\n<p><a href=\"https:\/\/fvcomponentes.com\/wp-content\/uploads\/2025\/09\/Datasheet-Smart-BatteryProtect-48V-100A-EN.pdf\" target=\"_blank\" rel=\"noopener\">Victron Smart Battery Protect 48V-100A - BPR110048000 Datenblatt anzeigen<\/a><\/p>","protected":false},"excerpt":{"rendered":"<p><strong>Maximaler Dauerlaststrom:<\/strong> 100A<br \/>\n<strong>Spitzenstrom (f\u00fcr 30 Sekunden):<\/strong> 250A<br \/>\n<strong>Betriebsspannungsbereich:<\/strong> 24 -70V<\/p>","protected":false},"featured_media":6710,"comment_status":"open","ping_status":"closed","template":"","meta":{"site-sidebar-layout":"default","site-content-layout":"default","ast-site-content-layout":"default","site-content-style":"default","site-sidebar-style":"default","ast-global-header-display":"","ast-banner-title-visibility":"","ast-main-header-display":"","ast-hfb-above-header-display":"","ast-hfb-below-header-display":"","ast-hfb-mobile-header-display":"","site-post-title":"","ast-breadcrumbs-content":"","ast-featured-img":"","footer-sml-layout":"","ast-disable-related-posts":"","theme-transparent-header-meta":"default","adv-header-id-meta":"","stick-header-meta":"","header-above-stick-meta":"","header-main-stick-meta":"","header-below-stick-meta":"","astra-migrate-meta-layouts":"set","ast-page-background-enabled":"default","ast-page-background-meta":{"desktop":{"background-color":"var(--ast-global-color-4)","background-image":"","background-repeat":"repeat","background-position":"center center","background-size":"auto","background-attachment":"scroll","background-type":"","background-media":"","overlay-type":"","overlay-color":"","overlay-opacity":"","overlay-gradient":""},"tablet":{"background-color":"","background-image":"","background-repeat":"repeat","background-position":"center center","background-size":"auto","background-attachment":"scroll","background-type":"","background-media":"","overlay-type":"","overlay-color":"","overlay-opacity":"","overlay-gradient":""},"mobile":{"background-color":"","background-image":"","background-repeat":"repeat","background-position":"center center","background-size":"auto","background-attachment":"scroll","background-type":"","background-media":"","overlay-type":"","overlay-color":"","overlay-opacity":"","overlay-gradient":""}},"ast-content-background-meta":{"desktop":{"background-color":"var(--ast-global-color-5)","background-image":"","background-repeat":"repeat","background-position":"center center","background-size":"auto","background-attachment":"scroll","background-type":"","background-media":"","overlay-type":"","overlay-color":"","overlay-opacity":"","overlay-gradient":""},"tablet":{"background-color":"var(--ast-global-color-5)","background-image":"","background-repeat":"repeat","background-position":"center center","background-size":"auto","background-attachment":"scroll","background-type":"","background-media":"","overlay-type":"","overlay-color":"","overlay-opacity":"","overlay-gradient":""},"mobile":{"background-color":"var(--ast-global-color-5)","background-image":"","background-repeat":"repeat","background-position":"center center","background-size":"auto","background-attachment":"scroll","background-type":"","background-media":"","overlay-type":"","overlay-color":"","overlay-opacity":"","overlay-gradient":""}}},"pwb-brand":[332],"product_brand":[],"product_cat":[340,391,929],"product_tag":[],"class_list":{"0":"post-6705","1":"product","2":"type-product","3":"status-publish","4":"has-post-thumbnail","6":"pwb-brand-victron","7":"product_cat-baterias","8":"product_cat-accesorios-para-baterias","9":"product_cat-protectores-de-bateria","10":"desktop-align-left","11":"tablet-align-left","12":"mobile-align-left","13":"ast-product-gallery-layout-horizontal-slider","14":"ast-product-tabs-layout-horizontal","16":"first","17":"instock","18":"taxable","19":"shipping-taxable","20":"purchasable","21":"product-type-simple"},"wcpa_form_fields":null,"brands":[{"id":332,"name":"Victron Energie","slug":"victron"}],"_links":{"self":[{"href":"https:\/\/fvcomponentes.com\/de\/wp-json\/wp\/v2\/product\/6705","targetHints":{"allow":["GET"]}}],"collection":[{"href":"https:\/\/fvcomponentes.com\/de\/wp-json\/wp\/v2\/product"}],"about":[{"href":"https:\/\/fvcomponentes.com\/de\/wp-json\/wp\/v2\/types\/product"}],"replies":[{"embeddable":true,"href":"https:\/\/fvcomponentes.com\/de\/wp-json\/wp\/v2\/comments?post=6705"}],"wp:featuredmedia":[{"embeddable":true,"href":"https:\/\/fvcomponentes.com\/de\/wp-json\/wp\/v2\/media\/6710"}],"wp:attachment":[{"href":"https:\/\/fvcomponentes.com\/de\/wp-json\/wp\/v2\/media?parent=6705"}],"wp:term":[{"taxonomy":"pwb-brand","embeddable":true,"href":"https:\/\/fvcomponentes.com\/de\/wp-json\/wp\/v2\/pwb-brand?post=6705"},{"taxonomy":"product_brand","embeddable":true,"href":"https:\/\/fvcomponentes.com\/de\/wp-json\/wp\/v2\/product_brand?post=6705"},{"taxonomy":"product_cat","embeddable":true,"href":"https:\/\/fvcomponentes.com\/de\/wp-json\/wp\/v2\/product_cat?post=6705"},{"taxonomy":"product_tag","embeddable":true,"href":"https:\/\/fvcomponentes.com\/de\/wp-json\/wp\/v2\/product_tag?post=6705"}],"curies":[{"name":"wp","href":"https:\/\/api.w.org\/{rel}","templated":true}]}}