{"id":6684,"date":"2023-04-13T11:40:26","date_gmt":"2023-04-13T09:40:26","guid":{"rendered":"https:\/\/fvcomponentes.com\/?post_type=product&#038;p=6684"},"modified":"2026-01-15T10:05:09","modified_gmt":"2026-01-15T09:05:09","slug":"victron-smart-batterieschutz-smart-batteryprotect-12-24v-65a-bpr065022000","status":"publish","type":"product","link":"https:\/\/fvcomponentes.com\/de\/producto\/proteccion-victron-de-bateria-inteligente-smart-batteryprotect-12-24v-65a-bpr065022000\/","title":{"rendered":"Victron Smart Battery Protection Smart BatteryProtect 12\/24V 65A - BPR065022000"},"content":{"rendered":"<h2>Sch\u00fctzt die Batterie vor \u00fcberm\u00e4\u00dfiger Entladung und kann als Ein- und Ausschalter des Systems verwendet werden<\/h2>\n<p>Der Smart BatteryProtect 12\/24V 65A trennt nicht ben\u00f6tigte Verbraucher von der Batterie, bevor diese vollst\u00e4ndig entladen ist (was die Batterie besch\u00e4digen w\u00fcrde) oder bevor sie nicht mehr gen\u00fcgend Ladung zum Starten des Motors hat. Der Ein\/Aus-Eingang kann als System-Ein\/Aus-Schalter verwendet werden.<\/p>\n<h2>12\/24V selbstregulierend<\/h2>\n<p>Der Smart BatteryProtect 12\/24V 65A erkennt die Systemspannung automatisch und nur einmal.<\/p>\n<h2>Bluetooth: einfache Programmierung<\/h2>\n<p>Bei der Programmierung des Smart BatteryProtect 12\/24V 65A \u00fcber Bluetooth k\u00f6nnen die gew\u00fcnschten Aktivierungs-\/Deaktivierungsstufen festgelegt werden. Alternativ kann der Programmierpin verwendet werden, um eine der neun Aktivierungs-\/Deaktivierungsebenen zu definieren (siehe Handbuch).<br \/>\nFalls erforderlich, kann Bluetooth deaktiviert werden.<\/p>\n<h2>Eine spezielle Konfiguration f\u00fcr Li-Ion-Batterien<\/h2>\n<p>In diesem Modus kann BatteryProtect \u00fcber das VE.Bus BMS gesteuert werden.<br \/>\nHinweis: BatteryProtect kann auch als Ladeschalter zwischen einem Ladeger\u00e4t und einem Li-Ionen-Akku verwendet werden. Siehe den Anschlussplan im Handbuch.<\/p>\n<h2>Ultra-niedriger Stromverbrauch<\/h2>\n<p>Dies ist bei Li-Ion-Batterien wichtig, insbesondere nach einer Unterbrechung der Spannung.<br \/>\nWeitere Informationen finden Sie in unserem Datenblatt f\u00fcr Li-Ionen-Batterien und im VE.Bus BMS-Handbuch.<\/p>\n<h2>\u00dcberspannungsschutz<\/h2>\n<p>Um Sch\u00e4den an empfindlichen Lasten durch \u00dcberspannung zu vermeiden, wird die Last abgeschaltet, wenn die Gleichspannung 16,3 V bzw. 32,6 V \u00fcberschreitet.<\/p>\n<h2>Feuerschutz<\/h2>\n<p>Ohne Relais, aber mit MOSFET-Schaltern, daher keine Funkenbildung.<\/p>\n<h2>Verz\u00f6gerter Alarmausgang<\/h2>\n<p>Der Alarmausgang wird aktiviert, wenn die Batteriespannung f\u00fcr mehr als 12 Sekunden unter den voreingestellten Abschaltwert f\u00e4llt. Daher wird der Alarm nicht durch das Starten des Motors aktiviert. Der Alarmausgang ist ein kurzschlussfester Open-Collector-Ausgang an der negativen (Minus-)Schiene mit einem maximalen Strom von 50 mA. Normalerweise wird der Alarmausgang verwendet, um ein akustisches Signal, eine LED oder ein Relais zu aktivieren.<\/p>\n<h2>Unterbrechung und verz\u00f6gerte Wiedereinschaltung der Last<\/h2>\n<p>Die Last muss 90 Sekunden, nachdem die Batteriespannung unter den eingestellten Wert gefallen ist, abgeschaltet werden. Steigt die Batteriespannung innerhalb dieses Zeitraums wieder in Richtung der Einschaltschwelle an (nachdem z. B. der Motor angelassen wurde), darf die Last nicht abgeschaltet werden.<br \/>\nDie Ladung wird 30 Sekunden nach dem Ansteigen der Batteriespannung \u00fcber den<br \/>\nStandard-Wiederanbindung.<\/p>\n<p><img fetchpriority=\"high\" decoding=\"async\" class=\"alignnone size-full wp-image-6686\" src=\"https:\/\/fvcomponentes.com\/wp-content\/uploads\/2023\/03\/SAFSADF.png\" alt=\"Victron Smart Batterie-Schutz 12\/24V 65A - BPR065022000\" width=\"383\" height=\"193\" title=\"\"><\/p>\n<h2>Datenblatt Victron Smart Battery Protection Smart BatteryProtect 12\/24V 65A - BPR065022000<\/h2>\n<p><a href=\"https:\/\/fvcomponentes.com\/wp-content\/uploads\/2023\/04\/Datasheet-Smart-Battery-Protect-65-A-100-A-220-A-ES.pdf\" target=\"_blank\" rel=\"noopener\">Victron Smart Battery Protection anzeigen Smart BatteryProtect 12\/24V 65A - BPR065022000<\/a><\/p>","protected":false},"excerpt":{"rendered":"<p><strong>Maximaler Dauerladestrom*:<\/strong> 65A<br \/>\n<strong>Spitzenstrom (f\u00fcr 30 Sekunden):<\/strong> 250A<br \/>\n<strong>Betriebsspannungsbereich:<\/strong> 6 -35V<br \/>\n<strong>Gewicht (kg):<\/strong> 0,2<br \/>\n<strong>Abmessungen (mm):<\/strong> 48 x 55 x 106<\/p>","protected":false},"featured_media":6691,"comment_status":"open","ping_status":"closed","template":"","meta":{"site-sidebar-layout":"default","site-content-layout":"default","ast-site-content-layout":"default","site-content-style":"default","site-sidebar-style":"default","ast-global-header-display":"","ast-banner-title-visibility":"","ast-main-header-display":"","ast-hfb-above-header-display":"","ast-hfb-below-header-display":"","ast-hfb-mobile-header-display":"","site-post-title":"","ast-breadcrumbs-content":"","ast-featured-img":"","footer-sml-layout":"","ast-disable-related-posts":"","theme-transparent-header-meta":"default","adv-header-id-meta":"","stick-header-meta":"","header-above-stick-meta":"","header-main-stick-meta":"","header-below-stick-meta":"","astra-migrate-meta-layouts":"set","ast-page-background-enabled":"default","ast-page-background-meta":{"desktop":{"background-color":"var(--ast-global-color-4)","background-image":"","background-repeat":"repeat","background-position":"center center","background-size":"auto","background-attachment":"scroll","background-type":"","background-media":"","overlay-type":"","overlay-color":"","overlay-opacity":"","overlay-gradient":""},"tablet":{"background-color":"","background-image":"","background-repeat":"repeat","background-position":"center center","background-size":"auto","background-attachment":"scroll","background-type":"","background-media":"","overlay-type":"","overlay-color":"","overlay-opacity":"","overlay-gradient":""},"mobile":{"background-color":"","background-image":"","background-repeat":"repeat","background-position":"center center","background-size":"auto","background-attachment":"scroll","background-type":"","background-media":"","overlay-type":"","overlay-color":"","overlay-opacity":"","overlay-gradient":""}},"ast-content-background-meta":{"desktop":{"background-color":"var(--ast-global-color-5)","background-image":"","background-repeat":"repeat","background-position":"center center","background-size":"auto","background-attachment":"scroll","background-type":"","background-media":"","overlay-type":"","overlay-color":"","overlay-opacity":"","overlay-gradient":""},"tablet":{"background-color":"var(--ast-global-color-5)","background-image":"","background-repeat":"repeat","background-position":"center center","background-size":"auto","background-attachment":"scroll","background-type":"","background-media":"","overlay-type":"","overlay-color":"","overlay-opacity":"","overlay-gradient":""},"mobile":{"background-color":"var(--ast-global-color-5)","background-image":"","background-repeat":"repeat","background-position":"center center","background-size":"auto","background-attachment":"scroll","background-type":"","background-media":"","overlay-type":"","overlay-color":"","overlay-opacity":"","overlay-gradient":""}}},"pwb-brand":[332],"product_brand":[],"product_cat":[391,340,929],"product_tag":[],"class_list":{"0":"post-6684","1":"product","2":"type-product","3":"status-publish","4":"has-post-thumbnail","6":"pwb-brand-victron","7":"product_cat-accesorios-para-baterias","8":"product_cat-baterias","9":"product_cat-protectores-de-bateria","10":"desktop-align-left","11":"tablet-align-left","12":"mobile-align-left","13":"ast-product-gallery-layout-horizontal-slider","14":"ast-product-tabs-layout-horizontal","16":"first","17":"instock","18":"taxable","19":"shipping-taxable","20":"purchasable","21":"product-type-simple"},"wcpa_form_fields":null,"brands":[{"id":332,"name":"Victron Energie","slug":"victron"}],"_links":{"self":[{"href":"https:\/\/fvcomponentes.com\/de\/wp-json\/wp\/v2\/product\/6684","targetHints":{"allow":["GET"]}}],"collection":[{"href":"https:\/\/fvcomponentes.com\/de\/wp-json\/wp\/v2\/product"}],"about":[{"href":"https:\/\/fvcomponentes.com\/de\/wp-json\/wp\/v2\/types\/product"}],"replies":[{"embeddable":true,"href":"https:\/\/fvcomponentes.com\/de\/wp-json\/wp\/v2\/comments?post=6684"}],"wp:featuredmedia":[{"embeddable":true,"href":"https:\/\/fvcomponentes.com\/de\/wp-json\/wp\/v2\/media\/6691"}],"wp:attachment":[{"href":"https:\/\/fvcomponentes.com\/de\/wp-json\/wp\/v2\/media?parent=6684"}],"wp:term":[{"taxonomy":"pwb-brand","embeddable":true,"href":"https:\/\/fvcomponentes.com\/de\/wp-json\/wp\/v2\/pwb-brand?post=6684"},{"taxonomy":"product_brand","embeddable":true,"href":"https:\/\/fvcomponentes.com\/de\/wp-json\/wp\/v2\/product_brand?post=6684"},{"taxonomy":"product_cat","embeddable":true,"href":"https:\/\/fvcomponentes.com\/de\/wp-json\/wp\/v2\/product_cat?post=6684"},{"taxonomy":"product_tag","embeddable":true,"href":"https:\/\/fvcomponentes.com\/de\/wp-json\/wp\/v2\/product_tag?post=6684"}],"curies":[{"name":"wp","href":"https:\/\/api.w.org\/{rel}","templated":true}]}}