{"id":6661,"date":"2023-10-09T13:58:47","date_gmt":"2023-10-09T11:58:47","guid":{"rendered":"https:\/\/fvcomponentes.com\/?post_type=product&#038;p=6661"},"modified":"2026-01-15T10:04:26","modified_gmt":"2026-01-15T09:04:26","slug":"victron-batterieschutz-12-24v-65a-bpr000065400-victron-12-24v-65a-bpr000065400","status":"publish","type":"product","link":"https:\/\/fvcomponentes.com\/de\/producto\/proteccion-de-bateria-victron-12-24v-65a-bpr000065400\/","title":{"rendered":"Victron Batterieschutz 12\/24V 65A - BPR000065400"},"content":{"rendered":"<h2>BatteryProtect: Victron Battery Protection 12\/24V 65 A - Hauptmerkmale<\/h2>\n<p>Erfahren Sie, wie Sie <a href=\"https:\/\/www.victronenergy.com.es\/battery_protect\/smart-battery-protect\" target=\"_blank\" rel=\"noopener\">BatteryProtect<\/a> sch\u00fctzt Ihre Batterie vor Tiefentladungen und \u00dcberspannungen. Einfache Konfiguration, spezieller Modus f\u00fcr Li-Ion-Batterien und mehr - sichern Sie die Lebensdauer Ihrer Batterie!<\/p>\n<p><strong>BatteryProtect: 12\/24-V-Batterieschutz<\/strong> BatteryProtect ist ein wichtiges Ger\u00e4t zum Schutz der Lebensdauer Ihrer Batterie. Entdecken Sie im Folgenden seine wichtigsten Funktionen:<\/p>\n<ol>\n<li><strong>Automatische Abschaltung nicht notwendiger Lasten: <\/strong>BatteryProtect schaltet unn\u00f6tige Verbraucher ab, bevor die Batterie vollst\u00e4ndig entladen ist, um Sch\u00e4den zu vermeiden, oder bevor die Ladung nicht mehr ausreicht, um den Motor zu starten.<\/li>\n<li><strong>12\/24V Selbstregulierend: <\/strong>BatteryProtect ist an verschiedene Spannungssysteme anpassbar und stellt sich automatisch auf Ihre Bed\u00fcrfnisse ein.<\/li>\n<li><strong>Einfache Programmierung: <\/strong>Konfigurieren Sie BatteryProtect einfach so, dass es sich bei verschiedenen Spannungen ein- und ausschaltet.<\/li>\n<li><strong>Spezialmodus f\u00fcr Li-Ion-Batterien: <\/strong>Steuern Sie BatteryProtect \u00fcber das VE.Bus BMS, wenn Sie Lithium-Ionen-Batterien verwenden. Informationen zum Anschluss finden Sie im Handbuch.<\/li>\n<li><strong>Ultra niedriger Stromverbrauch: <\/strong>Unverzichtbar f\u00fcr Li-Ion-Batterien, insbesondere nach einer Unterspannungsabschaltung. Weitere Einzelheiten finden Sie in unseren Datenbl\u00e4ttern.<\/li>\n<li><strong>\u00dcberspannungsschutz: <\/strong>Vermeiden Sie \u00dcberspannungssch\u00e4den, indem Sie die Last abschalten, wenn die Gleichspannung 16 V oder 32 V \u00fcbersteigt, je nach Ihrer Konfiguration.<\/li>\n<li><strong>Feuerfest: <\/strong>Keine Relais, nur MOSFET-Schalter zur Vermeidung gef\u00e4hrlicher Funkenbildung.<\/li>\n<li><strong>Verz\u00f6gerter Alarmausgang: <\/strong>Er l\u00f6st den Alarm aus, wenn die Batteriespannung f\u00fcr mehr als 12 Sekunden unter den voreingestellten Wert f\u00e4llt. Der Alarmausgang ist vielseitig und kann f\u00fcr akustische Signale, LEDs oder Relais verwendet werden.<\/li>\n<li><strong>Lastabschaltung und verz\u00f6gerte Lastwiederzuschaltung:<\/strong>Nach einem Alarm wird die Last nach 90 Sekunden abgeschaltet, schaltet sich aber wieder ein, wenn die Spannung innerhalb von 30 Sekunden wieder auf den voreingestellten Wert ansteigt. Dadurch werden unn\u00f6tige Unterbrechungen beim Anlassen des Motors vermieden.<\/li>\n<\/ol>\n<p>Sch\u00fctzen Sie Ihre Batterie und verl\u00e4ngern Sie ihre Lebensdauer mit BatteryProtect. Konfigurierbar, sicher und effizient - sorgen Sie jederzeit f\u00fcr optimale Leistung!<\/p>\n<h2>Datenblatt Victron Batterieschutz 12\/24V 65A - BPR000065400<\/h2>\n<p><a href=\"https:\/\/fvcomponentes.com\/wp-content\/uploads\/2023\/03\/Battery-Protect-65-A-100-A-220-A-ES.pdf\" target=\"_blank\" rel=\"noopener\">Siehe Datenblatt Victron Battery Protection 12\/24V 65A - BPR000065400<\/a><\/p>","protected":false},"excerpt":{"rendered":"<p><strong>Spannung: <\/strong>12\/24V<strong><br \/>\nMaximaler Dauerladestrom*:<\/strong> 65A<br \/>\n<strong>Spitzenstrom (f\u00fcr 30 Sekunden):<\/strong> 250A<br \/>\n<strong>Betriebsspannungsbereich:<\/strong> 6 -35V<\/p>","protected":false},"featured_media":6668,"comment_status":"open","ping_status":"closed","template":"","meta":{"site-sidebar-layout":"default","site-content-layout":"default","ast-site-content-layout":"default","site-content-style":"default","site-sidebar-style":"default","ast-global-header-display":"","ast-banner-title-visibility":"","ast-main-header-display":"","ast-hfb-above-header-display":"","ast-hfb-below-header-display":"","ast-hfb-mobile-header-display":"","site-post-title":"","ast-breadcrumbs-content":"","ast-featured-img":"","footer-sml-layout":"","ast-disable-related-posts":"","theme-transparent-header-meta":"default","adv-header-id-meta":"","stick-header-meta":"","header-above-stick-meta":"","header-main-stick-meta":"","header-below-stick-meta":"","astra-migrate-meta-layouts":"set","ast-page-background-enabled":"default","ast-page-background-meta":{"desktop":{"background-color":"var(--ast-global-color-4)","background-image":"","background-repeat":"repeat","background-position":"center center","background-size":"auto","background-attachment":"scroll","background-type":"","background-media":"","overlay-type":"","overlay-color":"","overlay-opacity":"","overlay-gradient":""},"tablet":{"background-color":"","background-image":"","background-repeat":"repeat","background-position":"center center","background-size":"auto","background-attachment":"scroll","background-type":"","background-media":"","overlay-type":"","overlay-color":"","overlay-opacity":"","overlay-gradient":""},"mobile":{"background-color":"","background-image":"","background-repeat":"repeat","background-position":"center center","background-size":"auto","background-attachment":"scroll","background-type":"","background-media":"","overlay-type":"","overlay-color":"","overlay-opacity":"","overlay-gradient":""}},"ast-content-background-meta":{"desktop":{"background-color":"var(--ast-global-color-5)","background-image":"","background-repeat":"repeat","background-position":"center center","background-size":"auto","background-attachment":"scroll","background-type":"","background-media":"","overlay-type":"","overlay-color":"","overlay-opacity":"","overlay-gradient":""},"tablet":{"background-color":"var(--ast-global-color-5)","background-image":"","background-repeat":"repeat","background-position":"center center","background-size":"auto","background-attachment":"scroll","background-type":"","background-media":"","overlay-type":"","overlay-color":"","overlay-opacity":"","overlay-gradient":""},"mobile":{"background-color":"var(--ast-global-color-5)","background-image":"","background-repeat":"repeat","background-position":"center center","background-size":"auto","background-attachment":"scroll","background-type":"","background-media":"","overlay-type":"","overlay-color":"","overlay-opacity":"","overlay-gradient":""}}},"pwb-brand":[332],"product_brand":[],"product_cat":[340,391,929],"product_tag":[],"class_list":{"0":"post-6661","1":"product","2":"type-product","3":"status-publish","4":"has-post-thumbnail","6":"pwb-brand-victron","7":"product_cat-baterias","8":"product_cat-accesorios-para-baterias","9":"product_cat-protectores-de-bateria","10":"desktop-align-left","11":"tablet-align-left","12":"mobile-align-left","13":"ast-product-gallery-layout-horizontal-slider","14":"ast-product-tabs-layout-horizontal","16":"first","17":"instock","18":"taxable","19":"shipping-taxable","20":"purchasable","21":"product-type-simple"},"wcpa_form_fields":null,"brands":[{"id":332,"name":"Victron Energie","slug":"victron"}],"_links":{"self":[{"href":"https:\/\/fvcomponentes.com\/de\/wp-json\/wp\/v2\/product\/6661","targetHints":{"allow":["GET"]}}],"collection":[{"href":"https:\/\/fvcomponentes.com\/de\/wp-json\/wp\/v2\/product"}],"about":[{"href":"https:\/\/fvcomponentes.com\/de\/wp-json\/wp\/v2\/types\/product"}],"replies":[{"embeddable":true,"href":"https:\/\/fvcomponentes.com\/de\/wp-json\/wp\/v2\/comments?post=6661"}],"wp:featuredmedia":[{"embeddable":true,"href":"https:\/\/fvcomponentes.com\/de\/wp-json\/wp\/v2\/media\/6668"}],"wp:attachment":[{"href":"https:\/\/fvcomponentes.com\/de\/wp-json\/wp\/v2\/media?parent=6661"}],"wp:term":[{"taxonomy":"pwb-brand","embeddable":true,"href":"https:\/\/fvcomponentes.com\/de\/wp-json\/wp\/v2\/pwb-brand?post=6661"},{"taxonomy":"product_brand","embeddable":true,"href":"https:\/\/fvcomponentes.com\/de\/wp-json\/wp\/v2\/product_brand?post=6661"},{"taxonomy":"product_cat","embeddable":true,"href":"https:\/\/fvcomponentes.com\/de\/wp-json\/wp\/v2\/product_cat?post=6661"},{"taxonomy":"product_tag","embeddable":true,"href":"https:\/\/fvcomponentes.com\/de\/wp-json\/wp\/v2\/product_tag?post=6661"}],"curies":[{"name":"wp","href":"https:\/\/api.w.org\/{rel}","templated":true}]}}