{"id":6650,"date":"2023-09-06T08:41:03","date_gmt":"2023-09-06T06:41:03","guid":{"rendered":"https:\/\/fvcomponentes.com\/?post_type=product&#038;p=6650"},"modified":"2026-04-08T21:34:08","modified_gmt":"2026-04-08T19:34:08","slug":"batteriekombinierer-victron-cyrix-i-12-24v-400a-cyr010400000","status":"publish","type":"product","link":"https:\/\/fvcomponentes.com\/de\/producto\/combinador-de-baterias-victron-cyrix-i-12-24v-400a-cyr010400000\/","title":{"rendered":"Victron Cyrix-i Batterie-Kombinator 12\/24V-400A - CYR010400000"},"content":{"rendered":"<h2><strong>Victron Cyrix-i 12\/24V-400A Battery Combiner - CYR010400000: Unerw\u00fcnschte Ausf\u00e4lle effizient vermeiden<\/strong><\/h2>\n<p>Entdecken Sie die Innovation des Victron Cyrix-i Battery Combiner 12\/24V-400A - CYR010400000, ein intelligentes Batteriesteuerungssystem, das entwickelt wurde, um unerw\u00fcnschte Schaltvorg\u00e4nge zu vermeiden und die Effizienz Ihrer Batteriekombinatoren zu optimieren.<\/p>\n<h2><strong>Bew\u00e4ltigung g\u00e4ngiger Herausforderungen beim Batteriewechsel<\/strong><\/h2>\n<p>Batteriekombinatoren trennen oft eine Batterie bei einer kurzen, aber hohen Strombelastung. Sie k\u00f6nnen auch eine gro\u00dfe, aber entladene Batteriebank nicht anschlie\u00dfen, da die Gleichspannung beim Anschlie\u00dfen der Batterien unter die Trennschwelle fallen kann. Die Cyrix-i Software bietet mehr als einfaches Anschlie\u00dfen und Trennen auf der Basis von Spannung und einer festen Zeit. Der Victron Cyrix-i Battery Combiner 12\/24V-400A - CYR010400000 analysiert den allgemeinen Spannungstrend (Anstieg oder Abfall) und macht eine vorherige Aktion nur dann r\u00fcckg\u00e4ngig, wenn sich der Trend innerhalb eines bestimmten Zeitraums \u00e4ndert. Die L\u00e4nge dieses Zeitraums h\u00e4ngt von der Abweichung des Spannungstrends ab. Dar\u00fcber hinaus k\u00f6nnen Sie zwischen vier Schaltprogrammen w\u00e4hlen, um Ihren Bed\u00fcrfnissen gerecht zu werden.<\/p>\n<h2><strong>Victron Cyrix-i 12\/24V-400A Battery Combiner - CYR010400000: Spannungsvielfalt mit Universaleingang<\/strong><\/h2>\n<p>Der Cyrix-i passt sich automatisch an die Systemspannung an und unterst\u00fctzt 12\/24V und 24\/48V Eing\u00e4nge. Die Cyrix-i 12\/24V-400A Victron-Batteriekombinierer sind eine hervorragende Alternative zu Diodenbr\u00fccken. Ein herausragendes Merkmal ist der fast nicht vorhandene Spannungsverlust, der eine Erh\u00f6hung der Ausgangsspannung von Lichtmaschinen oder Batterieladeger\u00e4ten \u00fcberfl\u00fcssig macht.<\/p>\n<p>Der Victron Cyrix-i Battery Combiner 12\/24V-400A - CYR010400000 erkennt die Spannung der beiden angeschlossenen Batterien und schaltet sich ein, wenn die Servicebatterie geladen wird, z.B. durch ein Ladeger\u00e4t. Dar\u00fcber hinaus ist der Cyrix-i doppelt gespeist und schaltet sich ab, wenn die Spannung f\u00fcr den Betrieb zu niedrig ist.<\/p>\n<p>Um unerwartete Vorg\u00e4nge w\u00e4hrend der Installation oder beim Abklemmen einer Batterie zu vermeiden, schaltet sich der Cyrix-i nicht ab, wenn die Spannung von zwei angeschlossenen Batterien unter 2 V (12 V), 4 V (24 V) oder 8 V (48 V) f\u00e4llt.<\/p>\n<h2>Parallelschaltung f\u00fcr den Notfall<\/h2>\n<p>Der Cyrix kann auch \u00fcber einen Druckknopf (bleibt 30 Sekunden lang eingeschaltet) oder manuell \u00fcber einen Schalter aktiviert werden, um Batterien parallel zu schalten. Diese Funktion ist in Notf\u00e4llen unerl\u00e4sslich, wenn die Starterbatterie entladen oder besch\u00e4digt ist. Entscheiden Sie sich f\u00fcr den Cyrix-i und behalten Sie effizient und sicher die volle Kontrolle \u00fcber Ihre Batterien.<\/p>\n<h2>Datenblatt Victron Cyrix-i Akku-Kombinator 12\/24V-400A - CYR010400000<\/h2>\n<p><a href=\"https:\/\/fvcomponentes.com\/wp-content\/uploads\/2023\/03\/Cyrix-i-400A-ES.pdf\" target=\"_blank\" rel=\"noopener\">Victron Cyrix-i 12\/24V-400A Battery Combiner Datenblatt anzeigen - CYR010400000<\/a><\/p>","protected":false},"excerpt":{"rendered":"<p><strong>Gleichstrom:<\/strong> 400A<br \/>\n<strong>Spitzenstrom:<\/strong> 2000A f\u00fcr 1 s.<br \/>\n<strong>Eingangsspannung 12\/24V:<\/strong> 8-36VDC<\/p>","protected":false},"featured_media":6652,"comment_status":"open","ping_status":"closed","template":"","meta":{"site-sidebar-layout":"default","site-content-layout":"default","ast-site-content-layout":"default","site-content-style":"default","site-sidebar-style":"default","ast-global-header-display":"","ast-banner-title-visibility":"","ast-main-header-display":"","ast-hfb-above-header-display":"","ast-hfb-below-header-display":"","ast-hfb-mobile-header-display":"","site-post-title":"","ast-breadcrumbs-content":"","ast-featured-img":"","footer-sml-layout":"","ast-disable-related-posts":"","theme-transparent-header-meta":"default","adv-header-id-meta":"","stick-header-meta":"","header-above-stick-meta":"","header-main-stick-meta":"","header-below-stick-meta":"","astra-migrate-meta-layouts":"set","ast-page-background-enabled":"default","ast-page-background-meta":{"desktop":{"background-color":"var(--ast-global-color-4)","background-image":"","background-repeat":"repeat","background-position":"center center","background-size":"auto","background-attachment":"scroll","background-type":"","background-media":"","overlay-type":"","overlay-color":"","overlay-opacity":"","overlay-gradient":""},"tablet":{"background-color":"","background-image":"","background-repeat":"repeat","background-position":"center center","background-size":"auto","background-attachment":"scroll","background-type":"","background-media":"","overlay-type":"","overlay-color":"","overlay-opacity":"","overlay-gradient":""},"mobile":{"background-color":"","background-image":"","background-repeat":"repeat","background-position":"center center","background-size":"auto","background-attachment":"scroll","background-type":"","background-media":"","overlay-type":"","overlay-color":"","overlay-opacity":"","overlay-gradient":""}},"ast-content-background-meta":{"desktop":{"background-color":"var(--ast-global-color-5)","background-image":"","background-repeat":"repeat","background-position":"center center","background-size":"auto","background-attachment":"scroll","background-type":"","background-media":"","overlay-type":"","overlay-color":"","overlay-opacity":"","overlay-gradient":""},"tablet":{"background-color":"var(--ast-global-color-5)","background-image":"","background-repeat":"repeat","background-position":"center center","background-size":"auto","background-attachment":"scroll","background-type":"","background-media":"","overlay-type":"","overlay-color":"","overlay-opacity":"","overlay-gradient":""},"mobile":{"background-color":"var(--ast-global-color-5)","background-image":"","background-repeat":"repeat","background-position":"center center","background-size":"auto","background-attachment":"scroll","background-type":"","background-media":"","overlay-type":"","overlay-color":"","overlay-opacity":"","overlay-gradient":""}}},"pwb-brand":[332],"product_brand":[],"product_cat":[340,391,932],"product_tag":[],"class_list":{"0":"post-6650","1":"product","2":"type-product","3":"status-publish","4":"has-post-thumbnail","6":"pwb-brand-victron","7":"product_cat-baterias","8":"product_cat-accesorios-para-baterias","9":"product_cat-combinadores-de-baterias","10":"desktop-align-left","11":"tablet-align-left","12":"mobile-align-left","13":"ast-product-gallery-layout-horizontal-slider","14":"ast-product-gallery-with-no-image","15":"ast-product-tabs-layout-horizontal","17":"first","18":"instock","19":"taxable","20":"shipping-taxable","21":"purchasable","22":"product-type-simple"},"wcpa_form_fields":null,"brands":[{"id":332,"name":"Victron Energie","slug":"victron"}],"_links":{"self":[{"href":"https:\/\/fvcomponentes.com\/de\/wp-json\/wp\/v2\/product\/6650","targetHints":{"allow":["GET"]}}],"collection":[{"href":"https:\/\/fvcomponentes.com\/de\/wp-json\/wp\/v2\/product"}],"about":[{"href":"https:\/\/fvcomponentes.com\/de\/wp-json\/wp\/v2\/types\/product"}],"replies":[{"embeddable":true,"href":"https:\/\/fvcomponentes.com\/de\/wp-json\/wp\/v2\/comments?post=6650"}],"wp:featuredmedia":[{"embeddable":true,"href":"https:\/\/fvcomponentes.com\/de\/wp-json\/wp\/v2\/media\/6652"}],"wp:attachment":[{"href":"https:\/\/fvcomponentes.com\/de\/wp-json\/wp\/v2\/media?parent=6650"}],"wp:term":[{"taxonomy":"pwb-brand","embeddable":true,"href":"https:\/\/fvcomponentes.com\/de\/wp-json\/wp\/v2\/pwb-brand?post=6650"},{"taxonomy":"product_brand","embeddable":true,"href":"https:\/\/fvcomponentes.com\/de\/wp-json\/wp\/v2\/product_brand?post=6650"},{"taxonomy":"product_cat","embeddable":true,"href":"https:\/\/fvcomponentes.com\/de\/wp-json\/wp\/v2\/product_cat?post=6650"},{"taxonomy":"product_tag","embeddable":true,"href":"https:\/\/fvcomponentes.com\/de\/wp-json\/wp\/v2\/product_tag?post=6650"}],"curies":[{"name":"wp","href":"https:\/\/api.w.org\/{rel}","templated":true}]}}