{"id":6644,"date":"2023-09-06T09:30:06","date_gmt":"2023-09-06T07:30:06","guid":{"rendered":"https:\/\/fvcomponentes.com\/?post_type=product&#038;p=6644"},"modified":"2026-04-04T12:46:18","modified_gmt":"2026-04-04T10:46:18","slug":"victron-cyrix-ct-12-24v-120a-batteriekombinationskit-cyr010120120110r","status":"publish","type":"product","link":"https:\/\/fvcomponentes.com\/de\/producto\/kit-de-combinador-de-baterias-victron-cyrix-ct-12-24v-120a-cyr010120110r\/","title":{"rendered":"Batterieverteiler-Bausatz Victron Cyrix-ct 12\/24V-120A - CYR01010120110R"},"content":{"rendered":"<p>Victron Cyrix-ct 12\/24V-120A Batterie-Kombinations-Kit - CYR01010120110R zum Hinzuf\u00fcgen einer zweiten oder dritten Batterie zum System in Ihrem Wohnwagen, Boot oder wo auch immer Sie wollen. Es verwendet die einfachste und fortschrittlichste Technologie, um alle Ihre Batterien \u00fcber das elektrische System des Motors geladen zu halten, aber die Starterbatterie zu isolieren, wenn die Ladung aufh\u00f6rt, so dass Sie nie gestrandet sein werden.<\/p>\n<p>Victron Cyrix-ct 12\/24V-120A battery combiner kit - CYR010120110R ist ein bidirektionales spannungsabh\u00e4ngiges Relais. Es wird daher auch aktiviert, wenn z. B. die Hilfsbatterie von einem Batterieladeger\u00e4t geladen wird.<\/p>\n<h2>Intelligente Batterie\u00fcberwachung verhindert Lade-\/Entladezyklen<\/h2>\n<p>Die Cyrix-Software leistet mehr als nur das Ein- und Ausschalten in Abh\u00e4ngigkeit von der Batteriespannung und mit einer festen Zeitverz\u00f6gerung. Der Cyrix beobachtet den Gesamttrend (Spannungsanstieg oder -abfall) und macht eine vorherige Aktion nur dann r\u00fcckg\u00e4ngig, wenn sich der Trend f\u00fcr eine bestimmte Zeit umgekehrt hat. Die Zeitverz\u00f6gerung h\u00e4ngt von der Abweichung der Spannung vom Trend ab.<\/p>\n<h2>Victron Cyrix-ct 12\/24V-120A Batterie-Kombi-Bausatz - CYR010120110R: Notfall-Parallelfunktion<\/h2>\n<p>Bei Bedarf kann ein Notstartknopf an den Anschluss \"Starthilfe\" angeschlossen werden. Das Relais wird 30 Sekunden lang aktiviert, nachdem \"Starthilfe\" kurzzeitig an die positive Batterie angeschlossen wurde. Alternativ kann ein Schalter mit Parallelschaltung verwendet werden, um das Relais zu aktivieren, solange der Schalter geschlossen bleibt.<\/p>\n<h2>Einfach zu installieren<\/h2>\n<p>Es ist nicht notwendig, die werksseitige Verkabelung zu kappen, da sonst die Herstellergarantie f\u00fcr Ihr Boot oder Fahrzeug erlischt.<\/p>\n<p>Die folgenden Kabel und Anschl\u00fcsse sind im Lieferumfang enthalten:<\/p>\n<ul>\n<li>6 Meter rotes 10-mm\u00b2-Kabel<\/li>\n<li>0,5 Meter schwarzes 10-mm\u00b2-Kabel<\/li>\n<li>Schwarzes 0,2 Meter langes 1,5 mm\u00b2 Kabel mit M8-Klemme und 6,3 mm Schnellanschluss<\/li>\n<li>2 M8-Klemmen mit isolierter H\u00fclse<\/li>\n<li>4 M6-Klemmen mit Isolierh\u00fclse<\/li>\n<li>4 x 150 mm Kabelbinder<\/li>\n<\/ul>\n<h2>Datenblatt Victron Cyrix-ct 12\/24V-120A Batterie-Kombinator-Bausatz - CYR01010120110R<\/h2>\n<p><a href=\"https:\/\/fvcomponentes.com\/wp-content\/uploads\/2023\/09\/Manual-Cyrix-Battery-Combiner-Kit.pdf\" target=\"_blank\" rel=\"noopener\">Victron Cyrix-ct 12\/24V-120A battery combiner kit Datenblatt anzeigen - CYR01010120110R<\/a><\/p>","protected":false},"excerpt":{"rendered":"<div id=\"tech-chars-attribute\" class=\"eypmo8v mgz-element mgz-child mgz-element-product_attribute content-text\">\n<div class=\"mgz-element-inner eypmo8v-s\">\n<div class=\"ppbd-product-attribute\">\n<p><strong>Spannung<\/strong>\u00a012 \/ 24 V<br \/>\n<strong>Aktuell <\/strong>120A<br \/>\n<strong>Schutzklasse<\/strong>\u00a0IP54<\/p>\n<\/div>\n<\/div>\n<\/div>","protected":false},"featured_media":6647,"comment_status":"open","ping_status":"closed","template":"","meta":{"site-sidebar-layout":"default","site-content-layout":"default","ast-site-content-layout":"default","site-content-style":"default","site-sidebar-style":"default","ast-global-header-display":"","ast-banner-title-visibility":"","ast-main-header-display":"","ast-hfb-above-header-display":"","ast-hfb-below-header-display":"","ast-hfb-mobile-header-display":"","site-post-title":"","ast-breadcrumbs-content":"","ast-featured-img":"","footer-sml-layout":"","ast-disable-related-posts":"","theme-transparent-header-meta":"default","adv-header-id-meta":"","stick-header-meta":"","header-above-stick-meta":"","header-main-stick-meta":"","header-below-stick-meta":"","astra-migrate-meta-layouts":"set","ast-page-background-enabled":"default","ast-page-background-meta":{"desktop":{"background-color":"var(--ast-global-color-4)","background-image":"","background-repeat":"repeat","background-position":"center center","background-size":"auto","background-attachment":"scroll","background-type":"","background-media":"","overlay-type":"","overlay-color":"","overlay-opacity":"","overlay-gradient":""},"tablet":{"background-color":"","background-image":"","background-repeat":"repeat","background-position":"center center","background-size":"auto","background-attachment":"scroll","background-type":"","background-media":"","overlay-type":"","overlay-color":"","overlay-opacity":"","overlay-gradient":""},"mobile":{"background-color":"","background-image":"","background-repeat":"repeat","background-position":"center center","background-size":"auto","background-attachment":"scroll","background-type":"","background-media":"","overlay-type":"","overlay-color":"","overlay-opacity":"","overlay-gradient":""}},"ast-content-background-meta":{"desktop":{"background-color":"var(--ast-global-color-5)","background-image":"","background-repeat":"repeat","background-position":"center center","background-size":"auto","background-attachment":"scroll","background-type":"","background-media":"","overlay-type":"","overlay-color":"","overlay-opacity":"","overlay-gradient":""},"tablet":{"background-color":"var(--ast-global-color-5)","background-image":"","background-repeat":"repeat","background-position":"center center","background-size":"auto","background-attachment":"scroll","background-type":"","background-media":"","overlay-type":"","overlay-color":"","overlay-opacity":"","overlay-gradient":""},"mobile":{"background-color":"var(--ast-global-color-5)","background-image":"","background-repeat":"repeat","background-position":"center center","background-size":"auto","background-attachment":"scroll","background-type":"","background-media":"","overlay-type":"","overlay-color":"","overlay-opacity":"","overlay-gradient":""}}},"pwb-brand":[332],"product_brand":[],"product_cat":[340,391,932],"product_tag":[],"class_list":{"0":"post-6644","1":"product","2":"type-product","3":"status-publish","4":"has-post-thumbnail","6":"pwb-brand-victron","7":"product_cat-baterias","8":"product_cat-accesorios-para-baterias","9":"product_cat-combinadores-de-baterias","10":"desktop-align-left","11":"tablet-align-left","12":"mobile-align-left","13":"ast-product-gallery-layout-horizontal-slider","14":"ast-product-tabs-layout-horizontal","16":"first","17":"instock","18":"taxable","19":"shipping-taxable","20":"purchasable","21":"product-type-simple"},"wcpa_form_fields":null,"brands":[{"id":332,"name":"Victron Energie","slug":"victron"}],"_links":{"self":[{"href":"https:\/\/fvcomponentes.com\/de\/wp-json\/wp\/v2\/product\/6644","targetHints":{"allow":["GET"]}}],"collection":[{"href":"https:\/\/fvcomponentes.com\/de\/wp-json\/wp\/v2\/product"}],"about":[{"href":"https:\/\/fvcomponentes.com\/de\/wp-json\/wp\/v2\/types\/product"}],"replies":[{"embeddable":true,"href":"https:\/\/fvcomponentes.com\/de\/wp-json\/wp\/v2\/comments?post=6644"}],"wp:featuredmedia":[{"embeddable":true,"href":"https:\/\/fvcomponentes.com\/de\/wp-json\/wp\/v2\/media\/6647"}],"wp:attachment":[{"href":"https:\/\/fvcomponentes.com\/de\/wp-json\/wp\/v2\/media?parent=6644"}],"wp:term":[{"taxonomy":"pwb-brand","embeddable":true,"href":"https:\/\/fvcomponentes.com\/de\/wp-json\/wp\/v2\/pwb-brand?post=6644"},{"taxonomy":"product_brand","embeddable":true,"href":"https:\/\/fvcomponentes.com\/de\/wp-json\/wp\/v2\/product_brand?post=6644"},{"taxonomy":"product_cat","embeddable":true,"href":"https:\/\/fvcomponentes.com\/de\/wp-json\/wp\/v2\/product_cat?post=6644"},{"taxonomy":"product_tag","embeddable":true,"href":"https:\/\/fvcomponentes.com\/de\/wp-json\/wp\/v2\/product_tag?post=6644"}],"curies":[{"name":"wp","href":"https:\/\/api.w.org\/{rel}","templated":true}]}}