{"id":6637,"date":"2023-07-04T16:46:07","date_gmt":"2023-07-04T14:46:07","guid":{"rendered":"https:\/\/fvcomponentes.com\/?post_type=product&#038;p=6637"},"modified":"2025-07-16T10:03:17","modified_gmt":"2025-07-16T08:03:17","slug":"victron-cyrix-ct-12-24v-120a-batteriekombinierer-cyr010120011","status":"publish","type":"product","link":"https:\/\/fvcomponentes.com\/de\/producto\/combinador-de-baterias-victron-cyrix-ct-12-24v-120a-cyr010120011\/","title":{"rendered":"Victron Cyrix-ct 12\/24V-120A Batterie-Kombinator - CYR010120011"},"content":{"rendered":"<p>Der Victron Cyrix-ct 12\/24V-120A Batteriekombinierer - CYR010120011 ist ein mikroprozessorgesteuertes Hochleistungsrelais, das automatisch Batterien parallel schaltet, wenn eine Batterie eine voreingestellte Spannung erreicht hat (was anzeigt, dass die Batterie geladen wird), und das die Verbindung unterbricht, wenn die Spannung unter den Schwimmerwert f\u00e4llt (was anzeigt, dass eine oder mehrere Batterien entladen werden). Cyrix-Batteriekombinierer sind ein hervorragender Ersatz f\u00fcr Diodenisolatoren. Das Hauptmerkmal ist, dass es praktisch keinen Spannungsverlust gibt, so dass es nicht notwendig ist, die Ausgangsspannung von Lichtmaschinen oder Batterieladeger\u00e4ten zu erh\u00f6hen.<\/p>\n<h2>Victron Cyrix-ct 12\/24V-120A Batteriekombinierer - CYR010120011: Intelligente Batteriesteuerung zur Vermeidung ungewollter Umschaltungen<\/h2>\n<p>Einige Batteriekombinierer (auch spannungsgesteuerte Relais oder Split-Load-Relais genannt) trennen eine Batterie im Falle einer kurzen, aber stromstarken Last. Ein Batteriekombinator kann auch beim Anschluss einer gro\u00dfen, aber entladenen Batteriebank versagen, weil die Gleichspannung sofort unter den Abschaltwert f\u00e4llt, sobald die Batterien angeschlossen sind. Die Software des Cyrix-ct 12\/24 leistet mehr als nur das Ein- und Ausschalten in Abh\u00e4ngigkeit von der Batteriespannung und mit einer festen Zeitverz\u00f6gerung. Der Cyrix-ct 12\/24 beobachtet den allgemeinen Trend (Spannungsanstieg oder -abfall) und macht eine vorherige Aktion nur dann r\u00fcckg\u00e4ngig, wenn sich der Trend f\u00fcr eine bestimmte Zeitspanne umgekehrt hat. Die Zeitverz\u00f6gerung h\u00e4ngt von der Abweichung der Spannung vom Trend ab.<\/p>\n<h2>Schutz vor \u00dcberhitzung (z.B. durch Langzeit\u00fcberlastung)<\/h2>\n<p>Der Cyrix schaltet sich bei zu hoher Kontakttemperatur ab und schaltet sich wieder ein, wenn er abgek\u00fchlt ist.<\/p>\n<h2>12\/24V selbstregulierend<\/h2>\n<p>Der Cyrix-ct 12\/24 erkennt automatisch die Systemspannung.<\/p>\n<h2>Kein Spannungsverlust<\/h2>\n<p>Cyrix-Batteriekombinierer sind ein hervorragender Ersatz f\u00fcr Diodenisolatoren. Das Hauptmerkmal ist, dass es praktisch keinen Spannungsverlust gibt, so dass es nicht notwendig ist, die Ausgangsspannung von Lichtmaschinen oder Batterieladeger\u00e4ten zu erh\u00f6hen.<\/p>\n<h2>Priorit\u00e4t der Starterbatterie<\/h2>\n<p>In einer typischen Konfiguration ist die Lichtmaschine direkt an die Starterbatterie angeschlossen. Die Zubeh\u00f6rbatterie und m\u00f6glicherweise auch ein Bugstrahlruder und andere Batterien werden \u00fcber Cyrix-Batterieweichen an die Starterbatterie angeschlossen. Wenn ein Cyrix feststellt, dass die Starterbatterie die Anschlussspannung erreicht hat, schaltet er sich zu, um das parallele Laden der anderen Batterien zu erm\u00f6glichen.<\/p>\n<h2>Victron Cyrix-ct 12\/24V-120A Batteriekombinierer - CYR010120011: Bidirektionale Spannungserfassung und Stromversorgung beider Batterien<\/h2>\n<p>Der Cyrix erkennt die Spannung der beiden angeschlossenen Batterien. Er schaltet sich daher auch ein, wenn z. B. die Zubeh\u00f6rbatterie durch ein Ladeger\u00e4t geladen wird.<\/p>\n<p>Der Cyrix-ct 12\/24 verf\u00fcgt \u00fcber eine Doppelstromversorgung. Daher schaltet er sich auch ab, wenn die Spannung einer der Batterien zu niedrig ist, um den Cyrix zu betreiben.<\/p>\n<p>Um einen unerwarteten Betrieb w\u00e4hrend der Installation oder wenn eine der Batterien abgeklemmt wurde, zu vermeiden, schaltet sich der Cyrix-ct 12\/24 nicht ab, wenn die Spannung an einem der beiden Batterieanschl\u00fcsse weniger als 2 V (12 V-Batterie) oder 4 V (24 V-Batterie) betr\u00e4gt.<\/p>\n<h2>Parallelschaltung f\u00fcr den Notfall (StartAssist)<\/h2>\n<p>Der Cyrix kann auch mit einer Taste (der Cyrix bleibt 30 Sekunden lang angeschlossen) oder einem Schalter angeschlossen werden, um die Batterien manuell parallel zu schalten.<\/p>\n<p>Dies ist besonders im Notfall n\u00fctzlich, wenn die Starterbatterie entladen oder besch\u00e4digt ist.<\/p>\n<p><img fetchpriority=\"high\" decoding=\"async\" class=\"size-full wp-image-8469\" src=\"https:\/\/fvcomponentes.com\/wp-content\/uploads\/2023\/05\/Cyrix-120.png\" alt=\"Victron Cyrix-ct 12\/24V-120A Batterie-Kombinator - CYR010120011\" width=\"857\" height=\"653\" title=\"\"><\/p>\n<h2>Datenblatt Victron Batterie-Kombinator Cyrix-ct 12\/24V-120A - CYR010120011<\/h2>\n<p><a href=\"https:\/\/fvcomponentes.com\/wp-content\/uploads\/2023\/03\/Cyrix-ct-120A-230A-ES.pdf\" target=\"_blank\" rel=\"noopener\">Victron Cyrix-ct 12\/24V-120A Batterie-Kombinator Datenblatt anzeigen - CYR010120011<\/a><\/p>","protected":false},"excerpt":{"rendered":"<p><strong>LED-Statusanzeige:<\/strong> Nein<br \/>\n<strong>Gleichstrom:<\/strong> 120 A<br \/>\n<strong>Anfahrbarkeit (5 Sekunden):<\/strong> 180 A<\/p>","protected":false},"featured_media":6643,"comment_status":"open","ping_status":"closed","template":"","meta":{"site-sidebar-layout":"default","site-content-layout":"default","ast-site-content-layout":"default","site-content-style":"default","site-sidebar-style":"default","ast-global-header-display":"","ast-banner-title-visibility":"","ast-main-header-display":"","ast-hfb-above-header-display":"","ast-hfb-below-header-display":"","ast-hfb-mobile-header-display":"","site-post-title":"","ast-breadcrumbs-content":"","ast-featured-img":"","footer-sml-layout":"","ast-disable-related-posts":"","theme-transparent-header-meta":"default","adv-header-id-meta":"","stick-header-meta":"","header-above-stick-meta":"","header-main-stick-meta":"","header-below-stick-meta":"","astra-migrate-meta-layouts":"set","ast-page-background-enabled":"default","ast-page-background-meta":{"desktop":{"background-color":"var(--ast-global-color-4)","background-image":"","background-repeat":"repeat","background-position":"center center","background-size":"auto","background-attachment":"scroll","background-type":"","background-media":"","overlay-type":"","overlay-color":"","overlay-opacity":"","overlay-gradient":""},"tablet":{"background-color":"","background-image":"","background-repeat":"repeat","background-position":"center center","background-size":"auto","background-attachment":"scroll","background-type":"","background-media":"","overlay-type":"","overlay-color":"","overlay-opacity":"","overlay-gradient":""},"mobile":{"background-color":"","background-image":"","background-repeat":"repeat","background-position":"center center","background-size":"auto","background-attachment":"scroll","background-type":"","background-media":"","overlay-type":"","overlay-color":"","overlay-opacity":"","overlay-gradient":""}},"ast-content-background-meta":{"desktop":{"background-color":"var(--ast-global-color-5)","background-image":"","background-repeat":"repeat","background-position":"center center","background-size":"auto","background-attachment":"scroll","background-type":"","background-media":"","overlay-type":"","overlay-color":"","overlay-opacity":"","overlay-gradient":""},"tablet":{"background-color":"var(--ast-global-color-5)","background-image":"","background-repeat":"repeat","background-position":"center center","background-size":"auto","background-attachment":"scroll","background-type":"","background-media":"","overlay-type":"","overlay-color":"","overlay-opacity":"","overlay-gradient":""},"mobile":{"background-color":"var(--ast-global-color-5)","background-image":"","background-repeat":"repeat","background-position":"center center","background-size":"auto","background-attachment":"scroll","background-type":"","background-media":"","overlay-type":"","overlay-color":"","overlay-opacity":"","overlay-gradient":""}}},"pwb-brand":[332],"product_brand":[],"product_cat":[340,391,932],"product_tag":[],"class_list":{"0":"post-6637","1":"product","2":"type-product","3":"status-publish","4":"has-post-thumbnail","6":"pwb-brand-victron","7":"product_cat-baterias","8":"product_cat-accesorios-para-baterias","9":"product_cat-combinadores-de-baterias","10":"desktop-align-left","11":"tablet-align-left","12":"mobile-align-left","13":"ast-product-gallery-layout-horizontal-slider","14":"ast-product-gallery-with-no-image","15":"ast-product-tabs-layout-horizontal","17":"first","18":"instock","19":"taxable","20":"shipping-taxable","21":"purchasable","22":"product-type-simple"},"wcpa_form_fields":null,"brands":[{"id":332,"name":"Victron Energie","slug":"victron"}],"_links":{"self":[{"href":"https:\/\/fvcomponentes.com\/de\/wp-json\/wp\/v2\/product\/6637","targetHints":{"allow":["GET"]}}],"collection":[{"href":"https:\/\/fvcomponentes.com\/de\/wp-json\/wp\/v2\/product"}],"about":[{"href":"https:\/\/fvcomponentes.com\/de\/wp-json\/wp\/v2\/types\/product"}],"replies":[{"embeddable":true,"href":"https:\/\/fvcomponentes.com\/de\/wp-json\/wp\/v2\/comments?post=6637"}],"wp:featuredmedia":[{"embeddable":true,"href":"https:\/\/fvcomponentes.com\/de\/wp-json\/wp\/v2\/media\/6643"}],"wp:attachment":[{"href":"https:\/\/fvcomponentes.com\/de\/wp-json\/wp\/v2\/media?parent=6637"}],"wp:term":[{"taxonomy":"pwb-brand","embeddable":true,"href":"https:\/\/fvcomponentes.com\/de\/wp-json\/wp\/v2\/pwb-brand?post=6637"},{"taxonomy":"product_brand","embeddable":true,"href":"https:\/\/fvcomponentes.com\/de\/wp-json\/wp\/v2\/product_brand?post=6637"},{"taxonomy":"product_cat","embeddable":true,"href":"https:\/\/fvcomponentes.com\/de\/wp-json\/wp\/v2\/product_cat?post=6637"},{"taxonomy":"product_tag","embeddable":true,"href":"https:\/\/fvcomponentes.com\/de\/wp-json\/wp\/v2\/product_tag?post=6637"}],"curies":[{"name":"wp","href":"https:\/\/api.w.org\/{rel}","templated":true}]}}