{"id":6631,"date":"2023-07-04T17:55:46","date_gmt":"2023-07-04T15:55:46","guid":{"rendered":"https:\/\/fvcomponentes.com\/?post_type=product&#038;p=6631"},"modified":"2026-04-08T21:32:23","modified_gmt":"2026-04-08T19:32:23","slug":"victron-batterieseparator-argofet-200-3-arg200301020","status":"publish","type":"product","link":"https:\/\/fvcomponentes.com\/de\/producto\/separador-victron-de-baterias-argofet-200-3-arg200301020\/","title":{"rendered":"Victron Argofet 200-3 Batterieseparator - ARG200301020"},"content":{"rendered":"<p>Wie bei den Argodioden-Br\u00fccken k\u00f6nnen mit Argofet-Br\u00fccken zwei oder mehr Batterien gleichzeitig von einer einzigen Lichtmaschine (oder einem einzigen Ladeger\u00e4t) geladen werden, ohne dass die Batterien miteinander verbunden werden m\u00fcssen; so wird z. B. beim Entladen der Betriebsbatterie die Starterbatterie nicht entladen und umgekehrt.<\/p>\n<p>Im Vergleich zu Diodenbr\u00fccken haben FET-Br\u00fccken den Vorteil, dass sie praktisch keinen Spannungsverlust aufweisen: Der Spannungsabfall betr\u00e4gt weniger als 0,02 V bei niedrigen Str\u00f6men und durchschnittlich 0,1 V bei h\u00f6heren Str\u00f6men.<\/p>\n<p>Bei Verwendung von Argofet-Diodenbr\u00fccken ist es nicht erforderlich, auch die Ausgangsspannung des Generators zu erh\u00f6hen. Es wird jedoch dringend empfohlen, dass die Kabel kurz sind und einen geeigneten Querschnitt aufweisen.<\/p>\n<p>Beispiel:<br \/>\nWenn ein Strom von 100 A durch ein Kabel mit einem Querschnitt von 50 mm\u00b2 (AWG 0) und einer L\u00e4nge von 10 m flie\u00dft, betr\u00e4gt der Spannungsabfall im Kabel 0,26 Volt. Ebenso hat ein Strom von 50 A durch ein Kabel mit einem Querschnitt von 10 mm\u00b2 (AWG 7) und einer L\u00e4nge von 5 m einen Spannungsabfall von 0,35 Volt.<\/p>\n<h2>Leistungsaufnahme der Lichtmaschine<\/h2>\n<p>Einige Lichtmaschinen ben\u00f6tigen eine Gleichspannung am B+-Ausgang, um den Ladevorgang zu starten. Nat\u00fcrlich liegt eine Gleichspannung vor, wenn die Lichtmaschine direkt an die Batterie angeschlossen ist. Wenn jedoch eine Diodenbr\u00fccke oder ein FET-Separator eingesetzt wird, wird eine Spannungs-\/Stromr\u00fcckf\u00fchrung von den Batterien zum B+-Ausgang verhindert, und die Lichtmaschine wird nicht aktiviert.<br \/>\nDie neuen Argofet-Diodenbr\u00fccken verf\u00fcgen \u00fcber einen speziellen stromf\u00fchrenden Eingang mit Strombegrenzer, der den B+-Ausgang speist, wenn der Motor-Start\/Stopp-Schalter geschlossen ist.<\/p>\n<p><img fetchpriority=\"high\" decoding=\"async\" class=\"alignnone size-full wp-image-6612\" src=\"https:\/\/fvcomponentes.com\/wp-content\/uploads\/2023\/03\/Captura-ultima.png\" alt=\"Victron Batterietrenner Argofet 100-2 Zwei Batterien 100A - ARG100201020\" width=\"644\" height=\"497\" title=\"\"><\/p>\n<h2>Datenblatt Victron Batterieseparator Argofet 200-3 - ARG200301020<\/h2>\n<p><a href=\"https:\/\/fvcomponentes.com\/wp-content\/uploads\/2023\/03\/Argofet-Battery-Isolators-with-alternator-energize-input-ES.pdf\" target=\"_blank\" rel=\"noopener\">Siehe Datenblatt f\u00fcr Victron Batterieseparator Argofet 200-3 - ARG200301020<\/a><\/p>","protected":false},"excerpt":{"rendered":"<p><strong>Maximaler Laststrom (A):<\/strong> 200A<br \/>\n<strong>Max. Stromst\u00e4rke der Lichtmaschine (A):<\/strong> 200A<br \/>\n<strong>Anzahl der Batterien:<\/strong> 3<br \/>\n<strong>Gewicht (kg):<\/strong> 1,4<br \/>\n<strong>Abmessungen (mm):<\/strong> 65 x 120 x 200<\/p>","protected":false},"featured_media":6636,"comment_status":"open","ping_status":"closed","template":"","meta":{"site-sidebar-layout":"default","site-content-layout":"default","ast-site-content-layout":"default","site-content-style":"default","site-sidebar-style":"default","ast-global-header-display":"","ast-banner-title-visibility":"","ast-main-header-display":"","ast-hfb-above-header-display":"","ast-hfb-below-header-display":"","ast-hfb-mobile-header-display":"","site-post-title":"","ast-breadcrumbs-content":"","ast-featured-img":"","footer-sml-layout":"","ast-disable-related-posts":"","theme-transparent-header-meta":"default","adv-header-id-meta":"","stick-header-meta":"","header-above-stick-meta":"","header-main-stick-meta":"","header-below-stick-meta":"","astra-migrate-meta-layouts":"set","ast-page-background-enabled":"default","ast-page-background-meta":{"desktop":{"background-color":"var(--ast-global-color-4)","background-image":"","background-repeat":"repeat","background-position":"center center","background-size":"auto","background-attachment":"scroll","background-type":"","background-media":"","overlay-type":"","overlay-color":"","overlay-opacity":"","overlay-gradient":""},"tablet":{"background-color":"","background-image":"","background-repeat":"repeat","background-position":"center center","background-size":"auto","background-attachment":"scroll","background-type":"","background-media":"","overlay-type":"","overlay-color":"","overlay-opacity":"","overlay-gradient":""},"mobile":{"background-color":"","background-image":"","background-repeat":"repeat","background-position":"center center","background-size":"auto","background-attachment":"scroll","background-type":"","background-media":"","overlay-type":"","overlay-color":"","overlay-opacity":"","overlay-gradient":""}},"ast-content-background-meta":{"desktop":{"background-color":"var(--ast-global-color-5)","background-image":"","background-repeat":"repeat","background-position":"center center","background-size":"auto","background-attachment":"scroll","background-type":"","background-media":"","overlay-type":"","overlay-color":"","overlay-opacity":"","overlay-gradient":""},"tablet":{"background-color":"var(--ast-global-color-5)","background-image":"","background-repeat":"repeat","background-position":"center center","background-size":"auto","background-attachment":"scroll","background-type":"","background-media":"","overlay-type":"","overlay-color":"","overlay-opacity":"","overlay-gradient":""},"mobile":{"background-color":"var(--ast-global-color-5)","background-image":"","background-repeat":"repeat","background-position":"center center","background-size":"auto","background-attachment":"scroll","background-type":"","background-media":"","overlay-type":"","overlay-color":"","overlay-opacity":"","overlay-gradient":""}}},"pwb-brand":[332],"product_brand":[],"product_cat":[340,391,931],"product_tag":[],"class_list":{"0":"post-6631","1":"product","2":"type-product","3":"status-publish","4":"has-post-thumbnail","6":"pwb-brand-victron","7":"product_cat-baterias","8":"product_cat-accesorios-para-baterias","9":"product_cat-diodos-separador-de-baterias","10":"desktop-align-left","11":"tablet-align-left","12":"mobile-align-left","13":"ast-product-gallery-layout-horizontal-slider","14":"ast-product-tabs-layout-horizontal","16":"first","17":"instock","18":"taxable","19":"shipping-taxable","20":"purchasable","21":"product-type-simple"},"wcpa_form_fields":null,"brands":[{"id":332,"name":"Victron Energie","slug":"victron"}],"_links":{"self":[{"href":"https:\/\/fvcomponentes.com\/de\/wp-json\/wp\/v2\/product\/6631","targetHints":{"allow":["GET"]}}],"collection":[{"href":"https:\/\/fvcomponentes.com\/de\/wp-json\/wp\/v2\/product"}],"about":[{"href":"https:\/\/fvcomponentes.com\/de\/wp-json\/wp\/v2\/types\/product"}],"replies":[{"embeddable":true,"href":"https:\/\/fvcomponentes.com\/de\/wp-json\/wp\/v2\/comments?post=6631"}],"wp:featuredmedia":[{"embeddable":true,"href":"https:\/\/fvcomponentes.com\/de\/wp-json\/wp\/v2\/media\/6636"}],"wp:attachment":[{"href":"https:\/\/fvcomponentes.com\/de\/wp-json\/wp\/v2\/media?parent=6631"}],"wp:term":[{"taxonomy":"pwb-brand","embeddable":true,"href":"https:\/\/fvcomponentes.com\/de\/wp-json\/wp\/v2\/pwb-brand?post=6631"},{"taxonomy":"product_brand","embeddable":true,"href":"https:\/\/fvcomponentes.com\/de\/wp-json\/wp\/v2\/product_brand?post=6631"},{"taxonomy":"product_cat","embeddable":true,"href":"https:\/\/fvcomponentes.com\/de\/wp-json\/wp\/v2\/product_cat?post=6631"},{"taxonomy":"product_tag","embeddable":true,"href":"https:\/\/fvcomponentes.com\/de\/wp-json\/wp\/v2\/product_tag?post=6631"}],"curies":[{"name":"wp","href":"https:\/\/api.w.org\/{rel}","templated":true}]}}