{"id":6605,"date":"2023-10-10T12:03:09","date_gmt":"2023-10-10T10:03:09","guid":{"rendered":"https:\/\/fvcomponentes.com\/?post_type=product&#038;p=6605"},"modified":"2026-01-15T10:05:31","modified_gmt":"2026-01-15T09:05:31","slug":"diodenbrucke-victron-argodiode-100-3ac-3-batterien-100a-arg100301000r","status":"publish","type":"product","link":"https:\/\/fvcomponentes.com\/de\/producto\/puente-de-diodo-victron-argodiode-100-3ac-3-baterias-100a-arg100301000r\/","title":{"rendered":"Diodenbr\u00fccke Victron Argodiode 100-3AC - 3 Batterien 100A - ARG100301000R"},"content":{"rendered":"<h2>Diodenbr\u00fccke Victron Argodiode 100-3AC - 3 Batterien 100A - ARG100301000R<\/h2>\n<p>Mit Diodenbr\u00fccken k\u00f6nnen verschiedene Batterien gleichzeitig von einer einzigen Lichtmaschine geladen werden, ohne dass die Batterien miteinander verbunden werden m\u00fcssen. Selbst im entladenen Zustand bleiben die Batterien isoliert, so dass z. B. die Starterbatterie nicht durch den Einsatz der Servicebatterie entladen werden kann.<\/p>\n<p>Die Diodenbr\u00fccken von ARGO haben dank der Verwendung von Schottky-Dioden einen geringen Spannungsabfall: bei niedrigem Strom betr\u00e4gt der Verlust etwa 0,3 V und bei voller Leistung 0,45 V. Alle Modelle sind mit einer Kompensationsdiode ausgestattet, mit der die Ausgangsspannung des Generators leicht erh\u00f6ht werden kann, um den Spannungsverlust der Diodenbr\u00fccke auszugleichen. Die besten Ergebnisse erzielen Sie mit unseren ARGO FET-Diodenbr\u00fccken ohne Spannungsabfall.<\/p>\n<p>Siehe unser kostenloses Buch <a href=\"https:\/\/www.victronenergy.com.es\/orderbook\" target=\"_blank\" rel=\"noopener\">\"Energie ohne Grenzen<\/a> oder lassen Sie sich von einem Fachmann bei der Installation einer Diodenbr\u00fccke beraten. Spannungsverluste, die durch die Verwendung von Diodenbr\u00fccken verursacht werden, k\u00f6nnen die Batterieleistung durch unvollst\u00e4ndiges Laden verringern.<\/p>\n<h2>Leistungsaufnahme der Lichtmaschine<\/h2>\n<p>Einige Lichtmaschinen ben\u00f6tigen eine Gleichspannung am B+-Ausgang, um den Ladevorgang zu starten. Nat\u00fcrlich liegt eine Gleichspannung vor, wenn die Lichtmaschine direkt an die Batterie angeschlossen ist. Wenn jedoch eine Diodenbr\u00fccke oder ein FET-Separator eingesetzt wird, wird eine Spannungs-\/Stromr\u00fcckf\u00fchrung von den Batterien zum B+-Ausgang verhindert, und die Lichtmaschine wird nicht aktiviert.<br \/>\nDie neuen \"AC\"-Diodenbr\u00fccken haben einen speziellen Strombegrenzungseingang, der den B+-Ausgang speist, wenn der Motorstart-\/Stoppschalter geschlossen ist.<\/p>\n<p><img fetchpriority=\"high\" decoding=\"async\" class=\"alignnone size-full wp-image-6601\" src=\"https:\/\/fvcomponentes.com\/wp-content\/uploads\/2023\/03\/Captura-9867.png\" alt=\"Diodenbr\u00fccke Victron Argodiode 80-2SC 2 Batterien 80A - ARG08020202000\" width=\"600\" height=\"502\" title=\"\"><\/p>\n<h2>Datenblatt Victron Argodiode Diodenbr\u00fccke 100-3AC - 3 Batterien 100A - ARG100301000R<\/h2>\n<p><a href=\"https:\/\/fvcomponentes.com\/wp-content\/uploads\/2023\/03\/Argodiode-Battery-Isolators-ES.pdf\" target=\"_blank\" rel=\"noopener\">Siehe technisches Datenblatt Victron Argodiode Diodenbr\u00fccke 100-3AC - 3 Batterien 100A - ARG100301000R<\/a><\/p>","protected":false},"excerpt":{"rendered":"<p><strong>Max. Laststrom (A):<\/strong> 100<br \/>\n<strong>Max. Stromst\u00e4rke der Lichtmaschine (A):<\/strong> 100<br \/>\n<strong>Anzahl der Batterien:<\/strong> 3<\/p>","protected":false},"featured_media":9639,"comment_status":"open","ping_status":"closed","template":"","meta":{"site-sidebar-layout":"default","site-content-layout":"default","ast-site-content-layout":"default","site-content-style":"default","site-sidebar-style":"default","ast-global-header-display":"","ast-banner-title-visibility":"","ast-main-header-display":"","ast-hfb-above-header-display":"","ast-hfb-below-header-display":"","ast-hfb-mobile-header-display":"","site-post-title":"","ast-breadcrumbs-content":"","ast-featured-img":"","footer-sml-layout":"","ast-disable-related-posts":"","theme-transparent-header-meta":"default","adv-header-id-meta":"","stick-header-meta":"","header-above-stick-meta":"","header-main-stick-meta":"","header-below-stick-meta":"","astra-migrate-meta-layouts":"set","ast-page-background-enabled":"default","ast-page-background-meta":{"desktop":{"background-color":"var(--ast-global-color-4)","background-image":"","background-repeat":"repeat","background-position":"center center","background-size":"auto","background-attachment":"scroll","background-type":"","background-media":"","overlay-type":"","overlay-color":"","overlay-opacity":"","overlay-gradient":""},"tablet":{"background-color":"","background-image":"","background-repeat":"repeat","background-position":"center center","background-size":"auto","background-attachment":"scroll","background-type":"","background-media":"","overlay-type":"","overlay-color":"","overlay-opacity":"","overlay-gradient":""},"mobile":{"background-color":"","background-image":"","background-repeat":"repeat","background-position":"center center","background-size":"auto","background-attachment":"scroll","background-type":"","background-media":"","overlay-type":"","overlay-color":"","overlay-opacity":"","overlay-gradient":""}},"ast-content-background-meta":{"desktop":{"background-color":"var(--ast-global-color-5)","background-image":"","background-repeat":"repeat","background-position":"center center","background-size":"auto","background-attachment":"scroll","background-type":"","background-media":"","overlay-type":"","overlay-color":"","overlay-opacity":"","overlay-gradient":""},"tablet":{"background-color":"var(--ast-global-color-5)","background-image":"","background-repeat":"repeat","background-position":"center center","background-size":"auto","background-attachment":"scroll","background-type":"","background-media":"","overlay-type":"","overlay-color":"","overlay-opacity":"","overlay-gradient":""},"mobile":{"background-color":"var(--ast-global-color-5)","background-image":"","background-repeat":"repeat","background-position":"center center","background-size":"auto","background-attachment":"scroll","background-type":"","background-media":"","overlay-type":"","overlay-color":"","overlay-opacity":"","overlay-gradient":""}}},"pwb-brand":[332],"product_brand":[],"product_cat":[340,391,931],"product_tag":[],"class_list":{"0":"post-6605","1":"product","2":"type-product","3":"status-publish","4":"has-post-thumbnail","6":"pwb-brand-victron","7":"product_cat-baterias","8":"product_cat-accesorios-para-baterias","9":"product_cat-diodos-separador-de-baterias","10":"desktop-align-left","11":"tablet-align-left","12":"mobile-align-left","13":"ast-product-gallery-layout-horizontal-slider","14":"ast-product-gallery-with-no-image","15":"ast-product-tabs-layout-horizontal","17":"first","18":"instock","19":"taxable","20":"shipping-taxable","21":"purchasable","22":"product-type-simple"},"wcpa_form_fields":null,"brands":[{"id":332,"name":"Victron Energie","slug":"victron"}],"_links":{"self":[{"href":"https:\/\/fvcomponentes.com\/de\/wp-json\/wp\/v2\/product\/6605","targetHints":{"allow":["GET"]}}],"collection":[{"href":"https:\/\/fvcomponentes.com\/de\/wp-json\/wp\/v2\/product"}],"about":[{"href":"https:\/\/fvcomponentes.com\/de\/wp-json\/wp\/v2\/types\/product"}],"replies":[{"embeddable":true,"href":"https:\/\/fvcomponentes.com\/de\/wp-json\/wp\/v2\/comments?post=6605"}],"wp:featuredmedia":[{"embeddable":true,"href":"https:\/\/fvcomponentes.com\/de\/wp-json\/wp\/v2\/media\/9639"}],"wp:attachment":[{"href":"https:\/\/fvcomponentes.com\/de\/wp-json\/wp\/v2\/media?parent=6605"}],"wp:term":[{"taxonomy":"pwb-brand","embeddable":true,"href":"https:\/\/fvcomponentes.com\/de\/wp-json\/wp\/v2\/pwb-brand?post=6605"},{"taxonomy":"product_brand","embeddable":true,"href":"https:\/\/fvcomponentes.com\/de\/wp-json\/wp\/v2\/product_brand?post=6605"},{"taxonomy":"product_cat","embeddable":true,"href":"https:\/\/fvcomponentes.com\/de\/wp-json\/wp\/v2\/product_cat?post=6605"},{"taxonomy":"product_tag","embeddable":true,"href":"https:\/\/fvcomponentes.com\/de\/wp-json\/wp\/v2\/product_tag?post=6605"}],"curies":[{"name":"wp","href":"https:\/\/api.w.org\/{rel}","templated":true}]}}