{"id":6576,"date":"2023-10-23T16:55:02","date_gmt":"2023-10-23T14:55:02","guid":{"rendered":"https:\/\/fvcomponentes.com\/?post_type=product&#038;p=6576"},"modified":"2026-04-04T12:46:25","modified_gmt":"2026-04-04T10:46:25","slug":"victron-smartshunt-500a-50mv-ip65-shu065150050-victron-batterie-monitor-shu065150050","status":"publish","type":"product","link":"https:\/\/fvcomponentes.com\/de\/producto\/monitor-de-baterias-victron-smartshunt-500a-50mv-ip65-shu065150050\/","title":{"rendered":"Victron Smartshunt 500A\/50mV IP65 Batterie\u00fcberwachung - SHU065150050"},"content":{"rendered":"<h2>Eigenschaften des Victron Smartshunt 500A\/50mV IP65 Batteriemonitors - SHU065150050<\/h2>\n<p>Der Victron Smartshunt 500A\/50mV IP65 Batteriemonitor - SHU065150050 ist ein innovativer All-in-One-Batteriemonitor, der f\u00fcr eine effiziente und bequeme \u00dcberwachung Ihrer Stromversorgungssysteme entwickelt wurde. Im Gegensatz zu anderen \u00dcberwachungsger\u00e4ten verf\u00fcgt der SmartShunt nicht \u00fcber ein eingebautes Display. Stattdessen nutzt er den Bildschirm Ihres Telefons oder Tablets, um sofortigen Zugriff auf wichtige Informationen \u00fcber Ihre Batterie zu bieten.<\/p>\n<p>Die Vielseitigkeit ist eines der Hauptmerkmale des SmartShunt IP65, da er in drei verschiedenen Versionen erh\u00e4ltlich ist: 500 A, 1000 A und 2000 A, so dass er f\u00fcr eine Vielzahl von Anwendungen und Batteriegr\u00f6\u00dfen geeignet ist. Au\u00dferdem ist er dank der Schutzart IP65 wasserdicht und kann somit auch unter widrigen Wetterbedingungen eingesetzt werden.<\/p>\n<p>Die Verbindung zwischen dem SmartShunt IP65 und Ihrem Mobilger\u00e4t erfolgt drahtlos \u00fcber Bluetooth mit Hilfe der VictronConnect App, mit der Sie bequem von der Handfl\u00e4che aus auf alle Ihre Batterieparameter zugreifen k\u00f6nnen: z. B. Ladezustand, verbleibende Autonomie und historische Daten.<\/p>\n<p>Zus\u00e4tzlich zur Bluetooth-Verbindung kann der SmartShunt IP65 \u00fcber ein VE.Direct-Kabel mit einem GX-Ger\u00e4t verbunden werden, was zus\u00e4tzliche Flexibilit\u00e4t bei der Steuerung und \u00dcberwachung Ihres Stromsystems bietet.<\/p>\n<p>Im Vergleich zum Batteriemonitor <a href=\"https:\/\/fvcomponentes.com\/de\/produkt\/bmv-712-smart-victron-batterie-monitor\/\" target=\"_blank\" rel=\"noopener\">BMV-712<\/a>Der SmartShunt weist einige wesentliche Unterschiede auf. Obwohl es keinen direkten optischen oder akustischen Alarm gibt, k\u00f6nnen Alarme \u00fcber die App angezeigt werden. <a href=\"https:\/\/www.victronenergy.com.es\/panel-systems-remote-monitoring\/victronconnect\" target=\"_blank\" rel=\"noopener\">VictronConnect<\/a> oder ein GX-Ger\u00e4t, wie zum Beispiel das <a href=\"https:\/\/fvcomponentes.com\/de\/produkt\/victron-cerbo-gx-mk2-bpp900451100-victron-cerbo-mk2-monitor\/\" target=\"_blank\" rel=\"noopener\">Victron Cerbo GX MK2 \u00dcberwachung - BPP900451100<\/a>. Au\u00dferdem verf\u00fcgt der SmartShunt nicht \u00fcber ein programmierbares Relais, kompensiert dies aber durch seine Wasserbest\u00e4ndigkeit und eine einfachere Verbindung zwischen dem Shunt und dem Batterie\u00fcberwachungsger\u00e4t.<\/p>\n<p><img fetchpriority=\"high\" decoding=\"async\" class=\"alignnone size-full wp-image-6580\" src=\"https:\/\/fvcomponentes.com\/wp-content\/uploads\/2023\/03\/hjgtfdj.png\" alt=\"Victron Smartshunt 500A\/50mV IP65 Batterie-Nebenschluss - SHU065150050\" width=\"495\" height=\"515\" title=\"\"><\/p>\n<h2>Datenblatt Victron Smartshunt 500A\/50mV IP65 Batterie\u00fcberwachung - SHU065150050<\/h2>\n<p><a href=\"https:\/\/fvcomponentes.com\/wp-content\/uploads\/2023\/03\/SmartShunt-IP65-ES-1.pdf\" target=\"_blank\" rel=\"noopener\">Victron Smartshunt 500A\/50mV IP65 Batteriemonitor Datenblatt anzeigen - SHU065150050<\/a><\/p>","protected":false},"excerpt":{"rendered":"<p><strong>Bereich der Versorgungsspannung:<\/strong> 6,5 - 70 VDC<br \/>\n<strong>Stromverbrauch:<\/strong> &lt; 1 mA<br \/>\n<strong>Eingangsspannungsbereich, Hilfsbatterie:<\/strong> 6,5 - 70 VDC<br \/>\n<strong>Abmessungen:<\/strong> 46 x 120 x 54<\/p>","protected":false},"featured_media":6587,"comment_status":"open","ping_status":"closed","template":"","meta":{"site-sidebar-layout":"default","site-content-layout":"default","ast-site-content-layout":"default","site-content-style":"default","site-sidebar-style":"default","ast-global-header-display":"","ast-banner-title-visibility":"","ast-main-header-display":"","ast-hfb-above-header-display":"","ast-hfb-below-header-display":"","ast-hfb-mobile-header-display":"","site-post-title":"","ast-breadcrumbs-content":"","ast-featured-img":"","footer-sml-layout":"","ast-disable-related-posts":"","theme-transparent-header-meta":"default","adv-header-id-meta":"","stick-header-meta":"","header-above-stick-meta":"","header-main-stick-meta":"","header-below-stick-meta":"","astra-migrate-meta-layouts":"set","ast-page-background-enabled":"default","ast-page-background-meta":{"desktop":{"background-color":"var(--ast-global-color-4)","background-image":"","background-repeat":"repeat","background-position":"center center","background-size":"auto","background-attachment":"scroll","background-type":"","background-media":"","overlay-type":"","overlay-color":"","overlay-opacity":"","overlay-gradient":""},"tablet":{"background-color":"","background-image":"","background-repeat":"repeat","background-position":"center center","background-size":"auto","background-attachment":"scroll","background-type":"","background-media":"","overlay-type":"","overlay-color":"","overlay-opacity":"","overlay-gradient":""},"mobile":{"background-color":"","background-image":"","background-repeat":"repeat","background-position":"center center","background-size":"auto","background-attachment":"scroll","background-type":"","background-media":"","overlay-type":"","overlay-color":"","overlay-opacity":"","overlay-gradient":""}},"ast-content-background-meta":{"desktop":{"background-color":"var(--ast-global-color-5)","background-image":"","background-repeat":"repeat","background-position":"center center","background-size":"auto","background-attachment":"scroll","background-type":"","background-media":"","overlay-type":"","overlay-color":"","overlay-opacity":"","overlay-gradient":""},"tablet":{"background-color":"var(--ast-global-color-5)","background-image":"","background-repeat":"repeat","background-position":"center center","background-size":"auto","background-attachment":"scroll","background-type":"","background-media":"","overlay-type":"","overlay-color":"","overlay-opacity":"","overlay-gradient":""},"mobile":{"background-color":"var(--ast-global-color-5)","background-image":"","background-repeat":"repeat","background-position":"center center","background-size":"auto","background-attachment":"scroll","background-type":"","background-media":"","overlay-type":"","overlay-color":"","overlay-opacity":"","overlay-gradient":""}}},"pwb-brand":[332],"product_brand":[],"product_cat":[340,391,933],"product_tag":[],"class_list":{"0":"post-6576","1":"product","2":"type-product","3":"status-publish","4":"has-post-thumbnail","6":"pwb-brand-victron","7":"product_cat-baterias","8":"product_cat-accesorios-para-baterias","9":"product_cat-monitores-de-baterias","10":"desktop-align-left","11":"tablet-align-left","12":"mobile-align-left","13":"ast-product-gallery-layout-horizontal-slider","14":"ast-product-tabs-layout-horizontal","16":"first","17":"instock","18":"taxable","19":"shipping-taxable","20":"purchasable","21":"product-type-simple"},"wcpa_form_fields":null,"brands":[{"id":332,"name":"Victron Energie","slug":"victron"}],"_links":{"self":[{"href":"https:\/\/fvcomponentes.com\/de\/wp-json\/wp\/v2\/product\/6576","targetHints":{"allow":["GET"]}}],"collection":[{"href":"https:\/\/fvcomponentes.com\/de\/wp-json\/wp\/v2\/product"}],"about":[{"href":"https:\/\/fvcomponentes.com\/de\/wp-json\/wp\/v2\/types\/product"}],"replies":[{"embeddable":true,"href":"https:\/\/fvcomponentes.com\/de\/wp-json\/wp\/v2\/comments?post=6576"}],"wp:featuredmedia":[{"embeddable":true,"href":"https:\/\/fvcomponentes.com\/de\/wp-json\/wp\/v2\/media\/6587"}],"wp:attachment":[{"href":"https:\/\/fvcomponentes.com\/de\/wp-json\/wp\/v2\/media?parent=6576"}],"wp:term":[{"taxonomy":"pwb-brand","embeddable":true,"href":"https:\/\/fvcomponentes.com\/de\/wp-json\/wp\/v2\/pwb-brand?post=6576"},{"taxonomy":"product_brand","embeddable":true,"href":"https:\/\/fvcomponentes.com\/de\/wp-json\/wp\/v2\/product_brand?post=6576"},{"taxonomy":"product_cat","embeddable":true,"href":"https:\/\/fvcomponentes.com\/de\/wp-json\/wp\/v2\/product_cat?post=6576"},{"taxonomy":"product_tag","embeddable":true,"href":"https:\/\/fvcomponentes.com\/de\/wp-json\/wp\/v2\/product_tag?post=6576"}],"curies":[{"name":"wp","href":"https:\/\/api.w.org\/{rel}","templated":true}]}}