{"id":6548,"date":"2024-01-19T19:30:10","date_gmt":"2024-01-19T18:30:10","guid":{"rendered":"https:\/\/fvcomponentes.com\/?post_type=product&#038;p=6548"},"modified":"2026-04-04T12:46:19","modified_gmt":"2026-04-04T10:46:19","slug":"victron-zigbee-zu-usb-konverter-ass300420200","status":"publish","type":"product","link":"https:\/\/fvcomponentes.com\/de\/producto\/convertidor-victron-zigbee-a-usb-ass300420200\/","title":{"rendered":"Victron Zigbee zu USB Konverter- ASS300420200"},"content":{"rendered":"<p>Der Victron Zigbee-USB-Konverter - ASS300420200 erm\u00f6glicht die drahtlose Kommunikation zwischen einem Victron Zigbee- und einem USB-Ger\u00e4t. <a href=\"https:\/\/fvcomponentes.com\/de\/produkt\/victron-cerbo-gx-uberwachung\/\" target=\"_blank\" rel=\"noopener\">GX-Ger\u00e4t<\/a> Victron und ein \u00fcber USB angeschlossenes Managementsystem.<br \/>\nEs nutzt die Zigbee-Technologie zur zuverl\u00e4ssigen Daten\u00fcbertragung, wodurch die Notwendigkeit einer physischen Verkabelung entf\u00e4llt und sauberere, flexiblere Installationen erm\u00f6glicht werden.<br \/>\nDieser Adapter wurde f\u00fcr die einfache Integration mit kompatiblen Victron-Produkten, wie z. B. GX-Systemen, entwickelt und erm\u00f6glicht den Anschluss von Zigbee-Modulen \u00fcber einen Standard-USB-Anschluss. Er ist ideal f\u00fcr die Erweiterung oder Nachr\u00fcstung von Stromversorgungsl\u00f6sungen in Umgebungen, in denen der physische Zugang eingeschr\u00e4nkt oder die Verkabelung unpraktisch ist.<\/p>\n<p><span style=\"font-size: 16px\">Auch verf\u00fcgbar von Zigbee bis RS485: <\/span><a style=\"font-size: 16px;background-color: #ffffff\" href=\"https:\/\/fvcomponentes.com\/de\/produkt\/victron-zigbee-zu-rs485-konverter-ass300420100\/\" target=\"_blank\" rel=\"noopener\">Victron Zigbee zu RS485 Konverter - ASS300420100<\/a><\/p>\n<h2>Datenblatt Victron Zigbee zu USB Konverter- ASS300420200<\/h2>\n<p><a href=\"https:\/\/fvcomponentes.com\/wp-content\/uploads\/2023\/03\/USB.pdf\" target=\"_blank\" rel=\"noopener\">Datenblatt Zigbee-USB-Konverter anzeigen - ASS300420200<\/a><\/p>","protected":false},"excerpt":{"rendered":"<p><span class=\"Y2IQFc\" lang=\"es\"><strong>Standard-Stromversorgung:<\/strong> USB-Anschluss 5V<br \/>\n<strong>Empfindlichkeit des Empf\u00e4ngers:<\/strong> -110dBm<br \/>\n<strong>Gr\u00f6\u00dfe:<\/strong> 70 x 50 x 24 mm<\/span><\/p>","protected":false},"featured_media":6554,"comment_status":"open","ping_status":"closed","template":"","meta":{"site-sidebar-layout":"default","site-content-layout":"default","ast-site-content-layout":"default","site-content-style":"default","site-sidebar-style":"default","ast-global-header-display":"","ast-banner-title-visibility":"","ast-main-header-display":"","ast-hfb-above-header-display":"","ast-hfb-below-header-display":"","ast-hfb-mobile-header-display":"","site-post-title":"","ast-breadcrumbs-content":"","ast-featured-img":"","footer-sml-layout":"","ast-disable-related-posts":"","theme-transparent-header-meta":"default","adv-header-id-meta":"","stick-header-meta":"","header-above-stick-meta":"","header-main-stick-meta":"","header-below-stick-meta":"","astra-migrate-meta-layouts":"set","ast-page-background-enabled":"default","ast-page-background-meta":{"desktop":{"background-color":"var(--ast-global-color-4)","background-image":"","background-repeat":"repeat","background-position":"center center","background-size":"auto","background-attachment":"scroll","background-type":"","background-media":"","overlay-type":"","overlay-color":"","overlay-opacity":"","overlay-gradient":""},"tablet":{"background-color":"","background-image":"","background-repeat":"repeat","background-position":"center center","background-size":"auto","background-attachment":"scroll","background-type":"","background-media":"","overlay-type":"","overlay-color":"","overlay-opacity":"","overlay-gradient":""},"mobile":{"background-color":"","background-image":"","background-repeat":"repeat","background-position":"center center","background-size":"auto","background-attachment":"scroll","background-type":"","background-media":"","overlay-type":"","overlay-color":"","overlay-opacity":"","overlay-gradient":""}},"ast-content-background-meta":{"desktop":{"background-color":"var(--ast-global-color-5)","background-image":"","background-repeat":"repeat","background-position":"center center","background-size":"auto","background-attachment":"scroll","background-type":"","background-media":"","overlay-type":"","overlay-color":"","overlay-opacity":"","overlay-gradient":""},"tablet":{"background-color":"var(--ast-global-color-5)","background-image":"","background-repeat":"repeat","background-position":"center center","background-size":"auto","background-attachment":"scroll","background-type":"","background-media":"","overlay-type":"","overlay-color":"","overlay-opacity":"","overlay-gradient":""},"mobile":{"background-color":"var(--ast-global-color-5)","background-image":"","background-repeat":"repeat","background-position":"center center","background-size":"auto","background-attachment":"scroll","background-type":"","background-media":"","overlay-type":"","overlay-color":"","overlay-opacity":"","overlay-gradient":""}}},"pwb-brand":[332],"product_brand":[],"product_cat":[878,410],"product_tag":[],"class_list":{"0":"post-6548","1":"product","2":"type-product","3":"status-publish","4":"has-post-thumbnail","6":"pwb-brand-victron","7":"product_cat-cables-victron","8":"product_cat-material-electrico","9":"desktop-align-left","10":"tablet-align-left","11":"mobile-align-left","12":"ast-product-gallery-layout-horizontal-slider","13":"ast-product-tabs-layout-horizontal","15":"first","16":"instock","17":"taxable","18":"shipping-taxable","19":"purchasable","20":"product-type-simple"},"wcpa_form_fields":null,"brands":[{"id":332,"name":"Victron Energie","slug":"victron"}],"_links":{"self":[{"href":"https:\/\/fvcomponentes.com\/de\/wp-json\/wp\/v2\/product\/6548","targetHints":{"allow":["GET"]}}],"collection":[{"href":"https:\/\/fvcomponentes.com\/de\/wp-json\/wp\/v2\/product"}],"about":[{"href":"https:\/\/fvcomponentes.com\/de\/wp-json\/wp\/v2\/types\/product"}],"replies":[{"embeddable":true,"href":"https:\/\/fvcomponentes.com\/de\/wp-json\/wp\/v2\/comments?post=6548"}],"wp:featuredmedia":[{"embeddable":true,"href":"https:\/\/fvcomponentes.com\/de\/wp-json\/wp\/v2\/media\/6554"}],"wp:attachment":[{"href":"https:\/\/fvcomponentes.com\/de\/wp-json\/wp\/v2\/media?parent=6548"}],"wp:term":[{"taxonomy":"pwb-brand","embeddable":true,"href":"https:\/\/fvcomponentes.com\/de\/wp-json\/wp\/v2\/pwb-brand?post=6548"},{"taxonomy":"product_brand","embeddable":true,"href":"https:\/\/fvcomponentes.com\/de\/wp-json\/wp\/v2\/product_brand?post=6548"},{"taxonomy":"product_cat","embeddable":true,"href":"https:\/\/fvcomponentes.com\/de\/wp-json\/wp\/v2\/product_cat?post=6548"},{"taxonomy":"product_tag","embeddable":true,"href":"https:\/\/fvcomponentes.com\/de\/wp-json\/wp\/v2\/product_tag?post=6548"}],"curies":[{"name":"wp","href":"https:\/\/api.w.org\/{rel}","templated":true}]}}