{"id":6535,"date":"2023-10-10T17:14:14","date_gmt":"2023-10-10T15:14:14","guid":{"rendered":"https:\/\/fvcomponentes.com\/?post_type=product&#038;p=6535"},"modified":"2026-01-15T10:06:11","modified_gmt":"2026-01-15T09:06:11","slug":"victron-em24-3-phasen-65a-ethernet-rel200200100-leistungsmesser-victron-em24-3-phasen-65a-ethernet-rel200200100","status":"publish","type":"product","link":"https:\/\/fvcomponentes.com\/de\/producto\/medidor-de-energia-victron-em24-3-fases-65a-ethernet-rel200200100\/","title":{"rendered":"Victron EM24 3-Phasen 65A Ethernet Energiemessger\u00e4t - REL200200100"},"content":{"rendered":"<h2>Eigenschaften des Victron EM24 3 Phase 65A Ethernet Energiemessger\u00e4t - REL200200100<\/h2>\n<p><span class=\"a-list-item\">Der Victron EM24 3-Phasen 65A Ethernet Energiez\u00e4hler - REL200200100 ist ein Standardger\u00e4t zur Messung der Leistung und Energie einer dreiphasigen Anwendung. Der Victron EM24 Energiez\u00e4hler mit LCD-Display ist f\u00fcr die \u00dcberwachung einer dreiphasigen Installation konzipiert, kann aber auch in einer einphasigen Installation verwendet werden (max. 65 A\/Phase).<\/span><\/p>\n<h2>Spezifikationen<\/h2>\n<ul>\n<li><strong>Anzeige:<\/strong> LCD<\/li>\n<li><strong>Phasen:<\/strong> 3<\/li>\n<li><strong>Max. Nennstrom:<\/strong> 65 A pro Phase<\/li>\n<li><strong>Art der Messung:<\/strong> Gleich-\/Nebenstromtransformatoren<\/li>\n<li><strong>Kommunikation:<\/strong> Ethernet<\/li>\n<li><strong>Aktualisierungsrate:<\/strong> 600 ms<\/li>\n<\/ul>\n<h2>Victron EM24 Energiemessger\u00e4t Konfigurationsm\u00f6glichkeiten<\/h2>\n<p>Das Victron EM24 3-Phase 65A Ethernet Energiemessger\u00e4t kann mit vier verschiedenen Funktionen in einem GX-Ger\u00e4t konfiguriert werden, wie z.B. <a href=\"https:\/\/fvcomponentes.com\/de\/produkt\/victron-cerbo-gx-mk2-bpp900451100-victron-cerbo-mk2-monitor\/\" target=\"_blank\" rel=\"noopener\">Victron Cerbo GX MK2 \u00dcberwachung - BPP900451100<\/a>:<\/p>\n<div class=\"orderedlist\">\n<ol class=\"orderedlist\" type=\"1\">\n<li class=\"listitem\">Als Netzz\u00e4hler und Steuereingang f\u00fcr ein ESS-System.<\/li>\n<li class=\"listitem\">Zur Messung der Leistung eines PV-Wechselrichters.<\/li>\n<li class=\"listitem\">Zur Messung der Leistung eines Wechselstromgenerators.<\/li>\n<li class=\"listitem\">Als AC-Messger\u00e4t zur Messung eines bestimmten AC-Lastkreises.<\/li>\n<\/ol>\n<p><strong>Beispiel f\u00fcr einen dreiphasigen Schaltplan<\/strong><\/p>\n<p>Bei der Messung eines PV-Wechselrichters m\u00fcssen die Klemmen 1, 4 und 7 vor dem PV-Wechselrichter liegen, um die richtige Strom- und Leistungsrichtung zu gew\u00e4hrleisten.<\/p>\n<p><img fetchpriority=\"high\" decoding=\"async\" class=\"wp-image-23357\" src=\"https:\/\/fvcomponentes.com\/wp-content\/uploads\/2025\/02\/cableado-trifasico-Medidor-de-energia-Victron-EM24-3-fases-65A-Ethernet-REL200200100-2.png\" alt=\"Dreiphasige Verdrahtung 3-Phasen-Energiemessger\u00e4t Victron EM24 3 Phasen 65A Ethernet - REL200200100\" width=\"514\" height=\"407\" title=\"\"><\/p>\n<p><strong>Beispiel f\u00fcr einen einphasigen Schaltplan<\/strong><\/p>\n<\/div>\n<div class=\"orderedlist\">Um einen einphasigen PV-Wechselrichter in einem dreiphasigen System zu messen, schlie\u00dfen Sie alle drei Phasen an die Netzphasen-Klemmen (3, 6 und 9) an. Nun m\u00fcssen Sie w\u00e4hlen, auf welcher Phase Sie den PV-Wechselrichter haben m\u00f6chten, indem Sie die L1-Leitung des PV-Wechselrichters an die Klemme 1, 4 oder 7 anschlie\u00dfen.<\/div>\n<p><img decoding=\"async\" class=\"wp-image-23356\" src=\"https:\/\/fvcomponentes.com\/wp-content\/uploads\/2025\/02\/cableado-monofasico-Medidor-de-energia-Victron-EM24-3-fases-65A-Ethernet-REL200200100-1.png\" alt=\"Einphasige Verkabelung Einphasiger Energiez\u00e4hler Victron EM24 3 Phasen 65A Ethernet - REL200200100\" width=\"523\" height=\"363\" title=\"\"><\/p>\n<h2>Victron EM24 Energiemessger\u00e4t Ethernet-Anschluss<\/h2>\n<p>Der Ethernet-Modus ist am vorteilhaftesten in Installationen, in denen ein Ethernet-Netzwerk vorhanden ist. Anstatt ein RS485-Kabel zwischen der AC-Hauptverteilertafel und dem Speichersystem zu verlegen, kann das vorhandene Ethernet verwendet werden. Der Nachteil ist, dass dies vom ordnungsgem\u00e4\u00dfen Funktionieren des Netzwerks abh\u00e4ngt; bei Problemen geht das Speichersystem in den Standby-Modus.<br \/>\nEM24-, EM3XX-, EM5XX- und ABB-Energiez\u00e4hler verwenden die Vektorregistrierung zur Abrechnung der Energie. Dies ist die bevorzugte Methode in L\u00e4ndern wie Deutschland und \u00d6sterreich und fast \u00fcberall sonst. Alle anderen Z\u00e4hler verwenden das arithmetische Register.<\/p>\n<h2>Datenblatt und Bedienungsanleitung f\u00fcr Victron EM24 Energiemessger\u00e4t - 3 Phasen - 65A - Ethernet - REL200200100<\/h2>\n<p><a href=\"https:\/\/fvcomponentes.com\/wp-content\/uploads\/2023\/03\/guia-de-seccion-de-contadores-de-energia-ES-.pdf\" target=\"_blank\" rel=\"noopener\">Victron EM24 Energiemessger\u00e4t - 3 Phasen - 65A - Ethernet - REL200200100 Datenblatt anzeigen<\/a><\/p>\n<p><a href=\"https:\/\/fvcomponentes.com\/wp-content\/uploads\/2025\/02\/Manual-Medidor-de-energia-Victron-EM24.pdf\" target=\"_blank\" rel=\"noopener\">Victron EM24 3-Phasen 65A Ethernet Energiemessger\u00e4t Handbuch anzeigen<\/a><\/p>","protected":false},"excerpt":{"rendered":"<ul>\n<li><strong>Phasen:<\/strong> 3<\/li>\n<li><strong>Maximaler Nennstrom:<\/strong> 65 A pro Phase<\/li>\n<li><strong>Aktualisierungsrate:<\/strong> 600 ms<\/li>\n<li><strong>Anzeige:<\/strong> LCD<\/li>\n<\/ul>","protected":false},"featured_media":6534,"comment_status":"open","ping_status":"closed","template":"","meta":{"site-sidebar-layout":"default","site-content-layout":"default","ast-site-content-layout":"default","site-content-style":"default","site-sidebar-style":"default","ast-global-header-display":"","ast-banner-title-visibility":"","ast-main-header-display":"","ast-hfb-above-header-display":"","ast-hfb-below-header-display":"","ast-hfb-mobile-header-display":"","site-post-title":"","ast-breadcrumbs-content":"","ast-featured-img":"","footer-sml-layout":"","ast-disable-related-posts":"","theme-transparent-header-meta":"default","adv-header-id-meta":"","stick-header-meta":"","header-above-stick-meta":"","header-main-stick-meta":"","header-below-stick-meta":"","astra-migrate-meta-layouts":"set","ast-page-background-enabled":"default","ast-page-background-meta":{"desktop":{"background-color":"var(--ast-global-color-4)","background-image":"","background-repeat":"repeat","background-position":"center center","background-size":"auto","background-attachment":"scroll","background-type":"","background-media":"","overlay-type":"","overlay-color":"","overlay-opacity":"","overlay-gradient":""},"tablet":{"background-color":"","background-image":"","background-repeat":"repeat","background-position":"center center","background-size":"auto","background-attachment":"scroll","background-type":"","background-media":"","overlay-type":"","overlay-color":"","overlay-opacity":"","overlay-gradient":""},"mobile":{"background-color":"","background-image":"","background-repeat":"repeat","background-position":"center center","background-size":"auto","background-attachment":"scroll","background-type":"","background-media":"","overlay-type":"","overlay-color":"","overlay-opacity":"","overlay-gradient":""}},"ast-content-background-meta":{"desktop":{"background-color":"var(--ast-global-color-5)","background-image":"","background-repeat":"repeat","background-position":"center center","background-size":"auto","background-attachment":"scroll","background-type":"","background-media":"","overlay-type":"","overlay-color":"","overlay-opacity":"","overlay-gradient":""},"tablet":{"background-color":"var(--ast-global-color-5)","background-image":"","background-repeat":"repeat","background-position":"center center","background-size":"auto","background-attachment":"scroll","background-type":"","background-media":"","overlay-type":"","overlay-color":"","overlay-opacity":"","overlay-gradient":""},"mobile":{"background-color":"var(--ast-global-color-5)","background-image":"","background-repeat":"repeat","background-position":"center center","background-size":"auto","background-attachment":"scroll","background-type":"","background-media":"","overlay-type":"","overlay-color":"","overlay-opacity":"","overlay-gradient":""}}},"pwb-brand":[332],"product_brand":[],"product_cat":[349,333],"product_tag":[],"class_list":{"0":"post-6535","1":"product","2":"type-product","3":"status-publish","4":"has-post-thumbnail","6":"pwb-brand-victron","7":"product_cat-meters","8":"product_cat-inversores","9":"desktop-align-left","10":"tablet-align-left","11":"mobile-align-left","12":"ast-product-gallery-layout-horizontal-slider","13":"ast-product-tabs-layout-horizontal","15":"first","16":"instock","17":"taxable","18":"shipping-taxable","19":"purchasable","20":"product-type-simple"},"wcpa_form_fields":null,"brands":[{"id":332,"name":"Victron Energie","slug":"victron"}],"_links":{"self":[{"href":"https:\/\/fvcomponentes.com\/de\/wp-json\/wp\/v2\/product\/6535","targetHints":{"allow":["GET"]}}],"collection":[{"href":"https:\/\/fvcomponentes.com\/de\/wp-json\/wp\/v2\/product"}],"about":[{"href":"https:\/\/fvcomponentes.com\/de\/wp-json\/wp\/v2\/types\/product"}],"replies":[{"embeddable":true,"href":"https:\/\/fvcomponentes.com\/de\/wp-json\/wp\/v2\/comments?post=6535"}],"wp:featuredmedia":[{"embeddable":true,"href":"https:\/\/fvcomponentes.com\/de\/wp-json\/wp\/v2\/media\/6534"}],"wp:attachment":[{"href":"https:\/\/fvcomponentes.com\/de\/wp-json\/wp\/v2\/media?parent=6535"}],"wp:term":[{"taxonomy":"pwb-brand","embeddable":true,"href":"https:\/\/fvcomponentes.com\/de\/wp-json\/wp\/v2\/pwb-brand?post=6535"},{"taxonomy":"product_brand","embeddable":true,"href":"https:\/\/fvcomponentes.com\/de\/wp-json\/wp\/v2\/product_brand?post=6535"},{"taxonomy":"product_cat","embeddable":true,"href":"https:\/\/fvcomponentes.com\/de\/wp-json\/wp\/v2\/product_cat?post=6535"},{"taxonomy":"product_tag","embeddable":true,"href":"https:\/\/fvcomponentes.com\/de\/wp-json\/wp\/v2\/product_tag?post=6535"}],"curies":[{"name":"wp","href":"https:\/\/api.w.org\/{rel}","templated":true}]}}