{"id":6528,"date":"2023-10-10T17:21:42","date_gmt":"2023-10-10T15:21:42","guid":{"rendered":"https:\/\/fvcomponentes.com\/?post_type=product&#038;p=6528"},"modified":"2026-04-08T21:30:31","modified_gmt":"2026-04-08T19:30:31","slug":"victron-et340-3-phasen-65a-rel300300000-victron-et340-3-phasen-leistungsmesser-rel300300000","status":"publish","type":"product","link":"https:\/\/fvcomponentes.com\/de\/producto\/medidor-de-energia-victron-et340-3-fases-65a-rel300300000\/","title":{"rendered":"Victron ET340 Energiemessger\u00e4t - 3 Phasen - 65A - REL300300000"},"content":{"rendered":"<p>Das Victron ET340 Energiemessger\u00e4t - 3 Phasen - 65A\u00a0<span class=\"a-list-item\">misst die Leistungs- und Energiefl\u00fcsse der gesamten Anlage ab dem Verteilerkasten. Auch die Leistung eines PV-Wechselrichters kann gemessen werden. Die Daten werden auf dem Display <a href=\"https:\/\/fvcomponentes.com\/de\/produkt\/victron-farbkontrolle-gx-display\/\" target=\"_blank\" rel=\"noopener\">Farbsteuerung GX<\/a> und das VRM-Portal.<\/span><\/p>\n<p><span class=\"a-list-item\">Der Victron ET340 Energiez\u00e4hler ist ausschlie\u00dflich f\u00fcr die \u00dcberwachung einer dreiphasigen Anlage konzipiert, kann aber auch in einer einphasigen Anlage (max. 65 A\/Phase) eingesetzt werden.<\/span><\/p>\n<h2>Merkmale Victron ET340 Energiemessger\u00e4t - 3-phasig - max 65A\/Phase<\/h2>\n<p>Die\u00a0<span class=\"phrase\">ET340<\/span> kann mit vier verschiedenen Funktionen in einem GX-Ger\u00e4t konfiguriert werden, wie zum Beispiel die <a href=\"https:\/\/fvcomponentes.com\/de\/produkt\/victron-cerbo-gx-mk2-bpp900451100-victron-cerbo-mk2-monitor\/\" target=\"_blank\" rel=\"noopener\">Victron Cerbo GX MK2 \u00dcberwachung - BPP900451100<\/a>:<\/p>\n<div class=\"orderedlist\">\n<ol class=\"orderedlist\" type=\"1\">\n<li class=\"listitem\">Als Netzz\u00e4hler und Steuereingang f\u00fcr ein ESS-System.<\/li>\n<li class=\"listitem\">Zur Messung der Leistung eines PV-Wechselrichters.<\/li>\n<li class=\"listitem\">Zur Messung der Leistung eines Wechselstromgenerators.<\/li>\n<li class=\"listitem\">Als AC-Messger\u00e4t zur Messung der Leistung eines Wechselrichters oder Wechselrichter\/Ladeger\u00e4ts.<\/li>\n<\/ol>\n<\/div>\n<p>Sie bietet\u00a0<span class=\"phrase\">zwei Optionen<\/span>\u00a0f\u00fcr den Anschluss an ein GX-Ger\u00e4t:<\/p>\n<div class=\"orderedlist\">\n<ol class=\"orderedlist\" type=\"1\">\n<li class=\"listitem\">Eine kabelgebundene Verbindung, die die\u00a0<a class=\"link\" href=\"https:\/\/fvcomponentes.com\/de\/produkt\/schnittstelle-rs485-zu-usb-5m-ass030572050\/\" target=\"_blank\" rel=\"noopener\">RS485-USB-Schnittstelle\u00a0<\/a>mit einer Kabell\u00e4nge von 1,8 m oder 5 m.<\/li>\n<li>Eine drahtlose Verbindung \u00fcber Zigbee<\/li>\n<\/ol>\n<\/div>\n<h2>Um eine Auswahl zu treffen, m\u00fcssen Sie zun\u00e4chst entscheiden, ob Sie einen einphasigen oder einen dreiphasigen Z\u00e4hler ben\u00f6tigen:<\/h2>\n<p>Der Energiez\u00e4hler muss entsprechend der Installation, der Anzahl der zu messenden Phasen und dem maximalen Strom pro Phase ausgew\u00e4hlt werden. Beispiele: F\u00fcr einen dreiphasigen Netzanschluss ist ein dreiphasiger Z\u00e4hler zu verwenden. F\u00fcr einen dreiphasigen PV-Wechselrichter verwenden Sie ebenfalls einen dreiphasigen Z\u00e4hler. F\u00fcr einen einphasigen Netzanschluss verwenden Sie einen einphasigen Z\u00e4hler. Und bei einer Installation mit<br \/>\nBei einem einphasigen Netzanschluss, der auch einen PV-Wechselrichter hat, der mit einem Z\u00e4hler gemessen werden muss, k\u00f6nnen Sie zwei ET112 oder den ET340 verwenden. Wenn die Anwendung den maximalen Nennstrom \u00fcberschreitet, verwenden Sie einen Z\u00e4hler mit Stromwandlern. Beachten Sie, dass fast alle PV-Wechselrichter \u00fcber eine \"direkte Ablesung\" durch das Victron-System verf\u00fcgen, so dass ein Z\u00e4hler zur Messung Ihrer Produktion nicht erforderlich ist.<\/p>\n<h2>Datenblatt Victron ET340 Energiemessger\u00e4t - 3-phasig - 65A - REL300300000<\/h2>\n<p><a href=\"https:\/\/fvcomponentes.com\/wp-content\/uploads\/2023\/03\/guia-de-seccion-de-contadores-de-energia-ES-.pdf\" target=\"_blank\" rel=\"noopener\">Victron ET340 Energiemessger\u00e4t anzeigen - 3 Phasen - 65A - REL300300000<\/a><\/p>","protected":false},"excerpt":{"rendered":"<p><strong>Anzeige:<\/strong> Nein<br \/>\n<strong>Phasen:<\/strong> 3<br \/>\n<strong>Maximaler Nennstrom:<\/strong> 65 A pro Phase<br \/>\n<strong>Aktualisierungsrate:<\/strong> 2000 ms<\/p>","protected":false},"featured_media":6531,"comment_status":"open","ping_status":"closed","template":"","meta":{"site-sidebar-layout":"default","site-content-layout":"default","ast-site-content-layout":"default","site-content-style":"default","site-sidebar-style":"default","ast-global-header-display":"","ast-banner-title-visibility":"","ast-main-header-display":"","ast-hfb-above-header-display":"","ast-hfb-below-header-display":"","ast-hfb-mobile-header-display":"","site-post-title":"","ast-breadcrumbs-content":"","ast-featured-img":"","footer-sml-layout":"","ast-disable-related-posts":"","theme-transparent-header-meta":"default","adv-header-id-meta":"","stick-header-meta":"","header-above-stick-meta":"","header-main-stick-meta":"","header-below-stick-meta":"","astra-migrate-meta-layouts":"set","ast-page-background-enabled":"default","ast-page-background-meta":{"desktop":{"background-color":"var(--ast-global-color-4)","background-image":"","background-repeat":"repeat","background-position":"center center","background-size":"auto","background-attachment":"scroll","background-type":"","background-media":"","overlay-type":"","overlay-color":"","overlay-opacity":"","overlay-gradient":""},"tablet":{"background-color":"","background-image":"","background-repeat":"repeat","background-position":"center center","background-size":"auto","background-attachment":"scroll","background-type":"","background-media":"","overlay-type":"","overlay-color":"","overlay-opacity":"","overlay-gradient":""},"mobile":{"background-color":"","background-image":"","background-repeat":"repeat","background-position":"center center","background-size":"auto","background-attachment":"scroll","background-type":"","background-media":"","overlay-type":"","overlay-color":"","overlay-opacity":"","overlay-gradient":""}},"ast-content-background-meta":{"desktop":{"background-color":"var(--ast-global-color-5)","background-image":"","background-repeat":"repeat","background-position":"center center","background-size":"auto","background-attachment":"scroll","background-type":"","background-media":"","overlay-type":"","overlay-color":"","overlay-opacity":"","overlay-gradient":""},"tablet":{"background-color":"var(--ast-global-color-5)","background-image":"","background-repeat":"repeat","background-position":"center center","background-size":"auto","background-attachment":"scroll","background-type":"","background-media":"","overlay-type":"","overlay-color":"","overlay-opacity":"","overlay-gradient":""},"mobile":{"background-color":"var(--ast-global-color-5)","background-image":"","background-repeat":"repeat","background-position":"center center","background-size":"auto","background-attachment":"scroll","background-type":"","background-media":"","overlay-type":"","overlay-color":"","overlay-opacity":"","overlay-gradient":""}}},"pwb-brand":[332],"product_brand":[],"product_cat":[333,349],"product_tag":[],"class_list":{"0":"post-6528","1":"product","2":"type-product","3":"status-publish","4":"has-post-thumbnail","6":"pwb-brand-victron","7":"product_cat-inversores","8":"product_cat-meters","9":"desktop-align-left","10":"tablet-align-left","11":"mobile-align-left","12":"ast-product-gallery-layout-horizontal-slider","13":"ast-product-tabs-layout-horizontal","15":"first","16":"instock","17":"taxable","18":"shipping-taxable","19":"purchasable","20":"product-type-simple"},"wcpa_form_fields":null,"brands":[{"id":332,"name":"Victron Energie","slug":"victron"}],"_links":{"self":[{"href":"https:\/\/fvcomponentes.com\/de\/wp-json\/wp\/v2\/product\/6528","targetHints":{"allow":["GET"]}}],"collection":[{"href":"https:\/\/fvcomponentes.com\/de\/wp-json\/wp\/v2\/product"}],"about":[{"href":"https:\/\/fvcomponentes.com\/de\/wp-json\/wp\/v2\/types\/product"}],"replies":[{"embeddable":true,"href":"https:\/\/fvcomponentes.com\/de\/wp-json\/wp\/v2\/comments?post=6528"}],"wp:featuredmedia":[{"embeddable":true,"href":"https:\/\/fvcomponentes.com\/de\/wp-json\/wp\/v2\/media\/6531"}],"wp:attachment":[{"href":"https:\/\/fvcomponentes.com\/de\/wp-json\/wp\/v2\/media?parent=6528"}],"wp:term":[{"taxonomy":"pwb-brand","embeddable":true,"href":"https:\/\/fvcomponentes.com\/de\/wp-json\/wp\/v2\/pwb-brand?post=6528"},{"taxonomy":"product_brand","embeddable":true,"href":"https:\/\/fvcomponentes.com\/de\/wp-json\/wp\/v2\/product_brand?post=6528"},{"taxonomy":"product_cat","embeddable":true,"href":"https:\/\/fvcomponentes.com\/de\/wp-json\/wp\/v2\/product_cat?post=6528"},{"taxonomy":"product_tag","embeddable":true,"href":"https:\/\/fvcomponentes.com\/de\/wp-json\/wp\/v2\/product_tag?post=6528"}],"curies":[{"name":"wp","href":"https:\/\/api.w.org\/{rel}","templated":true}]}}