{"id":6511,"date":"2024-01-19T19:31:13","date_gmt":"2024-01-19T18:31:13","guid":{"rendered":"https:\/\/fvcomponentes.com\/?post_type=product&#038;p=6511"},"modified":"2026-04-08T21:27:33","modified_gmt":"2026-04-08T19:27:33","slug":"victron-quattro-multiplus-temperaturfuhler-und-gx-gerat-ass000001000","status":"publish","type":"product","link":"https:\/\/fvcomponentes.com\/de\/producto\/sensor-victron-de-temperatura-quattro-multiplus-y-dispositivo-gx-ass000001000\/","title":{"rendered":"Victron Temperaturf\u00fchler Quattro, MultiPlus und GX Ger\u00e4t - ASS000001000"},"content":{"rendered":"<p>Der Victron Quattro Temperatursensor, MultiPlus und GX Ger\u00e4t - ASS000001000 ist ein Bauteil, das in Stromversorgungssystemen und Batteriepacks des Victron Quattro, MultiPlus und GX Ger\u00e4tes - ASS000001000 verwendet wird. <a href=\"https:\/\/www.victronenergy.com.es\/\" target=\"_blank\" rel=\"noopener\">Victron Energie<\/a>. Dieser Sensor ist in der Lage, die Temperatur zu messen und diese Informationen an Ger\u00e4te wie z. B. Wechselrichter zu \u00fcbertragen. <a href=\"https:\/\/fvcomponentes.com\/de\/produkt\/victron-quattro-12-3000va-120a-5050a-wechselrichter\/\" target=\"_blank\" rel=\"noopener\">Quattro<\/a> y <a href=\"https:\/\/fvcomponentes.com\/de\/produkt\/wechselrichter-victron-multiplus-24v-2000va-50-32a-pmp242200000\/\" target=\"_blank\" rel=\"noopener\">MultiPlus<\/a> sowie die Ger\u00e4te der GX-Serie von Victron, wie z. B. das <a href=\"https:\/\/fvcomponentes.com\/de\/produkt\/victron-farbkontrolle-gx-display\/\" target=\"_blank\" rel=\"noopener\">Farbsteuerung GX<\/a>, <a href=\"https:\/\/fvcomponentes.com\/de\/produkt\/victron-venus-gx-uberwachung\/\" target=\"_blank\" rel=\"noopener\">Venus GX<\/a>und andere.<\/p>\n<p>Temperaturbereich von -20\u00b0C bis +70\u00b0C. Derzeit kann er bis zu 100\u00b0C messen, aber der Sensor ist nicht daf\u00fcr ausgelegt, Temperaturen \u00fcber 70\u00b0C f\u00fcr l\u00e4ngere Zeit standzuhalten. Bitte beachten Sie, dass er als ungef\u00e4hrer Temperatursensor gedacht ist und nicht kalibriert wird. Es ist mit einer Abweichung von +\/- 2 \u00b0C zu rechnen.<\/p>\n<p>Der Hauptnutzen des Temperatursensors besteht in der Steuerung und \u00dcberwachung der Temperatur der Batterien und anderer Systemkomponenten. Dies ist bei Energiespeicheranwendungen unerl\u00e4sslich, da die Temperatur einen erheblichen Einfluss auf die Lebensdauer und Leistung der Batterien haben kann.<\/p>\n<p>Einige der wichtigsten Funktionen des Victron Quattro Temperatursensors, MultiPlus und GX-Ger\u00e4ts sind:<\/p>\n<ol>\n<li><strong>Schutz der Batterie:<\/strong> \u00dcberwacht die Akkutemperatur und verhindert ein \u00dcberladen oder Entladen bei extremen Temperaturen, die den Akkus schaden k\u00f6nnen.<\/li>\n<li><strong>Optimierung der Belastung:<\/strong> Erm\u00f6glicht es dem Wechselrichter, das Laden der Batterien an die Temperatur anzupassen. Batterien werden bei verschiedenen Temperaturen unterschiedlich geladen, und dieser Sensor erm\u00f6glicht dem System eine Anpassung f\u00fcr optimale Leistung.<\/li>\n<li><strong>Informationen in Echtzeit:<\/strong> Es liefert Temperaturdaten in Echtzeit, so dass die Benutzer den Zustand ihrer Batterien kennen und gegebenenfalls vorbeugende Ma\u00dfnahmen ergreifen k\u00f6nnen.<\/li>\n<li><strong>Sicherheit:<\/strong> Dadurch werden gef\u00e4hrliche Situationen vermieden, wie z. B. eine \u00dcberhitzung der Batterien, die zu einem Brand oder einem katastrophalen Ausfall f\u00fchren k\u00f6nnte.<\/li>\n<\/ol>","protected":false},"excerpt":{"rendered":"<p>Temperaturf\u00fchler Quattro, MultiPlus und GX Ger\u00e4t<\/p>\n<p>Temperaturbereich -20 \u00b0C bis +70 \u00b0C<\/p>","protected":false},"featured_media":6512,"comment_status":"open","ping_status":"closed","template":"","meta":{"site-sidebar-layout":"default","site-content-layout":"default","ast-site-content-layout":"default","site-content-style":"default","site-sidebar-style":"default","ast-global-header-display":"","ast-banner-title-visibility":"","ast-main-header-display":"","ast-hfb-above-header-display":"","ast-hfb-below-header-display":"","ast-hfb-mobile-header-display":"","site-post-title":"","ast-breadcrumbs-content":"","ast-featured-img":"","footer-sml-layout":"","ast-disable-related-posts":"","theme-transparent-header-meta":"default","adv-header-id-meta":"","stick-header-meta":"","header-above-stick-meta":"","header-main-stick-meta":"","header-below-stick-meta":"","astra-migrate-meta-layouts":"set","ast-page-background-enabled":"default","ast-page-background-meta":{"desktop":{"background-color":"var(--ast-global-color-4)","background-image":"","background-repeat":"repeat","background-position":"center center","background-size":"auto","background-attachment":"scroll","background-type":"","background-media":"","overlay-type":"","overlay-color":"","overlay-opacity":"","overlay-gradient":""},"tablet":{"background-color":"","background-image":"","background-repeat":"repeat","background-position":"center center","background-size":"auto","background-attachment":"scroll","background-type":"","background-media":"","overlay-type":"","overlay-color":"","overlay-opacity":"","overlay-gradient":""},"mobile":{"background-color":"","background-image":"","background-repeat":"repeat","background-position":"center center","background-size":"auto","background-attachment":"scroll","background-type":"","background-media":"","overlay-type":"","overlay-color":"","overlay-opacity":"","overlay-gradient":""}},"ast-content-background-meta":{"desktop":{"background-color":"var(--ast-global-color-5)","background-image":"","background-repeat":"repeat","background-position":"center center","background-size":"auto","background-attachment":"scroll","background-type":"","background-media":"","overlay-type":"","overlay-color":"","overlay-opacity":"","overlay-gradient":""},"tablet":{"background-color":"var(--ast-global-color-5)","background-image":"","background-repeat":"repeat","background-position":"center center","background-size":"auto","background-attachment":"scroll","background-type":"","background-media":"","overlay-type":"","overlay-color":"","overlay-opacity":"","overlay-gradient":""},"mobile":{"background-color":"var(--ast-global-color-5)","background-image":"","background-repeat":"repeat","background-position":"center center","background-size":"auto","background-attachment":"scroll","background-type":"","background-media":"","overlay-type":"","overlay-color":"","overlay-opacity":"","overlay-gradient":""}}},"pwb-brand":[332],"product_brand":[],"product_cat":[410,351,878,333],"product_tag":[],"class_list":{"0":"post-6511","1":"product","2":"type-product","3":"status-publish","4":"has-post-thumbnail","6":"pwb-brand-victron","7":"product_cat-material-electrico","8":"product_cat-accesorios","9":"product_cat-cables-victron","10":"product_cat-inversores","11":"desktop-align-left","12":"tablet-align-left","13":"mobile-align-left","14":"ast-product-gallery-layout-horizontal-slider","15":"ast-product-gallery-with-no-image","16":"ast-product-tabs-layout-horizontal","18":"first","19":"instock","20":"taxable","21":"shipping-taxable","22":"purchasable","23":"product-type-simple"},"wcpa_form_fields":null,"brands":[{"id":332,"name":"Victron Energie","slug":"victron"}],"_links":{"self":[{"href":"https:\/\/fvcomponentes.com\/de\/wp-json\/wp\/v2\/product\/6511","targetHints":{"allow":["GET"]}}],"collection":[{"href":"https:\/\/fvcomponentes.com\/de\/wp-json\/wp\/v2\/product"}],"about":[{"href":"https:\/\/fvcomponentes.com\/de\/wp-json\/wp\/v2\/types\/product"}],"replies":[{"embeddable":true,"href":"https:\/\/fvcomponentes.com\/de\/wp-json\/wp\/v2\/comments?post=6511"}],"wp:featuredmedia":[{"embeddable":true,"href":"https:\/\/fvcomponentes.com\/de\/wp-json\/wp\/v2\/media\/6512"}],"wp:attachment":[{"href":"https:\/\/fvcomponentes.com\/de\/wp-json\/wp\/v2\/media?parent=6511"}],"wp:term":[{"taxonomy":"pwb-brand","embeddable":true,"href":"https:\/\/fvcomponentes.com\/de\/wp-json\/wp\/v2\/pwb-brand?post=6511"},{"taxonomy":"product_brand","embeddable":true,"href":"https:\/\/fvcomponentes.com\/de\/wp-json\/wp\/v2\/product_brand?post=6511"},{"taxonomy":"product_cat","embeddable":true,"href":"https:\/\/fvcomponentes.com\/de\/wp-json\/wp\/v2\/product_cat?post=6511"},{"taxonomy":"product_tag","embeddable":true,"href":"https:\/\/fvcomponentes.com\/de\/wp-json\/wp\/v2\/product_tag?post=6511"}],"curies":[{"name":"wp","href":"https:\/\/api.w.org\/{rel}","templated":true}]}}