{"id":6498,"date":"2024-01-19T19:30:22","date_gmt":"2024-01-19T18:30:22","guid":{"rendered":"https:\/\/fvcomponentes.com\/?post_type=product&#038;p=6498"},"modified":"2026-01-15T10:04:53","modified_gmt":"2026-01-15T09:04:53","slug":"victron-einphasiger-wechselstromsensor-max-40-a-cse000100000","status":"publish","type":"product","link":"https:\/\/fvcomponentes.com\/de\/producto\/sensor-victron-de-corriente-alterna-monofasica-max-40-a-cse000100000\/","title":{"rendered":"Victron AC Sensor - einphasig - max 40 A - CSE000100000"},"content":{"rendered":"<p>Der Sensor <a href=\"https:\/\/www.victronenergy.com.es\/\" target=\"_blank\" rel=\"noopener\">Victron<\/a> Der Wechselstromsensor - einphasig - max. 40 A ist ein unverzichtbares Werkzeug in Photovoltaikanlagen. Mit diesem einfachen Sensor k\u00f6nnen Sie den Wechselstrom messen, die Leistung (in VA) berechnen und die von einem PV-Wechselrichter erzeugte Energie bestimmen. Er l\u00e4sst sich einfach an den AC-Eingang oder -Ausgang eines Multiplus oder eines <a href=\"https:\/\/fvcomponentes.com\/de\/produkt\/victron-quattro-24-3000va-70a-5050a-wechselrichter\/\" target=\"_blank\" rel=\"noopener\">Quattro<\/a>.<\/p>\n<p>Dieser Victron AC-Stromsensor - einphasig - max. 40 A ist besonders n\u00fctzlich f\u00fcr die \u00dcberwachung und Verwaltung von Solarstromanlagen. Durch die Messung des Wechselstroms erhalten Sie genaue Daten \u00fcber die Strommenge, die durch das System flie\u00dft. Dar\u00fcber hinaus k\u00f6nnen Sie durch die Berechnung der VA-Leistung die Belastbarkeit Ihres Wechselrichters beurteilen und sicherstellen, dass er effizient arbeitet.<\/p>\n<p>Die M\u00f6glichkeit, die vom Wechselrichter erzeugte Leistung zu berechnen, ist entscheidend f\u00fcr das Verst\u00e4ndnis der Leistung Ihrer PV-Anlage. Dies hilft Ihnen, die Energieproduktion zu maximieren und fundierte Entscheidungen zum Energiemanagement zu treffen.<\/p>\n<p>Kurz gesagt, der AC AC-Stromsensor bis 40A ist ein unverzichtbares Werkzeug zum Messen, Berechnen und \u00dcberwachen von Strom, Leistung und Energie in PV-Anlagen. Angeschlossen an einen Multi oder Quattro liefert er Ihnen genaue Daten, die es Ihnen erm\u00f6glichen, den Wirkungsgrad Ihres Wechselrichters zu optimieren und das Beste aus der erzeugten Solarenergie zu machen - eine unverzichtbare L\u00f6sung f\u00fcr jede PV-Anlage!<\/p>","protected":false},"excerpt":{"rendered":"<p>Der AC-Stromsensor ist ein einfacher externer Stromsensor zur Messung des Wechselstroms, der Leistung (in VA) und zur Berechnung der Energie eines PV-Wechselrichters, der an einen AC-Eingang oder -Ausgang eines Multi oder Quattro angeschlossen ist.<br \/>\nDiese Werte k\u00f6nnen dann angezeigt und \u00fcber die Farbsteuerung an einen Web-VRM gesendet werden.<br \/>\nDie beiden Messleitungen k\u00f6nnen an den AUX-Eingang und\/oder den Temperatursensoreingang eines Multi oder eines Quattro angeschlossen werden.<\/p>","protected":false},"featured_media":6500,"comment_status":"open","ping_status":"closed","template":"","meta":{"site-sidebar-layout":"default","site-content-layout":"default","ast-site-content-layout":"default","site-content-style":"default","site-sidebar-style":"default","ast-global-header-display":"","ast-banner-title-visibility":"","ast-main-header-display":"","ast-hfb-above-header-display":"","ast-hfb-below-header-display":"","ast-hfb-mobile-header-display":"","site-post-title":"","ast-breadcrumbs-content":"","ast-featured-img":"","footer-sml-layout":"","ast-disable-related-posts":"","theme-transparent-header-meta":"default","adv-header-id-meta":"","stick-header-meta":"","header-above-stick-meta":"","header-main-stick-meta":"","header-below-stick-meta":"","astra-migrate-meta-layouts":"set","ast-page-background-enabled":"default","ast-page-background-meta":{"desktop":{"background-color":"var(--ast-global-color-4)","background-image":"","background-repeat":"repeat","background-position":"center center","background-size":"auto","background-attachment":"scroll","background-type":"","background-media":"","overlay-type":"","overlay-color":"","overlay-opacity":"","overlay-gradient":""},"tablet":{"background-color":"","background-image":"","background-repeat":"repeat","background-position":"center center","background-size":"auto","background-attachment":"scroll","background-type":"","background-media":"","overlay-type":"","overlay-color":"","overlay-opacity":"","overlay-gradient":""},"mobile":{"background-color":"","background-image":"","background-repeat":"repeat","background-position":"center center","background-size":"auto","background-attachment":"scroll","background-type":"","background-media":"","overlay-type":"","overlay-color":"","overlay-opacity":"","overlay-gradient":""}},"ast-content-background-meta":{"desktop":{"background-color":"var(--ast-global-color-5)","background-image":"","background-repeat":"repeat","background-position":"center center","background-size":"auto","background-attachment":"scroll","background-type":"","background-media":"","overlay-type":"","overlay-color":"","overlay-opacity":"","overlay-gradient":""},"tablet":{"background-color":"var(--ast-global-color-5)","background-image":"","background-repeat":"repeat","background-position":"center center","background-size":"auto","background-attachment":"scroll","background-type":"","background-media":"","overlay-type":"","overlay-color":"","overlay-opacity":"","overlay-gradient":""},"mobile":{"background-color":"var(--ast-global-color-5)","background-image":"","background-repeat":"repeat","background-position":"center center","background-size":"auto","background-attachment":"scroll","background-type":"","background-media":"","overlay-type":"","overlay-color":"","overlay-opacity":"","overlay-gradient":""}}},"pwb-brand":[332],"product_brand":[],"product_cat":[410,878],"product_tag":[],"class_list":{"0":"post-6498","1":"product","2":"type-product","3":"status-publish","4":"has-post-thumbnail","6":"pwb-brand-victron","7":"product_cat-material-electrico","8":"product_cat-cables-victron","9":"desktop-align-left","10":"tablet-align-left","11":"mobile-align-left","12":"ast-product-gallery-layout-horizontal-slider","13":"ast-product-tabs-layout-horizontal","15":"first","16":"instock","17":"taxable","18":"shipping-taxable","19":"purchasable","20":"product-type-simple"},"wcpa_form_fields":null,"brands":[{"id":332,"name":"Victron Energie","slug":"victron"}],"_links":{"self":[{"href":"https:\/\/fvcomponentes.com\/de\/wp-json\/wp\/v2\/product\/6498","targetHints":{"allow":["GET"]}}],"collection":[{"href":"https:\/\/fvcomponentes.com\/de\/wp-json\/wp\/v2\/product"}],"about":[{"href":"https:\/\/fvcomponentes.com\/de\/wp-json\/wp\/v2\/types\/product"}],"replies":[{"embeddable":true,"href":"https:\/\/fvcomponentes.com\/de\/wp-json\/wp\/v2\/comments?post=6498"}],"wp:featuredmedia":[{"embeddable":true,"href":"https:\/\/fvcomponentes.com\/de\/wp-json\/wp\/v2\/media\/6500"}],"wp:attachment":[{"href":"https:\/\/fvcomponentes.com\/de\/wp-json\/wp\/v2\/media?parent=6498"}],"wp:term":[{"taxonomy":"pwb-brand","embeddable":true,"href":"https:\/\/fvcomponentes.com\/de\/wp-json\/wp\/v2\/pwb-brand?post=6498"},{"taxonomy":"product_brand","embeddable":true,"href":"https:\/\/fvcomponentes.com\/de\/wp-json\/wp\/v2\/product_brand?post=6498"},{"taxonomy":"product_cat","embeddable":true,"href":"https:\/\/fvcomponentes.com\/de\/wp-json\/wp\/v2\/product_cat?post=6498"},{"taxonomy":"product_tag","embeddable":true,"href":"https:\/\/fvcomponentes.com\/de\/wp-json\/wp\/v2\/product_tag?post=6498"}],"curies":[{"name":"wp","href":"https:\/\/api.w.org\/{rel}","templated":true}]}}