{"id":6489,"date":"2024-01-19T19:31:08","date_gmt":"2024-01-19T18:31:08","guid":{"rendered":"https:\/\/fvcomponentes.com\/?post_type=product&#038;p=6489"},"modified":"2026-04-08T21:28:21","modified_gmt":"2026-04-08T19:28:21","slug":"victron-ve-bus-lichtmaschine-steuerleitung-von-ve-bus-zu-bms-12-200-ass030510120","status":"publish","type":"product","link":"https:\/\/fvcomponentes.com\/de\/producto\/cable-victron-de-control-del-alternador-de-ve-bus-a-bms-12-200-ass030510120\/","title":{"rendered":"Victron Lichtmaschinen-Steuerkabel von VE.Bus zu BMS 12-200 - ASS030510120"},"content":{"rendered":"<ul>\n<li>Das Kabel <a href=\"https:\/\/www.victronenergy.com.es\/\" target=\"_blank\" rel=\"noopener\">Victron<\/a> VE.Bus Alternator Control Cable to BMS 12-200 ist ein spezielles Kabel, das zum Anschluss und zur Kommunikation zwischen einer Lichtmaschine und dem Victron BMS 12-200 Batteriemanagementsystem \u00fcber das VE.Bus System verwendet wird.<\/li>\n<li>VE.Bus ist ein von Victron entwickeltes Kommunikations- und Steuersystem, das die elektronischen Ger\u00e4te miteinander verbindet und die \u00dcberwachung und Steuerung der verschiedenen Energiekomponenten einer Anlage erm\u00f6glicht. Die Website <a href=\"https:\/\/fvcomponentes.com\/de\/produkt\/smart-bms-victron-12-200-bms210055000\/\" target=\"_blank\" rel=\"noopener\">BMS 12-200<\/a> ist ein 12V 200A Batteriemanagementsystem zur \u00dcberwachung und zum Schutz von Batterien in einem Energiespeichersystem.<\/li>\n<li>Das Victron VE.Bus zu BMS 12-200 Lichtmaschinen-Steuerkabel kann in Konfigurationen ben\u00f6tigt werden, in denen eine Lichtmaschine zum Laden der Batterien verwendet wird, als Teil eines hybriden Stromsystems, in dem Strom sowohl aus Solarstromquellen als auch aus einer Fahrzeuglichtmaschine oder einem Generator erzeugt wird.<\/li>\n<li>Das Lichtmaschinen-Steuerkabel w\u00fcrde es dem BMS 12-200-System erm\u00f6glichen, das Laden der Batterien durch die Lichtmaschine zu \u00fcberwachen und zu steuern, was wichtig ist, um ein sicheres und effizientes Laden der Batterien zu gew\u00e4hrleisten und Sch\u00e4den oder \u00dcberladung zu vermeiden.<\/li>\n<\/ul>","protected":false},"excerpt":{"rendered":"<p>Lichtmaschinen-Steuerkabel von VE.Bus zu BMS 12-200<\/p>","protected":false},"featured_media":6490,"comment_status":"open","ping_status":"closed","template":"","meta":{"site-sidebar-layout":"default","site-content-layout":"default","ast-site-content-layout":"default","site-content-style":"default","site-sidebar-style":"default","ast-global-header-display":"","ast-banner-title-visibility":"","ast-main-header-display":"","ast-hfb-above-header-display":"","ast-hfb-below-header-display":"","ast-hfb-mobile-header-display":"","site-post-title":"","ast-breadcrumbs-content":"","ast-featured-img":"","footer-sml-layout":"","ast-disable-related-posts":"","theme-transparent-header-meta":"default","adv-header-id-meta":"","stick-header-meta":"","header-above-stick-meta":"","header-main-stick-meta":"","header-below-stick-meta":"","astra-migrate-meta-layouts":"set","ast-page-background-enabled":"default","ast-page-background-meta":{"desktop":{"background-color":"var(--ast-global-color-4)","background-image":"","background-repeat":"repeat","background-position":"center center","background-size":"auto","background-attachment":"scroll","background-type":"","background-media":"","overlay-type":"","overlay-color":"","overlay-opacity":"","overlay-gradient":""},"tablet":{"background-color":"","background-image":"","background-repeat":"repeat","background-position":"center center","background-size":"auto","background-attachment":"scroll","background-type":"","background-media":"","overlay-type":"","overlay-color":"","overlay-opacity":"","overlay-gradient":""},"mobile":{"background-color":"","background-image":"","background-repeat":"repeat","background-position":"center center","background-size":"auto","background-attachment":"scroll","background-type":"","background-media":"","overlay-type":"","overlay-color":"","overlay-opacity":"","overlay-gradient":""}},"ast-content-background-meta":{"desktop":{"background-color":"var(--ast-global-color-5)","background-image":"","background-repeat":"repeat","background-position":"center center","background-size":"auto","background-attachment":"scroll","background-type":"","background-media":"","overlay-type":"","overlay-color":"","overlay-opacity":"","overlay-gradient":""},"tablet":{"background-color":"var(--ast-global-color-5)","background-image":"","background-repeat":"repeat","background-position":"center center","background-size":"auto","background-attachment":"scroll","background-type":"","background-media":"","overlay-type":"","overlay-color":"","overlay-opacity":"","overlay-gradient":""},"mobile":{"background-color":"var(--ast-global-color-5)","background-image":"","background-repeat":"repeat","background-position":"center center","background-size":"auto","background-attachment":"scroll","background-type":"","background-media":"","overlay-type":"","overlay-color":"","overlay-opacity":"","overlay-gradient":""}}},"pwb-brand":[332],"product_brand":[],"product_cat":[410,878],"product_tag":[],"class_list":{"0":"post-6489","1":"product","2":"type-product","3":"status-publish","4":"has-post-thumbnail","6":"pwb-brand-victron","7":"product_cat-material-electrico","8":"product_cat-cables-victron","9":"desktop-align-left","10":"tablet-align-left","11":"mobile-align-left","12":"ast-product-gallery-layout-horizontal-slider","13":"ast-product-gallery-with-no-image","14":"ast-product-tabs-layout-horizontal","16":"first","17":"instock","18":"taxable","19":"shipping-taxable","20":"purchasable","21":"product-type-simple"},"wcpa_form_fields":null,"brands":[{"id":332,"name":"Victron Energie","slug":"victron"}],"_links":{"self":[{"href":"https:\/\/fvcomponentes.com\/de\/wp-json\/wp\/v2\/product\/6489","targetHints":{"allow":["GET"]}}],"collection":[{"href":"https:\/\/fvcomponentes.com\/de\/wp-json\/wp\/v2\/product"}],"about":[{"href":"https:\/\/fvcomponentes.com\/de\/wp-json\/wp\/v2\/types\/product"}],"replies":[{"embeddable":true,"href":"https:\/\/fvcomponentes.com\/de\/wp-json\/wp\/v2\/comments?post=6489"}],"wp:featuredmedia":[{"embeddable":true,"href":"https:\/\/fvcomponentes.com\/de\/wp-json\/wp\/v2\/media\/6490"}],"wp:attachment":[{"href":"https:\/\/fvcomponentes.com\/de\/wp-json\/wp\/v2\/media?parent=6489"}],"wp:term":[{"taxonomy":"pwb-brand","embeddable":true,"href":"https:\/\/fvcomponentes.com\/de\/wp-json\/wp\/v2\/pwb-brand?post=6489"},{"taxonomy":"product_brand","embeddable":true,"href":"https:\/\/fvcomponentes.com\/de\/wp-json\/wp\/v2\/product_brand?post=6489"},{"taxonomy":"product_cat","embeddable":true,"href":"https:\/\/fvcomponentes.com\/de\/wp-json\/wp\/v2\/product_cat?post=6489"},{"taxonomy":"product_tag","embeddable":true,"href":"https:\/\/fvcomponentes.com\/de\/wp-json\/wp\/v2\/product_tag?post=6489"}],"curies":[{"name":"wp","href":"https:\/\/api.w.org\/{rel}","templated":true}]}}