{"id":6469,"date":"2023-10-10T16:50:46","date_gmt":"2023-10-10T14:50:46","guid":{"rendered":"https:\/\/fvcomponentes.com\/?post_type=product&#038;p=6469"},"modified":"2026-01-15T10:02:32","modified_gmt":"2026-01-15T09:02:32","slug":"victron-kabel-von-ve-can-zu-can-bus-fur-bms-typ-a-18m-ass030710018","status":"publish","type":"product","link":"https:\/\/fvcomponentes.com\/de\/producto\/cable-victron-de-ve-can-a-can-bus-para-bms-tipo-a-18m-ass030710018\/","title":{"rendered":"Victron VE.Can zu CAN-Bus Kabel f\u00fcr BMS Typ A 1,8m - ASS030710018"},"content":{"rendered":"<h2>Eigenschaften des Victron VE.Can zu CAN-Bus Kabel f\u00fcr BMS Typ A 1,8m - ASS030710018<\/h2>\n<ul>\n<li>Verwenden Sie dieses Kabel, um eine CAN-Bus-f\u00e4hige Batterie einer anderen Marke als Victron an ein Victron-System anzuschlie\u00dfen.<\/li>\n<li>Verwenden Sie diese VE.Can-zu-CAN-Bus-Kabel, um eine CAN-Bus-f\u00e4hige Batterie an ein GX-Ger\u00e4t anzuschlie\u00dfen, wie z. B. den <a href=\"https:\/\/fvcomponentes.com\/de\/produkt\/victron-cerbo-gx-mk2-bpp900451100-victron-cerbo-mk2-monitor\/\" target=\"_blank\" rel=\"noopener\">Victron Cerbo GX MK2 \u00dcberwachung - BPP900451100<\/a><\/li>\n<li>Kompatible Modelle:\n<ul>\n<li><a href=\"https:\/\/fvcomponentes.com\/de\/marke\/byd\/\" target=\"_blank\" rel=\"noopener\">BYD-Box-Batterien<\/a><\/li>\n<li>Pylontech:\n<ul>\n<li><a href=\"https:\/\/fvcomponentes.com\/de\/produkt\/lithium-batterie-2-4-kwh-pylontech-us2000c-48-v\/\" target=\"_blank\" rel=\"noopener\">Pylontech Lithium-Batterie 2.4kWh - US2000C 48V<\/a><\/li>\n<li><a href=\"https:\/\/fvcomponentes.com\/de\/produkt\/lithium-batterie-3-6kwh-pylontech-us3000c-48v\/\" target=\"_blank\" rel=\"noopener\">Pylontech Lithium-Batterie 3.6kWh - US3000C 48V<\/a><\/li>\n<li><a href=\"https:\/\/fvcomponentes.com\/de\/produkt\/lithium-batterie-4-8kwh-pylontech-us5000-48v\/\" target=\"_blank\" rel=\"noopener\">Pylontech Lithium-Batterie 4.8kWh - US5000 48V<\/a><\/li>\n<li>UP5000<\/li>\n<li>Kraft-L<\/li>\n<\/ul>\n<\/li>\n<\/ul>\n<\/li>\n<\/ul>\n<p>Konsultieren Sie die\u00a0<a href=\"https:\/\/fvcomponentes.com\/wp-content\/uploads\/2024\/09\/Cableado-sin-limites-Victron.pdf\" target=\"_blank\" rel=\"noopener\">Handbuch<\/a>\u00a0f\u00fcr weitere Informationen dar\u00fcber, welches Kabel Sie je nach Marke Ihrer Batterie verwenden sollten.<\/p>\n<h2>Datenblatt Victron VE.Can zu CAN-Bus Kabel f\u00fcr BMS Typ A 1,8m - ASS030710018<\/h2>\n<p><a href=\"https:\/\/fvcomponentes.com\/wp-content\/uploads\/2025\/09\/ve.can_to_can-bus_bms_cables_manual.pdf\" target=\"_blank\" rel=\"noopener\">Siehe Datenblatt f\u00fcr das Victron VE.Can zu CAN-Bus Kabel f\u00fcr BMS Typ A 1,8m - ASS030710018<\/a><\/p>","protected":false},"excerpt":{"rendered":"<p><strong>L\u00e4nge:<\/strong> 1,8 m<\/p>","protected":false},"featured_media":6470,"comment_status":"open","ping_status":"closed","template":"","meta":{"site-sidebar-layout":"default","site-content-layout":"default","ast-site-content-layout":"default","site-content-style":"default","site-sidebar-style":"default","ast-global-header-display":"","ast-banner-title-visibility":"","ast-main-header-display":"","ast-hfb-above-header-display":"","ast-hfb-below-header-display":"","ast-hfb-mobile-header-display":"","site-post-title":"","ast-breadcrumbs-content":"","ast-featured-img":"","footer-sml-layout":"","ast-disable-related-posts":"","theme-transparent-header-meta":"default","adv-header-id-meta":"","stick-header-meta":"","header-above-stick-meta":"","header-main-stick-meta":"","header-below-stick-meta":"","astra-migrate-meta-layouts":"set","ast-page-background-enabled":"default","ast-page-background-meta":{"desktop":{"background-color":"var(--ast-global-color-4)","background-image":"","background-repeat":"repeat","background-position":"center center","background-size":"auto","background-attachment":"scroll","background-type":"","background-media":"","overlay-type":"","overlay-color":"","overlay-opacity":"","overlay-gradient":""},"tablet":{"background-color":"","background-image":"","background-repeat":"repeat","background-position":"center center","background-size":"auto","background-attachment":"scroll","background-type":"","background-media":"","overlay-type":"","overlay-color":"","overlay-opacity":"","overlay-gradient":""},"mobile":{"background-color":"","background-image":"","background-repeat":"repeat","background-position":"center center","background-size":"auto","background-attachment":"scroll","background-type":"","background-media":"","overlay-type":"","overlay-color":"","overlay-opacity":"","overlay-gradient":""}},"ast-content-background-meta":{"desktop":{"background-color":"var(--ast-global-color-5)","background-image":"","background-repeat":"repeat","background-position":"center center","background-size":"auto","background-attachment":"scroll","background-type":"","background-media":"","overlay-type":"","overlay-color":"","overlay-opacity":"","overlay-gradient":""},"tablet":{"background-color":"var(--ast-global-color-5)","background-image":"","background-repeat":"repeat","background-position":"center center","background-size":"auto","background-attachment":"scroll","background-type":"","background-media":"","overlay-type":"","overlay-color":"","overlay-opacity":"","overlay-gradient":""},"mobile":{"background-color":"var(--ast-global-color-5)","background-image":"","background-repeat":"repeat","background-position":"center center","background-size":"auto","background-attachment":"scroll","background-type":"","background-media":"","overlay-type":"","overlay-color":"","overlay-opacity":"","overlay-gradient":""}}},"pwb-brand":[332],"product_brand":[],"product_cat":[391,341,340,878],"product_tag":[],"class_list":{"0":"post-6469","1":"product","2":"type-product","3":"status-publish","4":"has-post-thumbnail","6":"pwb-brand-victron","7":"product_cat-accesorios-para-baterias","8":"product_cat-baterias-litio-48v","9":"product_cat-baterias","10":"product_cat-cables-victron","11":"desktop-align-left","12":"tablet-align-left","13":"mobile-align-left","14":"ast-product-gallery-layout-horizontal-slider","15":"ast-product-gallery-with-no-image","16":"ast-product-tabs-layout-horizontal","18":"first","19":"outofstock","20":"taxable","21":"shipping-taxable","22":"purchasable","23":"product-type-simple"},"wcpa_form_fields":null,"brands":[{"id":332,"name":"Victron Energie","slug":"victron"}],"_links":{"self":[{"href":"https:\/\/fvcomponentes.com\/de\/wp-json\/wp\/v2\/product\/6469","targetHints":{"allow":["GET"]}}],"collection":[{"href":"https:\/\/fvcomponentes.com\/de\/wp-json\/wp\/v2\/product"}],"about":[{"href":"https:\/\/fvcomponentes.com\/de\/wp-json\/wp\/v2\/types\/product"}],"replies":[{"embeddable":true,"href":"https:\/\/fvcomponentes.com\/de\/wp-json\/wp\/v2\/comments?post=6469"}],"wp:featuredmedia":[{"embeddable":true,"href":"https:\/\/fvcomponentes.com\/de\/wp-json\/wp\/v2\/media\/6470"}],"wp:attachment":[{"href":"https:\/\/fvcomponentes.com\/de\/wp-json\/wp\/v2\/media?parent=6469"}],"wp:term":[{"taxonomy":"pwb-brand","embeddable":true,"href":"https:\/\/fvcomponentes.com\/de\/wp-json\/wp\/v2\/pwb-brand?post=6469"},{"taxonomy":"product_brand","embeddable":true,"href":"https:\/\/fvcomponentes.com\/de\/wp-json\/wp\/v2\/product_brand?post=6469"},{"taxonomy":"product_cat","embeddable":true,"href":"https:\/\/fvcomponentes.com\/de\/wp-json\/wp\/v2\/product_cat?post=6469"},{"taxonomy":"product_tag","embeddable":true,"href":"https:\/\/fvcomponentes.com\/de\/wp-json\/wp\/v2\/product_tag?post=6469"}],"curies":[{"name":"wp","href":"https:\/\/api.w.org\/{rel}","templated":true}]}}