{"id":6458,"date":"2024-01-19T19:31:05","date_gmt":"2024-01-19T18:31:05","guid":{"rendered":"https:\/\/fvcomponentes.com\/?post_type=product&#038;p=6458"},"modified":"2026-01-15T10:04:03","modified_gmt":"2026-01-15T09:04:03","slug":"victron-kabel-mit-m8-stecker-buchse-3-polig-rundsteckverbinder-2-m-ass030560200","status":"publish","type":"product","link":"https:\/\/fvcomponentes.com\/de\/producto\/cable-victron-con-conector-circular-m8-macho-hembra-de-3-polos-2-m-ass030560200\/","title":{"rendered":"Victron Kabel mit 3-poligem Stecker\/Buchse M8 Rundsteckverbinder 2 m - ASS030560200"},"content":{"rendered":"<p>Das Victron-Kabel mit M8-Stecker\/Buchse, 3-polig und 2 Meter lang, ist eine Komponente, die in Strom- und Batteriesystemen verwendet wird, insbesondere in Anwendungen von <a href=\"https:\/\/www.victronenergy.com.es\/\" target=\"_blank\" rel=\"noopener\">Victron Energie<\/a>bekannt f\u00fcr seine Energie- und Elektronikprodukte.<\/p>\n<p>Dieses Kabel sorgt f\u00fcr sichere und zuverl\u00e4ssige elektrische Verbindungen zwischen Ger\u00e4ten in Strom- und Batteriesystemen. Es wird zum Anschluss von Wechselrichtern, Ladeger\u00e4ten, Solarladereglern und anderen Ger\u00e4ten in einem System verwendet.<\/p>\n<p>Er vereinfacht die Installation und den Anschluss der Komponenten, spart Zeit und vermeidet komplizierte elektrische Verbindungen. Dar\u00fcber hinaus bietet sein M8-Stecker eine sichere, wasserdichte Verbindung, ideal f\u00fcr Meeresumgebungen und Au\u00dfenanwendungen.<\/p>\n<p>Mit einer L\u00e4nge von 2 Metern bietet es Flexibilit\u00e4t bei der Platzierung von Systemkomponenten und ist mit Victron Energy Produkten kompatibel, um eine ordnungsgem\u00e4\u00dfe Integration und optimale Leistung zu gew\u00e4hrleisten.<\/p>\n<p>Kurz gesagt, das Victron-Kabel mit M8-Stecker\/Buchse, 3-polig, 2 Meter, ist unerl\u00e4sslich f\u00fcr die Herstellung sicherer und zuverl\u00e4ssiger elektrischer Verbindungen in Strom- und Batteriesystemen, insbesondere bei Anwendungen mit Victron Energy Produkten. Es vereinfacht die Installation und gew\u00e4hrleistet einen koordinierten Betrieb der Komponenten in einem System.<\/p>","protected":false},"excerpt":{"rendered":"<p><strong>L\u00e4nge:<\/strong> 2m<\/p>","protected":false},"featured_media":6456,"comment_status":"open","ping_status":"closed","template":"","meta":{"site-sidebar-layout":"default","site-content-layout":"default","ast-site-content-layout":"default","site-content-style":"default","site-sidebar-style":"default","ast-global-header-display":"","ast-banner-title-visibility":"","ast-main-header-display":"","ast-hfb-above-header-display":"","ast-hfb-below-header-display":"","ast-hfb-mobile-header-display":"","site-post-title":"","ast-breadcrumbs-content":"","ast-featured-img":"","footer-sml-layout":"","ast-disable-related-posts":"","theme-transparent-header-meta":"default","adv-header-id-meta":"","stick-header-meta":"","header-above-stick-meta":"","header-main-stick-meta":"","header-below-stick-meta":"","astra-migrate-meta-layouts":"set","ast-page-background-enabled":"default","ast-page-background-meta":{"desktop":{"background-color":"var(--ast-global-color-4)","background-image":"","background-repeat":"repeat","background-position":"center center","background-size":"auto","background-attachment":"scroll","background-type":"","background-media":"","overlay-type":"","overlay-color":"","overlay-opacity":"","overlay-gradient":""},"tablet":{"background-color":"","background-image":"","background-repeat":"repeat","background-position":"center center","background-size":"auto","background-attachment":"scroll","background-type":"","background-media":"","overlay-type":"","overlay-color":"","overlay-opacity":"","overlay-gradient":""},"mobile":{"background-color":"","background-image":"","background-repeat":"repeat","background-position":"center center","background-size":"auto","background-attachment":"scroll","background-type":"","background-media":"","overlay-type":"","overlay-color":"","overlay-opacity":"","overlay-gradient":""}},"ast-content-background-meta":{"desktop":{"background-color":"var(--ast-global-color-5)","background-image":"","background-repeat":"repeat","background-position":"center center","background-size":"auto","background-attachment":"scroll","background-type":"","background-media":"","overlay-type":"","overlay-color":"","overlay-opacity":"","overlay-gradient":""},"tablet":{"background-color":"var(--ast-global-color-5)","background-image":"","background-repeat":"repeat","background-position":"center center","background-size":"auto","background-attachment":"scroll","background-type":"","background-media":"","overlay-type":"","overlay-color":"","overlay-opacity":"","overlay-gradient":""},"mobile":{"background-color":"var(--ast-global-color-5)","background-image":"","background-repeat":"repeat","background-position":"center center","background-size":"auto","background-attachment":"scroll","background-type":"","background-media":"","overlay-type":"","overlay-color":"","overlay-opacity":"","overlay-gradient":""}}},"pwb-brand":[332],"product_brand":[],"product_cat":[410,878],"product_tag":[],"class_list":{"0":"post-6458","1":"product","2":"type-product","3":"status-publish","4":"has-post-thumbnail","6":"pwb-brand-victron","7":"product_cat-material-electrico","8":"product_cat-cables-victron","9":"desktop-align-left","10":"tablet-align-left","11":"mobile-align-left","12":"ast-product-gallery-layout-horizontal-slider","13":"ast-product-tabs-layout-horizontal","15":"first","16":"instock","17":"taxable","18":"shipping-taxable","19":"purchasable","20":"product-type-simple"},"wcpa_form_fields":null,"brands":[{"id":332,"name":"Victron Energie","slug":"victron"}],"_links":{"self":[{"href":"https:\/\/fvcomponentes.com\/de\/wp-json\/wp\/v2\/product\/6458","targetHints":{"allow":["GET"]}}],"collection":[{"href":"https:\/\/fvcomponentes.com\/de\/wp-json\/wp\/v2\/product"}],"about":[{"href":"https:\/\/fvcomponentes.com\/de\/wp-json\/wp\/v2\/types\/product"}],"replies":[{"embeddable":true,"href":"https:\/\/fvcomponentes.com\/de\/wp-json\/wp\/v2\/comments?post=6458"}],"wp:featuredmedia":[{"embeddable":true,"href":"https:\/\/fvcomponentes.com\/de\/wp-json\/wp\/v2\/media\/6456"}],"wp:attachment":[{"href":"https:\/\/fvcomponentes.com\/de\/wp-json\/wp\/v2\/media?parent=6458"}],"wp:term":[{"taxonomy":"pwb-brand","embeddable":true,"href":"https:\/\/fvcomponentes.com\/de\/wp-json\/wp\/v2\/pwb-brand?post=6458"},{"taxonomy":"product_brand","embeddable":true,"href":"https:\/\/fvcomponentes.com\/de\/wp-json\/wp\/v2\/product_brand?post=6458"},{"taxonomy":"product_cat","embeddable":true,"href":"https:\/\/fvcomponentes.com\/de\/wp-json\/wp\/v2\/product_cat?post=6458"},{"taxonomy":"product_tag","embeddable":true,"href":"https:\/\/fvcomponentes.com\/de\/wp-json\/wp\/v2\/product_tag?post=6458"}],"curies":[{"name":"wp","href":"https:\/\/api.w.org\/{rel}","templated":true}]}}