{"id":6448,"date":"2024-01-19T19:31:07","date_gmt":"2024-01-19T18:31:07","guid":{"rendered":"https:\/\/fvcomponentes.com\/?post_type=product&#038;p=6448"},"modified":"2026-01-15T10:04:00","modified_gmt":"2026-01-15T09:04:00","slug":"victron-kabel-mit-m8-stecker-buchse-3-polig-rundsteckverbinder-1-m-ass030560100","status":"publish","type":"product","link":"https:\/\/fvcomponentes.com\/de\/producto\/cable-victron-con-conector-circular-m8-macho-hembra-de-3-polos-1-m-ass030560100\/","title":{"rendered":"Victron Kabel mit 3-poligem Stecker\/Buchse M8 Rundsteckverbinder 1 m - ASS030560100"},"content":{"rendered":"<div class=\"productDetail__content-desc\">\n<h2>Kabel <a href=\"https:\/\/www.victronenergy.com.es\/\" target=\"_blank\" rel=\"noopener\">Victron<\/a> mit 3-poligem Stecker\/Buchse M8 Rundsteckverbinder 1 m<\/h2>\n<ul>\n<li>Dieses vielseitige Victron 3-polige M8-Rundsteckerkabel mit Stecker\/Buchse wurde speziell f\u00fcr die Erweiterung der Kommunikation des Batteriemanagementsystems (BMS) in Anwendungen mit intelligenten Lithiumbatterien entwickelt. Seine F\u00e4higkeit, die Verbindung zwischen der Smart-Lithium-Batterie und dem BMS zu verl\u00e4ngern, bietet mehr Flexibilit\u00e4t bei der Installation und dem Design von Energiemanagementsystemen.<\/li>\n<li>Das Victron-Kabel mit M8-Stecker\/Buchse, 3-poliger Rundsteckverbinder, 1 m, ist in einer praktischen Tasche mit 2 St\u00fcck verpackt und somit leicht zu transportieren. So k\u00f6nnen Industrieprofis und Elektronikbastler die ben\u00f6tigten Verl\u00e4ngerungskabel m\u00fchelos mit sich f\u00fchren, sei es f\u00fcr Wartung, Reparatur oder Erstinstallation.<\/li>\n<li>Die Verf\u00fcgbarkeit dieses Kabels in einer Vielzahl von L\u00e4ngen, darunter 1, 2, 3 und 5 Meter, stellt sicher, dass die Benutzer Optionen haben, die ihren spezifischen Bed\u00fcrfnissen entsprechen. Ganz gleich, ob Sie an einem gro\u00dfen Projekt arbeiten, das eine lange Verl\u00e4ngerung erfordert, oder an einer kleineren Anwendung, f\u00fcr die Sie nur ein paar Meter ben\u00f6tigen - mit diesem Kabel sind Sie bestens ger\u00fcstet.<\/li>\n<li>Die Qualit\u00e4t und Haltbarkeit dieses Kabels ist bemerkenswert und macht es zu einer zuverl\u00e4ssigen Wahl f\u00fcr Anwendungen, die eine genaue und sichere Daten\u00fcbertragung zwischen der Smart Lithium Battery und dem BMS erfordern. Seine robuste Konstruktion gew\u00e4hrleistet eine stabile Verbindung mit geringem Risiko von St\u00f6rungen.<\/li>\n<\/ul>\n<\/div>\n<div class=\"productDetail__content-footer\">\n<div class=\"productDetail__content-footer-column productDetail__content-footer-column--vrm\"><\/div>\n<\/div>","protected":false},"excerpt":{"rendered":"<p><strong>L\u00e4nge:<\/strong> 1 m<\/p>","protected":false},"featured_media":6456,"comment_status":"open","ping_status":"closed","template":"","meta":{"site-sidebar-layout":"default","site-content-layout":"default","ast-site-content-layout":"default","site-content-style":"default","site-sidebar-style":"default","ast-global-header-display":"","ast-banner-title-visibility":"","ast-main-header-display":"","ast-hfb-above-header-display":"","ast-hfb-below-header-display":"","ast-hfb-mobile-header-display":"","site-post-title":"","ast-breadcrumbs-content":"","ast-featured-img":"","footer-sml-layout":"","ast-disable-related-posts":"","theme-transparent-header-meta":"default","adv-header-id-meta":"","stick-header-meta":"","header-above-stick-meta":"","header-main-stick-meta":"","header-below-stick-meta":"","astra-migrate-meta-layouts":"set","ast-page-background-enabled":"default","ast-page-background-meta":{"desktop":{"background-color":"var(--ast-global-color-4)","background-image":"","background-repeat":"repeat","background-position":"center center","background-size":"auto","background-attachment":"scroll","background-type":"","background-media":"","overlay-type":"","overlay-color":"","overlay-opacity":"","overlay-gradient":""},"tablet":{"background-color":"","background-image":"","background-repeat":"repeat","background-position":"center center","background-size":"auto","background-attachment":"scroll","background-type":"","background-media":"","overlay-type":"","overlay-color":"","overlay-opacity":"","overlay-gradient":""},"mobile":{"background-color":"","background-image":"","background-repeat":"repeat","background-position":"center center","background-size":"auto","background-attachment":"scroll","background-type":"","background-media":"","overlay-type":"","overlay-color":"","overlay-opacity":"","overlay-gradient":""}},"ast-content-background-meta":{"desktop":{"background-color":"var(--ast-global-color-5)","background-image":"","background-repeat":"repeat","background-position":"center center","background-size":"auto","background-attachment":"scroll","background-type":"","background-media":"","overlay-type":"","overlay-color":"","overlay-opacity":"","overlay-gradient":""},"tablet":{"background-color":"var(--ast-global-color-5)","background-image":"","background-repeat":"repeat","background-position":"center center","background-size":"auto","background-attachment":"scroll","background-type":"","background-media":"","overlay-type":"","overlay-color":"","overlay-opacity":"","overlay-gradient":""},"mobile":{"background-color":"var(--ast-global-color-5)","background-image":"","background-repeat":"repeat","background-position":"center center","background-size":"auto","background-attachment":"scroll","background-type":"","background-media":"","overlay-type":"","overlay-color":"","overlay-opacity":"","overlay-gradient":""}}},"pwb-brand":[332],"product_brand":[],"product_cat":[410,878],"product_tag":[],"class_list":{"0":"post-6448","1":"product","2":"type-product","3":"status-publish","4":"has-post-thumbnail","6":"pwb-brand-victron","7":"product_cat-material-electrico","8":"product_cat-cables-victron","9":"desktop-align-left","10":"tablet-align-left","11":"mobile-align-left","12":"ast-product-gallery-layout-horizontal-slider","13":"ast-product-tabs-layout-horizontal","15":"first","16":"instock","17":"taxable","18":"shipping-taxable","19":"purchasable","20":"product-type-simple"},"wcpa_form_fields":null,"brands":[{"id":332,"name":"Victron Energie","slug":"victron"}],"_links":{"self":[{"href":"https:\/\/fvcomponentes.com\/de\/wp-json\/wp\/v2\/product\/6448","targetHints":{"allow":["GET"]}}],"collection":[{"href":"https:\/\/fvcomponentes.com\/de\/wp-json\/wp\/v2\/product"}],"about":[{"href":"https:\/\/fvcomponentes.com\/de\/wp-json\/wp\/v2\/types\/product"}],"replies":[{"embeddable":true,"href":"https:\/\/fvcomponentes.com\/de\/wp-json\/wp\/v2\/comments?post=6448"}],"wp:featuredmedia":[{"embeddable":true,"href":"https:\/\/fvcomponentes.com\/de\/wp-json\/wp\/v2\/media\/6456"}],"wp:attachment":[{"href":"https:\/\/fvcomponentes.com\/de\/wp-json\/wp\/v2\/media?parent=6448"}],"wp:term":[{"taxonomy":"pwb-brand","embeddable":true,"href":"https:\/\/fvcomponentes.com\/de\/wp-json\/wp\/v2\/pwb-brand?post=6448"},{"taxonomy":"product_brand","embeddable":true,"href":"https:\/\/fvcomponentes.com\/de\/wp-json\/wp\/v2\/product_brand?post=6448"},{"taxonomy":"product_cat","embeddable":true,"href":"https:\/\/fvcomponentes.com\/de\/wp-json\/wp\/v2\/product_cat?post=6448"},{"taxonomy":"product_tag","embeddable":true,"href":"https:\/\/fvcomponentes.com\/de\/wp-json\/wp\/v2\/product_tag?post=6448"}],"curies":[{"name":"wp","href":"https:\/\/api.w.org\/{rel}","templated":true}]}}