{"id":6444,"date":"2024-01-19T19:31:18","date_gmt":"2024-01-19T18:31:18","guid":{"rendered":"https:\/\/fvcomponentes.com\/?post_type=product&#038;p=6444"},"modified":"2026-04-08T21:27:03","modified_gmt":"2026-04-08T19:27:03","slug":"victron-ve-direktes-kabel-18m-einseitig-rechtwinkliger-stecker-ass030531218","status":"publish","type":"product","link":"https:\/\/fvcomponentes.com\/de\/producto\/cable-victron-ve-direct-18m-un-lado-conector-en-angulo-recto-ass030531218\/","title":{"rendered":"Victron VE.Direct 1,8m Kabel (einseitig abgewinkelter Stecker) - ASS030531218"},"content":{"rendered":"<p>Das Schnittstellenkabel <a href=\"https:\/\/www.victronenergy.com\/\" target=\"_blank\" rel=\"noopener\">Victron Energ<\/a>und VE Direct ist ein unverzichtbarer Bestandteil der Ausr\u00fcstung in der Welt der Solarenergie und der \u00dcberwachung elektrischer Systeme. Mit einer L\u00e4nge von 1,8 Metern (ca. 6 Fu\u00df) wurde dieses Kabel speziell f\u00fcr eine Vielzahl von Anwendungen entwickelt, einschlie\u00dflich des Anschlusses an die Energiez\u00e4hler BMV700 und BMV702 sowie an die meisten MPPT-Solarladeregler und das <a href=\"https:\/\/fvcomponentes.com\/de\/produkt\/victron-farbkontrolle-gx-display\/\" target=\"_blank\" rel=\"noopener\">Farbsteuerung GX<\/a> von Victron Energy.<\/p>\n<p>Das Victron VE. Direct Cable erm\u00f6glicht eine effiziente und zuverl\u00e4ssige Kommunikation zwischen diesen Ger\u00e4ten und den Steuereinheiten, was f\u00fcr eine genaue \u00dcberwachung der Energiesysteme entscheidend ist. Im Falle der Energiez\u00e4hler BMV700 und <a href=\"https:\/\/fvcomponentes.com\/de\/produkt\/victron-bmv-702-batterie-monitor\/\" target=\"_blank\" rel=\"noopener\">BMV702<\/a>Dieses Kabel erleichtert die \u00dcbertragung von Schl\u00fcsseldaten, die eine Echtzeit-\u00dcberwachung des Batteriestatus und des Energieverbrauchs erm\u00f6glichen - wichtige Informationen f\u00fcr Wartung und Energieeffizienz.<\/p>\n<p>Bei MPPT-Solarladereglern sorgt das VE Direct Interface Cable f\u00fcr die \u00dcbertragung wichtiger Daten \u00fcber die Erzeugung und den Fluss der Solarenergie. Dies erm\u00f6glicht eine pr\u00e4zisere Steuerung der Batterieladung und eine h\u00f6here Effizienz bei der Umwandlung von Solarenergie in nutzbaren Strom.<\/p>\n<p>Das Color Control GX-Ger\u00e4t von Victron Energy ist eine fortschrittliche Steuereinheit, die die \u00dcberwachung und Verwaltung mehrerer Energiesysteme erm\u00f6glicht. Das VE Direct Interface Cable fungiert als wichtige Br\u00fccke zwischen diesem Ger\u00e4t und anderen Systemkomponenten und stellt sicher, dass Daten nahtlos \u00fcbertragen werden und fundierte Entscheidungen \u00fcber die Systemleistung getroffen werden k\u00f6nnen.<\/p>","protected":false},"excerpt":{"rendered":"<p>L\u00e4nge: 1,8 m<\/p>","protected":false},"featured_media":6442,"comment_status":"open","ping_status":"closed","template":"","meta":{"site-sidebar-layout":"default","site-content-layout":"default","ast-site-content-layout":"default","site-content-style":"default","site-sidebar-style":"default","ast-global-header-display":"","ast-banner-title-visibility":"","ast-main-header-display":"","ast-hfb-above-header-display":"","ast-hfb-below-header-display":"","ast-hfb-mobile-header-display":"","site-post-title":"","ast-breadcrumbs-content":"","ast-featured-img":"","footer-sml-layout":"","ast-disable-related-posts":"","theme-transparent-header-meta":"default","adv-header-id-meta":"","stick-header-meta":"","header-above-stick-meta":"","header-main-stick-meta":"","header-below-stick-meta":"","astra-migrate-meta-layouts":"set","ast-page-background-enabled":"default","ast-page-background-meta":{"desktop":{"background-color":"var(--ast-global-color-4)","background-image":"","background-repeat":"repeat","background-position":"center center","background-size":"auto","background-attachment":"scroll","background-type":"","background-media":"","overlay-type":"","overlay-color":"","overlay-opacity":"","overlay-gradient":""},"tablet":{"background-color":"","background-image":"","background-repeat":"repeat","background-position":"center center","background-size":"auto","background-attachment":"scroll","background-type":"","background-media":"","overlay-type":"","overlay-color":"","overlay-opacity":"","overlay-gradient":""},"mobile":{"background-color":"","background-image":"","background-repeat":"repeat","background-position":"center center","background-size":"auto","background-attachment":"scroll","background-type":"","background-media":"","overlay-type":"","overlay-color":"","overlay-opacity":"","overlay-gradient":""}},"ast-content-background-meta":{"desktop":{"background-color":"var(--ast-global-color-5)","background-image":"","background-repeat":"repeat","background-position":"center center","background-size":"auto","background-attachment":"scroll","background-type":"","background-media":"","overlay-type":"","overlay-color":"","overlay-opacity":"","overlay-gradient":""},"tablet":{"background-color":"var(--ast-global-color-5)","background-image":"","background-repeat":"repeat","background-position":"center center","background-size":"auto","background-attachment":"scroll","background-type":"","background-media":"","overlay-type":"","overlay-color":"","overlay-opacity":"","overlay-gradient":""},"mobile":{"background-color":"var(--ast-global-color-5)","background-image":"","background-repeat":"repeat","background-position":"center center","background-size":"auto","background-attachment":"scroll","background-type":"","background-media":"","overlay-type":"","overlay-color":"","overlay-opacity":"","overlay-gradient":""}}},"pwb-brand":[332],"product_brand":[],"product_cat":[878,410],"product_tag":[],"class_list":{"0":"post-6444","1":"product","2":"type-product","3":"status-publish","4":"has-post-thumbnail","6":"pwb-brand-victron","7":"product_cat-cables-victron","8":"product_cat-material-electrico","9":"desktop-align-left","10":"tablet-align-left","11":"mobile-align-left","12":"ast-product-gallery-layout-horizontal-slider","13":"ast-product-gallery-with-no-image","14":"ast-product-tabs-layout-horizontal","16":"first","17":"instock","18":"taxable","19":"shipping-taxable","20":"purchasable","21":"product-type-simple"},"wcpa_form_fields":null,"brands":[{"id":332,"name":"Victron Energie","slug":"victron"}],"_links":{"self":[{"href":"https:\/\/fvcomponentes.com\/de\/wp-json\/wp\/v2\/product\/6444","targetHints":{"allow":["GET"]}}],"collection":[{"href":"https:\/\/fvcomponentes.com\/de\/wp-json\/wp\/v2\/product"}],"about":[{"href":"https:\/\/fvcomponentes.com\/de\/wp-json\/wp\/v2\/types\/product"}],"replies":[{"embeddable":true,"href":"https:\/\/fvcomponentes.com\/de\/wp-json\/wp\/v2\/comments?post=6444"}],"wp:featuredmedia":[{"embeddable":true,"href":"https:\/\/fvcomponentes.com\/de\/wp-json\/wp\/v2\/media\/6442"}],"wp:attachment":[{"href":"https:\/\/fvcomponentes.com\/de\/wp-json\/wp\/v2\/media?parent=6444"}],"wp:term":[{"taxonomy":"pwb-brand","embeddable":true,"href":"https:\/\/fvcomponentes.com\/de\/wp-json\/wp\/v2\/pwb-brand?post=6444"},{"taxonomy":"product_brand","embeddable":true,"href":"https:\/\/fvcomponentes.com\/de\/wp-json\/wp\/v2\/product_brand?post=6444"},{"taxonomy":"product_cat","embeddable":true,"href":"https:\/\/fvcomponentes.com\/de\/wp-json\/wp\/v2\/product_cat?post=6444"},{"taxonomy":"product_tag","embeddable":true,"href":"https:\/\/fvcomponentes.com\/de\/wp-json\/wp\/v2\/product_tag?post=6444"}],"curies":[{"name":"wp","href":"https:\/\/api.w.org\/{rel}","templated":true}]}}