{"id":6423,"date":"2024-01-19T19:31:16","date_gmt":"2024-01-19T18:31:16","guid":{"rendered":"https:\/\/fvcomponentes.com\/?post_type=product&#038;p=6423"},"modified":"2026-04-08T21:27:18","modified_gmt":"2026-04-08T19:27:18","slug":"rj12-utp-victron-kabel-5m-ass030066050","status":"publish","type":"product","link":"https:\/\/fvcomponentes.com\/de\/producto\/rj12-utp-cable-victron-5-m-ass030066050\/","title":{"rendered":"RJ12 UTP Victron Kabel 5 m - ASS030066050"},"content":{"rendered":"<ul>\n<li>Die BMV-Batteriez\u00e4hler von <a href=\"https:\/\/www.victronenergy.com\/\" target=\"_blank\" rel=\"noopener\">Victron Energie<\/a> sind unverzichtbare Ger\u00e4te f\u00fcr die \u00dcberwachung und Steuerung der Energie in Batteriesystemen. Um ihren korrekten Betrieb zu gew\u00e4hrleisten, ist die Verbindung zwischen dem Shunt und der Haupteinheit unerl\u00e4sslich. Um diese Verbindung herzustellen, wird ein RJ12-Kabel verwendet.<\/li>\n<li>Dieses RJ12-Kabel ist standardm\u00e4\u00dfig im Lieferumfang jedes <a href=\"https:\/\/fvcomponentes.com\/de\/produkt\/victron-bmv-702-batterie-monitor\/\" target=\"_blank\" rel=\"noopener\">BMV-Batterie\u00fcberwachung<\/a>Das bedeutet, dass Sie beim Kauf eines dieser Ger\u00e4te bereits \u00fcber die notwendigen Mittel verf\u00fcgen, um die Kommunikation zwischen dem Shunt und dem Steuerger\u00e4t herzustellen. Die L\u00e4nge dieses Kabels ist jedoch nicht in allen F\u00e4llen geeignet, da die Installationsanforderungen variieren k\u00f6nnen.<\/li>\n<li>F\u00fcr Situationen, in denen das mitgelieferte Kabel zu lang oder zu kurz ist, bieten wir eine praktische L\u00f6sung. Die Ersatzkabel wurden in verschiedenen L\u00e4ngen von 0,3 bis 30 Metern konzipiert. So kann der Benutzer die Verbindung ohne Komplikationen an seine spezifischen Installationsanforderungen anpassen.<\/li>\n<li>Diese RJ12-Ersatzkabel sind von hoher Qualit\u00e4t und bieten eine hervorragende Daten\u00fcbertragung, die sicherstellt, dass die Informationen des Batteriemessger\u00e4ts genau und zuverl\u00e4ssig zwischen dem Shunt und dem BMV-Hauptger\u00e4t \u00fcbertragen werden. Dar\u00fcber hinaus bietet die Flexibilit\u00e4t bei der Wahl der L\u00e4nge eine erhebliche Vielseitigkeit bei der Installation dieser Systeme, sei es in Marineanwendungen, Wohnmobilen, Solarsystemen oder jeder anderen Umgebung, in der Victron Energy BMV-Batteriemonitore verwendet werden.<\/li>\n<\/ul>","protected":false},"excerpt":{"rendered":"<p>L\u00e4nge: 5 m<\/p>","protected":false},"featured_media":6418,"comment_status":"open","ping_status":"closed","template":"","meta":{"site-sidebar-layout":"default","site-content-layout":"default","ast-site-content-layout":"default","site-content-style":"default","site-sidebar-style":"default","ast-global-header-display":"","ast-banner-title-visibility":"","ast-main-header-display":"","ast-hfb-above-header-display":"","ast-hfb-below-header-display":"","ast-hfb-mobile-header-display":"","site-post-title":"","ast-breadcrumbs-content":"","ast-featured-img":"","footer-sml-layout":"","ast-disable-related-posts":"","theme-transparent-header-meta":"default","adv-header-id-meta":"","stick-header-meta":"","header-above-stick-meta":"","header-main-stick-meta":"","header-below-stick-meta":"","astra-migrate-meta-layouts":"set","ast-page-background-enabled":"default","ast-page-background-meta":{"desktop":{"background-color":"var(--ast-global-color-4)","background-image":"","background-repeat":"repeat","background-position":"center center","background-size":"auto","background-attachment":"scroll","background-type":"","background-media":"","overlay-type":"","overlay-color":"","overlay-opacity":"","overlay-gradient":""},"tablet":{"background-color":"","background-image":"","background-repeat":"repeat","background-position":"center center","background-size":"auto","background-attachment":"scroll","background-type":"","background-media":"","overlay-type":"","overlay-color":"","overlay-opacity":"","overlay-gradient":""},"mobile":{"background-color":"","background-image":"","background-repeat":"repeat","background-position":"center center","background-size":"auto","background-attachment":"scroll","background-type":"","background-media":"","overlay-type":"","overlay-color":"","overlay-opacity":"","overlay-gradient":""}},"ast-content-background-meta":{"desktop":{"background-color":"var(--ast-global-color-5)","background-image":"","background-repeat":"repeat","background-position":"center center","background-size":"auto","background-attachment":"scroll","background-type":"","background-media":"","overlay-type":"","overlay-color":"","overlay-opacity":"","overlay-gradient":""},"tablet":{"background-color":"var(--ast-global-color-5)","background-image":"","background-repeat":"repeat","background-position":"center center","background-size":"auto","background-attachment":"scroll","background-type":"","background-media":"","overlay-type":"","overlay-color":"","overlay-opacity":"","overlay-gradient":""},"mobile":{"background-color":"var(--ast-global-color-5)","background-image":"","background-repeat":"repeat","background-position":"center center","background-size":"auto","background-attachment":"scroll","background-type":"","background-media":"","overlay-type":"","overlay-color":"","overlay-opacity":"","overlay-gradient":""}}},"pwb-brand":[332],"product_brand":[],"product_cat":[410,878],"product_tag":[],"class_list":{"0":"post-6423","1":"product","2":"type-product","3":"status-publish","4":"has-post-thumbnail","6":"pwb-brand-victron","7":"product_cat-material-electrico","8":"product_cat-cables-victron","9":"desktop-align-left","10":"tablet-align-left","11":"mobile-align-left","12":"ast-product-gallery-layout-horizontal-slider","13":"ast-product-gallery-with-no-image","14":"ast-product-tabs-layout-horizontal","16":"first","17":"instock","18":"taxable","19":"shipping-taxable","20":"purchasable","21":"product-type-simple"},"wcpa_form_fields":null,"brands":[{"id":332,"name":"Victron Energie","slug":"victron"}],"_links":{"self":[{"href":"https:\/\/fvcomponentes.com\/de\/wp-json\/wp\/v2\/product\/6423","targetHints":{"allow":["GET"]}}],"collection":[{"href":"https:\/\/fvcomponentes.com\/de\/wp-json\/wp\/v2\/product"}],"about":[{"href":"https:\/\/fvcomponentes.com\/de\/wp-json\/wp\/v2\/types\/product"}],"replies":[{"embeddable":true,"href":"https:\/\/fvcomponentes.com\/de\/wp-json\/wp\/v2\/comments?post=6423"}],"wp:featuredmedia":[{"embeddable":true,"href":"https:\/\/fvcomponentes.com\/de\/wp-json\/wp\/v2\/media\/6418"}],"wp:attachment":[{"href":"https:\/\/fvcomponentes.com\/de\/wp-json\/wp\/v2\/media?parent=6423"}],"wp:term":[{"taxonomy":"pwb-brand","embeddable":true,"href":"https:\/\/fvcomponentes.com\/de\/wp-json\/wp\/v2\/pwb-brand?post=6423"},{"taxonomy":"product_brand","embeddable":true,"href":"https:\/\/fvcomponentes.com\/de\/wp-json\/wp\/v2\/product_brand?post=6423"},{"taxonomy":"product_cat","embeddable":true,"href":"https:\/\/fvcomponentes.com\/de\/wp-json\/wp\/v2\/product_cat?post=6423"},{"taxonomy":"product_tag","embeddable":true,"href":"https:\/\/fvcomponentes.com\/de\/wp-json\/wp\/v2\/product_tag?post=6423"}],"curies":[{"name":"wp","href":"https:\/\/api.w.org\/{rel}","templated":true}]}}