{"id":6421,"date":"2023-10-09T18:18:17","date_gmt":"2023-10-09T16:18:17","guid":{"rendered":"https:\/\/fvcomponentes.com\/?post_type=product&#038;p=6421"},"modified":"2026-01-15T10:02:10","modified_gmt":"2026-01-15T09:02:10","slug":"rj12-utp-kabel-victron-ass030066030","status":"publish","type":"product","link":"https:\/\/fvcomponentes.com\/de\/producto\/rj12-utp-cable-victron-ass030066030\/","title":{"rendered":"RJ12 UTP Victron Kabel 3 m - ASS03006603030"},"content":{"rendered":"<h2>Beschreibung RJ12 UTP-Kabel Victron 3 m<\/h2>\n<p>Das Victron RJ12 UTP-Kabel ist ein wesentlicher Bestandteil in der Welt der Batterie\u00fcberwachung und verbindet den BMV-Shunt mit dem BMV-Hauptger\u00e4t. Es wurde speziell f\u00fcr die Arbeit mit Modellen wie dem<a href=\"https:\/\/fvcomponentes.com\/de\/produkt\/victron-bmv-700-batterie-monitor\/\" target=\"_blank\" rel=\"noopener\"> BMV700<\/a> und die <a href=\"https:\/\/fvcomponentes.com\/de\/produkt\/victron-bmv-702-batterie-monitor\/\" target=\"_blank\" rel=\"noopener\">BMV702<\/a> von Victron Energy.<\/p>\n<p>Dieses kleine, aber leistungsstarke RJ12-Kabel bietet eine zuverl\u00e4ssige und vielseitige L\u00f6sung f\u00fcr alle, die eine optimale Leistung ihrer Batteriesysteme sicherstellen wollen.<\/p>\n<p>Dar\u00fcber hinaus ist ein BMV-Batteriemonitor ein wichtiges Instrument f\u00fcr Anwendungen, bei denen das Energiemanagement von entscheidender Bedeutung ist, wie z. B. bei Solaranlagen, Schiffen, Wohnmobilen und anderen autonomen Systemen. Seine Hauptfunktion besteht darin, den Batteriestatus zu messen und zu \u00fcberwachen und genaue Informationen \u00fcber Ladung, Entladung, Spannung und andere wichtige Parameter zu liefern. Damit diese Informationen die BMV-Haupteinheit genau und rechtzeitig erreichen, ist ein hochwertiges Kabel wie das Victron RJ12 UTP-Kabel erforderlich.<\/p>\n<p>Schlie\u00dflich ist dieses Kabel an beiden Enden mit RJ12-Steckern ausgestattet, die eine einfache Verbindung zwischen dem BMV-Shunt und dem BMV-Hauptger\u00e4t erm\u00f6glichen. RJ12-Stecker sind in Kommunikations- und Datenanwendungen \u00fcblich und gew\u00e4hrleisten eine zuverl\u00e4ssige und st\u00f6rungsfreie Verbindung. Au\u00dferdem verwendet das Kabel die UTP-Technologie (Unshielded Twisted Pair), die dazu beitr\u00e4gt, elektromagnetische St\u00f6rungen zu minimieren und eine stabile und genaue Daten\u00fcbertragung zu gew\u00e4hrleisten.<\/p>\n<ul>\n<li>Dieses praktische Victron RJ12 UTP-Kabel verbindet den BMV-Shunt mit dem BMV-Hauptger\u00e4t (BMV700 und BMV702).<\/li>\n<li>Ein RJ12-Kabel wird standardm\u00e4\u00dfig mit einem BMV-Batteriemonitor geliefert, aber wenn dieses Kabel zu lang oder zu kurz ist, kann es durch eines dieser Kabel ersetzt werden.<\/li>\n<li>1xRJ12-Stecker auf 1RJ12-Stecker<\/li>\n<li>L\u00e4nge 3 m<\/li>\n<\/ul>\n<p><em>Siehe andere Kabel, die Sie interessieren k\u00f6nnten <a href=\"https:\/\/fvcomponentes.com\/de\/?s=UTP&amp;post_type=product&amp;type_aws=true&amp;aws_id=1&amp;aws_filter=1\" target=\"_blank\" rel=\"noopener\">hier<\/a><\/em><\/p>","protected":false},"excerpt":{"rendered":"<p>1xRJ12-Stecker auf 1RJ12-Stecker<\/p>\n<p>L\u00e4nge 1,8 m<\/p>\n<p>Zur Verwendung mit den Batteriemonitoren BMV700 und BMV702.<\/p>","protected":false},"featured_media":6422,"comment_status":"open","ping_status":"closed","template":"","meta":{"site-sidebar-layout":"default","site-content-layout":"default","ast-site-content-layout":"default","site-content-style":"default","site-sidebar-style":"default","ast-global-header-display":"","ast-banner-title-visibility":"","ast-main-header-display":"","ast-hfb-above-header-display":"","ast-hfb-below-header-display":"","ast-hfb-mobile-header-display":"","site-post-title":"","ast-breadcrumbs-content":"","ast-featured-img":"","footer-sml-layout":"","ast-disable-related-posts":"","theme-transparent-header-meta":"default","adv-header-id-meta":"","stick-header-meta":"","header-above-stick-meta":"","header-main-stick-meta":"","header-below-stick-meta":"","astra-migrate-meta-layouts":"set","ast-page-background-enabled":"default","ast-page-background-meta":{"desktop":{"background-color":"var(--ast-global-color-4)","background-image":"","background-repeat":"repeat","background-position":"center center","background-size":"auto","background-attachment":"scroll","background-type":"","background-media":"","overlay-type":"","overlay-color":"","overlay-opacity":"","overlay-gradient":""},"tablet":{"background-color":"","background-image":"","background-repeat":"repeat","background-position":"center center","background-size":"auto","background-attachment":"scroll","background-type":"","background-media":"","overlay-type":"","overlay-color":"","overlay-opacity":"","overlay-gradient":""},"mobile":{"background-color":"","background-image":"","background-repeat":"repeat","background-position":"center center","background-size":"auto","background-attachment":"scroll","background-type":"","background-media":"","overlay-type":"","overlay-color":"","overlay-opacity":"","overlay-gradient":""}},"ast-content-background-meta":{"desktop":{"background-color":"var(--ast-global-color-5)","background-image":"","background-repeat":"repeat","background-position":"center center","background-size":"auto","background-attachment":"scroll","background-type":"","background-media":"","overlay-type":"","overlay-color":"","overlay-opacity":"","overlay-gradient":""},"tablet":{"background-color":"var(--ast-global-color-5)","background-image":"","background-repeat":"repeat","background-position":"center center","background-size":"auto","background-attachment":"scroll","background-type":"","background-media":"","overlay-type":"","overlay-color":"","overlay-opacity":"","overlay-gradient":""},"mobile":{"background-color":"var(--ast-global-color-5)","background-image":"","background-repeat":"repeat","background-position":"center center","background-size":"auto","background-attachment":"scroll","background-type":"","background-media":"","overlay-type":"","overlay-color":"","overlay-opacity":"","overlay-gradient":""}}},"pwb-brand":[332],"product_brand":[],"product_cat":[410,878],"product_tag":[],"class_list":{"0":"post-6421","1":"product","2":"type-product","3":"status-publish","4":"has-post-thumbnail","6":"pwb-brand-victron","7":"product_cat-material-electrico","8":"product_cat-cables-victron","9":"desktop-align-left","10":"tablet-align-left","11":"mobile-align-left","12":"ast-product-gallery-layout-horizontal-slider","13":"ast-product-gallery-with-no-image","14":"ast-product-tabs-layout-horizontal","16":"first","17":"instock","18":"taxable","19":"shipping-taxable","20":"purchasable","21":"product-type-simple"},"wcpa_form_fields":null,"brands":[{"id":332,"name":"Victron Energie","slug":"victron"}],"_links":{"self":[{"href":"https:\/\/fvcomponentes.com\/de\/wp-json\/wp\/v2\/product\/6421","targetHints":{"allow":["GET"]}}],"collection":[{"href":"https:\/\/fvcomponentes.com\/de\/wp-json\/wp\/v2\/product"}],"about":[{"href":"https:\/\/fvcomponentes.com\/de\/wp-json\/wp\/v2\/types\/product"}],"replies":[{"embeddable":true,"href":"https:\/\/fvcomponentes.com\/de\/wp-json\/wp\/v2\/comments?post=6421"}],"wp:featuredmedia":[{"embeddable":true,"href":"https:\/\/fvcomponentes.com\/de\/wp-json\/wp\/v2\/media\/6422"}],"wp:attachment":[{"href":"https:\/\/fvcomponentes.com\/de\/wp-json\/wp\/v2\/media?parent=6421"}],"wp:term":[{"taxonomy":"pwb-brand","embeddable":true,"href":"https:\/\/fvcomponentes.com\/de\/wp-json\/wp\/v2\/pwb-brand?post=6421"},{"taxonomy":"product_brand","embeddable":true,"href":"https:\/\/fvcomponentes.com\/de\/wp-json\/wp\/v2\/product_brand?post=6421"},{"taxonomy":"product_cat","embeddable":true,"href":"https:\/\/fvcomponentes.com\/de\/wp-json\/wp\/v2\/product_cat?post=6421"},{"taxonomy":"product_tag","embeddable":true,"href":"https:\/\/fvcomponentes.com\/de\/wp-json\/wp\/v2\/product_tag?post=6421"}],"curies":[{"name":"wp","href":"https:\/\/api.w.org\/{rel}","templated":true}]}}