{"id":6394,"date":"2023-10-23T16:45:08","date_gmt":"2023-10-23T14:45:08","guid":{"rendered":"https:\/\/fvcomponentes.com\/?post_type=product&#038;p=6394"},"modified":"2026-04-08T21:27:53","modified_gmt":"2026-04-08T19:27:53","slug":"wandhalterung-fur-65-x-120-mm-gx-platten-victron-ass050300010","status":"publish","type":"product","link":"https:\/\/fvcomponentes.com\/de\/producto\/carcasa-de-montaje-en-pared-para-paneles-gx-de-65-x-120-mm-victron-ass050300010\/","title":{"rendered":"Wandmontagegeh\u00e4use f\u00fcr 65 x 120 mm GX-Platten Victron - ASS050300010"},"content":{"rendered":"<h2>Wandmontagegeh\u00e4use f\u00fcr 65 x 120 mm GX-Platten Victron - ASS050300010<\/h2>\n<p>Die \u00dcberwachung und Steuerung einer Photovoltaikanlage ist f\u00fcr einen effizienten Betrieb und eine optimale Verwaltung der erzeugten Energie unerl\u00e4sslich. Das GX-Bedienfeld von <a href=\"https:\/\/www.victronenergy.com.es\/\" target=\"_blank\" rel=\"noopener\">Victron<\/a> bietet eine einfache und elegante L\u00f6sung f\u00fcr diese Aufgabe, die es den Besitzern von PV-Anlagen erm\u00f6glicht, den Status ihrer Anlage genau zu verfolgen.<\/p>\n<p>Mit dem Victron - ASS050300010 - 65 x 120 mm GX-Panel-Wandmontagegeh\u00e4use wird die Montage und Abfrage f\u00fcr jeden Benutzer, unabh\u00e4ngig von seiner Erfahrung, zu einer leicht zug\u00e4nglichen Aufgabe. Dieses Panel ist mit einer Vielzahl von Victron-Produkten kompatibel, darunter das Victron Batterie-Alarm-Panel, das Skylla-Bedienpanel und das 200\/200A GX Multi-Bedienpanel.<\/p>\n<p>Die Eleganz des Designs ist ein weiteres Highlight. Das Victron 65 x 120 mm GX Panel Wall Mount Geh\u00e4use passt perfekt in jede Umgebung, sei es ein Haus, eine Industrieanlage oder ein Boot.<\/p>\n<p>Vielseitigkeit ist ein zus\u00e4tzlicher Vorteil. Zus\u00e4tzlich zu den oben genannten Produkten ist das GX Control Panel mit anderen Ger\u00e4ten der Victron GX-Familie kompatibel, was dem Benutzer die Flexibilit\u00e4t gibt, sein \u00dcberwachungssystem an seine spezifischen Bed\u00fcrfnisse anzupassen.<\/p>\n<p>&nbsp;<\/p>","protected":false},"excerpt":{"rendered":"<p>Abmessungen: 65 x 120 x 40 mm<\/p>","protected":false},"featured_media":6399,"comment_status":"open","ping_status":"closed","template":"","meta":{"site-sidebar-layout":"default","site-content-layout":"default","ast-site-content-layout":"default","site-content-style":"default","site-sidebar-style":"default","ast-global-header-display":"","ast-banner-title-visibility":"","ast-main-header-display":"","ast-hfb-above-header-display":"","ast-hfb-below-header-display":"","ast-hfb-mobile-header-display":"","site-post-title":"","ast-breadcrumbs-content":"","ast-featured-img":"","footer-sml-layout":"","ast-disable-related-posts":"","theme-transparent-header-meta":"default","adv-header-id-meta":"","stick-header-meta":"","header-above-stick-meta":"","header-main-stick-meta":"","header-below-stick-meta":"","astra-migrate-meta-layouts":"set","ast-page-background-enabled":"default","ast-page-background-meta":{"desktop":{"background-color":"var(--ast-global-color-4)","background-image":"","background-repeat":"repeat","background-position":"center center","background-size":"auto","background-attachment":"scroll","background-type":"","background-media":"","overlay-type":"","overlay-color":"","overlay-opacity":"","overlay-gradient":""},"tablet":{"background-color":"","background-image":"","background-repeat":"repeat","background-position":"center center","background-size":"auto","background-attachment":"scroll","background-type":"","background-media":"","overlay-type":"","overlay-color":"","overlay-opacity":"","overlay-gradient":""},"mobile":{"background-color":"","background-image":"","background-repeat":"repeat","background-position":"center center","background-size":"auto","background-attachment":"scroll","background-type":"","background-media":"","overlay-type":"","overlay-color":"","overlay-opacity":"","overlay-gradient":""}},"ast-content-background-meta":{"desktop":{"background-color":"var(--ast-global-color-5)","background-image":"","background-repeat":"repeat","background-position":"center center","background-size":"auto","background-attachment":"scroll","background-type":"","background-media":"","overlay-type":"","overlay-color":"","overlay-opacity":"","overlay-gradient":""},"tablet":{"background-color":"var(--ast-global-color-5)","background-image":"","background-repeat":"repeat","background-position":"center center","background-size":"auto","background-attachment":"scroll","background-type":"","background-media":"","overlay-type":"","overlay-color":"","overlay-opacity":"","overlay-gradient":""},"mobile":{"background-color":"var(--ast-global-color-5)","background-image":"","background-repeat":"repeat","background-position":"center center","background-size":"auto","background-attachment":"scroll","background-type":"","background-media":"","overlay-type":"","overlay-color":"","overlay-opacity":"","overlay-gradient":""}}},"pwb-brand":[332],"product_brand":[],"product_cat":[333,351],"product_tag":[],"class_list":{"0":"post-6394","1":"product","2":"type-product","3":"status-publish","4":"has-post-thumbnail","6":"pwb-brand-victron","7":"product_cat-inversores","8":"product_cat-accesorios","9":"desktop-align-left","10":"tablet-align-left","11":"mobile-align-left","12":"ast-product-gallery-layout-horizontal-slider","13":"ast-product-tabs-layout-horizontal","15":"first","16":"instock","17":"taxable","18":"shipping-taxable","19":"purchasable","20":"product-type-simple"},"wcpa_form_fields":null,"brands":[{"id":332,"name":"Victron Energie","slug":"victron"}],"_links":{"self":[{"href":"https:\/\/fvcomponentes.com\/de\/wp-json\/wp\/v2\/product\/6394","targetHints":{"allow":["GET"]}}],"collection":[{"href":"https:\/\/fvcomponentes.com\/de\/wp-json\/wp\/v2\/product"}],"about":[{"href":"https:\/\/fvcomponentes.com\/de\/wp-json\/wp\/v2\/types\/product"}],"replies":[{"embeddable":true,"href":"https:\/\/fvcomponentes.com\/de\/wp-json\/wp\/v2\/comments?post=6394"}],"wp:featuredmedia":[{"embeddable":true,"href":"https:\/\/fvcomponentes.com\/de\/wp-json\/wp\/v2\/media\/6399"}],"wp:attachment":[{"href":"https:\/\/fvcomponentes.com\/de\/wp-json\/wp\/v2\/media?parent=6394"}],"wp:term":[{"taxonomy":"pwb-brand","embeddable":true,"href":"https:\/\/fvcomponentes.com\/de\/wp-json\/wp\/v2\/pwb-brand?post=6394"},{"taxonomy":"product_brand","embeddable":true,"href":"https:\/\/fvcomponentes.com\/de\/wp-json\/wp\/v2\/product_brand?post=6394"},{"taxonomy":"product_cat","embeddable":true,"href":"https:\/\/fvcomponentes.com\/de\/wp-json\/wp\/v2\/product_cat?post=6394"},{"taxonomy":"product_tag","embeddable":true,"href":"https:\/\/fvcomponentes.com\/de\/wp-json\/wp\/v2\/product_tag?post=6394"}],"curies":[{"name":"wp","href":"https:\/\/api.w.org\/{rel}","templated":true}]}}