{"id":6386,"date":"2023-11-22T13:54:04","date_gmt":"2023-11-22T12:54:04","guid":{"rendered":"https:\/\/fvcomponentes.com\/?post_type=product&#038;p=6386"},"modified":"2026-04-08T21:33:43","modified_gmt":"2026-04-08T19:33:43","slug":"globlalling-520-victron-ass030543020","status":"publish","type":"product","link":"https:\/\/fvcomponentes.com\/de\/producto\/globlalling-520-victron-ass030543020\/","title":{"rendered":"GloblalLink 520 Victron - ASS03054303020"},"content":{"rendered":"<div>Victron ist davon \u00fcberzeugt, dass die M\u00f6glichkeit, die Anlage jederzeit und \u00fcberall \u00fcberwachen zu k\u00f6nnen, ein Schl\u00fcsselfaktor f\u00fcr die ordnungsgem\u00e4\u00dfe Wartung und den Betrieb ihrer netzunabh\u00e4ngigen L\u00f6sungen ist. Kein Netzanschluss sollte nicht gleichbedeutend mit einer fehlenden Internetverbindung sein. Deshalb hat Victron den Victron GloblalLink 520 - ASS03054303020 entwickelt. Dieses Ger\u00e4t bietet 4G LTE-M-Konnektivit\u00e4t f\u00fcr alle VE.Direct-kompatiblen Ger\u00e4te, ohne dass monatliche Geb\u00fchren oder Abonnements erforderlich sind, <strong>f\u00fcr die ersten f\u00fcnf Jahre.<\/strong><\/div>\n<p>&nbsp;<\/p>\n<h2>Weltweite Konnektivit\u00e4t mit 4G LTE-M<\/h2>\n<div>LTE-M ist die Abk\u00fcrzung f\u00fcr LTE Cat-M1 oder Long Term Evolution (4G), Kategorie M1. Diese Mobilfunktechnologie wurde entwickelt, um Internet-of-Things-Ger\u00e4te mit geringem Stromverbrauch an bestehende 4G-Masten anzuschlie\u00dfen. LTE-M unterst\u00fctzt Handover und Roaming, so dass es m\u00f6glich ist, dieses Ger\u00e4t in einem fahrenden Fahrzeug, z. B. einem Wohnmobil, zu verwenden. <strong>Konsultation <a href=\"https:\/\/www.1nce.com\/en-us\" target=\"_blank\" rel=\"noopener\">https:\/\/1nce.com\/en\/coverage\/<\/a> um zu sehen, ob LTE-M in Ihrer Region offiziell als verf\u00fcgbar best\u00e4tigt wurde.<\/strong>. Die Abdeckung wird jede Woche erweitert, wenn die lokalen Anbieter ihre Unterst\u00fctzung ausbauen. Ihr Kauf umfasst 5 Jahre Konnektivit\u00e4t, sodass Sie sich keine Gedanken \u00fcber den Kauf eines separaten Datenpakets und einer SIM-Karte machen m\u00fcssen.<\/div>\n<div>Nach diesen 5 Jahren, s<span style=\"font-size: 16px\">Wenn die 4G LTE-M-Netze weiterhin funktionieren, k\u00f6nnen Sie entweder a) weitere 5 Jahre bei Victron kaufen oder b) Ihre eigene SIM-Karte einsetzen.<\/span><\/div>\n<p>&nbsp;<\/p>\n<h2>Einfache \u00dcberwachung und Steuerung des Systems<\/h2>\n<div>Der Victron GloblalLink 520 - ASS030543020 verf\u00fcgt \u00fcber zwei VE.Direct-Anschl\u00fcsse, \u00fcber die Sie bis zu zwei VE.Direct-Ger\u00e4te, wie z. B. einen BMV-Batteriemonitor und\/oder einen MPPT-Solarladeregler, direkt an den VRM anschlie\u00dfen k\u00f6nnen. Mit zwei digitalen Eing\u00e4ngen, die auch als Impulsz\u00e4hler fungieren, und einem fernsteuerbaren Relais ist es eine perfekte L\u00f6sung f\u00fcr die \u00dcberwachung und Steuerung Ihrer Anlage.<\/div>\n<p>&nbsp;<\/p>\n<h2>Eingebaute Antenne<\/h2>\n<div>Das GlobalLink 520 wird mit einer eingebauten Antenne geliefert, die f\u00fcr den weltweiten Einsatz ausgelegt ist. Wenn Sie jedoch einen besseren Empfang ben\u00f6tigen, ist es auch m\u00f6glich, eine externe Antenne zu montieren.<\/div>\n<p>&nbsp;<\/p>\n<h2>Victron Fernverwaltung<\/h2>\n<div>\n<p>Das Victron Remote Management (VRM) Online-Portal erm\u00f6glicht den Zugriff auf die Installation von \u00fcberall und jederzeit. In VRM k\u00f6nnen Sie den Status der angeschlossenen Produkte \u00fcberpr\u00fcfen, detaillierte historische Energiediagramme anzeigen, detaillierte analytische Berichte erstellen und sogar automatische Alarme einrichten, falls etwas schief l\u00e4uft.<\/p>\n<p>&nbsp;<\/p>\n<\/div>\n<h2>Datenblatt GloblalLink 520 Victron - ASS03054303020<\/h2>\n<p><a href=\"https:\/\/fvcomponentes.com\/wp-content\/uploads\/2023\/03\/GlobalLink-520-ES.pdf\" target=\"_blank\" rel=\"noopener\">Victron GloblalLink 520 Datenblatt anzeigen - ASS03054303020<\/a><\/p>\n<h2>Victron GloblalLink 520 Handbuch - ASS030543020<\/h2>\n<p><a href=\"https:\/\/fvcomponentes.com\/wp-content\/uploads\/2025\/10\/19329-GlobalLink_520-pdf-es.pdf\" target=\"_blank\" rel=\"noopener\">Ansicht GloblalLink 520 Victron Handbuch<\/a><\/p>","protected":false},"excerpt":{"rendered":"<ul>\n<li><strong>Abmessungen (mm)<\/strong>: 23 x 123 x 67<\/li>\n<li><b>Inklusive SIM-Karte mit 5 Jahren Konnektivit\u00e4t.<\/b><\/li>\n<li><strong>Montage<\/strong> und Konfiguration.<\/li>\n<li><strong>Bluetooth.<\/strong><\/li>\n<\/ul>","protected":false},"featured_media":6391,"comment_status":"open","ping_status":"closed","template":"","meta":{"site-sidebar-layout":"default","site-content-layout":"default","ast-site-content-layout":"default","site-content-style":"default","site-sidebar-style":"default","ast-global-header-display":"","ast-banner-title-visibility":"","ast-main-header-display":"","ast-hfb-above-header-display":"","ast-hfb-below-header-display":"","ast-hfb-mobile-header-display":"","site-post-title":"","ast-breadcrumbs-content":"","ast-featured-img":"","footer-sml-layout":"","ast-disable-related-posts":"","theme-transparent-header-meta":"default","adv-header-id-meta":"","stick-header-meta":"","header-above-stick-meta":"","header-main-stick-meta":"","header-below-stick-meta":"","astra-migrate-meta-layouts":"set","ast-page-background-enabled":"default","ast-page-background-meta":{"desktop":{"background-color":"var(--ast-global-color-4)","background-image":"","background-repeat":"repeat","background-position":"center center","background-size":"auto","background-attachment":"scroll","background-type":"","background-media":"","overlay-type":"","overlay-color":"","overlay-opacity":"","overlay-gradient":""},"tablet":{"background-color":"","background-image":"","background-repeat":"repeat","background-position":"center center","background-size":"auto","background-attachment":"scroll","background-type":"","background-media":"","overlay-type":"","overlay-color":"","overlay-opacity":"","overlay-gradient":""},"mobile":{"background-color":"","background-image":"","background-repeat":"repeat","background-position":"center center","background-size":"auto","background-attachment":"scroll","background-type":"","background-media":"","overlay-type":"","overlay-color":"","overlay-opacity":"","overlay-gradient":""}},"ast-content-background-meta":{"desktop":{"background-color":"var(--ast-global-color-5)","background-image":"","background-repeat":"repeat","background-position":"center center","background-size":"auto","background-attachment":"scroll","background-type":"","background-media":"","overlay-type":"","overlay-color":"","overlay-opacity":"","overlay-gradient":""},"tablet":{"background-color":"var(--ast-global-color-5)","background-image":"","background-repeat":"repeat","background-position":"center center","background-size":"auto","background-attachment":"scroll","background-type":"","background-media":"","overlay-type":"","overlay-color":"","overlay-opacity":"","overlay-gradient":""},"mobile":{"background-color":"var(--ast-global-color-5)","background-image":"","background-repeat":"repeat","background-position":"center center","background-size":"auto","background-attachment":"scroll","background-type":"","background-media":"","overlay-type":"","overlay-color":"","overlay-opacity":"","overlay-gradient":""}}},"pwb-brand":[332],"product_brand":[],"product_cat":[351,333,934],"product_tag":[],"class_list":{"0":"post-6386","1":"product","2":"type-product","3":"status-publish","4":"has-post-thumbnail","6":"pwb-brand-victron","7":"product_cat-accesorios","8":"product_cat-inversores","9":"product_cat-monitorizacion","10":"desktop-align-left","11":"tablet-align-left","12":"mobile-align-left","13":"ast-product-gallery-layout-horizontal-slider","14":"ast-product-tabs-layout-horizontal","16":"first","17":"instock","18":"taxable","19":"shipping-taxable","20":"purchasable","21":"product-type-simple"},"wcpa_form_fields":null,"brands":[{"id":332,"name":"Victron Energie","slug":"victron"}],"_links":{"self":[{"href":"https:\/\/fvcomponentes.com\/de\/wp-json\/wp\/v2\/product\/6386","targetHints":{"allow":["GET"]}}],"collection":[{"href":"https:\/\/fvcomponentes.com\/de\/wp-json\/wp\/v2\/product"}],"about":[{"href":"https:\/\/fvcomponentes.com\/de\/wp-json\/wp\/v2\/types\/product"}],"replies":[{"embeddable":true,"href":"https:\/\/fvcomponentes.com\/de\/wp-json\/wp\/v2\/comments?post=6386"}],"wp:featuredmedia":[{"embeddable":true,"href":"https:\/\/fvcomponentes.com\/de\/wp-json\/wp\/v2\/media\/6391"}],"wp:attachment":[{"href":"https:\/\/fvcomponentes.com\/de\/wp-json\/wp\/v2\/media?parent=6386"}],"wp:term":[{"taxonomy":"pwb-brand","embeddable":true,"href":"https:\/\/fvcomponentes.com\/de\/wp-json\/wp\/v2\/pwb-brand?post=6386"},{"taxonomy":"product_brand","embeddable":true,"href":"https:\/\/fvcomponentes.com\/de\/wp-json\/wp\/v2\/product_brand?post=6386"},{"taxonomy":"product_cat","embeddable":true,"href":"https:\/\/fvcomponentes.com\/de\/wp-json\/wp\/v2\/product_cat?post=6386"},{"taxonomy":"product_tag","embeddable":true,"href":"https:\/\/fvcomponentes.com\/de\/wp-json\/wp\/v2\/product_tag?post=6386"}],"curies":[{"name":"wp","href":"https:\/\/api.w.org\/{rel}","templated":true}]}}