{"id":6353,"date":"2023-10-23T16:49:46","date_gmt":"2023-10-23T14:49:46","guid":{"rendered":"https:\/\/fvcomponentes.com\/?post_type=product&#038;p=6353"},"modified":"2026-04-04T12:47:47","modified_gmt":"2026-04-04T10:47:47","slug":"victron-skylla-sdrpskc-victron-skylla-bedienfeld","status":"publish","type":"product","link":"https:\/\/fvcomponentes.com\/de\/producto\/panel-de-control-victron-skylla-sdrpskc\/","title":{"rendered":"Victron Skylla Bedienfeld - SDRPSKC"},"content":{"rendered":"<h2>Eigenschaften des Victron Skylla Bedienfeldes - SDRPSKC<\/h2>\n<p>Das Victron Energy Victron Skylla Control Panel - SDRPSKC ist ein Ger\u00e4t, das zur Steuerung und \u00dcberwachung von Batterieladeger\u00e4ten der Skylla-Serie von Victron Energy dient. <a href=\"https:\/\/www.victronenergy.com.es\/\" target=\"_blank\" rel=\"noopener\">Victron Energie<\/a>.<\/p>\n<p>Sie erm\u00f6glicht au\u00dferdem den Zugriff auf verschiedene Funktionen und Einstellungen des Batterieladeger\u00e4ts und erleichtert so die Verwaltung und \u00dcberwachung des Ladevorgangs. Einige der Funktionen, die die Skylla-Fernbedienung bieten kann, sind:<\/p>\n<ol>\n<li><strong>Lastkontrolle:<\/strong> Sie k\u00f6nnen den Ladestrom und die Ladespannung an die spezifischen Bed\u00fcrfnisse Ihrer Batterien anpassen und so die Lebensdauer Ihrer Batterien verl\u00e4ngern.<\/li>\n<li><strong>\u00dcberwachung des Ladezustands:<\/strong> Die Fernbedienung zeigt Informationen \u00fcber den Ladezustand der Batterie an, wie z. B. Ladezustand, Ladestrom und Batteriespannung, so dass Sie den \u00dcberblick \u00fcber den Zustand der Batterie behalten k\u00f6nnen.<\/li>\n<li><strong>Alarme und Benachrichtigungen:<\/strong> Sie k\u00f6nnen Alarme und Benachrichtigungen einstellen, die Sie bei Problemen oder beim Erreichen bestimmter Belastungsschwellen alarmieren.<\/li>\n<li><strong>Diagnose von Problemen:<\/strong> Die Skylla-Fernbedienung kann Informationen \u00fcber m\u00f6gliche Probleme mit den Batterien oder dem Ladeger\u00e4t liefern, was die Identifizierung und L\u00f6sung von Problemen erleichtert.<\/li>\n<li><strong>Fernbedienung:<\/strong> Erm\u00f6glicht die Fernsteuerung des Batterieladeger\u00e4ts von einem bequemen Standort aus, was bei Anwendungen n\u00fctzlich ist, bei denen sich das Ladeger\u00e4t an einem schwer zug\u00e4nglichen Ort befinden kann.<\/li>\n<\/ol>\n<h2>Empfohlene kompatible Ladeger\u00e4te bei FVComponents<\/h2>\n<ul>\n<li>Wenn es sich um eine Solaranlage f\u00fcr Schiffe, Wohnmobile oder Haushalte handelt: der Skylla-i (Modelle <a href=\"https:\/\/fvcomponentes.com\/de\/produkt\/ladegerat-victron-skylla-i-24-80-11-ski024100000\/\" target=\"_blank\" rel=\"noopener\">24 V<\/a>, <a href=\"https:\/\/fvcomponentes.com\/de\/produkt\/ladegerat-victron-skylla-i-24-100-11-ski024100000\/\" target=\"_blank\" rel=\"noopener\">1+1<\/a> o <a href=\"https:\/\/fvcomponentes.com\/de\/produkt\/ladegerat-victron-skylla-i-24-80-3-ski024080002\/\" target=\"_blank\" rel=\"noopener\">3 Steckdosen<\/a>.) oder Skylla-IP65 (Modelle <a href=\"https:\/\/fvcomponentes.com\/de\/produkt\/victron-skylla-ladegerat-ip65-12-70-11-120-240v-sky012070000\/\" target=\"_blank\" rel=\"noopener\">12\/70 (1+1)<\/a> o <a href=\"https:\/\/fvcomponentes.com\/de\/produkt\/victron-skylla-ladegerat-ip65-24-35-11-120-240v-sky024035000\/\" target=\"_blank\" rel=\"noopener\">24\/35<\/a>) sind die beste Wahl.<\/li>\n<li>F\u00fcr industrielle\/raue Umgebungen oder solche, die hohe Str\u00f6me erfordern: entscheiden Sie sich f\u00fcr die Skylla-TG (Skylla-TG Modelle). <a href=\"https:\/\/fvcomponentes.com\/de\/produkt\/ladegerat-victron-skylla-tg-24-50-11-sdtg2400501\/\" target=\"_blank\" rel=\"noopener\">24\/50<\/a>, <a href=\"https:\/\/fvcomponentes.com\/de\/produkt\/ladegerat-victron-skylla-tg-48-50-11-sdtg4800501\/\" target=\"_blank\" rel=\"noopener\">48\/50<\/a>.)<\/li>\n<\/ul>","protected":false},"excerpt":{"rendered":"<p><strong>Abmessungen (mm):<\/strong> 65 x 120 x40<\/p>","protected":false},"featured_media":6354,"comment_status":"open","ping_status":"closed","template":"","meta":{"site-sidebar-layout":"default","site-content-layout":"default","ast-site-content-layout":"default","site-content-style":"default","site-sidebar-style":"default","ast-global-header-display":"","ast-banner-title-visibility":"","ast-main-header-display":"","ast-hfb-above-header-display":"","ast-hfb-below-header-display":"","ast-hfb-mobile-header-display":"","site-post-title":"","ast-breadcrumbs-content":"","ast-featured-img":"","footer-sml-layout":"","ast-disable-related-posts":"","theme-transparent-header-meta":"default","adv-header-id-meta":"","stick-header-meta":"","header-above-stick-meta":"","header-main-stick-meta":"","header-below-stick-meta":"","astra-migrate-meta-layouts":"set","ast-page-background-enabled":"default","ast-page-background-meta":{"desktop":{"background-color":"var(--ast-global-color-4)","background-image":"","background-repeat":"repeat","background-position":"center center","background-size":"auto","background-attachment":"scroll","background-type":"","background-media":"","overlay-type":"","overlay-color":"","overlay-opacity":"","overlay-gradient":""},"tablet":{"background-color":"","background-image":"","background-repeat":"repeat","background-position":"center center","background-size":"auto","background-attachment":"scroll","background-type":"","background-media":"","overlay-type":"","overlay-color":"","overlay-opacity":"","overlay-gradient":""},"mobile":{"background-color":"","background-image":"","background-repeat":"repeat","background-position":"center center","background-size":"auto","background-attachment":"scroll","background-type":"","background-media":"","overlay-type":"","overlay-color":"","overlay-opacity":"","overlay-gradient":""}},"ast-content-background-meta":{"desktop":{"background-color":"var(--ast-global-color-5)","background-image":"","background-repeat":"repeat","background-position":"center center","background-size":"auto","background-attachment":"scroll","background-type":"","background-media":"","overlay-type":"","overlay-color":"","overlay-opacity":"","overlay-gradient":""},"tablet":{"background-color":"var(--ast-global-color-5)","background-image":"","background-repeat":"repeat","background-position":"center center","background-size":"auto","background-attachment":"scroll","background-type":"","background-media":"","overlay-type":"","overlay-color":"","overlay-opacity":"","overlay-gradient":""},"mobile":{"background-color":"var(--ast-global-color-5)","background-image":"","background-repeat":"repeat","background-position":"center center","background-size":"auto","background-attachment":"scroll","background-type":"","background-media":"","overlay-type":"","overlay-color":"","overlay-opacity":"","overlay-gradient":""}}},"pwb-brand":[332],"product_brand":[],"product_cat":[419,966],"product_tag":[],"class_list":{"0":"post-6353","1":"product","2":"type-product","3":"status-publish","4":"has-post-thumbnail","6":"pwb-brand-victron","7":"product_cat-cargadores-de-baterias","8":"product_cat-accesorios-cargadores","9":"desktop-align-left","10":"tablet-align-left","11":"mobile-align-left","12":"ast-product-gallery-layout-horizontal-slider","13":"ast-product-gallery-with-no-image","14":"ast-product-tabs-layout-horizontal","16":"first","17":"instock","18":"taxable","19":"shipping-taxable","20":"purchasable","21":"product-type-simple"},"wcpa_form_fields":null,"brands":[{"id":332,"name":"Victron Energie","slug":"victron"}],"_links":{"self":[{"href":"https:\/\/fvcomponentes.com\/de\/wp-json\/wp\/v2\/product\/6353","targetHints":{"allow":["GET"]}}],"collection":[{"href":"https:\/\/fvcomponentes.com\/de\/wp-json\/wp\/v2\/product"}],"about":[{"href":"https:\/\/fvcomponentes.com\/de\/wp-json\/wp\/v2\/types\/product"}],"replies":[{"embeddable":true,"href":"https:\/\/fvcomponentes.com\/de\/wp-json\/wp\/v2\/comments?post=6353"}],"wp:featuredmedia":[{"embeddable":true,"href":"https:\/\/fvcomponentes.com\/de\/wp-json\/wp\/v2\/media\/6354"}],"wp:attachment":[{"href":"https:\/\/fvcomponentes.com\/de\/wp-json\/wp\/v2\/media?parent=6353"}],"wp:term":[{"taxonomy":"pwb-brand","embeddable":true,"href":"https:\/\/fvcomponentes.com\/de\/wp-json\/wp\/v2\/pwb-brand?post=6353"},{"taxonomy":"product_brand","embeddable":true,"href":"https:\/\/fvcomponentes.com\/de\/wp-json\/wp\/v2\/product_brand?post=6353"},{"taxonomy":"product_cat","embeddable":true,"href":"https:\/\/fvcomponentes.com\/de\/wp-json\/wp\/v2\/product_cat?post=6353"},{"taxonomy":"product_tag","embeddable":true,"href":"https:\/\/fvcomponentes.com\/de\/wp-json\/wp\/v2\/product_tag?post=6353"}],"curies":[{"name":"wp","href":"https:\/\/api.w.org\/{rel}","templated":true}]}}