{"id":6311,"date":"2023-09-01T15:06:20","date_gmt":"2023-09-01T13:06:20","guid":{"rendered":"https:\/\/fvcomponentes.com\/?post_type=product&#038;p=6311"},"modified":"2026-01-15T10:03:13","modified_gmt":"2026-01-15T09:03:13","slug":"wifi-modul-farbsteuerung-gx-victron-bpp900100200","status":"publish","type":"product","link":"https:\/\/fvcomponentes.com\/de\/producto\/modulo-wifi-color-control-gx-victron-bpp900100200\/","title":{"rendered":"Victron GX Wifi Farbsteuerung GX Modul - BPP900100200"},"content":{"rendered":"<h2>Erweitern Sie Ihre Konnektivit\u00e4t mit dem Victron Color Control GX Wifi Modul - BPP900100200 Kompatibel mit Color Control GX<\/h2>\n<p>Dieser Dongle bietet nicht nur eine hochwertige drahtlose Verbindung, sondern ist auch vollst\u00e4ndig mit der Color Control GX-Software kompatibel. Im Gegensatz zu vielen \u00e4hnlichen Standard-Dongles, die aufgrund von Treibern Kompatibilit\u00e4tsprobleme haben, k\u00f6nnen Sie sicher sein, dass unser Dongle f\u00fcr eine nahtlose Integration konzipiert ist.<\/p>\n<p>Ein besonderes Merkmal ist die M\u00f6glichkeit, WLAN-Konnektivit\u00e4t in Situationen herzustellen, in denen das Verlegen von Netzwerkkabeln zum Router oder Access Point nicht m\u00f6glich ist. Dies bietet eine au\u00dfergew\u00f6hnliche Flexibilit\u00e4t beim Standort Ihres Ger\u00e4ts und erm\u00f6glicht Ihnen eine zuverl\u00e4ssige Verbindung unabh\u00e4ngig von den Einschr\u00e4nkungen der physischen Infrastruktur.<\/p>","protected":false},"excerpt":{"rendered":"<p><strong>USB:<\/strong> 2.0 Schnittstelle<br \/>\n<strong>Datenrate:<\/strong> 802.11n, 802.11g, 802.11b<br \/>\n<strong>Frequenzbereich:<\/strong>\u00a0 2,4 GHz<\/p>","protected":false},"featured_media":8841,"comment_status":"open","ping_status":"closed","template":"","meta":{"site-sidebar-layout":"default","site-content-layout":"default","ast-site-content-layout":"default","site-content-style":"default","site-sidebar-style":"default","ast-global-header-display":"","ast-banner-title-visibility":"","ast-main-header-display":"","ast-hfb-above-header-display":"","ast-hfb-below-header-display":"","ast-hfb-mobile-header-display":"","site-post-title":"","ast-breadcrumbs-content":"","ast-featured-img":"","footer-sml-layout":"","ast-disable-related-posts":"","theme-transparent-header-meta":"default","adv-header-id-meta":"","stick-header-meta":"","header-above-stick-meta":"","header-main-stick-meta":"","header-below-stick-meta":"","astra-migrate-meta-layouts":"set","ast-page-background-enabled":"default","ast-page-background-meta":{"desktop":{"background-color":"var(--ast-global-color-4)","background-image":"","background-repeat":"repeat","background-position":"center center","background-size":"auto","background-attachment":"scroll","background-type":"","background-media":"","overlay-type":"","overlay-color":"","overlay-opacity":"","overlay-gradient":""},"tablet":{"background-color":"","background-image":"","background-repeat":"repeat","background-position":"center center","background-size":"auto","background-attachment":"scroll","background-type":"","background-media":"","overlay-type":"","overlay-color":"","overlay-opacity":"","overlay-gradient":""},"mobile":{"background-color":"","background-image":"","background-repeat":"repeat","background-position":"center center","background-size":"auto","background-attachment":"scroll","background-type":"","background-media":"","overlay-type":"","overlay-color":"","overlay-opacity":"","overlay-gradient":""}},"ast-content-background-meta":{"desktop":{"background-color":"var(--ast-global-color-5)","background-image":"","background-repeat":"repeat","background-position":"center center","background-size":"auto","background-attachment":"scroll","background-type":"","background-media":"","overlay-type":"","overlay-color":"","overlay-opacity":"","overlay-gradient":""},"tablet":{"background-color":"var(--ast-global-color-5)","background-image":"","background-repeat":"repeat","background-position":"center center","background-size":"auto","background-attachment":"scroll","background-type":"","background-media":"","overlay-type":"","overlay-color":"","overlay-opacity":"","overlay-gradient":""},"mobile":{"background-color":"var(--ast-global-color-5)","background-image":"","background-repeat":"repeat","background-position":"center center","background-size":"auto","background-attachment":"scroll","background-type":"","background-media":"","overlay-type":"","overlay-color":"","overlay-opacity":"","overlay-gradient":""}}},"pwb-brand":[332],"product_brand":[],"product_cat":[351,333],"product_tag":[],"class_list":{"0":"post-6311","1":"product","2":"type-product","3":"status-publish","4":"has-post-thumbnail","6":"pwb-brand-victron","7":"product_cat-accesorios","8":"product_cat-inversores","9":"desktop-align-left","10":"tablet-align-left","11":"mobile-align-left","12":"ast-product-gallery-layout-horizontal-slider","13":"ast-product-tabs-layout-horizontal","15":"first","16":"instock","17":"taxable","18":"shipping-taxable","19":"purchasable","20":"product-type-simple"},"wcpa_form_fields":null,"brands":[{"id":332,"name":"Victron Energie","slug":"victron"}],"_links":{"self":[{"href":"https:\/\/fvcomponentes.com\/de\/wp-json\/wp\/v2\/product\/6311","targetHints":{"allow":["GET"]}}],"collection":[{"href":"https:\/\/fvcomponentes.com\/de\/wp-json\/wp\/v2\/product"}],"about":[{"href":"https:\/\/fvcomponentes.com\/de\/wp-json\/wp\/v2\/types\/product"}],"replies":[{"embeddable":true,"href":"https:\/\/fvcomponentes.com\/de\/wp-json\/wp\/v2\/comments?post=6311"}],"wp:featuredmedia":[{"embeddable":true,"href":"https:\/\/fvcomponentes.com\/de\/wp-json\/wp\/v2\/media\/8841"}],"wp:attachment":[{"href":"https:\/\/fvcomponentes.com\/de\/wp-json\/wp\/v2\/media?parent=6311"}],"wp:term":[{"taxonomy":"pwb-brand","embeddable":true,"href":"https:\/\/fvcomponentes.com\/de\/wp-json\/wp\/v2\/pwb-brand?post=6311"},{"taxonomy":"product_brand","embeddable":true,"href":"https:\/\/fvcomponentes.com\/de\/wp-json\/wp\/v2\/product_brand?post=6311"},{"taxonomy":"product_cat","embeddable":true,"href":"https:\/\/fvcomponentes.com\/de\/wp-json\/wp\/v2\/product_cat?post=6311"},{"taxonomy":"product_tag","embeddable":true,"href":"https:\/\/fvcomponentes.com\/de\/wp-json\/wp\/v2\/product_tag?post=6311"}],"curies":[{"name":"wp","href":"https:\/\/api.w.org\/{rel}","templated":true}]}}