{"id":6244,"date":"2023-04-27T17:51:41","date_gmt":"2023-04-27T15:51:41","guid":{"rendered":"https:\/\/fvcomponentes.com\/?post_type=product&#038;p=6244"},"modified":"2026-01-15T10:02:18","modified_gmt":"2026-01-15T09:02:18","slug":"sicherungshalter-fur-mega-sicherung-victron-cip000100001","status":"publish","type":"product","link":"https:\/\/fvcomponentes.com\/de\/producto\/fuse-holder-for-mega-fuse-victron-cip000100001\/","title":{"rendered":"Sicherungshalter Sicherungshalter f\u00fcr MEGA-Sicherung Victron - CIP000100001"},"content":{"rendered":"<h2>Sicherungshalter f\u00fcr MEGA-Sicherung Victron - CIP000100001<\/h2>\n<ul>\n<li>Robuster Victron-Sicherungshalter, geeignet f\u00fcr alle MEGA-Sicherungen. Hilft, Ihre 12\/24 V DC Elektroinstallation zu sch\u00fctzen. Er hat 2 M8 Schrauben.<\/li>\n<li>Einfach zu bedienen, leicht zu \u00f6ffnen und zu schlie\u00dfen, das Geh\u00e4use verhindert das Eindringen von Wasser und Staub.<\/li>\n<li>Geeignet f\u00fcr den Schutz von Gleichstromsystemen.<\/li>\n<li>F\u00fcr Mega-Sicherungen wie z.B.: <a href=\"https:\/\/fvcomponentes.com\/de\/produkt\/mega-sicherung-victron-225a-32v-cip136225010\/\" target=\"_blank\" rel=\"noopener\">Mega-Sicherung Victron 225A\/32v - CIP136225010<\/a><\/li>\n<\/ul>\n<h2>Datenblatt Sicherungshalter f\u00fcr MEGA-Sicherung Victron - CIP000100001<\/h2>\n<p><a href=\"https:\/\/fvcomponentes.com\/wp-content\/uploads\/2023\/04\/DataSheet-Mega-Fuse-Hoilder.pdf\" target=\"_blank\" rel=\"noopener\">Datenblatt f\u00fcr Sicherungshalter f\u00fcr MEGA-Sicherung Victron - CIP000100001<\/a><\/p>","protected":false},"excerpt":{"rendered":"<p><strong>Gewicht:<\/strong> 0,01 kg<br \/>\n<strong>Abmessungen:<\/strong> 128x37x43<\/p>","protected":false},"featured_media":7910,"comment_status":"open","ping_status":"closed","template":"","meta":{"site-sidebar-layout":"default","site-content-layout":"default","ast-site-content-layout":"default","site-content-style":"default","site-sidebar-style":"default","ast-global-header-display":"","ast-banner-title-visibility":"","ast-main-header-display":"","ast-hfb-above-header-display":"","ast-hfb-below-header-display":"","ast-hfb-mobile-header-display":"","site-post-title":"","ast-breadcrumbs-content":"","ast-featured-img":"","footer-sml-layout":"","ast-disable-related-posts":"","theme-transparent-header-meta":"default","adv-header-id-meta":"","stick-header-meta":"","header-above-stick-meta":"","header-main-stick-meta":"","header-below-stick-meta":"","astra-migrate-meta-layouts":"set","ast-page-background-enabled":"default","ast-page-background-meta":{"desktop":{"background-color":"var(--ast-global-color-4)","background-image":"","background-repeat":"repeat","background-position":"center center","background-size":"auto","background-attachment":"scroll","background-type":"","background-media":"","overlay-type":"","overlay-color":"","overlay-opacity":"","overlay-gradient":""},"tablet":{"background-color":"","background-image":"","background-repeat":"repeat","background-position":"center center","background-size":"auto","background-attachment":"scroll","background-type":"","background-media":"","overlay-type":"","overlay-color":"","overlay-opacity":"","overlay-gradient":""},"mobile":{"background-color":"","background-image":"","background-repeat":"repeat","background-position":"center center","background-size":"auto","background-attachment":"scroll","background-type":"","background-media":"","overlay-type":"","overlay-color":"","overlay-opacity":"","overlay-gradient":""}},"ast-content-background-meta":{"desktop":{"background-color":"var(--ast-global-color-5)","background-image":"","background-repeat":"repeat","background-position":"center center","background-size":"auto","background-attachment":"scroll","background-type":"","background-media":"","overlay-type":"","overlay-color":"","overlay-opacity":"","overlay-gradient":""},"tablet":{"background-color":"var(--ast-global-color-5)","background-image":"","background-repeat":"repeat","background-position":"center center","background-size":"auto","background-attachment":"scroll","background-type":"","background-media":"","overlay-type":"","overlay-color":"","overlay-opacity":"","overlay-gradient":""},"mobile":{"background-color":"var(--ast-global-color-5)","background-image":"","background-repeat":"repeat","background-position":"center center","background-size":"auto","background-attachment":"scroll","background-type":"","background-media":"","overlay-type":"","overlay-color":"","overlay-opacity":"","overlay-gradient":""}}},"pwb-brand":[332],"product_brand":[],"product_cat":[410,988],"product_tag":[],"class_list":{"0":"post-6244","1":"product","2":"type-product","3":"status-publish","4":"has-post-thumbnail","6":"pwb-brand-victron","7":"product_cat-material-electrico","8":"product_cat-portafusibles","9":"desktop-align-left","10":"tablet-align-left","11":"mobile-align-left","12":"ast-product-gallery-layout-horizontal-slider","13":"ast-product-gallery-with-no-image","14":"ast-product-tabs-layout-horizontal","16":"first","17":"instock","18":"taxable","19":"shipping-taxable","20":"purchasable","21":"product-type-simple"},"wcpa_form_fields":null,"brands":[{"id":332,"name":"Victron Energie","slug":"victron"}],"_links":{"self":[{"href":"https:\/\/fvcomponentes.com\/de\/wp-json\/wp\/v2\/product\/6244","targetHints":{"allow":["GET"]}}],"collection":[{"href":"https:\/\/fvcomponentes.com\/de\/wp-json\/wp\/v2\/product"}],"about":[{"href":"https:\/\/fvcomponentes.com\/de\/wp-json\/wp\/v2\/types\/product"}],"replies":[{"embeddable":true,"href":"https:\/\/fvcomponentes.com\/de\/wp-json\/wp\/v2\/comments?post=6244"}],"wp:featuredmedia":[{"embeddable":true,"href":"https:\/\/fvcomponentes.com\/de\/wp-json\/wp\/v2\/media\/7910"}],"wp:attachment":[{"href":"https:\/\/fvcomponentes.com\/de\/wp-json\/wp\/v2\/media?parent=6244"}],"wp:term":[{"taxonomy":"pwb-brand","embeddable":true,"href":"https:\/\/fvcomponentes.com\/de\/wp-json\/wp\/v2\/pwb-brand?post=6244"},{"taxonomy":"product_brand","embeddable":true,"href":"https:\/\/fvcomponentes.com\/de\/wp-json\/wp\/v2\/product_brand?post=6244"},{"taxonomy":"product_cat","embeddable":true,"href":"https:\/\/fvcomponentes.com\/de\/wp-json\/wp\/v2\/product_cat?post=6244"},{"taxonomy":"product_tag","embeddable":true,"href":"https:\/\/fvcomponentes.com\/de\/wp-json\/wp\/v2\/product_tag?post=6244"}],"curies":[{"name":"wp","href":"https:\/\/api.w.org\/{rel}","templated":true}]}}