{"id":6225,"date":"2023-10-02T18:23:19","date_gmt":"2023-10-02T16:23:19","guid":{"rendered":"https:\/\/fvcomponentes.com\/?post_type=product&#038;p=6225"},"modified":"2026-03-30T20:22:49","modified_gmt":"2026-03-30T18:22:49","slug":"mega-sicherung-victron-100a-32v-cip136100010","status":"publish","type":"product","link":"https:\/\/fvcomponentes.com\/de\/producto\/mega-fuse-victron-100a-32v-cip136100010\/","title":{"rendered":"Mega-Sicherung Victron 100A\/32v (5 St\u00fcck) - CIP136100010"},"content":{"rendered":"<h2>Merkmale Mega-Sicherung Victron 100A\/32v<\/h2>\n<p>Sicherungen sind elektrische Sicherheitsvorrichtungen, die Stromkreise sch\u00fctzen. Sie unterbrechen den Stromfluss bei \u00dcberlast und verhindern so Sch\u00e4den an elektrischen Ger\u00e4ten und Systemen.<br \/>\nVictron Mega-fuse 100A\/32v Sicherungen sind f\u00fcr den Schutz vor Sch\u00e4den durch \u00dcberlast und Kurzschluss in Photovoltaikanlagen bis 32V und einem maximalen Strom von 100A ausgelegt.<\/p>\n<p>F\u00fcr Mega-Sicherungshalter wie den <a href=\"https:\/\/fvcomponentes.com\/de\/produkt\/sicherungshalter-fur-mega-sicherung-victron-cip000100001\/\" target=\"_blank\" rel=\"noopener\">Sicherungshalter Sicherungshalter f\u00fcr MEGA-Sicherung Victron - CIP000100001<\/a><\/p>\n<p>Das Paket<strong> enth\u00e4lt 5 Sicherungen.<\/strong><\/p>\n<h2>Datenblatt Mega-Sicherung Victron 100A\/32v - CIP136100010<\/h2>\n<p><a href=\"https:\/\/fvcomponentes.com\/wp-content\/uploads\/2023\/03\/Midi-Mega-and-ANL-fuses-and-fuse-holders-EN.pdf\" target=\"_blank\" rel=\"noopener\">Siehe Victron Mega-Sicherung 100A\/32v Datenblatt<\/a><\/p>","protected":false},"excerpt":{"rendered":"<p><strong>Anspannung: <\/strong>100 A<br \/>\n<strong>Spannung:<\/strong> 32 V<strong><br \/>\nSpannungsabfall:<\/strong> 90 mV<br \/>\n<strong>K\u00e4ltebest\u00e4ndigkeit:<\/strong> 0,6 m\u03a9<\/p>","protected":false},"featured_media":7954,"comment_status":"open","ping_status":"closed","template":"","meta":{"site-sidebar-layout":"default","site-content-layout":"default","ast-site-content-layout":"default","site-content-style":"default","site-sidebar-style":"default","ast-global-header-display":"","ast-banner-title-visibility":"","ast-main-header-display":"","ast-hfb-above-header-display":"","ast-hfb-below-header-display":"","ast-hfb-mobile-header-display":"","site-post-title":"","ast-breadcrumbs-content":"","ast-featured-img":"","footer-sml-layout":"","ast-disable-related-posts":"","theme-transparent-header-meta":"default","adv-header-id-meta":"","stick-header-meta":"","header-above-stick-meta":"","header-main-stick-meta":"","header-below-stick-meta":"","astra-migrate-meta-layouts":"set","ast-page-background-enabled":"default","ast-page-background-meta":{"desktop":{"background-color":"var(--ast-global-color-4)","background-image":"","background-repeat":"repeat","background-position":"center center","background-size":"auto","background-attachment":"scroll","background-type":"","background-media":"","overlay-type":"","overlay-color":"","overlay-opacity":"","overlay-gradient":""},"tablet":{"background-color":"","background-image":"","background-repeat":"repeat","background-position":"center center","background-size":"auto","background-attachment":"scroll","background-type":"","background-media":"","overlay-type":"","overlay-color":"","overlay-opacity":"","overlay-gradient":""},"mobile":{"background-color":"","background-image":"","background-repeat":"repeat","background-position":"center center","background-size":"auto","background-attachment":"scroll","background-type":"","background-media":"","overlay-type":"","overlay-color":"","overlay-opacity":"","overlay-gradient":""}},"ast-content-background-meta":{"desktop":{"background-color":"var(--ast-global-color-5)","background-image":"","background-repeat":"repeat","background-position":"center center","background-size":"auto","background-attachment":"scroll","background-type":"","background-media":"","overlay-type":"","overlay-color":"","overlay-opacity":"","overlay-gradient":""},"tablet":{"background-color":"var(--ast-global-color-5)","background-image":"","background-repeat":"repeat","background-position":"center center","background-size":"auto","background-attachment":"scroll","background-type":"","background-media":"","overlay-type":"","overlay-color":"","overlay-opacity":"","overlay-gradient":""},"mobile":{"background-color":"var(--ast-global-color-5)","background-image":"","background-repeat":"repeat","background-position":"center center","background-size":"auto","background-attachment":"scroll","background-type":"","background-media":"","overlay-type":"","overlay-color":"","overlay-opacity":"","overlay-gradient":""}}},"pwb-brand":[332],"product_brand":[],"product_cat":[410,862,992],"product_tag":[],"class_list":{"0":"post-6225","1":"product","2":"type-product","3":"status-publish","4":"has-post-thumbnail","6":"pwb-brand-victron","7":"product_cat-material-electrico","8":"product_cat-fusibles","9":"product_cat-fusibles-mega","10":"desktop-align-left","11":"tablet-align-left","12":"mobile-align-left","13":"ast-product-gallery-layout-horizontal-slider","14":"ast-product-gallery-with-no-image","15":"ast-product-tabs-layout-horizontal","17":"first","18":"outofstock","19":"taxable","20":"shipping-taxable","21":"purchasable","22":"product-type-simple"},"wcpa_form_fields":null,"brands":[{"id":332,"name":"Victron Energie","slug":"victron"}],"_links":{"self":[{"href":"https:\/\/fvcomponentes.com\/de\/wp-json\/wp\/v2\/product\/6225","targetHints":{"allow":["GET"]}}],"collection":[{"href":"https:\/\/fvcomponentes.com\/de\/wp-json\/wp\/v2\/product"}],"about":[{"href":"https:\/\/fvcomponentes.com\/de\/wp-json\/wp\/v2\/types\/product"}],"replies":[{"embeddable":true,"href":"https:\/\/fvcomponentes.com\/de\/wp-json\/wp\/v2\/comments?post=6225"}],"wp:featuredmedia":[{"embeddable":true,"href":"https:\/\/fvcomponentes.com\/de\/wp-json\/wp\/v2\/media\/7954"}],"wp:attachment":[{"href":"https:\/\/fvcomponentes.com\/de\/wp-json\/wp\/v2\/media?parent=6225"}],"wp:term":[{"taxonomy":"pwb-brand","embeddable":true,"href":"https:\/\/fvcomponentes.com\/de\/wp-json\/wp\/v2\/pwb-brand?post=6225"},{"taxonomy":"product_brand","embeddable":true,"href":"https:\/\/fvcomponentes.com\/de\/wp-json\/wp\/v2\/product_brand?post=6225"},{"taxonomy":"product_cat","embeddable":true,"href":"https:\/\/fvcomponentes.com\/de\/wp-json\/wp\/v2\/product_cat?post=6225"},{"taxonomy":"product_tag","embeddable":true,"href":"https:\/\/fvcomponentes.com\/de\/wp-json\/wp\/v2\/product_tag?post=6225"}],"curies":[{"name":"wp","href":"https:\/\/api.w.org\/{rel}","templated":true}]}}