{"id":6178,"date":"2023-08-24T08:47:41","date_gmt":"2023-08-24T06:47:41","guid":{"rendered":"https:\/\/fvcomponentes.com\/?post_type=product&#038;p=6178"},"modified":"2026-01-15T10:02:56","modified_gmt":"2026-01-15T09:02:56","slug":"stromschiene-victron-150a-4p-abgedeckt-vbb115040020","status":"publish","type":"product","link":"https:\/\/fvcomponentes.com\/de\/producto\/busbar-victron-150a-4p-cubierta-vbb115040020\/","title":{"rendered":"Sammelschiene Victron 150A 4P + Abdeckung - VBB115040020"},"content":{"rendered":"<p>Victron 150A 4P Sammelschiene + Abdeckung - VBB115040020 f\u00fcr die Hochstromverteilung, die auch Anschl\u00fcsse f\u00fcr Batterien und\/oder Gleichstromger\u00e4te bietet.<\/p>\n<p>Stromschienen oder Sammelschienen dienen der Hochstromverteilung und stellen gleichzeitig Anschl\u00fcsse f\u00fcr Batterien und\/oder Gleichstromger\u00e4te bereit.<\/p>\n<p>Victron bietet verschiedene Sammelschienen mit unterschiedlichen Stromst\u00e4rken und einer unterschiedlichen Anzahl von Anschlussklemmen an. Jede Stromschiene ist mit einer abnehmbaren Schutzabdeckung ausgestattet.<\/p>\n<p>Auch in 6P erh\u00e4ltlich: <a href=\"https:\/\/fvcomponentes.com\/de\/produkt\/stromschiene-victron-150a-6p-abgedeckt-vbb115060020\/\" target=\"_blank\" rel=\"noopener\">Sammelschiene Victron 150A 6P + Abdeckung - VBB115060020<\/a><\/p>\n<h2>Datenblatt Sammelschiene Victron 150A 4P + Abdeckung - VBB115040020<\/h2>\n<p><a href=\"https:\/\/fvcomponentes.com\/wp-content\/uploads\/2023\/03\/Busbar-150-A-EN.pdf\" target=\"_blank\" rel=\"noopener\">Siehe Datenblatt Sammelschiene Victron 150A 4P + Abdeckung<\/a><\/p>","protected":false},"excerpt":{"rendered":"<p><strong>Maximaler Strom:<\/strong> 150 A<br \/>\n<strong>Spannung:<\/strong> 70 VDC<br \/>\n<strong>Gewicht:<\/strong> 0,2 kg<br \/>\n<strong>Abmessungen:<\/strong> 45 x 152,4 x 31,8 mm<\/p>","protected":false},"featured_media":6184,"comment_status":"open","ping_status":"closed","template":"","meta":{"site-sidebar-layout":"default","site-content-layout":"default","ast-site-content-layout":"default","site-content-style":"default","site-sidebar-style":"default","ast-global-header-display":"","ast-banner-title-visibility":"","ast-main-header-display":"","ast-hfb-above-header-display":"","ast-hfb-below-header-display":"","ast-hfb-mobile-header-display":"","site-post-title":"","ast-breadcrumbs-content":"","ast-featured-img":"","footer-sml-layout":"","ast-disable-related-posts":"","theme-transparent-header-meta":"default","adv-header-id-meta":"","stick-header-meta":"","header-above-stick-meta":"","header-main-stick-meta":"","header-below-stick-meta":"","astra-migrate-meta-layouts":"set","ast-page-background-enabled":"default","ast-page-background-meta":{"desktop":{"background-color":"var(--ast-global-color-4)","background-image":"","background-repeat":"repeat","background-position":"center center","background-size":"auto","background-attachment":"scroll","background-type":"","background-media":"","overlay-type":"","overlay-color":"","overlay-opacity":"","overlay-gradient":""},"tablet":{"background-color":"","background-image":"","background-repeat":"repeat","background-position":"center center","background-size":"auto","background-attachment":"scroll","background-type":"","background-media":"","overlay-type":"","overlay-color":"","overlay-opacity":"","overlay-gradient":""},"mobile":{"background-color":"","background-image":"","background-repeat":"repeat","background-position":"center center","background-size":"auto","background-attachment":"scroll","background-type":"","background-media":"","overlay-type":"","overlay-color":"","overlay-opacity":"","overlay-gradient":""}},"ast-content-background-meta":{"desktop":{"background-color":"var(--ast-global-color-5)","background-image":"","background-repeat":"repeat","background-position":"center center","background-size":"auto","background-attachment":"scroll","background-type":"","background-media":"","overlay-type":"","overlay-color":"","overlay-opacity":"","overlay-gradient":""},"tablet":{"background-color":"var(--ast-global-color-5)","background-image":"","background-repeat":"repeat","background-position":"center center","background-size":"auto","background-attachment":"scroll","background-type":"","background-media":"","overlay-type":"","overlay-color":"","overlay-opacity":"","overlay-gradient":""},"mobile":{"background-color":"var(--ast-global-color-5)","background-image":"","background-repeat":"repeat","background-position":"center center","background-size":"auto","background-attachment":"scroll","background-type":"","background-media":"","overlay-type":"","overlay-color":"","overlay-opacity":"","overlay-gradient":""}}},"pwb-brand":[332],"product_brand":[],"product_cat":[410,991],"product_tag":[],"class_list":{"0":"post-6178","1":"product","2":"type-product","3":"status-publish","4":"has-post-thumbnail","6":"pwb-brand-victron","7":"product_cat-material-electrico","8":"product_cat-busbar","9":"desktop-align-left","10":"tablet-align-left","11":"mobile-align-left","12":"ast-product-gallery-layout-horizontal-slider","13":"ast-product-tabs-layout-horizontal","15":"first","16":"instock","17":"taxable","18":"shipping-taxable","19":"purchasable","20":"product-type-simple"},"wcpa_form_fields":null,"brands":[{"id":332,"name":"Victron Energie","slug":"victron"}],"_links":{"self":[{"href":"https:\/\/fvcomponentes.com\/de\/wp-json\/wp\/v2\/product\/6178","targetHints":{"allow":["GET"]}}],"collection":[{"href":"https:\/\/fvcomponentes.com\/de\/wp-json\/wp\/v2\/product"}],"about":[{"href":"https:\/\/fvcomponentes.com\/de\/wp-json\/wp\/v2\/types\/product"}],"replies":[{"embeddable":true,"href":"https:\/\/fvcomponentes.com\/de\/wp-json\/wp\/v2\/comments?post=6178"}],"wp:featuredmedia":[{"embeddable":true,"href":"https:\/\/fvcomponentes.com\/de\/wp-json\/wp\/v2\/media\/6184"}],"wp:attachment":[{"href":"https:\/\/fvcomponentes.com\/de\/wp-json\/wp\/v2\/media?parent=6178"}],"wp:term":[{"taxonomy":"pwb-brand","embeddable":true,"href":"https:\/\/fvcomponentes.com\/de\/wp-json\/wp\/v2\/pwb-brand?post=6178"},{"taxonomy":"product_brand","embeddable":true,"href":"https:\/\/fvcomponentes.com\/de\/wp-json\/wp\/v2\/product_brand?post=6178"},{"taxonomy":"product_cat","embeddable":true,"href":"https:\/\/fvcomponentes.com\/de\/wp-json\/wp\/v2\/product_cat?post=6178"},{"taxonomy":"product_tag","embeddable":true,"href":"https:\/\/fvcomponentes.com\/de\/wp-json\/wp\/v2\/product_tag?post=6178"}],"curies":[{"name":"wp","href":"https:\/\/api.w.org\/{rel}","templated":true}]}}