{"id":6124,"date":"2023-09-14T08:53:59","date_gmt":"2023-09-14T06:53:59","guid":{"rendered":"https:\/\/fvcomponentes.com\/?post_type=product&#038;p=6124"},"modified":"2026-01-26T08:53:55","modified_gmt":"2026-01-26T07:53:55","slug":"lynx-power-in-victron-lyn020102000","status":"publish","type":"product","link":"https:\/\/fvcomponentes.com\/de\/producto\/lynx-power-in-victron-lyn020102000\/","title":{"rendered":"Lynx Power In Victron - LYN020102000"},"content":{"rendered":"<div class=\"ast-oembed-container\" style=\"height: 100%;\"><iframe title=\"Sie ben\u00f6tigen einen Victron Lynx Power In f\u00fcr Ihre Batterieinstallation + Modifikations-Hack-Sicherungen\" width=\"500\" height=\"281\" src=\"https:\/\/www.youtube.com\/embed\/VTMBoM6dEQ0?feature=oembed&#038;enablejsapi=1&#038;origin=https:\/\/fvcomponentes.com\" frameborder=\"0\" allow=\"accelerometer; autoplay; clipboard-write; encrypted-media; gyroscope; picture-in-picture; web-share\" referrerpolicy=\"strict-origin-when-cross-origin\" allowfullscreen><\/iframe><\/div>\n<p>&nbsp;<\/p>\n<hr \/>\n<h2>Eigenschaften des Lynx Power In Victron - LYN020102000<\/h2>\n<div class=\"ui9f13y mgz-element mgz-child mgz-element-product_description content-text\">\n<div class=\"mgz-element-inner ui9f13y-s\">\n<div class=\"ppbd-product-description\">Das Lynx Power In Victron - LYN020102000 ist eine modulare Gleichstromsammelschiene, die zum Anschluss von Batterien an das Lynx Gleichstromverteilungssystem verwendet wird. Das Lynx Power In Modul wird verwendet, um Batterien \u00fcber eine externe Sicherung anzuschlie\u00dfen. Es kann n\u00fctzlich sein, wenn Sie mehrere parallele Strings haben. Aufgrund des extrem hohen Kurzschlussstrompotentials der meisten Batterieb\u00e4nke wird empfohlen, ein externes Sicherungssystem mit einer geeigneten Fehlerstromunterbrechungsleistung (wie z.B. ein NH HRC) zu verwenden. Der Power In enth\u00e4lt eine negative und positive DC-Sammelschiene mit M8-Schrauben, an die die Batteriekabel angeschlossen werden k\u00f6nnen. Es kann Kabel mit einem Durchmesser von bis zu 22 mm durch die unteren Einf\u00fchrungen und unbegrenzt durch die beiden seitlichen Anschl\u00fcsse aufnehmen.<\/div>\n<div><\/div>\n<\/div>\n<\/div>\n<p>Es handelt sich um ein modulares Sammelschienensystem mit Gleichstromanschl\u00fcssen, Verteilung, Absicherung, Batterie\u00fcberwachung und\/oder Lithium-Batteriemanagement.<\/p>\n<h2>Das Lynx-Vertriebssystem<\/h2>\n<p>Dieses Verteilungssystem besteht aus den folgenden Elementen:<\/p>\n<ul>\n<li><a href=\"https:\/\/fvcomponentes.com\/de\/produkt\/lynx-power-in-victron-lyn020102000\/\" target=\"_blank\" rel=\"noopener\"><strong>Lynx Power In<\/strong><\/a> - Eine positive und eine negative Stromschiene mit vier Anschl\u00fcssen f\u00fcr Batterien oder Gleichstromger\u00e4te.<\/li>\n<li><a href=\"https:\/\/fvcomponentes.com\/de\/produkt\/sammelschienen-lynx-verteiler-lyn060102000\/\" target=\"_blank\" rel=\"noopener\"><strong>Lynx-Vertriebsh\u00e4ndler<\/strong><\/a> - Eine Plus- und eine Minussammelschiene mit vier abgesicherten Anschl\u00fcssen f\u00fcr Batterien oder Gleichstromger\u00e4te sowie Sicherungs\u00fcberwachung.<\/li>\n<li><a href=\"https:\/\/fvcomponentes.com\/de\/?post_type=product&amp;p=6161&amp;preview=true\" target=\"_blank\" rel=\"noopener\"><strong>Shunt Lynx VE.Can<\/strong><\/a> - Eine positive Sammelschiene mit Platz f\u00fcr eine Hauptsicherung des Systems und eine negative Sammelschiene mit einem Shunt zur Batterie\u00fcberwachung. VE.Can-Kommunikation zur \u00dcberwachung und Konfiguration mit einem GX-Ger\u00e4t.<\/li>\n<li><a href=\"https:\/\/fvcomponentes.com\/de\/produkt\/victron-lynx-smart-bms-lyn034160200\/\" target=\"_blank\" rel=\"noopener\"><strong>Lynx Smart BMS<\/strong><\/a> - Zur Verwendung in Verbindung mit Victron Energy Smart Lithium-Batterien. Enth\u00e4lt eine positive Stromschiene mit einem von einem Batteriemanagementsystem (BMS) gesteuerten Sch\u00fctz und eine negative Stromschiene mit einem Shunt zur Batterie\u00fcberwachung. Es verf\u00fcgt \u00fcber Bluetooth-Kommunikation zur \u00dcberwachung und Konfiguration \u00fcber die Anwendung. <a href=\"https:\/\/www.victronenergy.com.es\/panel-systems-remote-monitoring\/victronconnect\" target=\"_blank\" rel=\"noopener\">VictronConnect<\/a> und VE.Can Kommunikation zur \u00dcberwachung mit einem GX-Ger\u00e4t und dem VRM Portal.<\/li>\n<\/ul>\n<h2>Schaltplan f\u00fcr Lynx Power In Victron - LYN020102000<\/h2>\n<p><img fetchpriority=\"high\" decoding=\"async\" class=\"alignnone size-full wp-image-9193\" src=\"https:\/\/fvcomponentes.com\/wp-content\/uploads\/2023\/08\/Lynx-In.png\" alt=\"\" width=\"770\" height=\"745\" title=\"\"><\/p>\n<h2>Lynx-Modul-Verbindungen<\/h2>\n<p>Lynx-Module k\u00f6nnen mit anderen Lynx-Modulen auf der linken Seite (M8-Bohrung) und auf der rechten Seite (M8-Schraube) verbunden werden.<\/p>\n<p>Wenn das Lynx Modul das erste oder letzte in der Reihe ist oder allein verwendet wird, k\u00f6nnen Batterien, Lasten oder Ladeger\u00e4te direkt an diese Anschl\u00fcsse angeschlossen werden. Wir empfehlen dies jedoch im Allgemeinen nicht, da zus\u00e4tzliche Isolierung und Sicherungen erforderlich sind.<\/p>\n<h2>Datenblatt Lynx Power in Victron - LYN020102000<\/h2>\n<p><a href=\"https:\/\/fvcomponentes.com\/wp-content\/uploads\/2023\/08\/Lynx_Power_In-es.pdf\" target=\"_blank\" rel=\"noopener\">Siehe Datenblatt Lynx_Power_In-de Lynx Power in Victron - LYN020102000<\/a><\/p>","protected":false},"excerpt":{"rendered":"<p><span style=\"color: #ff0000\"><strong>KURZ VOR DEM VERSCHWINDEN. ENTSCHEIDEN SIE SICH F\u00dcR DIE M10<\/strong><\/span><\/p>\n<p><strong>Schutzklasse:<\/strong> IP22<br \/>\n<strong>Spannungsbereich:<\/strong> 9-60 V DC<br \/>\n<strong>Nennstrom:<\/strong> 1000 A<\/p>","protected":false},"featured_media":6132,"comment_status":"open","ping_status":"closed","template":"","meta":{"site-sidebar-layout":"default","site-content-layout":"default","ast-site-content-layout":"default","site-content-style":"default","site-sidebar-style":"default","ast-global-header-display":"","ast-banner-title-visibility":"","ast-main-header-display":"","ast-hfb-above-header-display":"","ast-hfb-below-header-display":"","ast-hfb-mobile-header-display":"","site-post-title":"","ast-breadcrumbs-content":"","ast-featured-img":"","footer-sml-layout":"","ast-disable-related-posts":"","theme-transparent-header-meta":"default","adv-header-id-meta":"","stick-header-meta":"","header-above-stick-meta":"","header-main-stick-meta":"","header-below-stick-meta":"","astra-migrate-meta-layouts":"set","ast-page-background-enabled":"default","ast-page-background-meta":{"desktop":{"background-color":"var(--ast-global-color-4)","background-image":"","background-repeat":"repeat","background-position":"center center","background-size":"auto","background-attachment":"scroll","background-type":"","background-media":"","overlay-type":"","overlay-color":"","overlay-opacity":"","overlay-gradient":""},"tablet":{"background-color":"","background-image":"","background-repeat":"repeat","background-position":"center center","background-size":"auto","background-attachment":"scroll","background-type":"","background-media":"","overlay-type":"","overlay-color":"","overlay-opacity":"","overlay-gradient":""},"mobile":{"background-color":"","background-image":"","background-repeat":"repeat","background-position":"center center","background-size":"auto","background-attachment":"scroll","background-type":"","background-media":"","overlay-type":"","overlay-color":"","overlay-opacity":"","overlay-gradient":""}},"ast-content-background-meta":{"desktop":{"background-color":"var(--ast-global-color-5)","background-image":"","background-repeat":"repeat","background-position":"center center","background-size":"auto","background-attachment":"scroll","background-type":"","background-media":"","overlay-type":"","overlay-color":"","overlay-opacity":"","overlay-gradient":""},"tablet":{"background-color":"var(--ast-global-color-5)","background-image":"","background-repeat":"repeat","background-position":"center center","background-size":"auto","background-attachment":"scroll","background-type":"","background-media":"","overlay-type":"","overlay-color":"","overlay-opacity":"","overlay-gradient":""},"mobile":{"background-color":"var(--ast-global-color-5)","background-image":"","background-repeat":"repeat","background-position":"center center","background-size":"auto","background-attachment":"scroll","background-type":"","background-media":"","overlay-type":"","overlay-color":"","overlay-opacity":"","overlay-gradient":""}}},"pwb-brand":[332],"product_brand":[],"product_cat":[410,991],"product_tag":[],"class_list":{"0":"post-6124","1":"product","2":"type-product","3":"status-publish","4":"has-post-thumbnail","6":"pwb-brand-victron","7":"product_cat-material-electrico","8":"product_cat-busbar","9":"desktop-align-left","10":"tablet-align-left","11":"mobile-align-left","12":"ast-product-gallery-layout-horizontal-slider","13":"ast-product-tabs-layout-horizontal","15":"first","16":"outofstock","17":"taxable","18":"shipping-taxable","19":"purchasable","20":"product-type-simple"},"wcpa_form_fields":null,"brands":[{"id":332,"name":"Victron Energie","slug":"victron"}],"_links":{"self":[{"href":"https:\/\/fvcomponentes.com\/de\/wp-json\/wp\/v2\/product\/6124","targetHints":{"allow":["GET"]}}],"collection":[{"href":"https:\/\/fvcomponentes.com\/de\/wp-json\/wp\/v2\/product"}],"about":[{"href":"https:\/\/fvcomponentes.com\/de\/wp-json\/wp\/v2\/types\/product"}],"replies":[{"embeddable":true,"href":"https:\/\/fvcomponentes.com\/de\/wp-json\/wp\/v2\/comments?post=6124"}],"wp:featuredmedia":[{"embeddable":true,"href":"https:\/\/fvcomponentes.com\/de\/wp-json\/wp\/v2\/media\/6132"}],"wp:attachment":[{"href":"https:\/\/fvcomponentes.com\/de\/wp-json\/wp\/v2\/media?parent=6124"}],"wp:term":[{"taxonomy":"pwb-brand","embeddable":true,"href":"https:\/\/fvcomponentes.com\/de\/wp-json\/wp\/v2\/pwb-brand?post=6124"},{"taxonomy":"product_brand","embeddable":true,"href":"https:\/\/fvcomponentes.com\/de\/wp-json\/wp\/v2\/product_brand?post=6124"},{"taxonomy":"product_cat","embeddable":true,"href":"https:\/\/fvcomponentes.com\/de\/wp-json\/wp\/v2\/product_cat?post=6124"},{"taxonomy":"product_tag","embeddable":true,"href":"https:\/\/fvcomponentes.com\/de\/wp-json\/wp\/v2\/product_tag?post=6124"}],"curies":[{"name":"wp","href":"https:\/\/api.w.org\/{rel}","templated":true}]}}