{"id":6053,"date":"2023-07-10T18:12:06","date_gmt":"2023-07-10T16:12:06","guid":{"rendered":"https:\/\/fvcomponentes.com\/?post_type=product&#038;p=6053"},"modified":"2026-04-04T12:48:55","modified_gmt":"2026-04-04T10:48:55","slug":"victron-orion-tr-smart-24-12-30a-dc-dc-isolierter-wandler-ori241236120","status":"publish","type":"product","link":"https:\/\/fvcomponentes.com\/de\/producto\/convertidor-victron-orion-tr-smart-24-12-30a-dc-dc-aislado-ori241236120\/","title":{"rendered":"Victron Orion-Tr Smart 24\/12-30A DC-DC isolierter Booster-Wandler - ORI241236120"},"content":{"rendered":"<p>Jeder Orion-Tr Smart Converter kann \u00fcber Bluetooth \u00fcberwacht und programmiert werden und l\u00e4sst sich \u00fcber einen Ein\/Aus-Schalter fernsteuern.<\/p>\n<p>Der Orion-Tr Smart Converter kann in 12- oder 24-V-Systemen eingesetzt werden und ist sowohl f\u00fcr Blei- als auch f\u00fcr Lithiumbatterien geeignet.<\/p>\n<p>Es sind Modelle bis zu 400 W erh\u00e4ltlich, und es k\u00f6nnen beliebig viele Ger\u00e4te parallel geschaltet werden, um die Leistung zu erh\u00f6hen.<\/p>\n<p>Konzipiert f\u00fcr den Betrieb bei hohen Temperaturen bis zu 55\u00b0C, mit voller Leistung bis zu 40\u00b0C.<\/p>\n<div>\n<h2>Bluetooth Smart aktiviert Integriertes Bluetooth<\/h2>\n<p>Jedes Smartphone, Tablet oder andere Bluetooth-f\u00e4hige Ger\u00e4t kann zur \u00dcberwachung, zum \u00c4ndern von Einstellungen und zum Aktualisieren des Konverters verwendet werden, wenn neue Softwarefunktionen verf\u00fcgbar sind.<\/p>\n<h2>Vollst\u00e4ndig programmierbar<\/h2>\n<ul>\n<li>Batterieladealgorithmus (konfigurierbar) oder feste Leistung.<\/li>\n<li>Intelligente Kompatibilit\u00e4t der Lichtmaschine: Mechanismus zur Erkennung des laufenden Motors.<\/li>\n<\/ul>\n<h2>3-stufiger adaptiver Belastungsalgorithmus: Anfangsbelastung - Absorption - Floating<\/h2>\n<ul>\n<li>Bei Blei-S\u00e4ure-Batterien ist es wichtig, dass bei leichten Entladungen die Absorptionszeit kurz ist, um eine \u00dcberladung der Batterie zu vermeiden. Nach einer Tiefentladung wird die Absorptionsladezeit automatisch verl\u00e4ngert, um eine vollst\u00e4ndige Wiederaufladung der Batterie zu gew\u00e4hrleisten.<\/li>\n<li>Bei Lithiumbatterien ist die Absorptionszeit festgelegt: standardm\u00e4\u00dfig 2 Stunden.<\/li>\n<li>Alternativ kann auch eine feste Ausgangsspannung gew\u00e4hlt werden.<\/li>\n<\/ul>\n<h2>Fernbedienung ein\/aus<\/h2>\n<p>Ein ferngesteuerter Ein\/Aus-Schalter kann an einen zweiphasigen Stecker angeschlossen werden. Alternativ kann die H-Klemme (rechts) des zweiphasigen Steckers mit dem Pluspol der Batterie oder die L-Klemme (links) des zweiphasigen Steckers mit dem Minuspol der Batterie (oder z. B. mit dem Fahrzeugchassis) verbunden werden.<\/p>\n<h2>Alle Modelle sind kurzschlussfest und k\u00f6nnen zur Erh\u00f6hung des Ausgangsstroms parallel geschaltet werden.<\/h2>\n<p>Es kann eine unbegrenzte Anzahl von Ger\u00e4ten parallel geschaltet werden.<\/p>\n<h2>Schutz vor hohen Temperaturen:<\/h2>\n<p>Bei hohen Umgebungstemperaturen wird der Ausgangsstrom reduziert.<\/p>\n<h2>Schutzart IP43<\/h2>\n<p>Bei Einbau mit den Schraubklemmen nach unten.<\/p>\n<h2>Schraubklemmen<\/h2>\n<p>F\u00fcr den Einbau sind keine Spezialwerkzeuge erforderlich.<\/p>\n<h2>Eingangssicherung (nicht austauschbar)<\/h2>\n<\/div>\n<p><img fetchpriority=\"high\" decoding=\"async\" class=\"alignnone wp-image-6042\" src=\"https:\/\/fvcomponentes.com\/wp-content\/uploads\/2023\/03\/Captura-5.png\" alt=\"Victron Orion-Tr Smart 12\/12-30A DC-DC isoliertes Ladeger\u00e4t - ORI121236140\" width=\"446\" height=\"307\" title=\"\"><\/p>\n<h2>Datenblatt Victron Orion-Tr Smart 24\/12-30A DC-DC isolierter Wandler - ORI241236120<\/h2>\n<p><a href=\"https:\/\/fvcomponentes.com\/wp-content\/uploads\/2023\/03\/Orion-Tr-Smart-DC-DC-chargers-isolated-250-400W-ES.pdf\" target=\"_blank\" rel=\"noopener\">Datenblatt Victron Orion-Tr Smart 24\/12-30A DC-DC isolierter Wandler - ORI241236120<\/a><\/p>","protected":false},"excerpt":{"rendered":"<ul>\n<li><span style=\"color: #99cc00\"><strong>Bluetooth-Ger\u00e4te<\/strong><\/span><\/li>\n<li><strong>Konverter-Ladeger\u00e4t<\/strong><\/li>\n<li><strong style=\"font-size: 16px\">Eingangsspannungsbereich:<\/strong><span style=\"font-size: 16px\"> 20-35 V<\/span><\/li>\n<li><strong style=\"font-size: 16px\">Unterbrechung der Verbindung durch Unterspannung:<\/strong><span style=\"font-size: 16px\"> 14 V<\/span><\/li>\n<li><strong style=\"font-size: 16px\">Unterspannungs-Reset:<\/strong><span style=\"font-size: 16px\"> 15 V<\/span><\/li>\n<li><strong style=\"font-size: 16px\">Gewicht:<\/strong><span style=\"font-size: 16px\"> 1,6 kg<\/span><\/li>\n<li><strong style=\"font-size: 16px\">Abmessungen:<\/strong><span style=\"font-size: 16px\"> 130 x 186 x 70 mm mm mm<\/span><\/li>\n<\/ul>","protected":false},"featured_media":6056,"comment_status":"open","ping_status":"closed","template":"","meta":{"site-sidebar-layout":"default","site-content-layout":"default","ast-site-content-layout":"default","site-content-style":"default","site-sidebar-style":"default","ast-global-header-display":"","ast-banner-title-visibility":"","ast-main-header-display":"","ast-hfb-above-header-display":"","ast-hfb-below-header-display":"","ast-hfb-mobile-header-display":"","site-post-title":"","ast-breadcrumbs-content":"","ast-featured-img":"","footer-sml-layout":"","ast-disable-related-posts":"","theme-transparent-header-meta":"default","adv-header-id-meta":"","stick-header-meta":"","header-above-stick-meta":"","header-main-stick-meta":"","header-below-stick-meta":"","astra-migrate-meta-layouts":"set","ast-page-background-enabled":"default","ast-page-background-meta":{"desktop":{"background-color":"var(--ast-global-color-4)","background-image":"","background-repeat":"repeat","background-position":"center center","background-size":"auto","background-attachment":"scroll","background-type":"","background-media":"","overlay-type":"","overlay-color":"","overlay-opacity":"","overlay-gradient":""},"tablet":{"background-color":"","background-image":"","background-repeat":"repeat","background-position":"center center","background-size":"auto","background-attachment":"scroll","background-type":"","background-media":"","overlay-type":"","overlay-color":"","overlay-opacity":"","overlay-gradient":""},"mobile":{"background-color":"","background-image":"","background-repeat":"repeat","background-position":"center center","background-size":"auto","background-attachment":"scroll","background-type":"","background-media":"","overlay-type":"","overlay-color":"","overlay-opacity":"","overlay-gradient":""}},"ast-content-background-meta":{"desktop":{"background-color":"var(--ast-global-color-5)","background-image":"","background-repeat":"repeat","background-position":"center center","background-size":"auto","background-attachment":"scroll","background-type":"","background-media":"","overlay-type":"","overlay-color":"","overlay-opacity":"","overlay-gradient":""},"tablet":{"background-color":"var(--ast-global-color-5)","background-image":"","background-repeat":"repeat","background-position":"center center","background-size":"auto","background-attachment":"scroll","background-type":"","background-media":"","overlay-type":"","overlay-color":"","overlay-opacity":"","overlay-gradient":""},"mobile":{"background-color":"var(--ast-global-color-5)","background-image":"","background-repeat":"repeat","background-position":"center center","background-size":"auto","background-attachment":"scroll","background-type":"","background-media":"","overlay-type":"","overlay-color":"","overlay-opacity":"","overlay-gradient":""}}},"pwb-brand":[332],"product_brand":[],"product_cat":[419,901,865],"product_tag":[],"class_list":{"0":"post-6053","1":"product","2":"type-product","3":"status-publish","4":"has-post-thumbnail","6":"pwb-brand-victron","7":"product_cat-cargadores-de-baterias","8":"product_cat-24v-12v","9":"product_cat-convertidores","10":"desktop-align-left","11":"tablet-align-left","12":"mobile-align-left","13":"ast-product-gallery-layout-horizontal-slider","14":"ast-product-tabs-layout-horizontal","16":"first","17":"instock","18":"taxable","19":"shipping-taxable","20":"purchasable","21":"product-type-simple"},"wcpa_form_fields":null,"brands":[{"id":332,"name":"Victron Energie","slug":"victron"}],"_links":{"self":[{"href":"https:\/\/fvcomponentes.com\/de\/wp-json\/wp\/v2\/product\/6053","targetHints":{"allow":["GET"]}}],"collection":[{"href":"https:\/\/fvcomponentes.com\/de\/wp-json\/wp\/v2\/product"}],"about":[{"href":"https:\/\/fvcomponentes.com\/de\/wp-json\/wp\/v2\/types\/product"}],"replies":[{"embeddable":true,"href":"https:\/\/fvcomponentes.com\/de\/wp-json\/wp\/v2\/comments?post=6053"}],"wp:featuredmedia":[{"embeddable":true,"href":"https:\/\/fvcomponentes.com\/de\/wp-json\/wp\/v2\/media\/6056"}],"wp:attachment":[{"href":"https:\/\/fvcomponentes.com\/de\/wp-json\/wp\/v2\/media?parent=6053"}],"wp:term":[{"taxonomy":"pwb-brand","embeddable":true,"href":"https:\/\/fvcomponentes.com\/de\/wp-json\/wp\/v2\/pwb-brand?post=6053"},{"taxonomy":"product_brand","embeddable":true,"href":"https:\/\/fvcomponentes.com\/de\/wp-json\/wp\/v2\/product_brand?post=6053"},{"taxonomy":"product_cat","embeddable":true,"href":"https:\/\/fvcomponentes.com\/de\/wp-json\/wp\/v2\/product_cat?post=6053"},{"taxonomy":"product_tag","embeddable":true,"href":"https:\/\/fvcomponentes.com\/de\/wp-json\/wp\/v2\/product_tag?post=6053"}],"curies":[{"name":"wp","href":"https:\/\/api.w.org\/{rel}","templated":true}]}}