{"id":5977,"date":"2024-01-19T19:30:12","date_gmt":"2024-01-19T18:30:12","guid":{"rendered":"https:\/\/fvcomponentes.com\/?post_type=product&#038;p=5977"},"modified":"2026-04-08T21:30:39","modified_gmt":"2026-04-08T19:30:39","slug":"orion-victron-nicht-isolierter-hochleistungswandler-24-12-40-ori241240021","status":"publish","type":"product","link":"https:\/\/fvcomponentes.com\/de\/producto\/convertidor-orion-victron-no-aislado-de-alta-potencia-24-12-40-ori241240021\/","title":{"rendered":"Orion Victron nicht isolierter Hochleistungswandler 24\/12-40 - ORI241240021"},"content":{"rendered":"<h2>Fern-Ein-Aus-Anschluss<\/h2>\n<ul>\n<li>Der Remote-On-Off-Steckverbinder ist eine praktische und vielseitige L\u00f6sung, die die Verwaltung von elektrischen Ger\u00e4ten vereinfacht. Dieser Stecker macht Hochleistungsschalter in der Eingangsverdrahtung \u00fcberfl\u00fcssig und erleichtert die Bedienung und Steuerung elektrischer Ger\u00e4te aus der Ferne.<\/li>\n<li>Einer der Hauptvorteile des Ferneinschaltsteckers besteht darin, dass er entweder durch einen Schwachstromschalter oder den Motorstartschalter aktiviert werden kann, wie in der Bedienungsanleitung beschrieben. Diese Flexibilit\u00e4t der Aktivierung macht ihn ideal f\u00fcr eine Vielzahl von Anwendungen.<\/li>\n<\/ul>\n<h2>Alle Modelle mit einstellbarer Leistung k\u00f6nnen auch als Batterieladeger\u00e4t verwendet werden.<\/h2>\n<ul>\n<li>Dar\u00fcber hinaus bieten alle Modelle mit verstellbaren Steckdosen die zus\u00e4tzliche Funktion, als Batterieladeger\u00e4t verwendet werden zu k\u00f6nnen.<\/li>\n<li>Das bedeutet, dass sie 12-Volt-Starter- oder Servicebatterien laden k\u00f6nnen, auch wenn sie in 24-Volt-Systeme integriert sind, was zu Zeit- und Ressourceneinsparungen f\u00fchrt.<\/li>\n<\/ul>\n<h2>Alle Modelle mit einstellbarem Ausgang k\u00f6nnen parallel geschaltet werden, um den Ausgangsstrom zu erh\u00f6hen.<\/h2>\n<ul>\n<li>Ein weiteres herausragendes Merkmal ist die M\u00f6glichkeit, mehrere dieser Anschl\u00fcsse parallel zu schalten, um den Ausgangsstrom zu erh\u00f6hen.<\/li>\n<li>Bis zu f\u00fcnf Ger\u00e4te k\u00f6nnen parallel geschaltet werden, so dass auch ein h\u00f6herer Strombedarf effizient gedeckt werden kann.<\/li>\n<\/ul>\n<h2>Einfach zu installieren:<\/h2>\n<ul>\n<li>Die Installation ist einfach und bequem, da im Lieferumfang 4 x 6,3 mm Steckanschl\u00fcsse enthalten sind.<\/li>\n<li>Diese Anschl\u00fcsse erleichtern die Verbindung mit anderen elektrischen Ger\u00e4ten und Systemen und machen den Remote-On-Off-Stecker zu einer kompletten und einfach zu implementierenden L\u00f6sung f\u00fcr eine Vielzahl von Anwendungen.<\/li>\n<\/ul>\n<h2>Datenblatt Orion Konverter <a href=\"https:\/\/www.victronenergy.com.es\/\" target=\"_blank\" rel=\"noopener\">Victron<\/a> nicht isoliert, hohe Leistung 24\/12-40 - ORI241240021<\/h2>\n<p><a href=\"https:\/\/fvcomponentes.com\/wp-content\/uploads\/2023\/03\/Orion-alta-potencia-ES.pdf\" target=\"_blank\" rel=\"noopener\">Datenblatt Orion Victron Nicht-isolierter Hochleistungs-Wechselrichter 24\/12-40 -ORI241240021<\/a><\/p>","protected":false},"excerpt":{"rendered":"<ul>\n<li><span style=\"color: #ff0000\"><strong>Dieses Ger\u00e4t ist NICHT ZUM AUFLADEN DER BATTERIE geeignet. W\u00e4hlen Sie das Smart-Modell mit Blutetooth.<\/strong><\/span><\/li>\n<li><span style=\"color: #ff0000\"><strong>Ger\u00e4te ohne Bluetooth<\/strong><\/span><\/li>\n<li><strong style=\"font-size: 16px\">Eingangsspannungsbereich (V):<\/strong><span style=\"font-size: 16px\"> 18\/35<\/span><\/li>\n<li><strong style=\"font-size: 16px\">Unterspannung der Verbindung (V):<\/strong><span style=\"font-size: 16px\"> 14<\/span><\/li>\n<li><strong style=\"font-size: 16px\">Verbrauch aus:<\/strong><span style=\"font-size: 16px\"> &lt;20mA<\/span><\/li>\n<li><strong style=\"font-size: 16px\">Gewicht (kg):<\/strong><span style=\"font-size: 16px\"> 0,85<\/span><\/li>\n<li><strong style=\"font-size: 16px\">Abmessungen (mm):<\/strong><span style=\"font-size: 16px\"> 65x88x185<\/span><\/li>\n<\/ul>","protected":false},"featured_media":5980,"comment_status":"open","ping_status":"closed","template":"","meta":{"site-sidebar-layout":"default","site-content-layout":"default","ast-site-content-layout":"default","site-content-style":"default","site-sidebar-style":"default","ast-global-header-display":"","ast-banner-title-visibility":"","ast-main-header-display":"","ast-hfb-above-header-display":"","ast-hfb-below-header-display":"","ast-hfb-mobile-header-display":"","site-post-title":"","ast-breadcrumbs-content":"","ast-featured-img":"","footer-sml-layout":"","ast-disable-related-posts":"","theme-transparent-header-meta":"default","adv-header-id-meta":"","stick-header-meta":"","header-above-stick-meta":"","header-main-stick-meta":"","header-below-stick-meta":"","astra-migrate-meta-layouts":"set","ast-page-background-enabled":"default","ast-page-background-meta":{"desktop":{"background-color":"var(--ast-global-color-4)","background-image":"","background-repeat":"repeat","background-position":"center center","background-size":"auto","background-attachment":"scroll","background-type":"","background-media":"","overlay-type":"","overlay-color":"","overlay-opacity":"","overlay-gradient":""},"tablet":{"background-color":"","background-image":"","background-repeat":"repeat","background-position":"center center","background-size":"auto","background-attachment":"scroll","background-type":"","background-media":"","overlay-type":"","overlay-color":"","overlay-opacity":"","overlay-gradient":""},"mobile":{"background-color":"","background-image":"","background-repeat":"repeat","background-position":"center center","background-size":"auto","background-attachment":"scroll","background-type":"","background-media":"","overlay-type":"","overlay-color":"","overlay-opacity":"","overlay-gradient":""}},"ast-content-background-meta":{"desktop":{"background-color":"var(--ast-global-color-5)","background-image":"","background-repeat":"repeat","background-position":"center center","background-size":"auto","background-attachment":"scroll","background-type":"","background-media":"","overlay-type":"","overlay-color":"","overlay-opacity":"","overlay-gradient":""},"tablet":{"background-color":"var(--ast-global-color-5)","background-image":"","background-repeat":"repeat","background-position":"center center","background-size":"auto","background-attachment":"scroll","background-type":"","background-media":"","overlay-type":"","overlay-color":"","overlay-opacity":"","overlay-gradient":""},"mobile":{"background-color":"var(--ast-global-color-5)","background-image":"","background-repeat":"repeat","background-position":"center center","background-size":"auto","background-attachment":"scroll","background-type":"","background-media":"","overlay-type":"","overlay-color":"","overlay-opacity":"","overlay-gradient":""}}},"pwb-brand":[332],"product_brand":[],"product_cat":[865,901,419],"product_tag":[],"class_list":{"0":"post-5977","1":"product","2":"type-product","3":"status-publish","4":"has-post-thumbnail","6":"pwb-brand-victron","7":"product_cat-convertidores","8":"product_cat-24v-12v","9":"product_cat-cargadores-de-baterias","10":"desktop-align-left","11":"tablet-align-left","12":"mobile-align-left","13":"ast-product-gallery-layout-horizontal-slider","14":"ast-product-tabs-layout-horizontal","16":"first","17":"instock","18":"taxable","19":"shipping-taxable","20":"purchasable","21":"product-type-simple"},"wcpa_form_fields":null,"brands":[{"id":332,"name":"Victron Energie","slug":"victron"}],"_links":{"self":[{"href":"https:\/\/fvcomponentes.com\/de\/wp-json\/wp\/v2\/product\/5977","targetHints":{"allow":["GET"]}}],"collection":[{"href":"https:\/\/fvcomponentes.com\/de\/wp-json\/wp\/v2\/product"}],"about":[{"href":"https:\/\/fvcomponentes.com\/de\/wp-json\/wp\/v2\/types\/product"}],"replies":[{"embeddable":true,"href":"https:\/\/fvcomponentes.com\/de\/wp-json\/wp\/v2\/comments?post=5977"}],"wp:featuredmedia":[{"embeddable":true,"href":"https:\/\/fvcomponentes.com\/de\/wp-json\/wp\/v2\/media\/5980"}],"wp:attachment":[{"href":"https:\/\/fvcomponentes.com\/de\/wp-json\/wp\/v2\/media?parent=5977"}],"wp:term":[{"taxonomy":"pwb-brand","embeddable":true,"href":"https:\/\/fvcomponentes.com\/de\/wp-json\/wp\/v2\/pwb-brand?post=5977"},{"taxonomy":"product_brand","embeddable":true,"href":"https:\/\/fvcomponentes.com\/de\/wp-json\/wp\/v2\/product_brand?post=5977"},{"taxonomy":"product_cat","embeddable":true,"href":"https:\/\/fvcomponentes.com\/de\/wp-json\/wp\/v2\/product_cat?post=5977"},{"taxonomy":"product_tag","embeddable":true,"href":"https:\/\/fvcomponentes.com\/de\/wp-json\/wp\/v2\/product_tag?post=5977"}],"curies":[{"name":"wp","href":"https:\/\/api.w.org\/{rel}","templated":true}]}}