{"id":5970,"date":"2024-01-19T19:30:18","date_gmt":"2024-01-19T18:30:18","guid":{"rendered":"https:\/\/fvcomponentes.com\/?post_type=product&#038;p=5970"},"modified":"2026-01-15T10:05:17","modified_gmt":"2026-01-15T09:05:17","slug":"orion-victron-nicht-isolierter-hochleistungswandler-24-12-25-ori241225020","status":"publish","type":"product","link":"https:\/\/fvcomponentes.com\/de\/producto\/convertidor-orion-victron-no-aislado-de-alta-potencia-24-12-25-ori241225020\/","title":{"rendered":"Orion Victron nicht isolierter Hochleistungswandler 24\/12-25 - ORI241225020"},"content":{"rendered":"<h2>Fern-Ein-Aus-Anschluss<\/h2>\n<p>Durch die Ferneinschaltung entf\u00e4llt die Notwendigkeit eines Hochspannungsschalters in der Zuleitung. Die Ferneinschaltung kann \u00fcber einen Schalter mit geringer Leistung oder \u00fcber den Motorstartschalter (siehe Handbuch) erfolgen.<\/p>\n<h2>Alle Modelle mit einstellbarer Leistung k\u00f6nnen auch als Batterieladeger\u00e4t verwendet werden.<\/h2>\n<p>Zum Beispiel zum Laden einer 12V-Starter- oder Servicebatterie, die in ein 24V-System integriert ist.<\/p>\n<h2>Alle Modelle mit einstellbarem Ausgang k\u00f6nnen parallel geschaltet werden, um den Ausgangsstrom zu erh\u00f6hen.<\/h2>\n<p>Bis zu f\u00fcnf Ger\u00e4te k\u00f6nnen parallel geschaltet werden.<\/p>\n<h2>Einfach zu installieren:<\/h2>\n<p>Im Lieferumfang enthalten sind 4 x 6,3 mm Buchsensteckverbindungen.<\/p>\n<h2>Datenblatt Orion Konverter <a href=\"https:\/\/www.victronenergy.com.es\/\" target=\"_blank\" rel=\"noopener\">Victron<\/a> nicht isoliert, hohe Leistung 24\/12-25 - ORI241225020<\/h2>\n<p><a href=\"https:\/\/fvcomponentes.com\/wp-content\/uploads\/2023\/03\/Orion-alta-potencia-ES.pdf\" target=\"_blank\" rel=\"noopener\">Datenblatt Orion Victron Nicht-isolierter Hochleistungs-Wechselrichter 24\/12-25 - ORI241225020<\/a><\/p>","protected":false},"excerpt":{"rendered":"<ul>\n<li><span style=\"color: #ff0000\"><strong>Dieses Ger\u00e4t ist NICHT ZUM AUFLADEN DER BATTERIE geeignet. W\u00e4hlen Sie das Smart-Modell mit Blutetooth.<\/strong><\/span><\/li>\n<li><span style=\"color: #ff0000\"><strong>Ger\u00e4te ohne Bluetooth<\/strong><\/span><\/li>\n<li><strong style=\"font-size: 16px\">Eingangsspannungsbereich (V):<\/strong><span style=\"font-size: 16px\"> 18\/35<\/span><\/li>\n<li><strong style=\"font-size: 16px\">Unterspannung der Verbindung (V):<\/strong><span style=\"font-size: 16px\"> 14<\/span><\/li>\n<li><strong style=\"font-size: 16px\">Verbrauch aus:<\/strong><span style=\"font-size: 16px\"> &lt;15mA<\/span><\/li>\n<li><strong style=\"font-size: 16px\">Gewicht (kg):<\/strong><span style=\"font-size: 16px\"> 0,7<\/span><\/li>\n<li><strong style=\"font-size: 16px\">Abmessungen (mm):<\/strong><span style=\"font-size: 16px\"> 65x88x160<\/span><\/li>\n<\/ul>","protected":false},"featured_media":5976,"comment_status":"open","ping_status":"closed","template":"","meta":{"site-sidebar-layout":"default","site-content-layout":"default","ast-site-content-layout":"default","site-content-style":"default","site-sidebar-style":"default","ast-global-header-display":"","ast-banner-title-visibility":"","ast-main-header-display":"","ast-hfb-above-header-display":"","ast-hfb-below-header-display":"","ast-hfb-mobile-header-display":"","site-post-title":"","ast-breadcrumbs-content":"","ast-featured-img":"","footer-sml-layout":"","ast-disable-related-posts":"","theme-transparent-header-meta":"default","adv-header-id-meta":"","stick-header-meta":"","header-above-stick-meta":"","header-main-stick-meta":"","header-below-stick-meta":"","astra-migrate-meta-layouts":"set","ast-page-background-enabled":"default","ast-page-background-meta":{"desktop":{"background-color":"var(--ast-global-color-4)","background-image":"","background-repeat":"repeat","background-position":"center center","background-size":"auto","background-attachment":"scroll","background-type":"","background-media":"","overlay-type":"","overlay-color":"","overlay-opacity":"","overlay-gradient":""},"tablet":{"background-color":"","background-image":"","background-repeat":"repeat","background-position":"center center","background-size":"auto","background-attachment":"scroll","background-type":"","background-media":"","overlay-type":"","overlay-color":"","overlay-opacity":"","overlay-gradient":""},"mobile":{"background-color":"","background-image":"","background-repeat":"repeat","background-position":"center center","background-size":"auto","background-attachment":"scroll","background-type":"","background-media":"","overlay-type":"","overlay-color":"","overlay-opacity":"","overlay-gradient":""}},"ast-content-background-meta":{"desktop":{"background-color":"var(--ast-global-color-5)","background-image":"","background-repeat":"repeat","background-position":"center center","background-size":"auto","background-attachment":"scroll","background-type":"","background-media":"","overlay-type":"","overlay-color":"","overlay-opacity":"","overlay-gradient":""},"tablet":{"background-color":"var(--ast-global-color-5)","background-image":"","background-repeat":"repeat","background-position":"center center","background-size":"auto","background-attachment":"scroll","background-type":"","background-media":"","overlay-type":"","overlay-color":"","overlay-opacity":"","overlay-gradient":""},"mobile":{"background-color":"var(--ast-global-color-5)","background-image":"","background-repeat":"repeat","background-position":"center center","background-size":"auto","background-attachment":"scroll","background-type":"","background-media":"","overlay-type":"","overlay-color":"","overlay-opacity":"","overlay-gradient":""}}},"pwb-brand":[332],"product_brand":[],"product_cat":[865,901],"product_tag":[],"class_list":{"0":"post-5970","1":"product","2":"type-product","3":"status-publish","4":"has-post-thumbnail","6":"pwb-brand-victron","7":"product_cat-convertidores","8":"product_cat-24v-12v","9":"desktop-align-left","10":"tablet-align-left","11":"mobile-align-left","12":"ast-product-gallery-layout-horizontal-slider","13":"ast-product-tabs-layout-horizontal","15":"first","16":"instock","17":"taxable","18":"shipping-taxable","19":"purchasable","20":"product-type-simple"},"wcpa_form_fields":null,"brands":[{"id":332,"name":"Victron Energie","slug":"victron"}],"_links":{"self":[{"href":"https:\/\/fvcomponentes.com\/de\/wp-json\/wp\/v2\/product\/5970","targetHints":{"allow":["GET"]}}],"collection":[{"href":"https:\/\/fvcomponentes.com\/de\/wp-json\/wp\/v2\/product"}],"about":[{"href":"https:\/\/fvcomponentes.com\/de\/wp-json\/wp\/v2\/types\/product"}],"replies":[{"embeddable":true,"href":"https:\/\/fvcomponentes.com\/de\/wp-json\/wp\/v2\/comments?post=5970"}],"wp:featuredmedia":[{"embeddable":true,"href":"https:\/\/fvcomponentes.com\/de\/wp-json\/wp\/v2\/media\/5976"}],"wp:attachment":[{"href":"https:\/\/fvcomponentes.com\/de\/wp-json\/wp\/v2\/media?parent=5970"}],"wp:term":[{"taxonomy":"pwb-brand","embeddable":true,"href":"https:\/\/fvcomponentes.com\/de\/wp-json\/wp\/v2\/pwb-brand?post=5970"},{"taxonomy":"product_brand","embeddable":true,"href":"https:\/\/fvcomponentes.com\/de\/wp-json\/wp\/v2\/product_brand?post=5970"},{"taxonomy":"product_cat","embeddable":true,"href":"https:\/\/fvcomponentes.com\/de\/wp-json\/wp\/v2\/product_cat?post=5970"},{"taxonomy":"product_tag","embeddable":true,"href":"https:\/\/fvcomponentes.com\/de\/wp-json\/wp\/v2\/product_tag?post=5970"}],"curies":[{"name":"wp","href":"https:\/\/api.w.org\/{rel}","templated":true}]}}