{"id":5931,"date":"2023-08-17T15:45:53","date_gmt":"2023-08-17T13:45:53","guid":{"rendered":"https:\/\/fvcomponentes.com\/?post_type=product&#038;p=5931"},"modified":"2026-04-08T21:33:51","modified_gmt":"2026-04-08T19:33:51","slug":"orion-victron-24-12-100-wandler-ip67-ori241221226","status":"publish","type":"product","link":"https:\/\/fvcomponentes.com\/de\/producto\/convertidor-orion-victron-24-12-100-ip67-ori241221226\/","title":{"rendered":"Orion Victron 24\/12-100 IP67 Konverter - ORI241221226"},"content":{"rendered":"<p>Die Spannungswandler von Victron Energy, wie z.B. der Orion Victron 24\/12-100 IP67 Converter - ORI241221226, erm\u00f6glichen die Umwandlung der Gleichspannung, die von der photovoltaischen Inselanlage erzeugt wird, in eine andere Spannung. Sein Nutzen ist sehr breit gef\u00e4chert, er erlaubt es, Ger\u00e4te, die 12Vdc verbrauchen, in Systemen zu platzieren, die 24Vdc erzeugen, oder umgekehrt. Es ist auch m\u00f6glich, 12Vdc in niedrigere Spannungen umzuwandeln, um Ger\u00e4te zu verwenden, die traditionell mit Batterien arbeiten.<\/p>\n<h2>Vollst\u00e4ndig gekapselt: wasserdicht, sto\u00dffest und feuerfest<\/h2>\n<p>Wasser, \u00d6l und Schmutz k\u00f6nnen dem Orion IP67 DC-DC-Wandler nichts anhaben. Sein Geh\u00e4use ist aus Aluminiumguss gefertigt und die elektronischen Komponenten sind in Kunstharz gegossen.<\/p>\n<h2>Gro\u00dfer Eingangsspannungsbereich<\/h2>\n<p>Mit einem Eingangsbereich von 18 bis 35 Volt ist ein stabiler Ausgang auch dann gew\u00e4hrleistet, wenn Spannungsspitzen oder -einbr\u00fcche auftreten, wenn andere Ger\u00e4te an dieselbe Batterie angeschlossen sind.<\/p>\n<h2>Schutz vor \u00dcberhitzung<\/h2>\n<p>Kann in einer hei\u00dfen Umgebung verwendet werden, z. B. in einem Maschinenraum.<\/p>\n<h2>Datenblatt Orion Victron 24\/12-100 IP67 Konverter - ORI241221226<\/h2>\n<p><a href=\"https:\/\/fvcomponentes.com\/wp-content\/uploads\/2023\/03\/convertidor-orion-ES.pdf\" target=\"_blank\" rel=\"noopener\">Orion Victron 24\/12-100 IP67 Konverter Datenblatt<\/a><\/p>","protected":false},"excerpt":{"rendered":"<p><span style=\"color: #ff0000\">Diese Ausr\u00fcstung <strong>NICHT ZUM LADEN VON BATTERIEN GEEIGNET<\/strong>. W\u00e4hlen Sie das Smart-Modell mit Blutetooth.<\/span><\/p>\n<ul>\n<li><span style=\"color: #ff0000\"><strong>Ger\u00e4te ohne Bluetooth<\/strong><\/span><\/li>\n<li><strong>Nicht isoliert<\/strong><\/li>\n<li><strong style=\"font-size: 16px\">Eingangsspannungsbereich:<\/strong><span style=\"font-size: 16px\"> 18-35VDC<\/span><\/li>\n<li><strong style=\"font-size: 16px\">DC-Ausgangsspannung<\/strong><span style=\"font-size: 16px\"> 12V +\/- 3%<\/span><\/li>\n<li><strong style=\"font-size: 16px\">Maximaler Dauerausgangsstrom <\/strong><span style=\"font-size: 16px\">100A<\/span><\/li>\n<li><strong style=\"font-size: 16px\">Effizienz:<\/strong><span style=\"font-size: 16px\"> 96%<\/span><\/li>\n<\/ul>\n<p>&nbsp;<\/p>","protected":false},"featured_media":5935,"comment_status":"open","ping_status":"closed","template":"","meta":{"site-sidebar-layout":"default","site-content-layout":"default","ast-site-content-layout":"default","site-content-style":"default","site-sidebar-style":"default","ast-global-header-display":"","ast-banner-title-visibility":"","ast-main-header-display":"","ast-hfb-above-header-display":"","ast-hfb-below-header-display":"","ast-hfb-mobile-header-display":"","site-post-title":"","ast-breadcrumbs-content":"","ast-featured-img":"","footer-sml-layout":"","ast-disable-related-posts":"","theme-transparent-header-meta":"default","adv-header-id-meta":"","stick-header-meta":"","header-above-stick-meta":"","header-main-stick-meta":"","header-below-stick-meta":"","astra-migrate-meta-layouts":"set","ast-page-background-enabled":"default","ast-page-background-meta":{"desktop":{"background-color":"var(--ast-global-color-4)","background-image":"","background-repeat":"repeat","background-position":"center center","background-size":"auto","background-attachment":"scroll","background-type":"","background-media":"","overlay-type":"","overlay-color":"","overlay-opacity":"","overlay-gradient":""},"tablet":{"background-color":"","background-image":"","background-repeat":"repeat","background-position":"center center","background-size":"auto","background-attachment":"scroll","background-type":"","background-media":"","overlay-type":"","overlay-color":"","overlay-opacity":"","overlay-gradient":""},"mobile":{"background-color":"","background-image":"","background-repeat":"repeat","background-position":"center center","background-size":"auto","background-attachment":"scroll","background-type":"","background-media":"","overlay-type":"","overlay-color":"","overlay-opacity":"","overlay-gradient":""}},"ast-content-background-meta":{"desktop":{"background-color":"var(--ast-global-color-5)","background-image":"","background-repeat":"repeat","background-position":"center center","background-size":"auto","background-attachment":"scroll","background-type":"","background-media":"","overlay-type":"","overlay-color":"","overlay-opacity":"","overlay-gradient":""},"tablet":{"background-color":"var(--ast-global-color-5)","background-image":"","background-repeat":"repeat","background-position":"center center","background-size":"auto","background-attachment":"scroll","background-type":"","background-media":"","overlay-type":"","overlay-color":"","overlay-opacity":"","overlay-gradient":""},"mobile":{"background-color":"var(--ast-global-color-5)","background-image":"","background-repeat":"repeat","background-position":"center center","background-size":"auto","background-attachment":"scroll","background-type":"","background-media":"","overlay-type":"","overlay-color":"","overlay-opacity":"","overlay-gradient":""}}},"pwb-brand":[332],"product_brand":[],"product_cat":[865,901,419],"product_tag":[],"class_list":{"0":"post-5931","1":"product","2":"type-product","3":"status-publish","4":"has-post-thumbnail","6":"pwb-brand-victron","7":"product_cat-convertidores","8":"product_cat-24v-12v","9":"product_cat-cargadores-de-baterias","10":"desktop-align-left","11":"tablet-align-left","12":"mobile-align-left","13":"ast-product-gallery-layout-horizontal-slider","14":"ast-product-tabs-layout-horizontal","16":"first","17":"instock","18":"taxable","19":"shipping-taxable","20":"purchasable","21":"product-type-simple"},"wcpa_form_fields":null,"brands":[{"id":332,"name":"Victron Energie","slug":"victron"}],"_links":{"self":[{"href":"https:\/\/fvcomponentes.com\/de\/wp-json\/wp\/v2\/product\/5931","targetHints":{"allow":["GET"]}}],"collection":[{"href":"https:\/\/fvcomponentes.com\/de\/wp-json\/wp\/v2\/product"}],"about":[{"href":"https:\/\/fvcomponentes.com\/de\/wp-json\/wp\/v2\/types\/product"}],"replies":[{"embeddable":true,"href":"https:\/\/fvcomponentes.com\/de\/wp-json\/wp\/v2\/comments?post=5931"}],"wp:featuredmedia":[{"embeddable":true,"href":"https:\/\/fvcomponentes.com\/de\/wp-json\/wp\/v2\/media\/5935"}],"wp:attachment":[{"href":"https:\/\/fvcomponentes.com\/de\/wp-json\/wp\/v2\/media?parent=5931"}],"wp:term":[{"taxonomy":"pwb-brand","embeddable":true,"href":"https:\/\/fvcomponentes.com\/de\/wp-json\/wp\/v2\/pwb-brand?post=5931"},{"taxonomy":"product_brand","embeddable":true,"href":"https:\/\/fvcomponentes.com\/de\/wp-json\/wp\/v2\/product_brand?post=5931"},{"taxonomy":"product_cat","embeddable":true,"href":"https:\/\/fvcomponentes.com\/de\/wp-json\/wp\/v2\/product_cat?post=5931"},{"taxonomy":"product_tag","embeddable":true,"href":"https:\/\/fvcomponentes.com\/de\/wp-json\/wp\/v2\/product_tag?post=5931"}],"curies":[{"name":"wp","href":"https:\/\/api.w.org\/{rel}","templated":true}]}}