{"id":5900,"date":"2023-08-16T09:00:25","date_gmt":"2023-08-16T07:00:25","guid":{"rendered":"https:\/\/fvcomponentes.com\/?post_type=product&#038;p=5900"},"modified":"2026-01-15T10:06:24","modified_gmt":"2026-01-15T09:06:24","slug":"galvanischer-isolator-victron-vdi-16-gdi000016000","status":"publish","type":"product","link":"https:\/\/fvcomponentes.com\/de\/producto\/aislador-galvanico-victron-vdi-16-gdi000016000\/","title":{"rendered":"Victron VDI-16 Galvanischer Isolator - GDI000016000"},"content":{"rendered":"<p>Der galvanische Isolator verhindert elektrolytische Korrosion. Er blockiert Niederspannungs-Gleichstr\u00f6me, die \u00fcber das Landkabel der Landstromversorgung in das Boot gelangen. Diese Str\u00f6me k\u00f6nnen Korrosion an Metallteilen unterhalb der Wasserlinie verursachen, z. B. an Rumpf, Propeller und Propellerwelle und anderen.<br \/>\nDer galvanische Isolator hat zwei Dioden in seinem Inneren, die antiparallel geschaltet sind. Wenn sie auf diese Weise verbunden sind, lassen die Dioden Strom in beide Richtungen flie\u00dfen, aber nur oberhalb einer bestimmten Spannungsschwelle. Die Spannung, bei der die Dioden leitend sind, betr\u00e4gt etwa 1,4 Vdc.<\/p>\n<p>Der Isolator wird direkt hinter dem 230V-Anschluss Ihres Bootes installiert. Die Gleichspannung, die vom galvanischen Isolator ausgeht, ist h\u00f6her als der Potenzialunterschied zwischen Metallen. Daher l\u00e4sst diese Spannung keine Leitf\u00e4higkeit zu und der galvanische Isolator verhindert somit jeglichen elektrolytischen Strom. Liegt jedoch eine h\u00f6here Fehlerspannung im Wechselstromkreis vor, lassen die Dioden den Strom durch und der Fehlerstromschutzschalter unterbricht den Stromkreis.<\/p>\n<h2>Victron VDI-16 Galvanischer Isolator Handbuch - GDI000016000<\/h2>\n<p><a href=\"https:\/\/fvcomponentes.com\/wp-content\/uploads\/2023\/08\/Manual-Aislador-Galvanico-Victron-VDI.pdf\" target=\"_blank\" rel=\"noopener\">Siehe Handbuch Galvanischer Isolator Victron VDI-16 - GDI000016000<\/a><\/p>","protected":false},"excerpt":{"rendered":"<p><strong>Maximaler Strom:<\/strong> 16A<br \/>\n<strong>Spitzenstrom (20 ms):<\/strong> 1600A<br \/>\n<strong>Verbindung:<\/strong> M6<br \/>\n<strong>Material:<\/strong> Eloxiertes Aluminium<br \/>\n<strong>Art des Schutzes:<\/strong> IP67<\/p>","protected":false},"featured_media":5901,"comment_status":"open","ping_status":"closed","template":"","meta":{"site-sidebar-layout":"default","site-content-layout":"default","ast-site-content-layout":"default","site-content-style":"default","site-sidebar-style":"default","ast-global-header-display":"","ast-banner-title-visibility":"","ast-main-header-display":"","ast-hfb-above-header-display":"","ast-hfb-below-header-display":"","ast-hfb-mobile-header-display":"","site-post-title":"","ast-breadcrumbs-content":"","ast-featured-img":"","footer-sml-layout":"","ast-disable-related-posts":"","theme-transparent-header-meta":"default","adv-header-id-meta":"","stick-header-meta":"","header-above-stick-meta":"","header-main-stick-meta":"","header-below-stick-meta":"","astra-migrate-meta-layouts":"set","ast-page-background-enabled":"default","ast-page-background-meta":{"desktop":{"background-color":"var(--ast-global-color-4)","background-image":"","background-repeat":"repeat","background-position":"center center","background-size":"auto","background-attachment":"scroll","background-type":"","background-media":"","overlay-type":"","overlay-color":"","overlay-opacity":"","overlay-gradient":""},"tablet":{"background-color":"","background-image":"","background-repeat":"repeat","background-position":"center center","background-size":"auto","background-attachment":"scroll","background-type":"","background-media":"","overlay-type":"","overlay-color":"","overlay-opacity":"","overlay-gradient":""},"mobile":{"background-color":"","background-image":"","background-repeat":"repeat","background-position":"center center","background-size":"auto","background-attachment":"scroll","background-type":"","background-media":"","overlay-type":"","overlay-color":"","overlay-opacity":"","overlay-gradient":""}},"ast-content-background-meta":{"desktop":{"background-color":"var(--ast-global-color-5)","background-image":"","background-repeat":"repeat","background-position":"center center","background-size":"auto","background-attachment":"scroll","background-type":"","background-media":"","overlay-type":"","overlay-color":"","overlay-opacity":"","overlay-gradient":""},"tablet":{"background-color":"var(--ast-global-color-5)","background-image":"","background-repeat":"repeat","background-position":"center center","background-size":"auto","background-attachment":"scroll","background-type":"","background-media":"","overlay-type":"","overlay-color":"","overlay-opacity":"","overlay-gradient":""},"mobile":{"background-color":"var(--ast-global-color-5)","background-image":"","background-repeat":"repeat","background-position":"center center","background-size":"auto","background-attachment":"scroll","background-type":"","background-media":"","overlay-type":"","overlay-color":"","overlay-opacity":"","overlay-gradient":""}}},"pwb-brand":[332],"product_brand":[],"product_cat":[895],"product_tag":[],"class_list":{"0":"post-5900","1":"product","2":"type-product","3":"status-publish","4":"has-post-thumbnail","6":"pwb-brand-victron","7":"product_cat-transformadores","8":"desktop-align-left","9":"tablet-align-left","10":"mobile-align-left","11":"ast-product-gallery-layout-horizontal-slider","12":"ast-product-tabs-layout-horizontal","14":"first","15":"instock","16":"taxable","17":"shipping-taxable","18":"purchasable","19":"product-type-simple"},"wcpa_form_fields":null,"brands":[{"id":332,"name":"Victron Energie","slug":"victron"}],"_links":{"self":[{"href":"https:\/\/fvcomponentes.com\/de\/wp-json\/wp\/v2\/product\/5900","targetHints":{"allow":["GET"]}}],"collection":[{"href":"https:\/\/fvcomponentes.com\/de\/wp-json\/wp\/v2\/product"}],"about":[{"href":"https:\/\/fvcomponentes.com\/de\/wp-json\/wp\/v2\/types\/product"}],"replies":[{"embeddable":true,"href":"https:\/\/fvcomponentes.com\/de\/wp-json\/wp\/v2\/comments?post=5900"}],"wp:featuredmedia":[{"embeddable":true,"href":"https:\/\/fvcomponentes.com\/de\/wp-json\/wp\/v2\/media\/5901"}],"wp:attachment":[{"href":"https:\/\/fvcomponentes.com\/de\/wp-json\/wp\/v2\/media?parent=5900"}],"wp:term":[{"taxonomy":"pwb-brand","embeddable":true,"href":"https:\/\/fvcomponentes.com\/de\/wp-json\/wp\/v2\/pwb-brand?post=5900"},{"taxonomy":"product_brand","embeddable":true,"href":"https:\/\/fvcomponentes.com\/de\/wp-json\/wp\/v2\/product_brand?post=5900"},{"taxonomy":"product_cat","embeddable":true,"href":"https:\/\/fvcomponentes.com\/de\/wp-json\/wp\/v2\/product_cat?post=5900"},{"taxonomy":"product_tag","embeddable":true,"href":"https:\/\/fvcomponentes.com\/de\/wp-json\/wp\/v2\/product_tag?post=5900"}],"curies":[{"name":"wp","href":"https:\/\/api.w.org\/{rel}","templated":true}]}}