{"id":5894,"date":"2023-09-29T08:04:33","date_gmt":"2023-09-29T06:04:33","guid":{"rendered":"https:\/\/fvcomponentes.com\/?post_type=product&#038;p=5894"},"modified":"2026-04-04T12:50:22","modified_gmt":"2026-04-04T10:50:22","slug":"victron-spartransformator-120-240vac-100a-itr000100101","status":"publish","type":"product","link":"https:\/\/fvcomponentes.com\/de\/producto\/autotransformador-victron-120-240vac-100a-itr000100101\/","title":{"rendered":"Victron Spartransformator 120\/240VAC-100A - ITR000100101"},"content":{"rendered":"<h2><strong>Autotransformator Energieoptimierung <\/strong><\/h2>\n<p><strong>Funktionen des Spartransformators:<\/strong><\/p>\n<ul>\n<li>Erh\u00f6hte Spannung.<\/li>\n<li>Stressabbau.<\/li>\n<li>Spannungsausgleich in getrennten Phasen.<\/li>\n<\/ul>\n<p><strong>Lastausgleichs-Herausforderung:<\/strong><\/p>\n<ul>\n<li>Phasengetrennte Stromversorgung (120\/240V, 30A).<\/li>\n<li>Stromunsymmetrie beim Anschluss von 120-V-Lasten.<\/li>\n<li>Verlust der effektiven Tragf\u00e4higkeit.<\/li>\n<\/ul>\n<p><strong>Theoretische vs. tats\u00e4chliche H\u00f6chstleistung:<\/strong><\/p>\n<ul>\n<li>Theoretische H\u00f6chstleistung: 30 x 240 = 7,2 kVA.<\/li>\n<li>Nach einer Unsymmetrie von 20A: 30 x 120 + 10 x 120 = 4,8kVA (67% der theoretischen Leistung).<\/li>\n<\/ul>\n<p><strong>L\u00f6sung: Spartransformator<\/strong><\/p>\n<ul>\n<li>Neutral deaktiviert.<\/li>\n<li>Der Autotransformator erzeugt einen neuen Nullleiter.<\/li>\n<li>Absorption von Lastunwuchten.<\/li>\n<li>Volllastkapazit\u00e4t von 7,2 kVA auch bei 20 A Unsymmetrie.<\/li>\n<\/ul>\n<p><strong>Erdungsfunktion:<\/strong><\/p>\n<ul>\n<li>Unerl\u00e4sslich f\u00fcr Multi oder Quattro Ladeger\u00e4te\/Wechselrichter.<\/li>\n<li>Gesteuert durch Multi oder Quattro Ger\u00e4te bei 230\/240V.<\/li>\n<li>Erdung des Neutralleiters in Situationen mit getrennten Phasen.<\/li>\n<\/ul>\n<p><strong>\u00dcberhitzungsschutz:<\/strong><\/p>\n<ul>\n<li>Automatische Abschaltung im Falle einer \u00dcberhitzung.<\/li>\n<li>Manuelle Neuinitialisierung.<\/li>\n<\/ul>\n<p><strong>Effiziente Alternative zu \u00fcberlappenden Anlegern:<\/strong><\/p>\n<ul>\n<li>240V Wechselrichter mit zus\u00e4tzlichem Spartransformator.<\/li>\n<li>Symmetrische Last bis zu 21 A an jedem 120-V-Zweig.<\/li>\n<li>Es vermeidet Einschr\u00e4nkungen der Tragf\u00e4higkeit.<\/li>\n<li>Effiziente Nutzung von Energie.<\/li>\n<\/ul>\n<p><img fetchpriority=\"high\" decoding=\"async\" class=\"alignnone size-full wp-image-5887\" src=\"https:\/\/fvcomponentes.com\/wp-content\/uploads\/2023\/03\/Captura-AUTRANSFORMADOR.png\" alt=\"Victron Spartransformator 120\/240VAC-32A - ITR000100001\" width=\"373\" height=\"213\" title=\"\"><\/p>\n<h2>Datenblatt Spartransformator Victron Spartransformator 120\/240VAC-100A - ITR000100101<\/h2>\n<p><a href=\"https:\/\/fvcomponentes.com\/wp-content\/uploads\/2023\/03\/Autotransformer-32A-and-100A-ES.pdf\" target=\"_blank\" rel=\"noopener\">Victron Spartransformator 120\/240VAC-100A - ITR000100101 Datenblatt anzeigen<\/a><\/p>","protected":false},"excerpt":{"rendered":"<p><strong>Eingangs- und Ausgangsspannungen:<\/strong> 120\/240V<br \/>\n<strong>Eingangstrennschalter:<\/strong> 100A zweipolig<br \/>\n<strong>H\u00e4ufigkeit:<\/strong> 50\/60Hz<br \/>\n<strong>Gewicht:<\/strong> 13,5 kg<br \/>\n<strong>Abmessungen:<\/strong> 425 x 214 x 110 mm<\/p>","protected":false},"featured_media":5896,"comment_status":"open","ping_status":"closed","template":"","meta":{"site-sidebar-layout":"default","site-content-layout":"default","ast-site-content-layout":"default","site-content-style":"default","site-sidebar-style":"default","ast-global-header-display":"","ast-banner-title-visibility":"","ast-main-header-display":"","ast-hfb-above-header-display":"","ast-hfb-below-header-display":"","ast-hfb-mobile-header-display":"","site-post-title":"","ast-breadcrumbs-content":"","ast-featured-img":"","footer-sml-layout":"","ast-disable-related-posts":"","theme-transparent-header-meta":"default","adv-header-id-meta":"","stick-header-meta":"","header-above-stick-meta":"","header-main-stick-meta":"","header-below-stick-meta":"","astra-migrate-meta-layouts":"set","ast-page-background-enabled":"default","ast-page-background-meta":{"desktop":{"background-color":"var(--ast-global-color-4)","background-image":"","background-repeat":"repeat","background-position":"center center","background-size":"auto","background-attachment":"scroll","background-type":"","background-media":"","overlay-type":"","overlay-color":"","overlay-opacity":"","overlay-gradient":""},"tablet":{"background-color":"","background-image":"","background-repeat":"repeat","background-position":"center center","background-size":"auto","background-attachment":"scroll","background-type":"","background-media":"","overlay-type":"","overlay-color":"","overlay-opacity":"","overlay-gradient":""},"mobile":{"background-color":"","background-image":"","background-repeat":"repeat","background-position":"center center","background-size":"auto","background-attachment":"scroll","background-type":"","background-media":"","overlay-type":"","overlay-color":"","overlay-opacity":"","overlay-gradient":""}},"ast-content-background-meta":{"desktop":{"background-color":"var(--ast-global-color-5)","background-image":"","background-repeat":"repeat","background-position":"center center","background-size":"auto","background-attachment":"scroll","background-type":"","background-media":"","overlay-type":"","overlay-color":"","overlay-opacity":"","overlay-gradient":""},"tablet":{"background-color":"var(--ast-global-color-5)","background-image":"","background-repeat":"repeat","background-position":"center center","background-size":"auto","background-attachment":"scroll","background-type":"","background-media":"","overlay-type":"","overlay-color":"","overlay-opacity":"","overlay-gradient":""},"mobile":{"background-color":"var(--ast-global-color-5)","background-image":"","background-repeat":"repeat","background-position":"center center","background-size":"auto","background-attachment":"scroll","background-type":"","background-media":"","overlay-type":"","overlay-color":"","overlay-opacity":"","overlay-gradient":""}}},"pwb-brand":[332],"product_brand":[],"product_cat":[895],"product_tag":[],"class_list":{"0":"post-5894","1":"product","2":"type-product","3":"status-publish","4":"has-post-thumbnail","6":"pwb-brand-victron","7":"product_cat-transformadores","8":"desktop-align-left","9":"tablet-align-left","10":"mobile-align-left","11":"ast-product-gallery-layout-horizontal-slider","12":"ast-product-tabs-layout-horizontal","14":"first","15":"instock","16":"taxable","17":"shipping-taxable","18":"purchasable","19":"product-type-simple"},"wcpa_form_fields":null,"brands":[{"id":332,"name":"Victron Energie","slug":"victron"}],"_links":{"self":[{"href":"https:\/\/fvcomponentes.com\/de\/wp-json\/wp\/v2\/product\/5894","targetHints":{"allow":["GET"]}}],"collection":[{"href":"https:\/\/fvcomponentes.com\/de\/wp-json\/wp\/v2\/product"}],"about":[{"href":"https:\/\/fvcomponentes.com\/de\/wp-json\/wp\/v2\/types\/product"}],"replies":[{"embeddable":true,"href":"https:\/\/fvcomponentes.com\/de\/wp-json\/wp\/v2\/comments?post=5894"}],"wp:featuredmedia":[{"embeddable":true,"href":"https:\/\/fvcomponentes.com\/de\/wp-json\/wp\/v2\/media\/5896"}],"wp:attachment":[{"href":"https:\/\/fvcomponentes.com\/de\/wp-json\/wp\/v2\/media?parent=5894"}],"wp:term":[{"taxonomy":"pwb-brand","embeddable":true,"href":"https:\/\/fvcomponentes.com\/de\/wp-json\/wp\/v2\/pwb-brand?post=5894"},{"taxonomy":"product_brand","embeddable":true,"href":"https:\/\/fvcomponentes.com\/de\/wp-json\/wp\/v2\/product_brand?post=5894"},{"taxonomy":"product_cat","embeddable":true,"href":"https:\/\/fvcomponentes.com\/de\/wp-json\/wp\/v2\/product_cat?post=5894"},{"taxonomy":"product_tag","embeddable":true,"href":"https:\/\/fvcomponentes.com\/de\/wp-json\/wp\/v2\/product_tag?post=5894"}],"curies":[{"name":"wp","href":"https:\/\/api.w.org\/{rel}","templated":true}]}}