{"id":5886,"date":"2023-09-29T08:05:15","date_gmt":"2023-09-29T06:05:15","guid":{"rendered":"https:\/\/fvcomponentes.com\/?post_type=product&#038;p=5886"},"modified":"2026-01-15T10:09:56","modified_gmt":"2026-01-15T09:09:56","slug":"victron-spartransformator-120-240vac-32a-itr000100001","status":"publish","type":"product","link":"https:\/\/fvcomponentes.com\/de\/producto\/autotransformador-victron-120-240vac-32a-itr000100001\/","title":{"rendered":"Victron Spartransformator 120\/240VAC-32A - ITR000100001"},"content":{"rendered":"<h2>Eigenschaften des Victron Spartransformators 120\/240VAC-32A<\/h2>\n<h2>Der Spartransformator: f\u00fcr die Aufw\u00e4rts- und Abw\u00e4rtssteuerung und den Ausgleich der einzelnen Phasen<\/h2>\n<p>Ein Spartransformator kann zur Spannungserh\u00f6hung, Spannungsreduzierung und zum Ausgleich der Ausgangsspannungen der einzelnen Phasen verwendet werden.<br \/>\nW\u00e4hrend die Aufw\u00e4rts- und Abw\u00e4rtsfunktionen recht einfach sind, erfordert der Abgleich der Ausgangsspannungen der einzelnen Phasen etwas mehr Aufmerksamkeit.<\/p>\n<p>Nehmen wir zum Beispiel eine Stromversorgung mit getrennten Phasen bei 120\/240V 30A.<br \/>\nDie Stromversorgung kann aus dem Netz, von einem Generator oder von zwei \u00fcbereinander liegenden Wechselrichtern erfolgen.<br \/>\nEinige der angeschlossenen Verbraucher sind 240 V, andere 120 V.<br \/>\nAn jedem der 120-V-Ausgangsstr\u00e4nge sollte die Last 30 A nicht \u00fcberschreiten.<br \/>\nDas Problem ist, dass, sobald die 120-V-Lasten angeschlossen sind, die beiden Ausg\u00e4nge eine unterschiedliche Stromst\u00e4rke haben werden. Das liegt daran, dass die 120-V-Lasten an den beiden Ausgangsstr\u00e4ngen niemals ausgeglichen sind.<br \/>\nEin Haartrockner mit 1200 W bei 120 V zieht zum Beispiel einen Strom von 10 A aus einem Zweig. Eine Waschmaschine mit 120 V kann sogar mehr als 20 A von einem Zweig abziehen.<br \/>\nDie Stromdifferenz zwischen den beiden Adern betr\u00e4gt daher oft 20 A oder mehr.<br \/>\nDas bedeutet, dass die 30-A-Versorgung nicht bis zum Anschlag ausgenutzt wird. W\u00e4hrend 30 A von einem Strang entnommen werden, k\u00f6nnen nicht mehr als 10 A vom anderen Strang entnommen werden, und eine Erh\u00f6hung der Last auf z. B. 240 V f\u00fchrt zu einer \u00dcberlastung des einen Strangs, w\u00e4hrend der andere Strang noch freie Kapazit\u00e4t hat.<\/p>\n<p>Theoretisch betr\u00e4gt die Gesamtleistung, die aus einer 120\/240-V-Stromversorgung bei 30 A gewonnen werden kann, 30 x 240 = 7,2 kVA. Bei einer Unsymmetrie von 20A betr\u00e4gt die maximale Leistung in der Praxis 30 x 120 + 10 x120 = 4,8kVA oder 67% des theoretischen Maximums.<\/p>\n<p>Die L\u00f6sung ist ein Spartransformator.<\/p>\n<p>Indem man den Nullleiter der phasengetrennten Stromversorgung unbenutzt l\u00e4sst und einen Spartransformator anschlie\u00dft, um einen neuen Nullleiter zu schaffen (siehe Abbildung 1), wird jedes Lastungleichgewicht durch den Spartransformator \"aufgefangen\".<br \/>\nBei einer 30-A-Versorgung kann die Last auf 7,2 kVA erh\u00f6ht werden, und eine Unsymmetrie von 20 A f\u00fchrt dazu, dass ein Zweig 40 A und der andere Zweig 20 A zieht.<br \/>\nDie Differenz von 20 A flie\u00dft durch den Nullleiter und die Wicklungen des Spartransformators. Der Strom durch beide Dr\u00e4hte der 120-V-Stromversorgung mit getrennten Phasen betr\u00e4gt 30 A.<\/p>\n<h2>Enth\u00e4lt ein Erdungsrelais zur Verwendung mit Ladeger\u00e4ten\/Wechselrichtern vom Typ Multi oder Quattro.<\/h2>\n<p>Beim Betrieb im Wechselrichtermodus muss der Nullleiter des Ladeger\u00e4ts\/Wechselrichters geerdet sein, um den ordnungsgem\u00e4\u00dfen Betrieb eines FI-Schutzschalters zu gew\u00e4hrleisten. Bei einer getrennten Stromversorgung muss der Nullleiter geerdet werden.<br \/>\nZu diesem Zweck ist im Geh\u00e4use des Spartransformators ein Erdungsrelais eingebaut.<br \/>\nDas Relais wird vom Multi oder Quattro bei 230\/240 V gesteuert. (Das interne Erdungsrelais muss im Multi oder Quattro bei 230\/240 V abgeklemmt werden).<\/p>\n<h2>Schutz vor hohen Temperaturen<\/h2>\n<p>Bei starker \u00dcberhitzung wird der Spartransformator von der Stromversorgung getrennt. Die R\u00fcckstellung erfolgt manuell.<\/p>\n<p>Eine Alternative zu \u00fcberlappenden Wechselrichtern<\/p>\n<p>Die Alternative zur \u00dcberlagerung von zwei 120-V-Wechselrichtern zur Bereitstellung einer 120\/240-V-Stromversorgung mit getrennten Phasen ist ein 240-V-Wechselrichter mit einem zus\u00e4tzlichen Spartransformator.<br \/>\nZwei sich \u00fcberschneidende 120-V-Wechselrichter mit 3 kVA liefern 25 A an jeden 120-V-Strang. Selbst wenn die Last an einem Strang weniger als 25 A betr\u00e4gt, ist die maximale Last am anderen Strang auf 25 A begrenzt.<br \/>\nEin 240-V-Wechselrichter mit 5 kVA und einem 32-A-Autotransformator liefert eine symmetrische Last von bis zu 21 A an jeden der 120-V-Str\u00e4nge. Eine geringere Last auf einem Strang f\u00fchrt jedoch dazu, dass auf dem anderen Strang mehr Strom zur Verf\u00fcgung steht, mit einer maximalen Unsymmetrie von 32A.<br \/>\nDaher kann die Last auf einem Strang bis zu 38,5 A betragen, wenn die Last auf dem anderen Strang nicht mehr als 3,5 A betr\u00e4gt (maximale Unsymmetrie: 38,5 - 3,5 = 35 A).<\/p>\n<p>Wenn ein Ungleichgewicht der Lasten vorhersehbar ist, ist daher ein 240-V-Wechselrichter mit geringerer Leistung und Spartransformator einer L\u00f6sung mit \u00fcberlagertem Wechselrichter vorzuziehen.<\/p>\n<p><img fetchpriority=\"high\" decoding=\"async\" class=\"alignnone size-full wp-image-5887\" src=\"https:\/\/fvcomponentes.com\/wp-content\/uploads\/2023\/03\/Captura-AUTRANSFORMADOR.png\" alt=\"Victron Spartransformator 120\/240VAC-32A - ITR000100001\" width=\"373\" height=\"213\" title=\"\"><\/p>\n<h2>Datenblatt Autotransformator <a href=\"https:\/\/www.victronenergy.com.es\/\" target=\"_blank\" rel=\"noopener\">Victron<\/a> 120\/240VAC-32A - ITR000100001<\/h2>\n<p><a href=\"https:\/\/fvcomponentes.com\/wp-content\/uploads\/2023\/03\/Autotransformer-32A-and-100A-ES.pdf\" target=\"_blank\" rel=\"noopener\">Siehe Victron Autotransformator 120\/240VAC-32A Datenblatt - ITR000100001<\/a><\/p>","protected":false},"excerpt":{"rendered":"<p><strong>Eingangs- und Ausgangsspannungen:<\/strong> 120\/240V<br \/>\n<strong>Eingangstrennschalter:<\/strong> 32A zweipolig<br \/>\n<strong>H\u00e4ufigkeit:<\/strong> 50\/60Hz<br \/>\n<strong>Gewicht:<\/strong> 12,5 kg<br \/>\n<strong>Abmessungen:<\/strong> 425 x 214 x 110 mm<\/p>","protected":false},"featured_media":5890,"comment_status":"open","ping_status":"closed","template":"","meta":{"site-sidebar-layout":"default","site-content-layout":"default","ast-site-content-layout":"default","site-content-style":"default","site-sidebar-style":"default","ast-global-header-display":"","ast-banner-title-visibility":"","ast-main-header-display":"","ast-hfb-above-header-display":"","ast-hfb-below-header-display":"","ast-hfb-mobile-header-display":"","site-post-title":"","ast-breadcrumbs-content":"","ast-featured-img":"","footer-sml-layout":"","ast-disable-related-posts":"","theme-transparent-header-meta":"default","adv-header-id-meta":"","stick-header-meta":"","header-above-stick-meta":"","header-main-stick-meta":"","header-below-stick-meta":"","astra-migrate-meta-layouts":"set","ast-page-background-enabled":"default","ast-page-background-meta":{"desktop":{"background-color":"var(--ast-global-color-4)","background-image":"","background-repeat":"repeat","background-position":"center center","background-size":"auto","background-attachment":"scroll","background-type":"","background-media":"","overlay-type":"","overlay-color":"","overlay-opacity":"","overlay-gradient":""},"tablet":{"background-color":"","background-image":"","background-repeat":"repeat","background-position":"center center","background-size":"auto","background-attachment":"scroll","background-type":"","background-media":"","overlay-type":"","overlay-color":"","overlay-opacity":"","overlay-gradient":""},"mobile":{"background-color":"","background-image":"","background-repeat":"repeat","background-position":"center center","background-size":"auto","background-attachment":"scroll","background-type":"","background-media":"","overlay-type":"","overlay-color":"","overlay-opacity":"","overlay-gradient":""}},"ast-content-background-meta":{"desktop":{"background-color":"var(--ast-global-color-5)","background-image":"","background-repeat":"repeat","background-position":"center center","background-size":"auto","background-attachment":"scroll","background-type":"","background-media":"","overlay-type":"","overlay-color":"","overlay-opacity":"","overlay-gradient":""},"tablet":{"background-color":"var(--ast-global-color-5)","background-image":"","background-repeat":"repeat","background-position":"center center","background-size":"auto","background-attachment":"scroll","background-type":"","background-media":"","overlay-type":"","overlay-color":"","overlay-opacity":"","overlay-gradient":""},"mobile":{"background-color":"var(--ast-global-color-5)","background-image":"","background-repeat":"repeat","background-position":"center center","background-size":"auto","background-attachment":"scroll","background-type":"","background-media":"","overlay-type":"","overlay-color":"","overlay-opacity":"","overlay-gradient":""}}},"pwb-brand":[332],"product_brand":[],"product_cat":[895],"product_tag":[],"class_list":{"0":"post-5886","1":"product","2":"type-product","3":"status-publish","4":"has-post-thumbnail","6":"pwb-brand-victron","7":"product_cat-transformadores","8":"desktop-align-left","9":"tablet-align-left","10":"mobile-align-left","11":"ast-product-gallery-layout-horizontal-slider","12":"ast-product-tabs-layout-horizontal","14":"first","15":"instock","16":"taxable","17":"shipping-taxable","18":"purchasable","19":"product-type-simple"},"wcpa_form_fields":null,"brands":[{"id":332,"name":"Victron Energie","slug":"victron"}],"_links":{"self":[{"href":"https:\/\/fvcomponentes.com\/de\/wp-json\/wp\/v2\/product\/5886","targetHints":{"allow":["GET"]}}],"collection":[{"href":"https:\/\/fvcomponentes.com\/de\/wp-json\/wp\/v2\/product"}],"about":[{"href":"https:\/\/fvcomponentes.com\/de\/wp-json\/wp\/v2\/types\/product"}],"replies":[{"embeddable":true,"href":"https:\/\/fvcomponentes.com\/de\/wp-json\/wp\/v2\/comments?post=5886"}],"wp:featuredmedia":[{"embeddable":true,"href":"https:\/\/fvcomponentes.com\/de\/wp-json\/wp\/v2\/media\/5890"}],"wp:attachment":[{"href":"https:\/\/fvcomponentes.com\/de\/wp-json\/wp\/v2\/media?parent=5886"}],"wp:term":[{"taxonomy":"pwb-brand","embeddable":true,"href":"https:\/\/fvcomponentes.com\/de\/wp-json\/wp\/v2\/pwb-brand?post=5886"},{"taxonomy":"product_brand","embeddable":true,"href":"https:\/\/fvcomponentes.com\/de\/wp-json\/wp\/v2\/product_brand?post=5886"},{"taxonomy":"product_cat","embeddable":true,"href":"https:\/\/fvcomponentes.com\/de\/wp-json\/wp\/v2\/product_cat?post=5886"},{"taxonomy":"product_tag","embeddable":true,"href":"https:\/\/fvcomponentes.com\/de\/wp-json\/wp\/v2\/product_tag?post=5886"}],"curies":[{"name":"wp","href":"https:\/\/api.w.org\/{rel}","templated":true}]}}