{"id":5862,"date":"2023-10-19T10:05:57","date_gmt":"2023-10-19T08:05:57","guid":{"rendered":"https:\/\/fvcomponentes.com\/?post_type=product&#038;p=5862"},"modified":"2026-01-15T10:10:07","modified_gmt":"2026-01-15T09:10:07","slug":"victron-ladestation-fur-elektrofahrzeuge-22-kw-evc300400300","status":"publish","type":"product","link":"https:\/\/fvcomponentes.com\/de\/producto\/estacion-de-carga-victron-para-vehiculos-electricos-22-kw-evc300400300\/","title":{"rendered":"Victron Elektroauto-Ladeger\u00e4t 22 kW - EVC300400300"},"content":{"rendered":"<h2>Eigenschaften des Victron Elektroauto-Ladeger\u00e4ts 22 kW - EVC300400300<\/h2>\n<p>Das Victron NS 22 kW Elektroauto-Ladeger\u00e4t - EVC200300200 kann sowohl im Dreiphasen- als auch im Einphasenmodus betrieben werden. Es liefert maximal 22 kW AC im dreiphasigen Modus und 7,3 kW im einphasigen Modus.<\/p>\n<h2>WiFi-Kommunikation<\/h2>\n<p>WiFi: 802.11 b\/g\/n f\u00fcr Konfiguration, \u00dcberwachung und Steuerung. Das interne WiFi-Modul kann im Access Point- oder Stationsmodus f\u00fcr die Erstkonfiguration und \u00dcberwachung konfiguriert werden.<\/p>\n<h2>Einfache Bedienung und Steuerung \u00fcber Bluetooth und die Anwendung <a href=\"https:\/\/www.victronenergy.com.es\/panel-systems-remote-monitoring\/victronconnect\" target=\"_blank\" rel=\"noopener\">VictronConnect<\/a><\/h2>\n<p>Vollst\u00e4ndige Kontrolle und \u00dcbersicht \u00fcber alle Betriebsparameter und Sitzungsstatistiken auf einen Blick.<\/p>\n<h2>LCD-Touchscreen<\/h2>\n<p>4,3-Zoll-LCD-Touchscreen zur \u00dcberwachung und Steuerung.<\/p>\n<h2>Leuchtring f\u00fcr einen schnellen \u00dcberblick \u00fcber den Ger\u00e4testatus<\/h2>\n<p>Vollst\u00e4ndig programmierbarer RGB-Leuchtring um den Ladeanschluss zur schnellen Bestimmung des Ger\u00e4testatus. Er kann \u00fcber die integrierte Weboberfl\u00e4che so programmiert werden, dass je nach aktuellem Status (Offline, Laden, Laden usw.) unterschiedliche Lichteffekte angezeigt werden.<\/p>\n<h2>F\u00fcr das Victron 22 kW Elektroauto-Ladeger\u00e4t - EVC300400300 sind drei Betriebsarten verf\u00fcgbar:<\/h2>\n<ol>\n<li><strong>Manueller Modus zur Einstellung des Ausgangsstroms<\/strong><br \/>\nIm manuellen Modus kann der Ausgangsstrom zwischen 6 und 32 A eingestellt werden. Die Ladeleistung kann auf zwei Arten gesteuert werden: \u00fcber die LCD-Touchscreen-Leiste oder \u00fcber die Webseite. Damit k\u00f6nnen Sie den Ladevorgang manuell starten oder stoppen, wenn ein Fahrzeug an das Ladeger\u00e4t angeschlossen ist.<\/li>\n<li><strong>Automatischer Modus f\u00fcr maximale Systemeffizienz<\/strong><br \/>\nEs erkennt, wenn \u00fcbersch\u00fcssige Energie vorhanden ist, und nutzt nur diese Energie zum Aufladen des Fahrzeugs.<\/li>\n<li><strong>Modus, der so programmiert ist, dass das Elektrofahrzeug in bestimmten Zeitabst\u00e4nden aufgeladen wird.<\/strong><br \/>\nEin vollst\u00e4ndig programmierbarer Zeitplaner erm\u00f6glicht das Aufladen zu verschiedenen Zeitintervallen, z. B. zu bestimmten Zeiten in der Nacht, wenn der Netzstrom am g\u00fcnstigsten ist.<\/li>\n<\/ol>\n<h2>Integration mit GX-Ger\u00e4t und VRM<\/h2>\n<p>Steuerung und \u00dcberwachung des Victron 22 kW Elektroauto-Ladeger\u00e4ts \u00fcber den Touchscreen eines GX-Ger\u00e4ts, wie z.B. des <a href=\"https:\/\/fvcomponentes.com\/de\/produkt\/victron-cerbo-gx-mk2-bpp900451100-victron-cerbo-mk2-monitor\/\" target=\"_blank\" rel=\"noopener\">Victron Cerbo GX MK2 \u00dcberwachung - BPP900451100<\/a>sowie die Remote-Konsole und das VRM-Portal. Das VRM-Portal bietet auch Echtzeit- und kundenspezifische Berichte f\u00fcr konfigurierbare Zeitr\u00e4ume.<\/p>\n<div class=\"ast-oembed-container\" style=\"height: 100%;\"><iframe title=\"Victron EV-Ladestation mit neuem Bluetooth und Zeitplan\" width=\"500\" height=\"281\" src=\"https:\/\/www.youtube.com\/embed\/uVVsdSj9pmg?start=220&#038;feature=oembed&#038;enablejsapi=1&#038;origin=https:\/\/fvcomponentes.com\" frameborder=\"0\" allow=\"accelerometer; autoplay; clipboard-write; encrypted-media; gyroscope; picture-in-picture; web-share\" referrerpolicy=\"strict-origin-when-cross-origin\" allowfullscreen><\/iframe><\/div>\n<h2>Datenblatt Victron Elektroauto-Ladeger\u00e4t 22 kW - EVC300400300<\/h2>\n<p><a href=\"https:\/\/fvcomponentes.com\/wp-content\/uploads\/2023\/03\/Datasheet-EV-Charging-Station-ES.pdf\" target=\"_blank\" rel=\"noopener\">Siehe technisches Datenblatt Victron 22 kW Ladeger\u00e4t f\u00fcr Elektroautos - EVC300400300<\/a><\/p>","protected":false},"excerpt":{"rendered":"<ul>\n<li><span style=\"color: #ff0000\"><strong>Ohne Ladekabel<\/strong><\/span><\/li>\n<li><strong>Eingangsspannungsbereich (VAC):<\/strong> 170 - 265 VAC<\/li>\n<li><strong>Nennlaststrom:<\/strong> 32 A \/ Phase<\/li>\n<li><strong>Nennleistung:<\/strong> 22 kW<\/li>\n<li><strong>Stromausgangsbereich:<\/strong> 6 - 32 A<\/li>\n<li><strong>Gewicht:<\/strong> 3 kg<\/li>\n<li><strong>Abmessungen<\/strong>: 377 x 307 x 148 mm<\/li>\n<\/ul>","protected":false},"featured_media":7113,"comment_status":"open","ping_status":"closed","template":"","meta":{"site-sidebar-layout":"default","site-content-layout":"default","ast-site-content-layout":"default","site-content-style":"default","site-sidebar-style":"default","ast-global-header-display":"","ast-banner-title-visibility":"","ast-main-header-display":"","ast-hfb-above-header-display":"","ast-hfb-below-header-display":"","ast-hfb-mobile-header-display":"","site-post-title":"","ast-breadcrumbs-content":"","ast-featured-img":"","footer-sml-layout":"","ast-disable-related-posts":"","theme-transparent-header-meta":"default","adv-header-id-meta":"","stick-header-meta":"","header-above-stick-meta":"","header-main-stick-meta":"","header-below-stick-meta":"","astra-migrate-meta-layouts":"set","ast-page-background-enabled":"default","ast-page-background-meta":{"desktop":{"background-color":"var(--ast-global-color-4)","background-image":"","background-repeat":"repeat","background-position":"center center","background-size":"auto","background-attachment":"scroll","background-type":"","background-media":"","overlay-type":"","overlay-color":"","overlay-opacity":"","overlay-gradient":""},"tablet":{"background-color":"","background-image":"","background-repeat":"repeat","background-position":"center center","background-size":"auto","background-attachment":"scroll","background-type":"","background-media":"","overlay-type":"","overlay-color":"","overlay-opacity":"","overlay-gradient":""},"mobile":{"background-color":"","background-image":"","background-repeat":"repeat","background-position":"center center","background-size":"auto","background-attachment":"scroll","background-type":"","background-media":"","overlay-type":"","overlay-color":"","overlay-opacity":"","overlay-gradient":""}},"ast-content-background-meta":{"desktop":{"background-color":"var(--ast-global-color-5)","background-image":"","background-repeat":"repeat","background-position":"center center","background-size":"auto","background-attachment":"scroll","background-type":"","background-media":"","overlay-type":"","overlay-color":"","overlay-opacity":"","overlay-gradient":""},"tablet":{"background-color":"var(--ast-global-color-5)","background-image":"","background-repeat":"repeat","background-position":"center center","background-size":"auto","background-attachment":"scroll","background-type":"","background-media":"","overlay-type":"","overlay-color":"","overlay-opacity":"","overlay-gradient":""},"mobile":{"background-color":"var(--ast-global-color-5)","background-image":"","background-repeat":"repeat","background-position":"center center","background-size":"auto","background-attachment":"scroll","background-type":"","background-media":"","overlay-type":"","overlay-color":"","overlay-opacity":"","overlay-gradient":""}}},"pwb-brand":[332],"product_brand":[],"product_cat":[385],"product_tag":[],"class_list":{"0":"post-5862","1":"product","2":"type-product","3":"status-publish","4":"has-post-thumbnail","6":"pwb-brand-victron","7":"product_cat-cargadores-para-vehiculo-electrico","8":"desktop-align-left","9":"tablet-align-left","10":"mobile-align-left","11":"ast-product-gallery-layout-horizontal-slider","12":"ast-product-tabs-layout-horizontal","14":"first","15":"instock","16":"taxable","17":"shipping-taxable","18":"purchasable","19":"product-type-simple"},"wcpa_form_fields":null,"brands":[{"id":332,"name":"Victron Energie","slug":"victron"}],"_links":{"self":[{"href":"https:\/\/fvcomponentes.com\/de\/wp-json\/wp\/v2\/product\/5862","targetHints":{"allow":["GET"]}}],"collection":[{"href":"https:\/\/fvcomponentes.com\/de\/wp-json\/wp\/v2\/product"}],"about":[{"href":"https:\/\/fvcomponentes.com\/de\/wp-json\/wp\/v2\/types\/product"}],"replies":[{"embeddable":true,"href":"https:\/\/fvcomponentes.com\/de\/wp-json\/wp\/v2\/comments?post=5862"}],"wp:featuredmedia":[{"embeddable":true,"href":"https:\/\/fvcomponentes.com\/de\/wp-json\/wp\/v2\/media\/7113"}],"wp:attachment":[{"href":"https:\/\/fvcomponentes.com\/de\/wp-json\/wp\/v2\/media?parent=5862"}],"wp:term":[{"taxonomy":"pwb-brand","embeddable":true,"href":"https:\/\/fvcomponentes.com\/de\/wp-json\/wp\/v2\/pwb-brand?post=5862"},{"taxonomy":"product_brand","embeddable":true,"href":"https:\/\/fvcomponentes.com\/de\/wp-json\/wp\/v2\/product_brand?post=5862"},{"taxonomy":"product_cat","embeddable":true,"href":"https:\/\/fvcomponentes.com\/de\/wp-json\/wp\/v2\/product_cat?post=5862"},{"taxonomy":"product_tag","embeddable":true,"href":"https:\/\/fvcomponentes.com\/de\/wp-json\/wp\/v2\/product_tag?post=5862"}],"curies":[{"name":"wp","href":"https:\/\/api.w.org\/{rel}","templated":true}]}}