{"id":5836,"date":"2024-01-19T19:29:23","date_gmt":"2024-01-19T18:29:23","guid":{"rendered":"https:\/\/fvcomponentes.com\/?post_type=product&#038;p=5836"},"modified":"2026-04-08T21:37:36","modified_gmt":"2026-04-08T19:37:36","slug":"ladegerat-victron-skylla-i-24-80-3-ski024080002","status":"publish","type":"product","link":"https:\/\/fvcomponentes.com\/de\/producto\/cargador-victron-skylla-i-24-80-3-ski024080002\/","title":{"rendered":"Ladeger\u00e4t Victron Skylla-i 24-80 (3)- SKI024080002"},"content":{"rendered":"<h2>Skylla-i (1+1): zwei Steckdosen zum Laden von 2 Batterieb\u00e4nken<\/h2>\n<p>Der Skylla-i (1+1) hat 2 isolierte Ausg\u00e4nge. Der zweite Ausgang, der auf ca. 4 A begrenzt ist und eine etwas niedrigere Ausgangsspannung aufweist, ist f\u00fcr die vollst\u00e4ndige Aufladung einer Starterbatterie vorgesehen.<\/p>\n<h2>Skylla-i (3): drei Vollstromausg\u00e4nge zum Laden von 3 Batterieb\u00e4nken<\/h2>\n<p>Skylla-i (3) hat 3 isolierte Ausg\u00e4nge. Alle Ausg\u00e4nge k\u00f6nnen den vollen Ausgangsnennstrom liefern.<\/p>\n<h2>Robuste<\/h2>\n<p>Die epoxidpulverbeschichteten Aluminiumgeh\u00e4use mit Tropfschutz und Edelstahlbeschl\u00e4gen widerstehen den h\u00e4rtesten Bedingungen: Hitze, Feuchtigkeit und salzhaltige Luft. Die Leiterplatten sind mit einer Acrylbeschichtung f\u00fcr maximale Korrosionsbest\u00e4ndigkeit gesch\u00fctzt. Temperatursensoren stellen sicher, dass die elektrischen Komponenten immer innerhalb der vorgegebenen Grenzen arbeiten und reduzieren automatisch den Ausgangsstrom, wenn es die Umgebungsbedingungen erfordern.<br \/>\nExtremen.<\/p>\n<h2>Flexibel<\/h2>\n<p>Neben der CAN-Bus-Schnittstelle (NMEA 2000) stehen ein Drehschalter, DIP-Schalter und Potentiometer zur Verf\u00fcgung, um den Ladealgorithmus an eine bestimmte Batterie und deren Einsatzbedingungen anzupassen.<\/p>\n<p>Wichtige Merkmale:<\/p>\n<h2>Synchronisierter Parallelbetrieb<\/h2>\n<p>Mehrere Ladeger\u00e4te k\u00f6nnen \u00fcber die CAN-Bus-Schnittstelle synchronisiert werden. Verbinden Sie dazu einfach die Ladeger\u00e4te mit <a href=\"https:\/\/fvcomponentes.com\/de\/produkt\/victron-utp-rj45-kabel-5m-ass030065000\/\" target=\"_blank\" rel=\"noopener\">RJ45 UTP-Kabel<\/a>. Betrieb: Ladeger\u00e4te mit zwei oder drei Ausg\u00e4ngen k\u00f6nnen nicht parallel geschaltet werden. Weitere Informationen entnehmen Sie bitte dem Handbuch.<\/p>\n<h2>Die richtige Menge an Ladung f\u00fcr eine Bleibatterie: variable Absorptionszeit<\/h2>\n<p>Bei einer flachen Entladung wird die Absorptionsphase verk\u00fcrzt, um eine \u00dcberladung der Batterie zu vermeiden. Nach einer Tiefentladung wird die Absorptionsladezeit automatisch verl\u00e4ngert, um sicherzustellen, dass die Batterie wieder vollst\u00e4ndig aufgeladen wird.<\/p>\n<h2>Verhinderung von Sch\u00e4den durch \u00dcbergasung: BatterySafe-Modus<\/h2>\n<p>Wenn eine Kombination aus hohem Ladestrom und hoher Absorptionsspannung gew\u00e4hlt wurde, um eine Batterie schnell zu laden, verhindert Skylla-i Sch\u00e4den durch \u00dcbergasung, indem es den Spannungsanstieg automatisch begrenzt, sobald die Gasungsspannung erreicht ist.<\/p>\n<h2>Geringere Alterung und weniger Wartungsbedarf, wenn die Batterie nicht benutzt wird: Speichermodus<\/h2>\n<p>Der Speichermodus wird aktiviert, wenn die Batterie 24 Stunden lang nicht entladen wurde. Im Lagermodus wird die Erhaltungsspannung auf 2,2 V\/Zelle (26,4 V f\u00fcr 24-V-Batterien) reduziert, um Gasbildung und Korrosion der positiven Platten zu verringern. Einmal pro Woche wird die Spannung wieder auf das Absorptionsniveau angehoben, um die Batterie \"aufzufrischen\".<br \/>\nBatterie. Diese Funktion verhindert die Schichtung des Elektrolyts und die Sulfatierung, die Hauptursachen f\u00fcr Batterieausf\u00e4lle.<\/p>\n<h2>F\u00fcr eine l\u00e4ngere Batterielebensdauer: Temperaturkompensation<\/h2>\n<p>Alle Skylla-i Ladeger\u00e4te sind mit einem Batterietemperatursensor ausgestattet. Wenn er angeschlossen ist, sinkt die Ladespannung automatisch, wenn die Temperatur der Batterie steigt. Diese Funktion wird besonders f\u00fcr verschlossene Blei-S\u00e4ure-Batterien empfohlen und\/oder wenn gro\u00dfe Temperaturschwankungen in der Batterie zu erwarten sind.<\/p>\n<h2>Sensor f\u00fcr die Batteriespannung<\/h2>\n<p>Um Spannungsverluste aufgrund von Kabelwiderst\u00e4nden auszugleichen, verf\u00fcgt das Skylla-i \u00fcber eine Spannungsmessfunktion, so dass die Batterie immer die richtige Ladespannung erh\u00e4lt.<\/p>\n<h2>Geeignet f\u00fcr AC- und DC-Stromversorgung (AC-DC- und DC-DC-Betrieb)<\/h2>\n<p>Die Ladeger\u00e4te k\u00f6nnen auch mit Gleichstrom betrieben werden.<\/p>\n<h2>Verwendung als Stromquelle<\/h2>\n<p>Dank seines perfekt stabilisierten Spannungsausgangs kann der Skylla-i als Stromversorgung eingesetzt werden, wenn keine Batterien oder Ausgleichskondensatoren zur Verf\u00fcgung stehen.<\/p>\n<h2>Li-Ion (LiFePo4) vorbereitet<\/h2>\n<p>Eine einfache Ein\/Aus-Steuerung kann durch den Anschluss eines Relais oder Optokopplers mit Open-Collector-Ausgang von einem Li-Ion-BMS an den Fernsteuerungsanschluss des Ladeger\u00e4ts realisiert werden. Eine vollst\u00e4ndige Spannungs- und Stromregelung ist auch durch Anschluss an den galvanisch getrennten CAN-Bus-Anschluss m\u00f6glich.<\/p>\n<h2>Technisches Datenblatt Ladeger\u00e4t <a href=\"https:\/\/www.victronenergy.com.es\/\" target=\"_blank\" rel=\"noopener\">Victron<\/a> Skylla-i 24-80 (3)- SKI024080002<\/h2>\n<p><a href=\"https:\/\/fvcomponentes.com\/wp-content\/uploads\/2023\/03\/Datasheet-Skylla-i-ES.pdf\" target=\"_blank\" rel=\"noopener\">Victron Skylla-i 24-80 (1+1)- SKI024080002 Ladeger\u00e4t Datenblatt anzeigen<\/a><\/p>","protected":false},"excerpt":{"rendered":"<p><strong>Eingangsspannung (VAC):<\/strong> 230 V<br \/>\n<strong>Eingangsspannungsbereich (VAC):<\/strong> 185-265 V<br \/>\n<strong>Eingangsspannungsbereich (VDC):<\/strong> 180-350 V<br \/>\n<strong>Frequenz (Hz):<\/strong> 45-65 Hz<br \/>\n<strong>Leistungsfaktor:<\/strong> 0,98<br \/>\n<strong>Gewicht:\u00a0<\/strong>7 kg<br \/>\n<strong>Abmessungen:\u00a0<\/strong>405 x 250 x 150 mm.<\/p>","protected":false},"featured_media":5837,"comment_status":"open","ping_status":"closed","template":"","meta":{"site-sidebar-layout":"default","site-content-layout":"default","ast-site-content-layout":"default","site-content-style":"default","site-sidebar-style":"default","ast-global-header-display":"","ast-banner-title-visibility":"","ast-main-header-display":"","ast-hfb-above-header-display":"","ast-hfb-below-header-display":"","ast-hfb-mobile-header-display":"","site-post-title":"","ast-breadcrumbs-content":"","ast-featured-img":"","footer-sml-layout":"","ast-disable-related-posts":"","theme-transparent-header-meta":"default","adv-header-id-meta":"","stick-header-meta":"","header-above-stick-meta":"","header-main-stick-meta":"","header-below-stick-meta":"","astra-migrate-meta-layouts":"set","ast-page-background-enabled":"default","ast-page-background-meta":{"desktop":{"background-color":"var(--ast-global-color-4)","background-image":"","background-repeat":"repeat","background-position":"center center","background-size":"auto","background-attachment":"scroll","background-type":"","background-media":"","overlay-type":"","overlay-color":"","overlay-opacity":"","overlay-gradient":""},"tablet":{"background-color":"","background-image":"","background-repeat":"repeat","background-position":"center center","background-size":"auto","background-attachment":"scroll","background-type":"","background-media":"","overlay-type":"","overlay-color":"","overlay-opacity":"","overlay-gradient":""},"mobile":{"background-color":"","background-image":"","background-repeat":"repeat","background-position":"center center","background-size":"auto","background-attachment":"scroll","background-type":"","background-media":"","overlay-type":"","overlay-color":"","overlay-opacity":"","overlay-gradient":""}},"ast-content-background-meta":{"desktop":{"background-color":"var(--ast-global-color-5)","background-image":"","background-repeat":"repeat","background-position":"center center","background-size":"auto","background-attachment":"scroll","background-type":"","background-media":"","overlay-type":"","overlay-color":"","overlay-opacity":"","overlay-gradient":""},"tablet":{"background-color":"var(--ast-global-color-5)","background-image":"","background-repeat":"repeat","background-position":"center center","background-size":"auto","background-attachment":"scroll","background-type":"","background-media":"","overlay-type":"","overlay-color":"","overlay-opacity":"","overlay-gradient":""},"mobile":{"background-color":"var(--ast-global-color-5)","background-image":"","background-repeat":"repeat","background-position":"center center","background-size":"auto","background-attachment":"scroll","background-type":"","background-media":"","overlay-type":"","overlay-color":"","overlay-opacity":"","overlay-gradient":""}}},"pwb-brand":[332],"product_brand":[],"product_cat":[419,462],"product_tag":[],"class_list":{"0":"post-5836","1":"product","2":"type-product","3":"status-publish","4":"has-post-thumbnail","6":"pwb-brand-victron","7":"product_cat-cargadores-de-baterias","8":"product_cat-cargador-de-baterias-24-v","9":"desktop-align-left","10":"tablet-align-left","11":"mobile-align-left","12":"ast-product-gallery-layout-horizontal-slider","13":"ast-product-tabs-layout-horizontal","15":"first","16":"instock","17":"taxable","18":"shipping-taxable","19":"purchasable","20":"product-type-simple"},"wcpa_form_fields":null,"brands":[{"id":332,"name":"Victron Energie","slug":"victron"}],"_links":{"self":[{"href":"https:\/\/fvcomponentes.com\/de\/wp-json\/wp\/v2\/product\/5836","targetHints":{"allow":["GET"]}}],"collection":[{"href":"https:\/\/fvcomponentes.com\/de\/wp-json\/wp\/v2\/product"}],"about":[{"href":"https:\/\/fvcomponentes.com\/de\/wp-json\/wp\/v2\/types\/product"}],"replies":[{"embeddable":true,"href":"https:\/\/fvcomponentes.com\/de\/wp-json\/wp\/v2\/comments?post=5836"}],"wp:featuredmedia":[{"embeddable":true,"href":"https:\/\/fvcomponentes.com\/de\/wp-json\/wp\/v2\/media\/5837"}],"wp:attachment":[{"href":"https:\/\/fvcomponentes.com\/de\/wp-json\/wp\/v2\/media?parent=5836"}],"wp:term":[{"taxonomy":"pwb-brand","embeddable":true,"href":"https:\/\/fvcomponentes.com\/de\/wp-json\/wp\/v2\/pwb-brand?post=5836"},{"taxonomy":"product_brand","embeddable":true,"href":"https:\/\/fvcomponentes.com\/de\/wp-json\/wp\/v2\/product_brand?post=5836"},{"taxonomy":"product_cat","embeddable":true,"href":"https:\/\/fvcomponentes.com\/de\/wp-json\/wp\/v2\/product_cat?post=5836"},{"taxonomy":"product_tag","embeddable":true,"href":"https:\/\/fvcomponentes.com\/de\/wp-json\/wp\/v2\/product_tag?post=5836"}],"curies":[{"name":"wp","href":"https:\/\/api.w.org\/{rel}","templated":true}]}}