{"id":5815,"date":"2024-01-19T19:29:26","date_gmt":"2024-01-19T18:29:26","guid":{"rendered":"https:\/\/fvcomponentes.com\/?post_type=product&#038;p=5815"},"modified":"2026-04-08T21:37:07","modified_gmt":"2026-04-08T19:37:07","slug":"victron-ladegerat-victron-skylla-gmdss-24-30-ohne-panel-sdtg2400302","status":"publish","type":"product","link":"https:\/\/fvcomponentes.com\/de\/producto\/cargador-victron-skylla-gmdss-24-30-excl-panel-sdtg2400302\/","title":{"rendered":"Victron Skylla GMDSS 24-30 ohne Panel-Ladeger\u00e4t - SDTG2400302"},"content":{"rendered":"<h2 dir=\"ltr\" data-placeholder=\"Traducci\u00f3n\">Victron Skylla GMDSS 23-30 ohne Panel-Ladeger\u00e4t Merkmale<\/h2>\n<h2 id=\"tw-target-text\" class=\"tw-data-text tw-text-large tw-ta\" dir=\"ltr\" data-placeholder=\"Traducci\u00f3n\"><span class=\"Y2IQFc\" lang=\"es\">GMDSS<\/span><\/h2>\n<ul>\n<li class=\"tw-data-text tw-text-large tw-ta\" dir=\"ltr\" data-placeholder=\"Traducci\u00f3n\"><span class=\"Y2IQFc\" lang=\"es\">Das Globale Seenot- und Sicherheitsfunksystem (GMDSS) wurde von der Internationalen Seeschifffahrtsorganisation (IMO) entwickelt, um die Kommunikation in Seenot- und Sicherheitsf\u00e4llen zu verbessern. <\/span><\/li>\n<\/ul>\n<h2 class=\"tw-data-text tw-text-large tw-ta\" dir=\"ltr\" data-placeholder=\"Traducci\u00f3n\"><span class=\"Y2IQFc\" lang=\"es\">Stromversorgung<\/span><\/h2>\n<ul>\n<li class=\"tw-data-text tw-text-large tw-ta\" dir=\"ltr\" data-placeholder=\"Traducci\u00f3n\"><span class=\"Y2IQFc\" lang=\"es\">Die <em>Ladeger\u00e4t Victron Skylla GMDSS 23-30 ohne Panel<\/em> hat sich als hervorragendes Batterieladeger\u00e4t und Stromversorgungsger\u00e4t f\u00fcr GMDSS-Anwendungen erwiesen. Bei Verwendung eines Standard-Skylla-Ladeger\u00e4ts sind jedoch zus\u00e4tzliche Ger\u00e4te erforderlich, um die f\u00fcr GMDSS erforderlichen \u00dcberwachungs- und Alarmfunktionen auszuf\u00fchren.<\/span><\/li>\n<\/ul>\n<h2 class=\"tw-data-text tw-text-large tw-ta\" dir=\"ltr\" data-placeholder=\"Traducci\u00f3n\"><span class=\"Y2IQFc\" lang=\"es\">Einfache Installation: Skylla GMDSS<\/span><\/h2>\n<ul>\n<li class=\"tw-data-text tw-text-large tw-ta\" dir=\"ltr\" data-placeholder=\"Traducci\u00f3n\"><span class=\"Y2IQFc\" lang=\"es\">Das Ladeger\u00e4t <a href=\"https:\/\/www.victronenergy.com.es\/\" target=\"_blank\" rel=\"noopener\">Victron<\/a> Skylla GMDSS ist so konzipiert, dass es alle erforderlichen Alarm- und \u00dcberwachungsdaten liefert. Sowohl die Batterie als auch das GMDSS-System werden direkt an das Ladeger\u00e4t angeschlossen. Daten und Alarme werden auf einer digitalen Tafel (VE.Net GMDSS Tafel, separat zu bestellen) angezeigt. A <a href=\"https:\/\/fvcomponentes.com\/de\/?s=cable+utp&amp;post_type=product&amp;type_aws=true&amp;aws_id=1&amp;aws_filter=1\" target=\"_blank\" rel=\"noopener\">UTP-Kabel<\/a> Das standardm\u00e4\u00dfige achtadrige Kabel verbindet das Ladeger\u00e4t mit der Zentrale. <\/span><\/li>\n<\/ul>\n<h2 class=\"tw-data-text tw-text-large tw-ta\" dir=\"ltr\" data-placeholder=\"Traducci\u00f3n\"><span class=\"Y2IQFc\" lang=\"es\">Es sind keine Anpassungen erforderlich<\/span><\/h2>\n<ul>\n<li class=\"tw-data-text tw-text-large tw-ta\" dir=\"ltr\" data-placeholder=\"Traducci\u00f3n\"><span class=\"Y2IQFc\" lang=\"es\">Das gesamte System ist einfach zu bedienen: Die Tafeln sind f\u00fcr GMDSS-Funktionen vorprogrammiert. Ein einfaches, intuitives Men\u00fc erm\u00f6glicht es Ihnen, die Konfiguration bei Bedarf zu \u00e4ndern.<\/span><\/li>\n<\/ul>\n<h2 class=\"tw-data-text tw-text-large tw-ta\" dir=\"ltr\" data-placeholder=\"Traducci\u00f3n\"><span class=\"Y2IQFc\" lang=\"es\">Verbleibende Akkulaufzeit<\/span><\/h2>\n<ul>\n<li class=\"tw-data-text tw-text-large tw-ta\" dir=\"ltr\" data-placeholder=\"Traducci\u00f3n\"><span class=\"Y2IQFc\" lang=\"es\">Das Skylla GMDSS-Ladeger\u00e4t hat einen eingebauten Batteriecontroller. Die Batteriekapazit\u00e4t wird vollst\u00e4ndig kontrolliert, so dass das Panel im Falle eines Stromausfalls sogar die \"verbleibende Zeit\" anzeigen kann. <\/span><\/li>\n<\/ul>\n<h2 class=\"tw-data-text tw-text-large tw-ta\" dir=\"ltr\" data-placeholder=\"Traducci\u00f3n\"><span class=\"Y2IQFc\" lang=\"es\">Perfektes Ladeger\u00e4t f\u00fcr jeden Batterietyp.<\/span><\/h2>\n<ul>\n<li class=\"tw-data-text tw-text-large tw-ta\" dir=\"ltr\" data-placeholder=\"Traducci\u00f3n\"><span class=\"Y2IQFc\" lang=\"es\">Die Ladespannung kann pr\u00e4zise an jedes VRLA- oder Flutbatteriesystem angepasst werden.<\/span><\/li>\n<\/ul>\n<p dir=\"ltr\" data-placeholder=\"Traducci\u00f3n\"><img fetchpriority=\"high\" decoding=\"async\" class=\"alignnone size-full wp-image-5817\" src=\"https:\/\/fvcomponentes.com\/wp-content\/uploads\/2023\/03\/Captura43-1.png\" alt=\"Victron Skylla GMDSS 23-30 ohne Panel-Ladeger\u00e4t - SDTG2400302\" width=\"849\" height=\"609\" title=\"\"><\/p>\n<h2 dir=\"ltr\" data-placeholder=\"Traducci\u00f3n\">Datenblatt Victron Skylla GMDSS 24-30 ohne Panel-Ladeger\u00e4t - SDTG2400302<\/h2>\n<p dir=\"ltr\" data-placeholder=\"Traducci\u00f3n\"><a href=\"https:\/\/fvcomponentes.com\/wp-content\/uploads\/2023\/03\/GMDSS-Skylla-TG-GMDSS-EN.pdf\" target=\"_blank\" rel=\"noopener\">Victron Skylla GMDSS 24-30 excl panel charger Datenblatt anzeigen - SDTG2400302<\/a><\/p>","protected":false},"excerpt":{"rendered":"<div id=\"tw-target-text-container\" class=\"tw-ta-container F0azHf tw-nfl\">\n<p id=\"tw-target-text\" class=\"tw-data-text tw-text-large tw-ta\" dir=\"ltr\" data-placeholder=\"Traducci\u00f3n\"><span class=\"Y2IQFc\" lang=\"es\"><strong>Eingangsspannung: (V AC):<\/strong> 120 \/ 230<br \/>\n<\/span><span class=\"Y2IQFc\" lang=\"es\"><strong>Eingangsspannungsbereich (V AC):<\/strong> 90 \u2013 265<br \/>\n<strong>Frequenz (Hz):<\/strong> 45-65<br \/>\n<strong>Leistungsfaktor:<\/strong> 1<br \/>\n<strong>Lastspannung 'Absorption' (V DC):<\/strong> 28,5<br \/>\n<strong>Erm\u00fcdungsfreie\" Ladespannung (V DC):<\/strong> 26,5<br \/>\n<strong>Gewicht:<\/strong> 6kg<br \/>\n<strong>Abmessungen:<\/strong> 485x250x147<\/span><\/p>\n<\/div>\n<div id=\"tw-target-rmn-container\" class=\"tw-target-rmn tw-ta-container F0azHf tw-nfl\">\n<pre id=\"tw-target-rmn\" class=\"tw-data-placeholder tw-text-small tw-ta\" dir=\"ltr\" data-placeholder=\"\"><\/pre>\n<p>&nbsp;<\/p>\n<\/div>","protected":false},"featured_media":5822,"comment_status":"open","ping_status":"closed","template":"","meta":{"site-sidebar-layout":"default","site-content-layout":"default","ast-site-content-layout":"default","site-content-style":"default","site-sidebar-style":"default","ast-global-header-display":"","ast-banner-title-visibility":"","ast-main-header-display":"","ast-hfb-above-header-display":"","ast-hfb-below-header-display":"","ast-hfb-mobile-header-display":"","site-post-title":"","ast-breadcrumbs-content":"","ast-featured-img":"","footer-sml-layout":"","ast-disable-related-posts":"","theme-transparent-header-meta":"default","adv-header-id-meta":"","stick-header-meta":"","header-above-stick-meta":"","header-main-stick-meta":"","header-below-stick-meta":"","astra-migrate-meta-layouts":"set","ast-page-background-enabled":"default","ast-page-background-meta":{"desktop":{"background-color":"var(--ast-global-color-4)","background-image":"","background-repeat":"repeat","background-position":"center center","background-size":"auto","background-attachment":"scroll","background-type":"","background-media":"","overlay-type":"","overlay-color":"","overlay-opacity":"","overlay-gradient":""},"tablet":{"background-color":"","background-image":"","background-repeat":"repeat","background-position":"center center","background-size":"auto","background-attachment":"scroll","background-type":"","background-media":"","overlay-type":"","overlay-color":"","overlay-opacity":"","overlay-gradient":""},"mobile":{"background-color":"","background-image":"","background-repeat":"repeat","background-position":"center center","background-size":"auto","background-attachment":"scroll","background-type":"","background-media":"","overlay-type":"","overlay-color":"","overlay-opacity":"","overlay-gradient":""}},"ast-content-background-meta":{"desktop":{"background-color":"var(--ast-global-color-5)","background-image":"","background-repeat":"repeat","background-position":"center center","background-size":"auto","background-attachment":"scroll","background-type":"","background-media":"","overlay-type":"","overlay-color":"","overlay-opacity":"","overlay-gradient":""},"tablet":{"background-color":"var(--ast-global-color-5)","background-image":"","background-repeat":"repeat","background-position":"center center","background-size":"auto","background-attachment":"scroll","background-type":"","background-media":"","overlay-type":"","overlay-color":"","overlay-opacity":"","overlay-gradient":""},"mobile":{"background-color":"var(--ast-global-color-5)","background-image":"","background-repeat":"repeat","background-position":"center center","background-size":"auto","background-attachment":"scroll","background-type":"","background-media":"","overlay-type":"","overlay-color":"","overlay-opacity":"","overlay-gradient":""}}},"pwb-brand":[332],"product_brand":[],"product_cat":[419,462],"product_tag":[],"class_list":{"0":"post-5815","1":"product","2":"type-product","3":"status-publish","4":"has-post-thumbnail","6":"pwb-brand-victron","7":"product_cat-cargadores-de-baterias","8":"product_cat-cargador-de-baterias-24-v","9":"desktop-align-left","10":"tablet-align-left","11":"mobile-align-left","12":"ast-product-gallery-layout-horizontal-slider","13":"ast-product-tabs-layout-horizontal","15":"first","16":"instock","17":"taxable","18":"shipping-taxable","19":"purchasable","20":"product-type-simple"},"wcpa_form_fields":null,"brands":[{"id":332,"name":"Victron Energie","slug":"victron"}],"_links":{"self":[{"href":"https:\/\/fvcomponentes.com\/de\/wp-json\/wp\/v2\/product\/5815","targetHints":{"allow":["GET"]}}],"collection":[{"href":"https:\/\/fvcomponentes.com\/de\/wp-json\/wp\/v2\/product"}],"about":[{"href":"https:\/\/fvcomponentes.com\/de\/wp-json\/wp\/v2\/types\/product"}],"replies":[{"embeddable":true,"href":"https:\/\/fvcomponentes.com\/de\/wp-json\/wp\/v2\/comments?post=5815"}],"wp:featuredmedia":[{"embeddable":true,"href":"https:\/\/fvcomponentes.com\/de\/wp-json\/wp\/v2\/media\/5822"}],"wp:attachment":[{"href":"https:\/\/fvcomponentes.com\/de\/wp-json\/wp\/v2\/media?parent=5815"}],"wp:term":[{"taxonomy":"pwb-brand","embeddable":true,"href":"https:\/\/fvcomponentes.com\/de\/wp-json\/wp\/v2\/pwb-brand?post=5815"},{"taxonomy":"product_brand","embeddable":true,"href":"https:\/\/fvcomponentes.com\/de\/wp-json\/wp\/v2\/product_brand?post=5815"},{"taxonomy":"product_cat","embeddable":true,"href":"https:\/\/fvcomponentes.com\/de\/wp-json\/wp\/v2\/product_cat?post=5815"},{"taxonomy":"product_tag","embeddable":true,"href":"https:\/\/fvcomponentes.com\/de\/wp-json\/wp\/v2\/product_tag?post=5815"}],"curies":[{"name":"wp","href":"https:\/\/api.w.org\/{rel}","templated":true}]}}