{"id":5804,"date":"2024-01-19T19:29:24","date_gmt":"2024-01-19T18:29:24","guid":{"rendered":"https:\/\/fvcomponentes.com\/?post_type=product&#038;p=5804"},"modified":"2026-01-15T10:11:39","modified_gmt":"2026-01-15T09:11:39","slug":"ladegerat-victron-skylla-tg-24-80-11-sdtg2400801","status":"publish","type":"product","link":"https:\/\/fvcomponentes.com\/de\/producto\/cargador-victron-skylla-tg-24-80-11-sdtg2400801\/","title":{"rendered":"Ladeger\u00e4t Victron Skylla TG 24\/80 (1+1) - SDTG2400801"},"content":{"rendered":"<h2 id=\"tw-target-text\" class=\"tw-data-text tw-text-large tw-ta\" dir=\"ltr\" data-placeholder=\"Traducci\u00f3n\"><span class=\"Y2IQFc\" lang=\"es\">Perfekte Ladeger\u00e4te f\u00fcr jeden Batterietyp<\/span><\/h2>\n<p class=\"tw-data-text tw-text-large tw-ta\" dir=\"ltr\" data-placeholder=\"Traducci\u00f3n\"><span class=\"Y2IQFc\" lang=\"es\">Die Ladespannung kann f\u00fcr jedes verschlossene oder nicht verschlossene Batteriesystem genau eingestellt werden. Vor allem verschlossene, wartungsfreie Batterien m\u00fcssen korrekt geladen werden, um eine lange Lebensdauer zu gew\u00e4hrleisten. Eine \u00dcberspannung f\u00fchrt zu einer \u00fcberm\u00e4\u00dfigen Gasbildung und Entl\u00fcftung einer verschlossenen Batterie. Die Batterie wird austrocknen und ausfallen. <\/span><\/p>\n<h2 class=\"tw-data-text tw-text-large tw-ta\" dir=\"ltr\" data-placeholder=\"Traducci\u00f3n\"><span class=\"Y2IQFc\" lang=\"es\">Geeignet f\u00fcr AC- und DC-Versorgung (AC-DC- und DC-DC-Betrieb)<\/span><\/h2>\n<p class=\"tw-data-text tw-text-large tw-ta\" dir=\"ltr\" data-placeholder=\"Traducci\u00f3n\"><span class=\"Y2IQFc\" lang=\"es\">Mit Ausnahme der Modelle mit Dreiphaseneingang k\u00f6nnen die Ladeger\u00e4te auch mit Gleichstrom betrieben werden.<\/span><\/p>\n<h2 class=\"tw-data-text tw-text-large tw-ta\" dir=\"ltr\" data-placeholder=\"Traducci\u00f3n\"><span class=\"Y2IQFc\" lang=\"es\">Kontrolliertes Laden<\/span><\/h2>\n<p class=\"tw-data-text tw-text-large tw-ta\" dir=\"ltr\" data-placeholder=\"Traducci\u00f3n\"><span class=\"Y2IQFc\" lang=\"es\">Jedes TG-Ladeger\u00e4t verf\u00fcgt \u00fcber einen Mikroprozessor, der den Ladevorgang in drei Stufen pr\u00e4zise steuert.  Der Vorgang erfolgt nach der IUoUo-Kennlinie und l\u00e4dt schneller als andere Verfahren.<\/span><\/p>\n<h2 class=\"tw-data-text tw-text-large tw-ta\" dir=\"ltr\" data-placeholder=\"Traducci\u00f3n\"><span class=\"Y2IQFc\" lang=\"es\">Verwendung von TG-Ladeger\u00e4ten als Stromquelle<\/span><\/h2>\n<p class=\"tw-data-text tw-text-large tw-ta\" dir=\"ltr\" data-placeholder=\"Traducci\u00f3n\"><span class=\"Y2IQFc\" lang=\"es\">Aufgrund der perfekt stabilisierten Ausgangsspannung kann ein TG-Ladeger\u00e4t als Stromversorgung verwendet werden, wenn keine Batterien oder gro\u00dfen Pufferkondensatoren zur Verf\u00fcgung stehen.<\/span><\/p>\n<h2 class=\"tw-data-text tw-text-large tw-ta\" dir=\"ltr\" data-placeholder=\"Traducci\u00f3n\"><span class=\"Y2IQFc\" lang=\"es\">Zwei Ausg\u00e4nge zum Laden von 2 Batterieb\u00e4nken (nur 24-V-Modelle)<\/span><\/h2>\n<p class=\"tw-data-text tw-text-large tw-ta\" dir=\"ltr\" data-placeholder=\"Traducci\u00f3n\"><span class=\"Y2IQFc\" lang=\"es\">TG-Ladeger\u00e4te haben 2 isolierte Ausg\u00e4nge. Der zweite Ausgang, der auf ca. 4 A begrenzt ist und eine etwas niedrigere Ausgangsspannung aufweist, ist f\u00fcr das Aufladen einer Starterbatterie vorgesehen. <\/span><\/p>\n<h2 class=\"tw-data-text tw-text-large tw-ta\" dir=\"ltr\" data-placeholder=\"Traducci\u00f3n\"><span class=\"Y2IQFc\" lang=\"es\">Um die Lebensdauer der Batterie zu verl\u00e4ngern: Temperaturkompensation<\/span><\/h2>\n<p class=\"tw-data-text tw-text-large tw-ta\" dir=\"ltr\" data-placeholder=\"Traducci\u00f3n\"><span class=\"Y2IQFc\" lang=\"es\">Jedes Skylla TG-Ladeger\u00e4t ist mit einem Batterietemperatursensor ausgestattet. Wenn er angeschlossen ist, sinkt die Ladespannung automatisch, wenn die Temperatur der Batterie steigt. Diese Funktion ist besonders f\u00fcr verschlossene Batterien zu empfehlen, die sonst \u00fcberladen und durch die Bel\u00fcftung austrocknen k\u00f6nnten.<\/span><\/p>\n<h2 class=\"tw-data-text tw-text-large tw-ta\" dir=\"ltr\" data-placeholder=\"Traducci\u00f3n\"><span class=\"Y2IQFc\" lang=\"es\">Batteriespannungsmessung<\/span><\/h2>\n<p class=\"tw-data-text tw-text-large tw-ta\" dir=\"ltr\" data-placeholder=\"Traducci\u00f3n\"><span class=\"Y2IQFc\" lang=\"es\">Um den durch den Kabelwiderstand bedingten Spannungsverlust auszugleichen, sind TG-Ladeger\u00e4te mit einem Spannungssensor ausgestattet, so dass die Batterie immer die richtige Ladespannung erh\u00e4lt.<br \/>\n<img fetchpriority=\"high\" decoding=\"async\" class=\"alignnone size-full wp-image-5801\" src=\"https:\/\/fvcomponentes.com\/wp-content\/uploads\/2023\/03\/CapturaAAA.png\" alt=\"Ladeger\u00e4t Victron Skylla TG 24\/30 (1+1) 120-240V SDTG2400301\" width=\"533\" height=\"318\" title=\"\"><\/span><\/p>\n<h2 class=\"tw-data-text tw-text-large tw-ta\" dir=\"ltr\" data-placeholder=\"Traducci\u00f3n\"><span class=\"Y2IQFc\" lang=\"es\">Technisches Datenblatt Ladeger\u00e4t<a href=\"https:\/\/www.victronenergy.com.es\/\" target=\"_blank\" rel=\"noopener\"> Victron<\/a> Skylla TG 24\/80 (1+1) - SDTG2400801<\/span><\/h2>\n<p class=\"tw-data-text tw-text-large tw-ta\" dir=\"ltr\" data-placeholder=\"Traducci\u00f3n\"><span class=\"Y2IQFc\" lang=\"es\"><a href=\"https:\/\/fvcomponentes.com\/wp-content\/uploads\/2023\/03\/Skylla-TG-Charger-EN.pdf\" target=\"_blank\" rel=\"noopener\">Victron Skylla TG 24\/80 (1+1) - SDTG2400801 Datenblatt anzeigen<\/a><\/span><\/p>","protected":false},"excerpt":{"rendered":"<p><span class=\"Y2IQFc\" lang=\"es\"><strong>Eingangsspannung (V AC): <\/strong>230<br \/>\n<strong> Eingangsspannungsbereich (V AC):<\/strong> 185 \u2013 264<br \/>\n<strong>Eingangsspannungsbereich (V DC):\u00a0<\/strong>180-400<br \/>\n<strong>Frequenz (Hz):<\/strong> 45-65<br \/>\n<strong>Leistungsfaktor:<\/strong> 1<br \/>\n<strong>Gewicht:\u00a0<\/strong>10 kg<br \/>\n<strong>Abmessungen:\u00a0<\/strong>365 x 250 x 257 mm<\/span><\/p>","protected":false},"featured_media":7107,"comment_status":"open","ping_status":"closed","template":"","meta":{"site-sidebar-layout":"default","site-content-layout":"default","ast-site-content-layout":"default","site-content-style":"default","site-sidebar-style":"default","ast-global-header-display":"","ast-banner-title-visibility":"","ast-main-header-display":"","ast-hfb-above-header-display":"","ast-hfb-below-header-display":"","ast-hfb-mobile-header-display":"","site-post-title":"","ast-breadcrumbs-content":"","ast-featured-img":"","footer-sml-layout":"","ast-disable-related-posts":"","theme-transparent-header-meta":"default","adv-header-id-meta":"","stick-header-meta":"","header-above-stick-meta":"","header-main-stick-meta":"","header-below-stick-meta":"","astra-migrate-meta-layouts":"set","ast-page-background-enabled":"default","ast-page-background-meta":{"desktop":{"background-color":"var(--ast-global-color-4)","background-image":"","background-repeat":"repeat","background-position":"center center","background-size":"auto","background-attachment":"scroll","background-type":"","background-media":"","overlay-type":"","overlay-color":"","overlay-opacity":"","overlay-gradient":""},"tablet":{"background-color":"","background-image":"","background-repeat":"repeat","background-position":"center center","background-size":"auto","background-attachment":"scroll","background-type":"","background-media":"","overlay-type":"","overlay-color":"","overlay-opacity":"","overlay-gradient":""},"mobile":{"background-color":"","background-image":"","background-repeat":"repeat","background-position":"center center","background-size":"auto","background-attachment":"scroll","background-type":"","background-media":"","overlay-type":"","overlay-color":"","overlay-opacity":"","overlay-gradient":""}},"ast-content-background-meta":{"desktop":{"background-color":"var(--ast-global-color-5)","background-image":"","background-repeat":"repeat","background-position":"center center","background-size":"auto","background-attachment":"scroll","background-type":"","background-media":"","overlay-type":"","overlay-color":"","overlay-opacity":"","overlay-gradient":""},"tablet":{"background-color":"var(--ast-global-color-5)","background-image":"","background-repeat":"repeat","background-position":"center center","background-size":"auto","background-attachment":"scroll","background-type":"","background-media":"","overlay-type":"","overlay-color":"","overlay-opacity":"","overlay-gradient":""},"mobile":{"background-color":"var(--ast-global-color-5)","background-image":"","background-repeat":"repeat","background-position":"center center","background-size":"auto","background-attachment":"scroll","background-type":"","background-media":"","overlay-type":"","overlay-color":"","overlay-opacity":"","overlay-gradient":""}}},"pwb-brand":[332],"product_brand":[],"product_cat":[419,462],"product_tag":[],"class_list":{"0":"post-5804","1":"product","2":"type-product","3":"status-publish","4":"has-post-thumbnail","6":"pwb-brand-victron","7":"product_cat-cargadores-de-baterias","8":"product_cat-cargador-de-baterias-24-v","9":"desktop-align-left","10":"tablet-align-left","11":"mobile-align-left","12":"ast-product-gallery-layout-horizontal-slider","13":"ast-product-gallery-with-no-image","14":"ast-product-tabs-layout-horizontal","16":"first","17":"instock","18":"taxable","19":"shipping-taxable","20":"purchasable","21":"product-type-simple"},"wcpa_form_fields":null,"brands":[{"id":332,"name":"Victron Energie","slug":"victron"}],"_links":{"self":[{"href":"https:\/\/fvcomponentes.com\/de\/wp-json\/wp\/v2\/product\/5804","targetHints":{"allow":["GET"]}}],"collection":[{"href":"https:\/\/fvcomponentes.com\/de\/wp-json\/wp\/v2\/product"}],"about":[{"href":"https:\/\/fvcomponentes.com\/de\/wp-json\/wp\/v2\/types\/product"}],"replies":[{"embeddable":true,"href":"https:\/\/fvcomponentes.com\/de\/wp-json\/wp\/v2\/comments?post=5804"}],"wp:featuredmedia":[{"embeddable":true,"href":"https:\/\/fvcomponentes.com\/de\/wp-json\/wp\/v2\/media\/7107"}],"wp:attachment":[{"href":"https:\/\/fvcomponentes.com\/de\/wp-json\/wp\/v2\/media?parent=5804"}],"wp:term":[{"taxonomy":"pwb-brand","embeddable":true,"href":"https:\/\/fvcomponentes.com\/de\/wp-json\/wp\/v2\/pwb-brand?post=5804"},{"taxonomy":"product_brand","embeddable":true,"href":"https:\/\/fvcomponentes.com\/de\/wp-json\/wp\/v2\/product_brand?post=5804"},{"taxonomy":"product_cat","embeddable":true,"href":"https:\/\/fvcomponentes.com\/de\/wp-json\/wp\/v2\/product_cat?post=5804"},{"taxonomy":"product_tag","embeddable":true,"href":"https:\/\/fvcomponentes.com\/de\/wp-json\/wp\/v2\/product_tag?post=5804"}],"curies":[{"name":"wp","href":"https:\/\/api.w.org\/{rel}","templated":true}]}}