{"id":5789,"date":"2024-01-19T19:29:29","date_gmt":"2024-01-19T18:29:29","guid":{"rendered":"https:\/\/fvcomponentes.com\/?post_type=product&#038;p=5789"},"modified":"2026-04-04T11:20:01","modified_gmt":"2026-04-04T09:20:01","slug":"victron-skylla-ladegerat-ip65-12-70-3-120-240v-sky012070100","status":"publish","type":"product","link":"https:\/\/fvcomponentes.com\/de\/producto\/cargador-victron-skylla-ip65-12-70-3-120-240v-sky012070100\/","title":{"rendered":"Ladeger\u00e4t Victron Skylla IP65 12\/70 (3) 120-240V - SKY012070100"},"content":{"rendered":"<h2>Skylla-IP65 (1+1): zwei Ausg\u00e4nge zum Laden von 2 Batterieb\u00e4nken<\/h2>\n<p>Der Skylla-IP65 (1+1) hat 2 isolierte Ausg\u00e4nge. Der zweite Ausgang, begrenzt auf ca. 3 A und mit einer etwas niedrigeren Ausgangsspannung, ist f\u00fcr das Aufladen einer Starterbatterie vorgesehen.<\/p>\n<h2>Skylla-IP65 (3): drei Vollstromausg\u00e4nge zum Laden von 3 Batterieb\u00e4nken<\/h2>\n<p>Der Skylla-IP65 (3) hat 3 isolierte Ausg\u00e4nge. Alle Ausg\u00e4nge k\u00f6nnen den vollen Ausgangsnennstrom liefern.<\/p>\n<h2>Schutzart IP65<\/h2>\n<p>Epoxidpulverbeschichtetes Stahlgeh\u00e4use. H\u00e4lt den harten Bedingungen einer rauen Umgebung stand: Hitze, Feuchtigkeit und salzhaltige Luft. Die Leiterplatten sind mit einer Acrylbeschichtung f\u00fcr maximale Korrosionsbest\u00e4ndigkeit gesch\u00fctzt. Temperatursensoren sorgen daf\u00fcr, dass die Leistungskomponenten immer innerhalb der vorgegebenen Grenzen arbeiten, gegebenenfalls durch automatische Reduzierung des Ausgangsstroms bei extremen Umweltbedingungen.<\/p>\n<h2>LCD-Anzeige<\/h2>\n<p>Zur \u00dcberwachung des Status und zur einfachen Anpassung des Ladealgorithmus an eine bestimmte Batterie und deren Einsatzbedingungen.<\/p>\n<h2>CAN-Bus-Schnittstelle (NMEA2000)<\/h2>\n<p>Zum Anschluss an ein CAN-Bus-Netzwerk, ein Skylla-i-Bedienfeld oder die Digitalanzeige Color Control.<\/p>\n<h2>Synchronisierter Parallelbetrieb<\/h2>\n<p>Mehrere Ladeger\u00e4te k\u00f6nnen parallel angeschlossen und mit Hilfe der CAN-Bus-Schnittstelle synchronisiert werden. Dazu werden die Ladeger\u00e4te einfach mit RJ45-UTP-Kabeln miteinander verbunden.<\/p>\n<h2>Die richtige Menge an Ladung f\u00fcr eine Bleibatterie: variable Absorptionszeit<\/h2>\n<p>Wenn nur oberfl\u00e4chliche Entladungen stattfinden, wird die Absorptionszeit kurz gehalten, um eine \u00dcberladung der Batterie zu vermeiden. Nach einer Tiefentladung wird die Absorptionszeit automatisch erh\u00f6ht, um sicherzustellen, dass die Batterie wieder vollst\u00e4ndig aufgeladen wird.<\/p>\n<h2>Verhinderung von Sch\u00e4den durch \u00fcberm\u00e4\u00dfige Gasbildung: BatterySafe-Modus<\/h2>\n<p>Wenn ein hoher Ladestrom in Kombination mit einer hohen Absorptionsspannung zum schnellen Laden einer Batterie erforderlich ist, verhindert der Skylla-IP65 Sch\u00e4den durch \u00fcberm\u00e4\u00dfige Gasung, indem er den Spannungsanstieg automatisch begrenzt, sobald die Gasungsspannung erreicht ist.<\/p>\n<h2>Weniger Wartung und Alterung, wenn der Akku nicht benutzt wird: Aufbewahrungsmodus<\/h2>\n<p>Der Speichermodus wird aktiviert, wenn die Batterie 24 Stunden lang nicht entladen wurde. Im Lagermodus wird die Erhaltungsspannung auf 2,2 V\/Zelle (26,4 V bei einer 24-V-Batterie) reduziert, um die Gasbildung und Korrosion der positiven Platten zu minimieren. Einmal pro Woche wird die Spannung wieder auf das Absorptionsniveau angehoben, um die Batterie \"aufzufrischen\". Diese Funktion verhindert Elektrolytschichtung und Sulfatierung, eine der Hauptursachen f\u00fcr vorzeitigen Batterieausfall.<\/p>\n<h2>Um die Lebensdauer der Batterie zu verl\u00e4ngern: Temperaturkompensation<\/h2>\n<p>Jedes Skylla-IP65 wird mit einem Batterietemperatursensor geliefert. Wenn er angeschlossen ist, sinkt die Ladespannung automatisch, wenn die Temperatur der Batterie steigt. Diese Funktion wird besonders f\u00fcr verschlossene Blei-S\u00e4ure-Batterien empfohlen und\/oder wenn starke Schwankungen der Batterietemperatur zu erwarten sind.<\/p>\n<h2 id=\"tw-target-text\" class=\"tw-data-text tw-text-large tw-ta\" dir=\"ltr\" data-placeholder=\"Traducci\u00f3n\"><span class=\"Y2IQFc\" lang=\"es\">Batteriespannungsmessung<\/span><\/h2>\n<p class=\"tw-data-text tw-text-large tw-ta\" dir=\"ltr\" data-placeholder=\"Traducci\u00f3n\"><span class=\"Y2IQFc\" lang=\"es\">Um Spannungsverluste durch Kabelwiderst\u00e4nde auszugleichen, verf\u00fcgt der Skylla-IP65 \u00fcber einen Spannungssensor, so dass die Batterie immer die richtige Ladespannung erh\u00e4lt. <\/span><\/p>\n<h2 class=\"tw-data-text tw-text-large tw-ta\" dir=\"ltr\" data-placeholder=\"Traducci\u00f3n\"><span class=\"Y2IQFc\" lang=\"es\">Verwendung als Stromquelle<\/span><\/h2>\n<p class=\"tw-data-text tw-text-large tw-ta\" dir=\"ltr\" data-placeholder=\"Traducci\u00f3n\"><span class=\"Y2IQFc\" lang=\"es\">Dank der hervorragenden Steuerschaltung kann der Skylla-IP65 als Netzteil mit perfekt stabilisierter Ausgangsspannung verwendet werden, wenn keine Batterien oder gro\u00dfen St\u00fctzkondensatoren zur Verf\u00fcgung stehen.<\/span><\/p>\n<h2 class=\"tw-data-text tw-text-large tw-ta\" dir=\"ltr\" data-placeholder=\"Traducci\u00f3n\"><span class=\"Y2IQFc\" lang=\"es\">Lithium-Ionen-bereit (LiFePO4)<\/span><\/h2>\n<p class=\"tw-data-text tw-text-large tw-ta\" dir=\"ltr\" data-placeholder=\"Traducci\u00f3n\"><span class=\"Y2IQFc\" lang=\"es\">Eine einfache Ein-\/Aus-Steuerung des Ladeger\u00e4ts kann durch Anschluss eines Relais oder eines Optokoppler-Ausgangs mit offenem Kollektor von einem Li-Ionen-BMS an den Fernsteuerungsanschluss des Ladeger\u00e4ts realisiert werden. Alternativ kann eine vollst\u00e4ndige Spannungs- und Stromsteuerung durch Anschluss an den CAN-Bus-Anschluss erreicht werden.<\/span><\/p>\n<h2 dir=\"ltr\" data-placeholder=\"Traducci\u00f3n\">Technisches Datenblatt Ladeger\u00e4t <a href=\"https:\/\/www.victronenergy.com.es\/\" target=\"_blank\" rel=\"noopener\">Victron<\/a> Skylla IP65 12\/70 (3) 120-240V - SKY012070100<\/h2>\n<p dir=\"ltr\" data-placeholder=\"Traducci\u00f3n\"><a href=\"https:\/\/fvcomponentes.com\/wp-content\/uploads\/2023\/03\/Skylla-IP65-EN.pdf\" target=\"_blank\" rel=\"noopener\">Siehe Victron Skylla IP65 12\/70 (3) 120-240V - SKY012070100 Datenblatt<\/a><\/p>","protected":false},"excerpt":{"rendered":"<p><strong>Eingangsspannung (VAC):<\/strong> 120\/230 V<br \/>\n<strong>Eingangsspannungsbereich (VAC):<\/strong> 90-265 V<br \/>\n<strong>Maximaler AC-Eingangsstrom bei 100 VAC:<\/strong> 12 A<br \/>\n<strong>H\u00e4ufigkeit:<\/strong> 45-65 Hz<br \/>\n<strong>Leistungsfaktor:<\/strong> 0,98<br \/>\n<strong>Gewicht:\u00a0<\/strong>6 kg<br \/>\n<strong>Abmessungen: <\/strong>401 x 265 x 151 mm<\/p>","protected":false},"featured_media":5795,"comment_status":"open","ping_status":"closed","template":"","meta":{"site-sidebar-layout":"default","site-content-layout":"default","ast-site-content-layout":"default","site-content-style":"default","site-sidebar-style":"default","ast-global-header-display":"","ast-banner-title-visibility":"","ast-main-header-display":"","ast-hfb-above-header-display":"","ast-hfb-below-header-display":"","ast-hfb-mobile-header-display":"","site-post-title":"","ast-breadcrumbs-content":"","ast-featured-img":"","footer-sml-layout":"","ast-disable-related-posts":"","theme-transparent-header-meta":"default","adv-header-id-meta":"","stick-header-meta":"","header-above-stick-meta":"","header-main-stick-meta":"","header-below-stick-meta":"","astra-migrate-meta-layouts":"set","ast-page-background-enabled":"default","ast-page-background-meta":{"desktop":{"background-color":"var(--ast-global-color-4)","background-image":"","background-repeat":"repeat","background-position":"center center","background-size":"auto","background-attachment":"scroll","background-type":"","background-media":"","overlay-type":"","overlay-color":"","overlay-opacity":"","overlay-gradient":""},"tablet":{"background-color":"","background-image":"","background-repeat":"repeat","background-position":"center center","background-size":"auto","background-attachment":"scroll","background-type":"","background-media":"","overlay-type":"","overlay-color":"","overlay-opacity":"","overlay-gradient":""},"mobile":{"background-color":"","background-image":"","background-repeat":"repeat","background-position":"center center","background-size":"auto","background-attachment":"scroll","background-type":"","background-media":"","overlay-type":"","overlay-color":"","overlay-opacity":"","overlay-gradient":""}},"ast-content-background-meta":{"desktop":{"background-color":"var(--ast-global-color-5)","background-image":"","background-repeat":"repeat","background-position":"center center","background-size":"auto","background-attachment":"scroll","background-type":"","background-media":"","overlay-type":"","overlay-color":"","overlay-opacity":"","overlay-gradient":""},"tablet":{"background-color":"var(--ast-global-color-5)","background-image":"","background-repeat":"repeat","background-position":"center center","background-size":"auto","background-attachment":"scroll","background-type":"","background-media":"","overlay-type":"","overlay-color":"","overlay-opacity":"","overlay-gradient":""},"mobile":{"background-color":"var(--ast-global-color-5)","background-image":"","background-repeat":"repeat","background-position":"center center","background-size":"auto","background-attachment":"scroll","background-type":"","background-media":"","overlay-type":"","overlay-color":"","overlay-opacity":"","overlay-gradient":""}}},"pwb-brand":[332],"product_brand":[],"product_cat":[461,419],"product_tag":[],"class_list":{"0":"post-5789","1":"product","2":"type-product","3":"status-publish","4":"has-post-thumbnail","6":"pwb-brand-victron","7":"product_cat-cargador-de-baterias-12-v","8":"product_cat-cargadores-de-baterias","9":"desktop-align-left","10":"tablet-align-left","11":"mobile-align-left","12":"ast-product-gallery-layout-horizontal-slider","13":"ast-product-tabs-layout-horizontal","15":"first","16":"instock","17":"taxable","18":"shipping-taxable","19":"purchasable","20":"product-type-simple"},"wcpa_form_fields":null,"brands":[{"id":332,"name":"Victron Energie","slug":"victron"}],"_links":{"self":[{"href":"https:\/\/fvcomponentes.com\/de\/wp-json\/wp\/v2\/product\/5789","targetHints":{"allow":["GET"]}}],"collection":[{"href":"https:\/\/fvcomponentes.com\/de\/wp-json\/wp\/v2\/product"}],"about":[{"href":"https:\/\/fvcomponentes.com\/de\/wp-json\/wp\/v2\/types\/product"}],"replies":[{"embeddable":true,"href":"https:\/\/fvcomponentes.com\/de\/wp-json\/wp\/v2\/comments?post=5789"}],"wp:featuredmedia":[{"embeddable":true,"href":"https:\/\/fvcomponentes.com\/de\/wp-json\/wp\/v2\/media\/5795"}],"wp:attachment":[{"href":"https:\/\/fvcomponentes.com\/de\/wp-json\/wp\/v2\/media?parent=5789"}],"wp:term":[{"taxonomy":"pwb-brand","embeddable":true,"href":"https:\/\/fvcomponentes.com\/de\/wp-json\/wp\/v2\/pwb-brand?post=5789"},{"taxonomy":"product_brand","embeddable":true,"href":"https:\/\/fvcomponentes.com\/de\/wp-json\/wp\/v2\/product_brand?post=5789"},{"taxonomy":"product_cat","embeddable":true,"href":"https:\/\/fvcomponentes.com\/de\/wp-json\/wp\/v2\/product_cat?post=5789"},{"taxonomy":"product_tag","embeddable":true,"href":"https:\/\/fvcomponentes.com\/de\/wp-json\/wp\/v2\/product_tag?post=5789"}],"curies":[{"name":"wp","href":"https:\/\/api.w.org\/{rel}","templated":true}]}}