{"id":5773,"date":"2023-10-23T18:04:59","date_gmt":"2023-10-23T16:04:59","guid":{"rendered":"https:\/\/fvcomponentes.com\/?post_type=product&#038;p=5773"},"modified":"2026-04-08T21:36:05","modified_gmt":"2026-04-08T19:36:05","slug":"victron-centaur-24-30-3-ladegerat-cch024030000","status":"publish","type":"product","link":"https:\/\/fvcomponentes.com\/de\/producto\/cargador-victron-centaur-24-30-3-cch024030000\/","title":{"rendered":"Victron Centaur 24\/30 Ladeger\u00e4t (3) - CCH024030000"},"content":{"rendered":"<h2 dir=\"ltr\" data-placeholder=\"Traducci\u00f3n\">Eigenschaften des Victron Centaur 24\/30 (3) Ladeger\u00e4tes - CCH024030000 <span class=\"Y2IQFc\" lang=\"es\">Qualit\u00e4t ohne Kompromisse<\/span><\/h2>\n<p class=\"tw-data-text tw-text-large tw-ta\" dir=\"ltr\" data-placeholder=\"Traducci\u00f3n\"><span class=\"Y2IQFc\" lang=\"es\">Das Geh\u00e4use des Victron Centaur 24\/30 (3) Ladeger\u00e4ts - CCH024030000 ist ein epoxidpulverbeschichtetes Aluminiumgeh\u00e4use mit Tropfschutz und Edelstahlbefestigungen, das den harten Bedingungen einer rauen Umgebung standh\u00e4lt: Hitze, Feuchtigkeit und Salzluft. Die Leiterplatten sind mit einer Acrylbeschichtung f\u00fcr maximale Korrosionsbest\u00e4ndigkeit gesch\u00fctzt. Temperatursensoren sorgen daf\u00fcr, dass die Leistungskomponenten immer innerhalb der vorgegebenen Grenzen arbeiten, indem sie bei extremen Umweltbedingungen den Ausgangsstrom automatisch reduzieren.<\/span><\/p>\n<h2 class=\"tw-data-text tw-text-large tw-ta\" dir=\"ltr\" data-placeholder=\"Traducci\u00f3n\"><span class=\"Y2IQFc\" lang=\"es\">Universeller AC-Eingangsspannungsbereich 90-265 V und auch f\u00fcr DC-Versorgung geeignet (AC-DC und DC-DC Betrieb)<\/span><\/h2>\n<p class=\"tw-data-text tw-text-large tw-ta\" dir=\"ltr\" data-placeholder=\"Traducci\u00f3n\"><span class=\"Y2IQFc\" lang=\"es\">Alle Modelle arbeiten ohne Anpassung \u00fcber einen Eingangsspannungsbereich von 90 bis 265 Volt, entweder 50 Hz oder 60 Hz. Die Ladeger\u00e4te akzeptieren auch eine Gleichstromversorgung von 90-400 V.<\/span><\/p>\n<h2 class=\"tw-data-text tw-text-large tw-ta\" dir=\"ltr\" data-placeholder=\"Traducci\u00f3n\"><span class=\"Y2IQFc\" lang=\"es\">Drei Ausg\u00e4nge, von denen jeder den vollen Ausgangsstrom liefern kann<\/span><\/h2>\n<p class=\"tw-data-text tw-text-large tw-ta\" dir=\"ltr\" data-placeholder=\"Traducci\u00f3n\"><span class=\"Y2IQFc\" lang=\"es\">Drei isolierte Ausg\u00e4nge zum gleichzeitigen Laden von 3 Batterieb\u00e4nken Jeder Ausgang ist in der Lage, den vollen Nennstrom zu liefern.<\/span><\/p>\n<h2 class=\"tw-data-text tw-text-large tw-ta\" dir=\"ltr\" data-placeholder=\"Traducci\u00f3n\"><span class=\"Y2IQFc\" lang=\"es\">Dreistufiges, temperaturkompensiertes Laden<\/span><\/h2>\n<p class=\"tw-data-text tw-text-large tw-ta\" dir=\"ltr\" data-placeholder=\"Traducci\u00f3n\"><span class=\"Y2IQFc\" lang=\"es\">Der Centaur l\u00e4dt so lange, bis die Ausgangsleistung auf 70% des Nennstroms reduziert ist; zu diesem Zeitpunkt beginnt ein 4-Stunden-Timer. Ein interner Temperatursensor wird verwendet, um die Ladespannung um - 2 mV\/\u00b0C (- 1 mV\/\u00b0F) pro Zelle zu kompensieren. Mit einem DIP-Schalter k\u00f6nnen die optimalen Lade-\/Erhaltungsspannungen f\u00fcr geflutete Bleis\u00e4ure-, Gel- oder AGM-Batterien ausgew\u00e4hlt werden.<\/span><\/p>\n<p dir=\"ltr\" data-placeholder=\"Traducci\u00f3n\">Weitere Informationen \u00fcber Batterien und das Laden von Batterien (einschlie\u00dflich der Vor- und Nachteile des Ladens mehrerer Batterien und des intelligenten Ladens) finden Sie in dem Buch \"Electricity on Board\" (kostenlos erh\u00e4ltlich bei Victron Energy und herunterladbar unter <a href=\"http:\/\/www.victronenergy.com\/\" target=\"_blank\" rel=\"noopener\">www.victronenergy.com<\/a>).<\/p>\n<p dir=\"ltr\" data-placeholder=\"Traducci\u00f3n\"><img fetchpriority=\"high\" decoding=\"async\" class=\"alignnone wp-image-5706 size-full\" src=\"https:\/\/fvcomponentes.com\/wp-content\/uploads\/2023\/03\/Captura-4.png\" alt=\"Victron Centaur 12\/20 Ladeger\u00e4t (3) - CCH012020000\" width=\"477\" height=\"251\" title=\"\"><\/p>\n<h2 dir=\"ltr\" data-placeholder=\"Traducci\u00f3n\">Datenblatt Victron Centaur Ladeger\u00e4t 24\/30 (3) - CCH024030000<\/h2>\n<p dir=\"ltr\" data-placeholder=\"Traducci\u00f3n\"><a href=\"https:\/\/fvcomponentes.com\/wp-content\/uploads\/2023\/03\/centaur-Datasheet-Charger-EN.pdf\" target=\"_blank\" rel=\"noopener\">Datenblatt Victron Centaur 24\/30 (3) - CCH024030000 Ladeger\u00e4t anzeigen<\/a><\/p>","protected":false},"excerpt":{"rendered":"<p><strong>Spannung (V AC):<\/strong> 90 - 265<br \/>\n<strong>Spannung (V DC):<\/strong> 90 - 400<br \/>\n<strong>Frequenz (Hz):<\/strong> 45 - 65<br \/>\n<strong>Leistungsfaktor:<\/strong> 1<br \/>\n<strong>Gewicht: <\/strong>5 kg<br \/>\n<strong>Abmessungen: <\/strong>426x239x135 mm<\/p>","protected":false},"featured_media":7096,"comment_status":"open","ping_status":"closed","template":"","meta":{"site-sidebar-layout":"default","site-content-layout":"default","ast-site-content-layout":"default","site-content-style":"default","site-sidebar-style":"default","ast-global-header-display":"","ast-banner-title-visibility":"","ast-main-header-display":"","ast-hfb-above-header-display":"","ast-hfb-below-header-display":"","ast-hfb-mobile-header-display":"","site-post-title":"","ast-breadcrumbs-content":"","ast-featured-img":"","footer-sml-layout":"","ast-disable-related-posts":"","theme-transparent-header-meta":"default","adv-header-id-meta":"","stick-header-meta":"","header-above-stick-meta":"","header-main-stick-meta":"","header-below-stick-meta":"","astra-migrate-meta-layouts":"set","ast-page-background-enabled":"default","ast-page-background-meta":{"desktop":{"background-color":"var(--ast-global-color-4)","background-image":"","background-repeat":"repeat","background-position":"center center","background-size":"auto","background-attachment":"scroll","background-type":"","background-media":"","overlay-type":"","overlay-color":"","overlay-opacity":"","overlay-gradient":""},"tablet":{"background-color":"","background-image":"","background-repeat":"repeat","background-position":"center center","background-size":"auto","background-attachment":"scroll","background-type":"","background-media":"","overlay-type":"","overlay-color":"","overlay-opacity":"","overlay-gradient":""},"mobile":{"background-color":"","background-image":"","background-repeat":"repeat","background-position":"center center","background-size":"auto","background-attachment":"scroll","background-type":"","background-media":"","overlay-type":"","overlay-color":"","overlay-opacity":"","overlay-gradient":""}},"ast-content-background-meta":{"desktop":{"background-color":"var(--ast-global-color-5)","background-image":"","background-repeat":"repeat","background-position":"center center","background-size":"auto","background-attachment":"scroll","background-type":"","background-media":"","overlay-type":"","overlay-color":"","overlay-opacity":"","overlay-gradient":""},"tablet":{"background-color":"var(--ast-global-color-5)","background-image":"","background-repeat":"repeat","background-position":"center center","background-size":"auto","background-attachment":"scroll","background-type":"","background-media":"","overlay-type":"","overlay-color":"","overlay-opacity":"","overlay-gradient":""},"mobile":{"background-color":"var(--ast-global-color-5)","background-image":"","background-repeat":"repeat","background-position":"center center","background-size":"auto","background-attachment":"scroll","background-type":"","background-media":"","overlay-type":"","overlay-color":"","overlay-opacity":"","overlay-gradient":""}}},"pwb-brand":[332],"product_brand":[],"product_cat":[419,462],"product_tag":[],"class_list":{"0":"post-5773","1":"product","2":"type-product","3":"status-publish","4":"has-post-thumbnail","6":"pwb-brand-victron","7":"product_cat-cargadores-de-baterias","8":"product_cat-cargador-de-baterias-24-v","9":"desktop-align-left","10":"tablet-align-left","11":"mobile-align-left","12":"ast-product-gallery-layout-horizontal-slider","13":"ast-product-gallery-with-no-image","14":"ast-product-tabs-layout-horizontal","16":"first","17":"instock","18":"taxable","19":"shipping-taxable","20":"purchasable","21":"product-type-simple"},"wcpa_form_fields":null,"brands":[{"id":332,"name":"Victron Energie","slug":"victron"}],"_links":{"self":[{"href":"https:\/\/fvcomponentes.com\/de\/wp-json\/wp\/v2\/product\/5773","targetHints":{"allow":["GET"]}}],"collection":[{"href":"https:\/\/fvcomponentes.com\/de\/wp-json\/wp\/v2\/product"}],"about":[{"href":"https:\/\/fvcomponentes.com\/de\/wp-json\/wp\/v2\/types\/product"}],"replies":[{"embeddable":true,"href":"https:\/\/fvcomponentes.com\/de\/wp-json\/wp\/v2\/comments?post=5773"}],"wp:featuredmedia":[{"embeddable":true,"href":"https:\/\/fvcomponentes.com\/de\/wp-json\/wp\/v2\/media\/7096"}],"wp:attachment":[{"href":"https:\/\/fvcomponentes.com\/de\/wp-json\/wp\/v2\/media?parent=5773"}],"wp:term":[{"taxonomy":"pwb-brand","embeddable":true,"href":"https:\/\/fvcomponentes.com\/de\/wp-json\/wp\/v2\/pwb-brand?post=5773"},{"taxonomy":"product_brand","embeddable":true,"href":"https:\/\/fvcomponentes.com\/de\/wp-json\/wp\/v2\/product_brand?post=5773"},{"taxonomy":"product_cat","embeddable":true,"href":"https:\/\/fvcomponentes.com\/de\/wp-json\/wp\/v2\/product_cat?post=5773"},{"taxonomy":"product_tag","embeddable":true,"href":"https:\/\/fvcomponentes.com\/de\/wp-json\/wp\/v2\/product_tag?post=5773"}],"curies":[{"name":"wp","href":"https:\/\/api.w.org\/{rel}","templated":true}]}}