{"id":5758,"date":"2023-10-23T18:03:53","date_gmt":"2023-10-23T16:03:53","guid":{"rendered":"https:\/\/fvcomponentes.com\/?post_type=product&#038;p=5758"},"modified":"2026-04-04T12:50:01","modified_gmt":"2026-04-04T10:50:01","slug":"victron-centaur-24-16-16-3-ladegerat-cch024016000","status":"publish","type":"product","link":"https:\/\/fvcomponentes.com\/de\/producto\/cargador-victron-centaur-24-16-3-cch024016000\/","title":{"rendered":"Victron Centaur Ladeger\u00e4t 24\/16 (3) - CCH024016000"},"content":{"rendered":"<h2>Victron Centaur Ladeger\u00e4t 24\/16 (3) - CCH024016000: Qualit\u00e4t ohne Kompromisse<\/h2>\n<p>Das Geh\u00e4use des Victron Centaur 24\/16 (3) - CCH024016000 Ladeger\u00e4ts ist ein epoxidpulverbeschichtetes Aluminiumgeh\u00e4use mit Tropfschutz und Befestigungselementen aus rostfreiem Stahl, um den rauen Bedingungen einer ung\u00fcnstigen Umgebung standzuhalten: Hitze, Feuchtigkeit und Salzluft. Die Leiterplatten sind mit einer Acrylbeschichtung f\u00fcr maximale Korrosionsbest\u00e4ndigkeit gesch\u00fctzt. Temperatursensoren sorgen daf\u00fcr, dass die Leistungskomponenten stets innerhalb der vorgegebenen Grenzen arbeiten, indem sie bei extremen Umgebungsbedingungen den Ausgangsstrom automatisch reduzieren.<\/p>\n<h2>Universeller AC-Eingangsspannungsbereich 90-265 V und geeignet f\u00fcr DC-Versorgung (AC-DC- und DC-DC-Betrieb)<\/h2>\n<p>Alle Modelle arbeiten ohne Anpassung \u00fcber einen Eingangsspannungsbereich von 90 bis 265 Volt bei 50 Hz oder 60 Hz. Die Ladeger\u00e4te akzeptieren auch eine Gleichstromversorgung von 90-400 V.<\/p>\n<h2>Drei Ausg\u00e4nge, die jeweils den vollen Ausgangsstrom liefern k\u00f6nnen<\/h2>\n<p>Drei isolierte Ausg\u00e4nge zum gleichzeitigen Laden von 3 Batterieb\u00e4nken. Jeder Ausgang ist in der Lage, den vollen Nennstrom zu liefern.<\/p>\n<h2>Dreistufige, temperaturkompensierte Ladung<\/h2>\n<p>Das Centaur l\u00e4dt so lange, bis die Leistung auf 70% der Nennstromst\u00e4rke reduziert ist; zu diesem Zeitpunkt beginnt ein 4-Stunden-Timer. Nach Ablauf dieses Zeitraums schaltet das Ladeger\u00e4t auf Erhaltungsladung um. Ein interner Temperatursensor wird verwendet, um die Ladespannung um -2 mV\/\u00b0C (-1 mV\/\u00b0F) pro Zelle zu kompensieren. Mit einem DIP-Schalter k\u00f6nnen die optimalen Lade-\/Erhaltungsspannungen f\u00fcr geflutete Bleis\u00e4ure-, Gel- oder AGM-Batterien eingestellt werden.<\/p>\n<p>Weitere Informationen \u00fcber Batterien und das Laden von Batterien (einschlie\u00dflich der Vor- und Nachteile des Ladens mehrerer Batterien und des intelligenten Ladens) finden Sie in dem Buch \"Electricity on Board\" (kostenlos erh\u00e4ltlich bei Victron Energy und herunterladbar unter <a href=\"http:\/\/www.victronenergy.com\/\" target=\"_blank\" rel=\"noopener\">www.victronenergy.com<\/a>).<\/p>\n<p dir=\"ltr\" data-placeholder=\"Traducci\u00f3n\"><img fetchpriority=\"high\" decoding=\"async\" class=\"alignnone wp-image-5706 size-full\" src=\"https:\/\/fvcomponentes.com\/wp-content\/uploads\/2023\/03\/Captura-4.png\" alt=\"Victron Centaur 12\/20 Ladeger\u00e4t (3) - CCH012020000\" width=\"477\" height=\"251\" title=\"\"><\/p>\n<h2 dir=\"ltr\" data-placeholder=\"Traducci\u00f3n\">Datenblatt Victron Centaur Ladeger\u00e4t 24\/16 (3) - CCH024016000<\/h2>\n<p dir=\"ltr\" data-placeholder=\"Traducci\u00f3n\"><a href=\"https:\/\/fvcomponentes.com\/wp-content\/uploads\/2023\/03\/centaur-Datasheet-Charger-EN.pdf\" target=\"_blank\" rel=\"noopener\">Victron Centaur Ladeger\u00e4t 24\/16 (3) - CCH024016000 Datenblatt anzeigen<\/a><\/p>","protected":false},"excerpt":{"rendered":"<p><strong>Spannung (V AC):<\/strong> 90 - 265<br \/>\n<strong>Spannung (V DC):<\/strong> 90 - 400<br \/>\n<strong>Frequenz (Hz):<\/strong> 45 - 65<br \/>\n<strong>Leistungsfaktor:<\/strong> 1<br \/>\n<strong>Gewicht: <\/strong>3,8 kg<br \/>\n<strong>Abmessungen: <\/strong>355 x 215 x 110 mm<\/p>","protected":false},"featured_media":5768,"comment_status":"open","ping_status":"closed","template":"","meta":{"site-sidebar-layout":"default","site-content-layout":"default","ast-site-content-layout":"default","site-content-style":"default","site-sidebar-style":"default","ast-global-header-display":"","ast-banner-title-visibility":"","ast-main-header-display":"","ast-hfb-above-header-display":"","ast-hfb-below-header-display":"","ast-hfb-mobile-header-display":"","site-post-title":"","ast-breadcrumbs-content":"","ast-featured-img":"","footer-sml-layout":"","ast-disable-related-posts":"","theme-transparent-header-meta":"default","adv-header-id-meta":"","stick-header-meta":"","header-above-stick-meta":"","header-main-stick-meta":"","header-below-stick-meta":"","astra-migrate-meta-layouts":"set","ast-page-background-enabled":"default","ast-page-background-meta":{"desktop":{"background-color":"var(--ast-global-color-4)","background-image":"","background-repeat":"repeat","background-position":"center center","background-size":"auto","background-attachment":"scroll","background-type":"","background-media":"","overlay-type":"","overlay-color":"","overlay-opacity":"","overlay-gradient":""},"tablet":{"background-color":"","background-image":"","background-repeat":"repeat","background-position":"center center","background-size":"auto","background-attachment":"scroll","background-type":"","background-media":"","overlay-type":"","overlay-color":"","overlay-opacity":"","overlay-gradient":""},"mobile":{"background-color":"","background-image":"","background-repeat":"repeat","background-position":"center center","background-size":"auto","background-attachment":"scroll","background-type":"","background-media":"","overlay-type":"","overlay-color":"","overlay-opacity":"","overlay-gradient":""}},"ast-content-background-meta":{"desktop":{"background-color":"var(--ast-global-color-5)","background-image":"","background-repeat":"repeat","background-position":"center center","background-size":"auto","background-attachment":"scroll","background-type":"","background-media":"","overlay-type":"","overlay-color":"","overlay-opacity":"","overlay-gradient":""},"tablet":{"background-color":"var(--ast-global-color-5)","background-image":"","background-repeat":"repeat","background-position":"center center","background-size":"auto","background-attachment":"scroll","background-type":"","background-media":"","overlay-type":"","overlay-color":"","overlay-opacity":"","overlay-gradient":""},"mobile":{"background-color":"var(--ast-global-color-5)","background-image":"","background-repeat":"repeat","background-position":"center center","background-size":"auto","background-attachment":"scroll","background-type":"","background-media":"","overlay-type":"","overlay-color":"","overlay-opacity":"","overlay-gradient":""}}},"pwb-brand":[332],"product_brand":[],"product_cat":[419,462],"product_tag":[],"class_list":{"0":"post-5758","1":"product","2":"type-product","3":"status-publish","4":"has-post-thumbnail","6":"pwb-brand-victron","7":"product_cat-cargadores-de-baterias","8":"product_cat-cargador-de-baterias-24-v","9":"desktop-align-left","10":"tablet-align-left","11":"mobile-align-left","12":"ast-product-gallery-layout-horizontal-slider","13":"ast-product-tabs-layout-horizontal","15":"first","16":"instock","17":"taxable","18":"shipping-taxable","19":"purchasable","20":"product-type-simple"},"wcpa_form_fields":null,"brands":[{"id":332,"name":"Victron Energie","slug":"victron"}],"_links":{"self":[{"href":"https:\/\/fvcomponentes.com\/de\/wp-json\/wp\/v2\/product\/5758","targetHints":{"allow":["GET"]}}],"collection":[{"href":"https:\/\/fvcomponentes.com\/de\/wp-json\/wp\/v2\/product"}],"about":[{"href":"https:\/\/fvcomponentes.com\/de\/wp-json\/wp\/v2\/types\/product"}],"replies":[{"embeddable":true,"href":"https:\/\/fvcomponentes.com\/de\/wp-json\/wp\/v2\/comments?post=5758"}],"wp:featuredmedia":[{"embeddable":true,"href":"https:\/\/fvcomponentes.com\/de\/wp-json\/wp\/v2\/media\/5768"}],"wp:attachment":[{"href":"https:\/\/fvcomponentes.com\/de\/wp-json\/wp\/v2\/media?parent=5758"}],"wp:term":[{"taxonomy":"pwb-brand","embeddable":true,"href":"https:\/\/fvcomponentes.com\/de\/wp-json\/wp\/v2\/pwb-brand?post=5758"},{"taxonomy":"product_brand","embeddable":true,"href":"https:\/\/fvcomponentes.com\/de\/wp-json\/wp\/v2\/product_brand?post=5758"},{"taxonomy":"product_cat","embeddable":true,"href":"https:\/\/fvcomponentes.com\/de\/wp-json\/wp\/v2\/product_cat?post=5758"},{"taxonomy":"product_tag","embeddable":true,"href":"https:\/\/fvcomponentes.com\/de\/wp-json\/wp\/v2\/product_tag?post=5758"}],"curies":[{"name":"wp","href":"https:\/\/api.w.org\/{rel}","templated":true}]}}